{"id":47061,"date":"2024-01-10T11:27:16","date_gmt":"2024-01-10T10:27:16","guid":{"rendered":"https:\/\/www.jatu.be\/?post_type=product&#038;p=47061"},"modified":"2026-04-15T16:34:27","modified_gmt":"2026-04-15T14:34:27","slug":"ecolat-bordure-de-jardin-droite-2-m-x-14-cm","status":"publish","type":"product","link":"https:\/\/www.jatu.be\/fr\/produit\/ecolat-bordure-de-jardin-droite-2-m-x-14-cm\/","title":{"rendered":"Ecolat bordure de jardin droite &#8211; 2 m x 14 cm"},"content":{"rendered":"","protected":false},"excerpt":{"rendered":"<h2>Acheter Ecolat droit, 2m par 14cm et 1cm d&rsquo;\u00e9paisseur<\/h2>\n<p>L&rsquo;Ecolat droit est disponible en deux hauteurs, 14 cm ou 19 cm. Nous avons toujours en stock cette bordure de jardin solide et \u00e9conomique. Achetez la pi\u00e8ce droite Ecolat de 2 m aujourd&rsquo;hui et faites-la livrer chez vous dans les quatre jours ouvrables.\u00a0\u00c9galement disponible pour la collecte \u00e0 notre d\u00e9p\u00f4t \u00e0 Zedelgem ou Wevelgem.<\/p>\n<h2>Comment installer la droite Ecolat de 14 cm de haut?<\/h2>\n<p>Avec les bordures en plastique Ecolat, vous cr\u00e9ez des bordures de jardin parfaites pour les pelouses, les chemins de jardin, les bordures et les parterres de fleurs avec du gravier, des cailloux, des \u00e9corces ou des coquillages. Le syst\u00e8me Ecolat est \u00e9galement id\u00e9al pour cr\u00e9er un bord de bassin plat sans feuille visible.<\/p>\n<p>Vous fixez Ecolat de mani\u00e8re stable et facile avec les poteaux Ecopic avec profil H. Les bornes Ecolat sont fabriqu\u00e9es en plastique recycl\u00e9. Elles sont donc meilleures pour l&rsquo;environnement, plus durables, beaucoup plus souples et mieux adapt\u00e9es aux formes ondul\u00e9es que les lattes en bois. Les lattes peuvent \u00eatre travaill\u00e9es comme du bois (per\u00e7age, fraisage, sciage) et sont disponibles en gris avec diff\u00e9rentes nuances et textures.<\/p>\n","protected":false},"featured_media":50552,"template":"","meta":{"_acf_changed":false,"inline_featured_image":false,"footnotes":""},"product_cat":[5408,5383],"product_tag":[6990],"class_list":{"0":"post-47061","1":"product","2":"type-product","3":"status-publish","4":"has-post-thumbnail","6":"product_cat-plastique-bordures-de-jardin","7":"product_cat-bordures-de-jardin","8":"product_tag-reduction-cat-1","10":"first","11":"instock","12":"taxable","13":"shipping-taxable","14":"purchasable","15":"product-type-variable","16":"has-default-attributes"},"acf":{"woocommerce_erp_id":"4429","woocommerce_cnk_id":"200015","product_density":0,"custom_prices":[{"variation_id":"54924","customer_group":"CON","customer_id":"","min_qty":1,"max_qty":9999999,"steps":1,"price":10.74,"price_incl":13,"delivery_group":"COLLECT"},{"variation_id":"54924","customer_group":"CON","customer_id":"","min_qty":1,"max_qty":9999999,"steps":1,"price":10.74,"price_incl":13,"delivery_group":"DELIVERY"}],"packaging_ids":[{"packaging_name":"Pi\u00e8ce","packaging_id":"7","erp_id":"4429"}],"c_lengte":"","c_breedte":"","c_hoogte":""},"_links":{"self":[{"href":"https:\/\/www.jatu.be\/fr\/wp-json\/wp\/v2\/product\/47061","targetHints":{"allow":["GET"]}}],"collection":[{"href":"https:\/\/www.jatu.be\/fr\/wp-json\/wp\/v2\/product"}],"about":[{"href":"https:\/\/www.jatu.be\/fr\/wp-json\/wp\/v2\/types\/product"}],"version-history":[{"count":4,"href":"https:\/\/www.jatu.be\/fr\/wp-json\/wp\/v2\/product\/47061\/revisions"}],"predecessor-version":[{"id":54917,"href":"https:\/\/www.jatu.be\/fr\/wp-json\/wp\/v2\/product\/47061\/revisions\/54917"}],"wp:featuredmedia":[{"embeddable":true,"href":"https:\/\/www.jatu.be\/fr\/wp-json\/wp\/v2\/media\/50552"}],"wp:attachment":[{"href":"https:\/\/www.jatu.be\/fr\/wp-json\/wp\/v2\/media?parent=47061"}],"wp:term":[{"taxonomy":"product_cat","embeddable":true,"href":"https:\/\/www.jatu.be\/fr\/wp-json\/wp\/v2\/product_cat?post=47061"},{"taxonomy":"product_tag","embeddable":true,"href":"https:\/\/www.jatu.be\/fr\/wp-json\/wp\/v2\/product_tag?post=47061"}],"curies":[{"name":"wp","href":"https:\/\/api.w.org\/{rel}","templated":true}]}}