{"id":47071,"date":"2024-01-10T11:27:27","date_gmt":"2024-01-10T10:27:27","guid":{"rendered":"https:\/\/www.jatu.be\/?post_type=product&#038;p=47071"},"modified":"2026-03-09T09:23:19","modified_gmt":"2026-03-09T08:23:19","slug":"bardiglio-galets-7-12","status":"publish","type":"product","link":"https:\/\/www.jatu.be\/fr\/produit\/bardiglio-galets-7-12\/","title":{"rendered":"Bardiglio 7\/12"},"content":{"rendered":"","protected":false},"excerpt":{"rendered":"<h2>Bardiglio Galets 7\/12 \u2013 \u00c9l\u00e9gance unique pour votre jardin<\/h2>\n<p>Le Bardiglio est un marbre de haute qualit\u00e9, provenant des Apennins italiens et de la Sardaigne. Ces galets gris uniques tirent leur nom du mot italien \u00ab\u00a0pardiglio\u00a0\u00bb, qui signifie \u00ab\u00a0gris\u00e2tre\u00a0\u00bb, d\u00e9riv\u00e9 du latin \u00ab\u00a0pardus\u00a0\u00bb (panth\u00e8re). Les galets sont soigneusement polis et ne pr\u00e9sentent aucune ar\u00eate vive, ce qui les rend parfaits pour l\u2019am\u00e9nagement de jardins. Avec des nuances allant du gris clair au gris fonc\u00e9, rehauss\u00e9es d\u2019une touche de bleu azur et travers\u00e9es de veines blanches, ces galets de marbre gris-bleu apportent \u00e0 tout espace ext\u00e9rieur, comme votre <a href=\"https:\/\/www.jatu.be\/fr\/amenagement-de-jardin-realiserez-votre-reve\/\">jardin<\/a>, <a href=\"https:\/\/www.jatu.be\/fr\/construction-terrasse-en-gravier-jatu-belgique\/\">terrasse<\/a> ou <a href=\"https:\/\/www.jatu.be\/fr\/installation-allee-de-gravier-jatu-belgique\/\">all\u00e9e<\/a>, une touche raffin\u00e9e et \u00e9l\u00e9gante.<\/p>\n<p>Curieux de d\u00e9couvrir l\u2019\u00e9l\u00e9gance raffin\u00e9e des Bardiglio galets 7\/12 ? Demandez d\u00e8s aujourd&rsquo;hui un <a href=\"https:\/\/www.jatu.be\/fr\/demande-echantillon-de-gravier-test-gratuit\/\">\u00e9chantillon gratuit<\/a> et d\u00e9couvrez par vous-m\u00eame la qualit\u00e9 de ces magnifiques galets de marbre gris-bleu.<\/p>\n<p><strong>Vous pr\u00e9f\u00e9rez une pierre plus caract\u00e9ris\u00e9e ?<\/strong> Optez alors pour <a href=\"https:\/\/www.jatu.be\/fr\/produit\/niagara-blue-gravier-8-12\/\">Niagara Blue<\/a>, une superbe alternative avec les m\u00eames nuances de gris-bleu, mais avec un caract\u00e8re plus prononc\u00e9.<\/p>\n<h3>Avantages des Bardiglio galets 7\/12 :<\/h3>\n<ul>\n<li><strong>Beaut\u00e9 naturelle<\/strong> : Les galets de marbre gris-bleu du Bardiglio offrent une apparence \u00e9l\u00e9gante avec des touches subtiles de bleu, donnant \u00e0 votre jardin ou all\u00e9e une allure intemporelle et raffin\u00e9e.<\/li>\n<li><strong>Finition soign\u00e9e<\/strong> : Les galets sont polis pendant plusieurs jours, ce qui les rend parfaitement lisses et sans ar\u00eates vives. Ils sont donc id\u00e9aux pour des applications s\u00fbres et confortables, telles que les all\u00e9es et les chemins.<\/li>\n<li><strong>Durables et polyvalents<\/strong> : Les Bardiglio galets 7\/12 ne sont pas seulement esth\u00e9tiques, ils sont aussi durables. Ils sont parfaits en tant que <a href=\"https:\/\/www.jatu.be\/fr\/categorie-produit\/couvre-sol\/\">couvre-sol<\/a> pour divers projets paysagers, qu\u2019ils soient d\u00e9coratifs ou fonctionnels.<\/li>\n<li><strong>Compatibles avec les accessoires<\/strong> : Les galets Bardiglio peuvent \u00eatre facilement associ\u00e9s \u00e0 des stabilisateurs de gravier et \u00e0 un\u00a0anti-racine pour un sol stable et facile d\u2019entretien, tout en maintenant votre jardin propre et sans mauvaises herbes.<\/li>\n<\/ul>\n<h2>Applications des Bardiglio galets 7\/12\u00a0<\/h2>\n<p>Les <a href=\"https:\/\/www.jatu.be\/fr\/categorie-produit\/gravier-et-galets\/gravier-decoratif-gravier-et-galets\/\">galets d\u00e9coratifs<\/a> Bardiglio 7\/12 sont polyvalents et id\u00e9aux pour diverses applications dans votre jardin et vos espaces ext\u00e9rieurs :<\/p>\n<ul>\n<li><strong>Cr\u00e9ation d\u2019all\u00e9es de jardin<\/strong> : <a href=\"https:\/\/www.jatu.be\/fr\/project\/manuel-instruction-allee-de-jardin-gravier\/\">R\u00e9alisez une all\u00e9e<\/a> durable et \u00e9l\u00e9gante, qui r\u00e9sistera au temps et restera facile \u00e0 entretenir.<\/li>\n<li><strong>Finition de terrasses et d\u2019all\u00e9es<\/strong> : Donnez \u00e0 votre terrasse ou all\u00e9e une apparence soign\u00e9e et \u00e9l\u00e9gante gr\u00e2ce \u00e0 ces galets de marbre raffin\u00e9s.<\/li>\n<li><strong>Paillage pour massifs<\/strong> : Les <strong>Bardiglio galets 7\/12<\/strong> offrent une solution d\u00e9corative et pratique pour garder vos massifs de fleurs propres et bien entretenus.<\/li>\n<li><strong>Bordures esth\u00e9tiques autour des \u00e9tangs et des piscines<\/strong> : Les nuances de gris subtiles apportent une finition harmonieuse aux espaces aquatiques, tandis que les galets lisses sont s\u00fbrs pour marcher pieds nus.<\/li>\n<li><strong>Finition nette avec des bordures<\/strong> : Associez les Bardiglio galets 7\/12 \u00e0 des <a href=\"https:\/\/www.jatu.be\/fr\/categorie-produit\/bordures-de-jardin\/galvanisee-bordures-de-jardin\/\">bordures en acier galvanis\u00e9<\/a> ou \u00e0 d\u2019autres <a href=\"https:\/\/www.jatu.be\/fr\/categorie-produit\/bordures-de-jardin\/\">bordures de jardin<\/a> pour une finition nette et professionnelle de votre am\u00e9nagement paysager.<\/li>\n<\/ul>\n<h3>Combien de galets me faut-il ?<\/h3>\n<p>Pour diff\u00e9rentes applications, une quantit\u00e9 sp\u00e9cifique de galets est n\u00e9cessaire. Nous vous aidons volontiers \u00e0 calculer cette quantit\u00e9 gr\u00e2ce \u00e0 notre <a href=\"https:\/\/www.jatu.be\/fr\/calculateur-de-gravier-calculer-quantite\/\">calculateur de gravier<\/a> :<\/p>\n<ul>\n<li><strong>Pour les <a href=\"https:\/\/www.jatu.be\/fr\/project\/calculateur-allee-de-gravier\/\">all\u00e9es<\/a><\/strong> : Utilisez une couche de 5 cm de galets, soit environ 80 kg\/m\u00b2. L\u2019utilisation de <a href=\"https:\/\/www.jatu.be\/fr\/produit\/eccogravel-4-cm-blanc\/\">stabilisateurs de gravier de 4 cm<\/a> permet d\u2019obtenir une base stable et solide, maintenant ainsi les galets en place.<\/li>\n<li><strong>Pour les <a href=\"https:\/\/www.jatu.be\/fr\/project\/calculateur-terrasse-en-gravier\/\">terrasses<\/a> et les chemins de jardin<\/strong> : Utilisez une couche de 4 cm de galets, soit environ 65 kg\/m\u00b2. Gr\u00e2ce \u00e0 l\u2019utilisation de <a href=\"https:\/\/www.jatu.be\/fr\/produit\/eccogravel-3-cm-blanc\/\">stabilisateurs de gravier de 3 cm<\/a>, votre terrasse ou all\u00e9e aura une surface uniforme et stable.<\/li>\n<li><strong>Pour les massifs ou le paillage<\/strong> : Avec des <a href=\"https:\/\/www.jatu.be\/fr\/produit\/eccogravel-2-cm-blanc\/\">stabilisateurs de gravier fins<\/a>, une couche de 3 cm suffit, soit 50 kg\/m\u00b2. Avec un\u00a0<a href=\"https:\/\/www.jatu.be\/fr\/categorie-produit\/anti-racine\/\">anti-racine<\/a>, une couche de 5 cm est recommand\u00e9e, soit 80 kg\/m\u00b2, pour une protection suppl\u00e9mentaire contre les mauvaises herbes et une finition soign\u00e9e.<\/li>\n<\/ul>\n<h3>Conditionnements et fractions disponibles<\/h3>\n<p>Les Bardiglio galets 7\/12 sont id\u00e9aux pour un aspect uniforme et soign\u00e9 et sont disponibles dans plusieurs conditionnements :<\/p>\n<ul>\n<li>Big bags de 1000 ou 1500 kg \u2013 parfaits pour les grandes surfaces.<\/li>\n<\/ul>\n<h3>Options de livraison<\/h3>\n<p>Chez Jatu, nous simplifions vos options de livraison. Les commandes \u00e0 partir de 25 kg sont livr\u00e9es partout en Belgique sous quatre jours ouvrables apr\u00e8s confirmation de la commande. Pour les enl\u00e8vements, les Bardiglio galets 7\/12 sont uniquement disponibles dans notre d\u00e9p\u00f4t de Wevelgem.<\/p>\n<p><strong>Commencez d\u00e8s aujourd&rsquo;hui votre projet !<\/strong> Souhaitez-vous embellir votre jardin, terrasse ou all\u00e9e avec les \u00e9l\u00e9gants Bardiglio galets 7\/12 ? N\u2019attendez plus et profitez bient\u00f4t d\u2019une finition \u00e9l\u00e9gante pour vos espaces ext\u00e9rieurs.<\/p>\n","protected":false},"featured_media":64460,"template":"","meta":{"_acf_changed":false,"inline_featured_image":false,"footnotes":""},"product_cat":[5415],"product_tag":[6992],"class_list":{"0":"post-47071","1":"product","2":"type-product","3":"status-publish","4":"has-post-thumbnail","6":"product_cat-gravier-decoratif-gravier-et-galets","7":"product_tag-reduction-cat-2","9":"first","10":"instock","11":"taxable","12":"shipping-taxable","13":"purchasable","14":"product-type-variable"},"acf":{"woocommerce_erp_id":"16701","woocommerce_cnk_id":"200130","product_density":1.6,"custom_prices":[{"variation_id":"58567","customer_group":"CON","customer_id":"","min_qty":1,"max_qty":9999999,"steps":1,"price":444.63,"price_incl":538,"delivery_group":"COLLECT"},{"variation_id":"58567","customer_group":"CON","customer_id":"","min_qty":1,"max_qty":9999999,"steps":1,"price":444.63,"price_incl":538,"delivery_group":"DELIVERY"},{"variation_id":"54712","customer_group":"CON","customer_id":"","min_qty":1,"max_qty":9999999,"steps":0.01,"price":666.12,"price_incl":806,"delivery_group":"COLLECT"},{"variation_id":"54712","customer_group":"CON","customer_id":"","min_qty":1,"max_qty":9999999,"steps":0.01,"price":666.12,"price_incl":806,"delivery_group":"DELIVERY"}],"packaging_ids":[{"packaging_name":"Big bag 1500 kg","packaging_id":"4","erp_id":"16701"},{"packaging_name":"Big bag 1000 kg","packaging_id":"2","erp_id":"5803"}],"c_lengte":"","c_breedte":"","c_hoogte":""},"_links":{"self":[{"href":"https:\/\/www.jatu.be\/fr\/wp-json\/wp\/v2\/product\/47071","targetHints":{"allow":["GET"]}}],"collection":[{"href":"https:\/\/www.jatu.be\/fr\/wp-json\/wp\/v2\/product"}],"about":[{"href":"https:\/\/www.jatu.be\/fr\/wp-json\/wp\/v2\/types\/product"}],"version-history":[{"count":5,"href":"https:\/\/www.jatu.be\/fr\/wp-json\/wp\/v2\/product\/47071\/revisions"}],"predecessor-version":[{"id":60981,"href":"https:\/\/www.jatu.be\/fr\/wp-json\/wp\/v2\/product\/47071\/revisions\/60981"}],"wp:featuredmedia":[{"embeddable":true,"href":"https:\/\/www.jatu.be\/fr\/wp-json\/wp\/v2\/media\/64460"}],"wp:attachment":[{"href":"https:\/\/www.jatu.be\/fr\/wp-json\/wp\/v2\/media?parent=47071"}],"wp:term":[{"taxonomy":"product_cat","embeddable":true,"href":"https:\/\/www.jatu.be\/fr\/wp-json\/wp\/v2\/product_cat?post=47071"},{"taxonomy":"product_tag","embeddable":true,"href":"https:\/\/www.jatu.be\/fr\/wp-json\/wp\/v2\/product_tag?post=47071"}],"curies":[{"name":"wp","href":"https:\/\/api.w.org\/{rel}","templated":true}]}}