{"id":47083,"date":"2024-01-10T11:27:41","date_gmt":"2024-01-10T10:27:41","guid":{"rendered":"https:\/\/www.jatu.be\/?post_type=product&#038;p=47083"},"modified":"2026-03-09T09:22:00","modified_gmt":"2026-03-09T08:22:00","slug":"beach-pebbles-tiger-galets-30-60","status":"publish","type":"product","link":"https:\/\/www.jatu.be\/fr\/produit\/beach-pebbles-tiger-galets-30-60\/","title":{"rendered":"Beach Pebbles Tiger 30\/60"},"content":{"rendered":"","protected":false},"excerpt":{"rendered":"<p>Les Beach Pebbles Tiger sont des galets d\u00e9coratifs robustes et semi-ronds qui offrent une palette de couleurs exceptionnelle. Ces galets d\u00e9coratifs varient de gris-bleu \u00e0 des nuances de vert. Une combinaison de couleurs que vous ne trouverez dans aucun autre galet de plage.<\/p>\n<h2>Acheter des Beach Pebbles Tiger<\/h2>\n<p>Les Beach Pebbles sont disponibles dans toutes les formes et tailles, mais ce qu&rsquo;ils ont en commun est qu&rsquo;il s\u2019agit toujours des belles cailloux ronds. Beach Pebbles sont magnifique comme d\u00e9coration dans et autour des piscines, dans les vitrines ou comme accent autour des plantes. De plus grandes tailles peuvent \u00eatre utilis\u00e9es pour remplir des gabions. Notre gamme de Beach Pebbles vient de plusieurs extractions autour de la r\u00e9gion M\u00e9diterran\u00e9e.<\/p>\n<p>Comme ces rochers sont difficiles \u00e0 trouver, nous les avons exceptionnellement disponibles dans notre d\u00e9p\u00f4t de Wevelgem. Le d\u00e9lai de livraison est de quatre jours ouvrables apr\u00e8s la confirmation de la commande.<\/p>\n","protected":false},"featured_media":49917,"template":"","meta":{"_acf_changed":false,"inline_featured_image":false,"footnotes":""},"product_cat":[5389],"product_tag":[],"class_list":{"0":"post-47083","1":"product","2":"type-product","3":"status-publish","4":"has-post-thumbnail","6":"product_cat-moellons-et-galets-gravier-et-galets","8":"first","9":"instock","10":"taxable","11":"shipping-taxable","12":"purchasable","13":"product-type-variable","14":"has-default-attributes"},"acf":{"woocommerce_erp_id":"16260","woocommerce_cnk_id":"200294","product_density":1.6,"custom_prices":[{"variation_id":"48598","customer_group":"CON","customer_id":"","min_qty":1,"max_qty":9999999,"steps":1,"price":500,"price_incl":605,"delivery_group":"COLLECT"},{"variation_id":"48598","customer_group":"CON","customer_id":"","min_qty":1,"max_qty":9999999,"steps":1,"price":500,"price_incl":605,"delivery_group":"DELIVERY"},{"variation_id":"48749","customer_group":"CON","customer_id":"","min_qty":1,"max_qty":9999999,"steps":1,"price":8.26,"price_incl":10,"delivery_group":"COLLECT"},{"variation_id":"48749","customer_group":"CON","customer_id":"","min_qty":1,"max_qty":9999999,"steps":1,"price":8.26,"price_incl":10,"delivery_group":"DELIVERY"}],"packaging_ids":[{"packaging_name":"Big bag 1500 kg","packaging_id":"4","erp_id":"16260"},{"packaging_name":"Pi\u00e8ce","packaging_id":"7","erp_id":"19290"}],"c_lengte":"","c_breedte":"","c_hoogte":""},"_links":{"self":[{"href":"https:\/\/www.jatu.be\/fr\/wp-json\/wp\/v2\/product\/47083","targetHints":{"allow":["GET"]}}],"collection":[{"href":"https:\/\/www.jatu.be\/fr\/wp-json\/wp\/v2\/product"}],"about":[{"href":"https:\/\/www.jatu.be\/fr\/wp-json\/wp\/v2\/types\/product"}],"version-history":[{"count":3,"href":"https:\/\/www.jatu.be\/fr\/wp-json\/wp\/v2\/product\/47083\/revisions"}],"predecessor-version":[{"id":59814,"href":"https:\/\/www.jatu.be\/fr\/wp-json\/wp\/v2\/product\/47083\/revisions\/59814"}],"wp:featuredmedia":[{"embeddable":true,"href":"https:\/\/www.jatu.be\/fr\/wp-json\/wp\/v2\/media\/49917"}],"wp:attachment":[{"href":"https:\/\/www.jatu.be\/fr\/wp-json\/wp\/v2\/media?parent=47083"}],"wp:term":[{"taxonomy":"product_cat","embeddable":true,"href":"https:\/\/www.jatu.be\/fr\/wp-json\/wp\/v2\/product_cat?post=47083"},{"taxonomy":"product_tag","embeddable":true,"href":"https:\/\/www.jatu.be\/fr\/wp-json\/wp\/v2\/product_tag?post=47083"}],"curies":[{"name":"wp","href":"https:\/\/api.w.org\/{rel}","templated":true}]}}