{"id":47097,"date":"2024-01-10T11:27:56","date_gmt":"2024-01-10T10:27:56","guid":{"rendered":"https:\/\/www.jatu.be\/?post_type=product&#038;p=47097"},"modified":"2026-04-22T15:16:29","modified_gmt":"2026-04-22T13:16:29","slug":"paves-sur-filet-droit-gris-clair-120-x-40","status":"publish","type":"product","link":"https:\/\/www.jatu.be\/fr\/produit\/paves-sur-filet-droit-gris-clair-120-x-40\/","title":{"rendered":"Pav\u00e9s sur filet (droit) gris clair 120 x 40"},"content":{"rendered":"","protected":false},"excerpt":{"rendered":"<ul>\n<li>Pav\u00e9s en net<\/li>\n<li>Autopositionnement<\/li>\n<li>Surface plane<\/li>\n<li>Perm\u00e9able \u00e0 l&rsquo;eau<\/li>\n<li>Une alternative abordable<\/li>\n<\/ul>\n<h2>Pav\u00e9s pour l&rsquo;all\u00e9e, la terrasse ou le sentier.<\/h2>\n<p>Avec ces Carpet Stones ou ces <strong>pav\u00e9s en filet<\/strong>, vous pouvez <strong>facilement am\u00e9nager<\/strong> votre all\u00e9e, votre terrasse ou votre sentier. Ces pav\u00e9s sur filet ont une surface plus plate que les pav\u00e9s classiques. Il est donc <strong>plus confortable<\/strong> de marcher dessus et <strong>plus silencieux de conduire<\/strong>.<\/p>\n<p>Ces bandes droites de Carpet Stones, de couleur <strong>Gris clair<\/strong>, mesurent chacune <strong>120 cm sur 40 cm<\/strong> et ont une <strong>\u00e9paisseur de 4 cm<\/strong>. Les pi\u00e8ces sont faciles \u00e0 connecter les unes aux autres et sont \u00e9galement <strong>perm\u00e9ables \u00e0 l&rsquo;eau<\/strong> lorsqu&rsquo;elles sont remplies de gravier fin ou de <a href=\"https:\/\/www.jatu.be\/fr\/produit\/calcaire-concasse-2-4\/\" target=\"_blank\" rel=\"noopener noreferrer\">calcaire<\/a>. Disponible \u00e9galement en <a href=\"https:\/\/www.jatu.be\/fr\/produit\/paves-sur-filet-droit-anthracite-120-x-40\/\">Anthracite<\/a>, Basalte ou Brun. (<a href=\"https:\/\/www.jatu.be\/fr\/contact\/\">Disponible sur demande<\/a>)<\/p>\n<h2>Pav\u00e9s sur le net, facile et abordable<\/h2>\n<p>Ces Carpet Stones sont la solution id\u00e9ale pour ceux qui souhaitent poser des clinkers ou <strong>des pav\u00e9s<\/strong> de mani\u00e8re <strong>abordable<\/strong>. Comme ils sont pos\u00e9s sur une grille, ils pr\u00e9sentent toujours l&rsquo;espacement correct des joints, ce qui vous permet de travailler plus rapidement. Vous pouvez ainsi <strong>\u00e9conomiser <\/strong>jusqu&rsquo;\u00e0 <strong>90% du temps de traitement<\/strong>!<\/p>\n","protected":false},"featured_media":49629,"template":"","meta":{"_acf_changed":false,"inline_featured_image":false,"footnotes":""},"product_cat":[5395,7039],"product_tag":[],"class_list":{"0":"post-47097","1":"product","2":"type-product","3":"status-publish","4":"has-post-thumbnail","6":"product_cat-paves-permeables-a-leau","7":"product_cat-acheter-pavages-jardin-durables","9":"first","10":"instock","11":"taxable","12":"shipping-taxable","13":"purchasable","14":"product-type-variable","15":"has-default-attributes"},"acf":{"woocommerce_erp_id":"5758","woocommerce_cnk_id":"200360","product_density":0.5,"custom_prices":[{"variation_id":"54720","customer_group":"CON","customer_id":"","min_qty":0.5,"max_qty":9999999,"steps":0.5,"price":61.98,"price_incl":75,"delivery_group":"COLLECT"},{"variation_id":"54720","customer_group":"CON","customer_id":"","min_qty":10,"max_qty":9999999,"steps":0.5,"price":61.98,"price_incl":75,"delivery_group":"DELIVERY"}],"packaging_ids":[{"packaging_name":"m\u00b2","packaging_id":"8","erp_id":"5758"}],"c_lengte":"","c_breedte":"","c_hoogte":""},"_links":{"self":[{"href":"https:\/\/www.jatu.be\/fr\/wp-json\/wp\/v2\/product\/47097","targetHints":{"allow":["GET"]}}],"collection":[{"href":"https:\/\/www.jatu.be\/fr\/wp-json\/wp\/v2\/product"}],"about":[{"href":"https:\/\/www.jatu.be\/fr\/wp-json\/wp\/v2\/types\/product"}],"version-history":[{"count":6,"href":"https:\/\/www.jatu.be\/fr\/wp-json\/wp\/v2\/product\/47097\/revisions"}],"predecessor-version":[{"id":58346,"href":"https:\/\/www.jatu.be\/fr\/wp-json\/wp\/v2\/product\/47097\/revisions\/58346"}],"wp:featuredmedia":[{"embeddable":true,"href":"https:\/\/www.jatu.be\/fr\/wp-json\/wp\/v2\/media\/49629"}],"wp:attachment":[{"href":"https:\/\/www.jatu.be\/fr\/wp-json\/wp\/v2\/media?parent=47097"}],"wp:term":[{"taxonomy":"product_cat","embeddable":true,"href":"https:\/\/www.jatu.be\/fr\/wp-json\/wp\/v2\/product_cat?post=47097"},{"taxonomy":"product_tag","embeddable":true,"href":"https:\/\/www.jatu.be\/fr\/wp-json\/wp\/v2\/product_tag?post=47097"}],"curies":[{"name":"wp","href":"https:\/\/api.w.org\/{rel}","templated":true}]}}