{"id":47101,"date":"2024-01-10T11:28:01","date_gmt":"2024-01-10T10:28:01","guid":{"rendered":"https:\/\/www.jatu.be\/?post_type=product&#038;p=47101"},"modified":"2026-03-09T09:07:27","modified_gmt":"2026-03-09T08:07:27","slug":"moellons-bleu-belge-40-60","status":"publish","type":"product","link":"https:\/\/www.jatu.be\/fr\/produit\/moellons-bleu-belge-40-60\/","title":{"rendered":"Moellons Bleu Belge 40\/60"},"content":{"rendered":"","protected":false},"excerpt":{"rendered":"<h2>Acheter du Moellons Bleu Belge<\/h2>\n<p>Le Moellons <strong>Bleu Belge<\/strong> est disponible en vrac et en big bag en sacs de 20 kg. C&rsquo;est une sorte de pierre tr\u00e8s pris\u00e9e sur le march\u00e9 belge avec sa <strong>couleur bleu-gris <\/strong>typique et son <strong>excellent rapport qualit\u00e9\/prix<\/strong>. Dans le langage populaire, ce gravier est aussi appel\u00e9 <em>petit granit bleu, pierre bleue ou pierraille ardennaise<\/em>.<\/p>\n<p>Autres tailles:<\/p>\n<ul>\n<li><a href=\"https:\/\/www.jatu.be\/fr\/gravier-et-galets\/gravier-decoratif\/bleu-belge-48\/\" target=\"_blank\" rel=\"noopener noreferrer\">Bleu Belge 4\/8<\/a><\/li>\n<li><a href=\"https:\/\/www.jatu.be\/fr\/gravier-et-galets\/gravier-decoratif\/bleu-belge-614\/\" target=\"_blank\" rel=\"noopener noreferrer\">Bleu Belge 6\/14<\/a><\/li>\n<\/ul>\n<h2>A quoi sert les Moellons Bleu Belge?<\/h2>\n<p>Les Moellons Bleu Belge convient \u00e0 <strong>diverses applications<\/strong>. Le bleu belge est utilis\u00e9 dans les <a href=\"https:\/\/www.jatu.be\/fr\/gabions\/\" target=\"_blank\" rel=\"noopener noreferrer\">gabions<\/a> de pierre \u00e0 maille de 5&#215;5 cm, les jardins et les pelouses ornementales.<\/p>\n<h2>D&rsquo;o\u00f9 vient le Bleu Belge<\/h2>\n<p>Une caract\u00e9ristique du <strong>Bleu Belge<\/strong> est la pr\u00e9sence de tr\u00e8s nombreux restes de squelettes calcaires provenant de petits animaux qui vivaient au fond de la mer durant la p\u00e9riode du D\u00e9vonien inf\u00e9rieur et jusqu&rsquo;au d\u00e9but du Carbonif\u00e8re. Pendant des millions d&rsquo;ann\u00e9es, ils vont s&rsquo;agglom\u00e9rer pour former cette pierre bleue renomm\u00e9e. La couleur du gravier est d\u00e9termin\u00e9e par la pr\u00e9sence de r\u00e9sidus v\u00e9g\u00e9taux finement dispers\u00e9s.<\/p>\n","protected":false},"featured_media":61962,"template":"","meta":{"_acf_changed":false,"inline_featured_image":false,"footnotes":""},"product_cat":[5389],"product_tag":[],"class_list":{"0":"post-47101","1":"product","2":"type-product","3":"status-publish","4":"has-post-thumbnail","6":"product_cat-moellons-et-galets-gravier-et-galets","8":"first","9":"instock","10":"taxable","11":"shipping-taxable","12":"purchasable","13":"product-type-variable"},"acf":{"woocommerce_erp_id":"4342","woocommerce_cnk_id":"200370","product_density":1.6,"custom_prices":[{"variation_id":"54724","customer_group":"CON","customer_id":"","min_qty":1,"max_qty":9999999,"steps":1,"price":95.04,"price_incl":115,"delivery_group":"COLLECT"},{"variation_id":"54724","customer_group":"CON","customer_id":"","min_qty":1,"max_qty":9999999,"steps":1,"price":95.04,"price_incl":115,"delivery_group":"DELIVERY"},{"variation_id":"54723","customer_group":"CON","customer_id":"","min_qty":1,"max_qty":9999999,"steps":1,"price":67.77,"price_incl":82,"delivery_group":"COLLECT"},{"variation_id":"54723","customer_group":"CON","customer_id":"","min_qty":1,"max_qty":9999999,"steps":1,"price":67.77,"price_incl":82,"delivery_group":"DELIVERY"},{"variation_id":"54725","customer_group":"CON","customer_id":"","min_qty":1,"max_qty":9999999,"steps":1,"price":134.71,"price_incl":163,"delivery_group":"COLLECT"},{"variation_id":"54725","customer_group":"CON","customer_id":"","min_qty":1,"max_qty":9999999,"steps":1,"price":134.71,"price_incl":163,"delivery_group":"DELIVERY"},{"variation_id":"54722","customer_group":"CON","customer_id":"","min_qty":1,"max_qty":9999999,"steps":1,"price":3.31,"price_incl":4,"delivery_group":"COLLECT"},{"variation_id":"54722","customer_group":"CON","customer_id":"","min_qty":1,"max_qty":9999999,"steps":1,"price":3.31,"price_incl":4,"delivery_group":"DELIVERY"},{"variation_id":"54721","customer_group":"CON","customer_id":"","min_qty":0.5,"max_qty":9999999,"steps":0.1,"price":72.73,"price_incl":88,"delivery_group":"COLLECT"},{"variation_id":"54721","customer_group":"CON","customer_id":"","min_qty":5,"max_qty":9999999,"steps":0.1,"price":72.73,"price_incl":88,"delivery_group":"DELIVERY"}],"packaging_ids":[{"packaging_name":"En vrac (\u00e0 partir de tonnes)","packaging_id":"10","erp_id":"4342"},{"packaging_name":"Pi\u00e8ce","packaging_id":"7","erp_id":"5693"},{"packaging_name":"Big bag 500 kg","packaging_id":"3","erp_id":"4731"},{"packaging_name":"Big bag 1000 kg","packaging_id":"2","erp_id":"4781"},{"packaging_name":"Big bag 1500 kg","packaging_id":"4","erp_id":"4964"}],"c_lengte":"","c_breedte":"","c_hoogte":""},"_links":{"self":[{"href":"https:\/\/www.jatu.be\/fr\/wp-json\/wp\/v2\/product\/47101","targetHints":{"allow":["GET"]}}],"collection":[{"href":"https:\/\/www.jatu.be\/fr\/wp-json\/wp\/v2\/product"}],"about":[{"href":"https:\/\/www.jatu.be\/fr\/wp-json\/wp\/v2\/types\/product"}],"version-history":[{"count":2,"href":"https:\/\/www.jatu.be\/fr\/wp-json\/wp\/v2\/product\/47101\/revisions"}],"predecessor-version":[{"id":59810,"href":"https:\/\/www.jatu.be\/fr\/wp-json\/wp\/v2\/product\/47101\/revisions\/59810"}],"wp:featuredmedia":[{"embeddable":true,"href":"https:\/\/www.jatu.be\/fr\/wp-json\/wp\/v2\/media\/61962"}],"wp:attachment":[{"href":"https:\/\/www.jatu.be\/fr\/wp-json\/wp\/v2\/media?parent=47101"}],"wp:term":[{"taxonomy":"product_cat","embeddable":true,"href":"https:\/\/www.jatu.be\/fr\/wp-json\/wp\/v2\/product_cat?post=47101"},{"taxonomy":"product_tag","embeddable":true,"href":"https:\/\/www.jatu.be\/fr\/wp-json\/wp\/v2\/product_tag?post=47101"}],"curies":[{"name":"wp","href":"https:\/\/api.w.org\/{rel}","templated":true}]}}