{"id":47103,"date":"2024-01-10T11:28:03","date_gmt":"2024-01-10T10:28:03","guid":{"rendered":"https:\/\/www.jatu.be\/?post_type=product&#038;p=47103"},"modified":"2026-03-09T09:10:52","modified_gmt":"2026-03-09T08:10:52","slug":"pierres-solitaires-belge-bleu","status":"publish","type":"product","link":"https:\/\/www.jatu.be\/fr\/produit\/pierres-solitaires-belge-bleu\/","title":{"rendered":"Pierres Solitaires Belge Bleu"},"content":{"rendered":"","protected":false},"excerpt":{"rendered":"<p>Les pierres solitaires sont de gros blocs de rocher de type Belge Bleu. Ce sont des roches d\u00e9coratives exceptionnellement belles, que la nature a lentement form\u00e9es avec le temps. Chaque pierre solitaire est unique et peut apporter sa plus-value comme \u00e9l\u00e9ment d\u00e9coratif dans votre jardin ou dans votre \u00e9tang. La forme de la Pierre Solitaire peut diff\u00e9rer de la photo.<\/p>\n","protected":false},"featured_media":49939,"template":"","meta":{"_acf_changed":false,"inline_featured_image":false,"footnotes":""},"product_cat":[5389],"product_tag":[],"class_list":{"0":"post-47103","1":"product","2":"type-product","3":"status-publish","4":"has-post-thumbnail","6":"product_cat-moellons-et-galets-gravier-et-galets","8":"first","9":"instock","10":"taxable","11":"shipping-taxable","12":"purchasable","13":"product-type-variable","14":"has-default-attributes"},"acf":{"woocommerce_erp_id":"4464","woocommerce_cnk_id":"200376","product_density":0,"custom_prices":[{"variation_id":"54726","customer_group":"CON","customer_id":"","min_qty":1,"max_qty":9999999,"steps":1,"price":109.92,"price_incl":133,"delivery_group":"COLLECT"},{"variation_id":"54726","customer_group":"CON","customer_id":"","min_qty":1,"max_qty":9999999,"steps":1,"price":109.92,"price_incl":133,"delivery_group":"DELIVERY"}],"packaging_ids":[{"packaging_name":"Pi\u00e8ce","packaging_id":"7","erp_id":"4464"}],"c_lengte":"","c_breedte":"","c_hoogte":""},"_links":{"self":[{"href":"https:\/\/www.jatu.be\/fr\/wp-json\/wp\/v2\/product\/47103","targetHints":{"allow":["GET"]}}],"collection":[{"href":"https:\/\/www.jatu.be\/fr\/wp-json\/wp\/v2\/product"}],"about":[{"href":"https:\/\/www.jatu.be\/fr\/wp-json\/wp\/v2\/types\/product"}],"version-history":[{"count":2,"href":"https:\/\/www.jatu.be\/fr\/wp-json\/wp\/v2\/product\/47103\/revisions"}],"predecessor-version":[{"id":59809,"href":"https:\/\/www.jatu.be\/fr\/wp-json\/wp\/v2\/product\/47103\/revisions\/59809"}],"wp:featuredmedia":[{"embeddable":true,"href":"https:\/\/www.jatu.be\/fr\/wp-json\/wp\/v2\/media\/49939"}],"wp:attachment":[{"href":"https:\/\/www.jatu.be\/fr\/wp-json\/wp\/v2\/media?parent=47103"}],"wp:term":[{"taxonomy":"product_cat","embeddable":true,"href":"https:\/\/www.jatu.be\/fr\/wp-json\/wp\/v2\/product_cat?post=47103"},{"taxonomy":"product_tag","embeddable":true,"href":"https:\/\/www.jatu.be\/fr\/wp-json\/wp\/v2\/product_tag?post=47103"}],"curies":[{"name":"wp","href":"https:\/\/api.w.org\/{rel}","templated":true}]}}