{"id":47111,"date":"2024-01-10T11:28:12","date_gmt":"2024-01-10T10:28:12","guid":{"rendered":"https:\/\/www.jatu.be\/?post_type=product&#038;p=47111"},"modified":"2026-04-22T15:20:50","modified_gmt":"2026-04-22T13:20:50","slug":"diamur-rocketfix","status":"publish","type":"product","link":"https:\/\/www.jatu.be\/fr\/produit\/diamur-rocketfix\/","title":{"rendered":"Diamur Rocketfix"},"content":{"rendered":"","protected":false},"excerpt":{"rendered":"<h2>Acheter du b\u00e9ton \u00e0 durcissement rapide<\/h2>\n<p>Rocketfix Diamur est un b\u00e9ton \u00e0 durcissement rapide tr\u00e8s facile \u00e0 utiliser. Il est parfait pour fixer les bordures de jardin telles que les <a href=\"https:\/\/www.jatu.be\/fr\/bordures-de-jardin\/en-beton\/bordurette-biseaute-wirtz-100\/\" target=\"_blank\" rel=\"noopener noreferrer\">bordures en b\u00e9ton de Wirtz<\/a>. Disponible \u00e0 partir de 25 kg pour livraison et collecte.\u00a0<\/p>\n<h2>Application du b\u00e9ton \u00e0 prise rapide<\/h2>\n<p>Rocketfix est un mortier de b\u00e9ton industriel sp\u00e9cialement con\u00e7u pour durcir rapidement et peut \u00eatre mis en \u0153uvre sans m\u00e9lange. Il est constitu\u00e9 d&rsquo;un m\u00e9lange de granulats s\u00e9ch\u00e9s, tamis\u00e9s et composites, tels que du sable et du gravier, ainsi que d&rsquo;une combinaison de liants dont le ciment est le principal composant. En outre, il contient des additifs qui favorisent la maniabilit\u00e9 du m\u00e9lange. De plus, tous les ingr\u00e9dients de Rocketfix sont enti\u00e8rement pr\u00e9m\u00e9lang\u00e9s et s\u00e9ch\u00e9s au four.<\/p>\n","protected":false},"featured_media":55431,"template":"","meta":{"_acf_changed":false,"inline_featured_image":false,"footnotes":""},"product_cat":[5384,5383],"product_tag":[],"class_list":{"0":"post-47111","1":"product","2":"type-product","3":"status-publish","4":"has-post-thumbnail","6":"product_cat-en-beton-bordures-de-jardin","7":"product_cat-bordures-de-jardin","9":"first","10":"instock","11":"taxable","12":"shipping-taxable","13":"purchasable","14":"product-type-variable","15":"has-default-attributes"},"acf":{"woocommerce_erp_id":"4392","woocommerce_cnk_id":"200420","product_density":0,"custom_prices":[{"variation_id":"48109","customer_group":"CON","customer_id":"","min_qty":1,"max_qty":9999999,"steps":1,"price":7.44,"price_incl":9,"delivery_group":"COLLECT"},{"variation_id":"48109","customer_group":"CON","customer_id":"","min_qty":10,"max_qty":9999999,"steps":1,"price":7.44,"price_incl":9,"delivery_group":"DELIVERY"}],"packaging_ids":[{"packaging_name":"Pi\u00e8ce","packaging_id":"7","erp_id":"4392"}],"c_lengte":"","c_breedte":"","c_hoogte":""},"_links":{"self":[{"href":"https:\/\/www.jatu.be\/fr\/wp-json\/wp\/v2\/product\/47111","targetHints":{"allow":["GET"]}}],"collection":[{"href":"https:\/\/www.jatu.be\/fr\/wp-json\/wp\/v2\/product"}],"about":[{"href":"https:\/\/www.jatu.be\/fr\/wp-json\/wp\/v2\/types\/product"}],"version-history":[{"count":2,"href":"https:\/\/www.jatu.be\/fr\/wp-json\/wp\/v2\/product\/47111\/revisions"}],"predecessor-version":[{"id":71740,"href":"https:\/\/www.jatu.be\/fr\/wp-json\/wp\/v2\/product\/47111\/revisions\/71740"}],"wp:featuredmedia":[{"embeddable":true,"href":"https:\/\/www.jatu.be\/fr\/wp-json\/wp\/v2\/media\/55431"}],"wp:attachment":[{"href":"https:\/\/www.jatu.be\/fr\/wp-json\/wp\/v2\/media?parent=47111"}],"wp:term":[{"taxonomy":"product_cat","embeddable":true,"href":"https:\/\/www.jatu.be\/fr\/wp-json\/wp\/v2\/product_cat?post=47111"},{"taxonomy":"product_tag","embeddable":true,"href":"https:\/\/www.jatu.be\/fr\/wp-json\/wp\/v2\/product_tag?post=47111"}],"curies":[{"name":"wp","href":"https:\/\/api.w.org\/{rel}","templated":true}]}}