{"id":47125,"date":"2024-01-10T11:28:28","date_gmt":"2024-01-10T10:28:28","guid":{"rendered":"https:\/\/www.jatu.be\/?post_type=product&#038;p=47125"},"modified":"2026-03-09T09:16:00","modified_gmt":"2026-03-09T08:16:00","slug":"eccodal-dalle-gazon-4-cm-vert","status":"publish","type":"product","link":"https:\/\/www.jatu.be\/fr\/produit\/eccodal-dalle-gazon-4-cm-vert\/","title":{"rendered":"ECCOdal dalle de gazon 4 cm vert"},"content":{"rendered":"","protected":false},"excerpt":{"rendered":"<h2>Acheter des dalles gazon ECCOdal 4 cm HDPE vert 80 x 80 cm<\/h2>\n<p>Les <strong>ECCOdal 40 HDPE vertes<\/strong> sont des dalles gazon haut de gamme, con\u00e7ues pour cr\u00e9er des parkings \u00e9cologiques et stables. Ces dalles offrent une combinaison parfaite de solidit\u00e9 et de perm\u00e9abilit\u00e9, ce qui les rend id\u00e9ales pour des applications priv\u00e9es ou professionnelles. L&rsquo;ECCOdal 40 est fabriqu\u00e9 en PE (poly\u00e9thyl\u00e8ne) et PP (polypropyl\u00e8ne) 100 % recycl\u00e9s, ce qui garantit un choix durable et une longue dur\u00e9e de vie.<\/p>\n<h3>Pourquoi choisir les dalles gazon ECCOdal 40 ?<\/h3>\n<ul>\n<li><strong>Stabilit\u00e9 optimale :<\/strong> La structure robuste rend ces dalles adapt\u00e9es aux v\u00e9hicules lourds comme les voitures et les camionnettes. Pour les charges encore plus \u00e9lev\u00e9es, optez pour les dalles <a href=\"https:\/\/www.jatu.be\/fr\/produit\/eccodal-dalle-de-gazon-5-cm-vert\/\">ECCOdal 5 cm<\/a>.<\/li>\n<li><strong>Design perm\u00e9able :<\/strong> Favorise l\u2019enracinement de l\u2019herbe, le drainage naturel, et pr\u00e9vient les inondations.<\/li>\n<li><strong>Durables et \u00e9cologiques :<\/strong> Fabriqu\u00e9es \u00e0 partir de mat\u00e9riaux recycl\u00e9s, elles sont parfaites pour pr\u00e9server l\u2019environnement.<\/li>\n<li><strong>Installation facile :<\/strong> Gr\u00e2ce au syst\u00e8me d\u2019embo\u00eetement pratique, la pose des dalles ECCOdal est rapide et simple.<\/li>\n<li><strong>R\u00e9sistance au gel et aux UV :<\/strong> Le m\u00e9lange de haute qualit\u00e9 de PE et de PP recycl\u00e9s rend l&rsquo;ECCOdal r\u00e9sistant \u00e0 toutes les conditions m\u00e9t\u00e9orologiques. Ce qui n&rsquo;est pas n\u00e9gligeable pour les produits qui sont \u00e0 l&rsquo;ext\u00e9rieur toute l&rsquo;ann\u00e9e et qui sont soumis au trafic.<\/li>\n<\/ul>\n<h3>Applications des dalles gazon ECCOdal<\/h3>\n<p>Ces dalles gazon sont con\u00e7ues pour l\u2019am\u00e9nagement de :<\/p>\n<ul>\n<li><strong>Parkings v\u00e9g\u00e9talis\u00e9s<\/strong> pour entreprises, zones r\u00e9cr\u00e9atives ou r\u00e9sidences.<\/li>\n<li><strong>All\u00e9es<\/strong> o\u00f9 un aspect vert et naturel est recherch\u00e9.<\/li>\n<li><strong>Espaces publics<\/strong> comme les sentiers ou les acc\u00e8s d\u2019urgence.<\/li>\n<li><strong>Rev\u00eatements \u00e9cologiques<\/strong>, parfaits pour une conception durable.<\/li>\n<\/ul>\n<h3>Option suppl\u00e9mentaire : dalles gazon pr\u00e9-cultiv\u00e9es<\/h3>\n<p>Optez pour nos <a href=\"https:\/\/www.jatu.be\/fr\/produit\/dalle-de-gazon-precultive\/\"><strong>dalles gazon pr\u00e9-cultiv\u00e9es<\/strong><\/a> pour un r\u00e9sultat imm\u00e9diat. Ces dalles sont livr\u00e9es avec de l\u2019herbe d\u00e9j\u00e0 pouss\u00e9e, offrant une finition verte parfaite d\u00e8s l\u2019installation. Id\u00e9ales pour ceux qui recherchent une solution esth\u00e9tique rapide, sans attendre la pousse de l\u2019herbe. Naturellement, nos dalles gazon pr\u00e9-cultiv\u00e9es utilisent les dalles les plus solides du march\u00e9 : <a href=\"https:\/\/eccoproducts.eu\/fr\/produit\/eccodal-dalles-gazon\/\" target=\"_blank\" rel=\"noopener\">ECCOdal<\/a>.<\/p>\n<h3>De combien de dalles ECCOdal avez-vous besoin ?<\/h3>\n<p>Avec une dimension de 80 x 80 cm, une dalle ECCOdal couvre 0,64 m\u00b2. Utilisez notre calculateur pratique sur le site web pour d\u00e9terminer pr\u00e9cis\u00e9ment le nombre de dalles n\u00e9cessaires \u00e0 votre projet.<\/p>\n<h3>Remplir les dalles gazon avec un substrat adapt\u00e9<\/h3>\n<p>Pour un r\u00e9sultat optimal, remplissez vos dalles ECCOdal avec un substrat sp\u00e9cialement con\u00e7u, comme le <a href=\"https:\/\/vivamix.be\/product\/creadal-grasdalsubstraat\/\" target=\"_blank\" rel=\"noopener\"><strong>CREAdal de Vivamix<\/strong><\/a>. Ce substrat de qualit\u00e9 assure une croissance rapide des racines et constitue la meilleure base pour votre parking v\u00e9g\u00e9talis\u00e9. D\u00e9couvrez tous les d\u00e9tails pour <a href=\"https:\/\/www.jatu.be\/fr\/project\/parking-en-herbe-avec-dalles-de-gazon\/\">am\u00e9nager un parking gazon<\/a> sur notre site.<\/p>\n<p>Remplissez compl\u00e8tement les dalles gazon, mais veillez \u00e0 ce que le substrat ne d\u00e9passe pas le bord sup\u00e9rieur des dalles. Sinon, vous risquez d\u2019endommager les racines du gazon, ce qui nuirait \u00e0 l\u2019aspect final. Remplissez le substrat jusqu\u2019\u00e0 environ <strong>0,5 cm en dessous du bord sup\u00e9rieur des dalles gazon<\/strong>. Sous l\u2019effet de la pluie et du tassement, le substrat se stabilisera au niveau id\u00e9al.<\/p>\n<h3>Commander vos dalles gazon ECCOdal : livraison ou retrait<\/h3>\n<p>Commandez vos dalles gazon ECCOdal sur <strong>Jatu.be<\/strong> pour une <a href=\"https:\/\/www.jatu.be\/fr\/specifications-de-livraison-jatu-rapide-efficace\/\">livraison \u00e0 domicile<\/a> partout en Belgique en <strong>4 jours ouvrables<\/strong>. Besoin d\u2019aller vite? Vous pouvez \u00e9galement retirer vos dalles \u00e0 l\u2019un de <a href=\"https:\/\/www.jatu.be\/fr\/points-de-collecte\/\">nos points de collecte<\/a> d\u00e8s <strong>1 pi\u00e8ce<\/strong>.<\/p>\n<p>Des questions ou un devis personnalis\u00e9 pour votre projet de jardin ? <a href=\"https:\/\/www.jatu.be\/fr\/contact\/\">Contactez nos experts<\/a> : nous sommes l\u00e0 pour vous aider \u00e0 r\u00e9aliser vos plans. Nous r\u00e9pondons dans les <strong>24 heures ouvrables<\/strong>.<\/p>\n","protected":false},"featured_media":50042,"template":"","meta":{"_acf_changed":false,"inline_featured_image":false,"footnotes":""},"product_cat":[5402],"product_tag":[],"class_list":{"0":"post-47125","1":"product","2":"type-product","3":"status-publish","4":"has-post-thumbnail","6":"product_cat-parking-engazonne-gazon-et-plus","8":"first","9":"instock","10":"taxable","11":"shipping-taxable","12":"purchasable","13":"product-type-variable","14":"has-default-attributes"},"acf":{"woocommerce_erp_id":"5485","woocommerce_cnk_id":"200464","product_density":0.64,"custom_prices":[{"variation_id":"54743","customer_group":"CON","customer_id":"","min_qty":0.64,"max_qty":9999999,"steps":0.64,"price":14.88,"price_incl":18,"delivery_group":"DELIVERY"},{"variation_id":"54743","customer_group":"CON","customer_id":"","min_qty":0.64,"max_qty":9999999,"steps":0.64,"price":14.88,"price_incl":18,"delivery_group":"COLLECT"}],"packaging_ids":[{"packaging_name":"m\u00b2","packaging_id":"8","erp_id":"5485"}],"c_lengte":"","c_breedte":"","c_hoogte":""},"_links":{"self":[{"href":"https:\/\/www.jatu.be\/fr\/wp-json\/wp\/v2\/product\/47125","targetHints":{"allow":["GET"]}}],"collection":[{"href":"https:\/\/www.jatu.be\/fr\/wp-json\/wp\/v2\/product"}],"about":[{"href":"https:\/\/www.jatu.be\/fr\/wp-json\/wp\/v2\/types\/product"}],"version-history":[{"count":7,"href":"https:\/\/www.jatu.be\/fr\/wp-json\/wp\/v2\/product\/47125\/revisions"}],"predecessor-version":[{"id":63959,"href":"https:\/\/www.jatu.be\/fr\/wp-json\/wp\/v2\/product\/47125\/revisions\/63959"}],"wp:featuredmedia":[{"embeddable":true,"href":"https:\/\/www.jatu.be\/fr\/wp-json\/wp\/v2\/media\/50042"}],"wp:attachment":[{"href":"https:\/\/www.jatu.be\/fr\/wp-json\/wp\/v2\/media?parent=47125"}],"wp:term":[{"taxonomy":"product_cat","embeddable":true,"href":"https:\/\/www.jatu.be\/fr\/wp-json\/wp\/v2\/product_cat?post=47125"},{"taxonomy":"product_tag","embeddable":true,"href":"https:\/\/www.jatu.be\/fr\/wp-json\/wp\/v2\/product_tag?post=47125"}],"curies":[{"name":"wp","href":"https:\/\/api.w.org\/{rel}","templated":true}]}}