{"id":47137,"date":"2024-01-10T11:28:41","date_gmt":"2024-01-10T10:28:41","guid":{"rendered":"https:\/\/www.jatu.be\/?post_type=product&#038;p=47137"},"modified":"2026-04-08T09:38:12","modified_gmt":"2026-04-08T07:38:12","slug":"acheter-balmoral-4-8-beige-allee-jardin","status":"publish","type":"product","link":"https:\/\/www.jatu.be\/fr\/produit\/acheter-balmoral-4-8-beige-allee-jardin\/","title":{"rendered":"Balmoral 4\/8"},"content":{"rendered":"","protected":false},"excerpt":{"rendered":"<h2>Acheter Balmoral 4\/8 \u2013 Gravier beige \u00e9l\u00e9gant pour all\u00e9e, jardin et terrasse<\/h2>\n<p>Balmoral 4\/8 est un gravier d\u00e9coratif, l\u00e9ger et <a href=\"https:\/\/www.jatu.be\/fr\/categorie-produit\/gravier-et-galets\/gravier-decoratif-gravier-et-galets\/?pa_korrelgrootte=0-100&amp;pa_kleur%5B%5D=6466\">beige<\/a>, qui s\u2019int\u00e8gre parfaitement dans votre <a href=\"https:\/\/www.jatu.be\/fr\/installation-allee-de-gravier-jatu-belgique\/\">all\u00e9e<\/a>, <a href=\"https:\/\/www.jatu.be\/fr\/amenagement-de-jardin-realiserez-votre-reve\/\">jardin<\/a> ou <a href=\"https:\/\/www.jatu.be\/fr\/construction-terrasse-en-gravier-jatu-belgique\/\">terrasse<\/a>. Il offre la combinaison id\u00e9ale de tons beige doux et ivoire, s&rsquo;harmonisant naturellement avec tout environnement ext\u00e9rieur. Gr\u00e2ce \u00e0 sa forme arrondie, ce gravier est \u00e9galement agr\u00e9able \u00e0 marcher, m\u00eame pieds nus.<\/p>\n<p>Vous souhaitez d\u2019abord voir \u00e0 quoi ressemble le gravier ? <a href=\"https:\/\/www.jatu.be\/fr\/demande-echantillon-de-gravier-test-gratuit\/\">Demandez d\u00e8s maintenant un \u00e9chantillon gratuit de Balmoral 4\/8<\/a> et convainquez-vous de sa qualit\u00e9 et de ses couleurs dans votre espace ext\u00e9rieur !<\/p>\n<h3>Gravier d\u00e9coratif de la gamme exclusive<\/h3>\n<p>Balmoral 4\/8 fait partie de la <a href=\"https:\/\/www.jatu.be\/fr\/categorie-produit\/gravier-et-galets\/gravier-decoratif-gravier-et-galets\/?pa_korrelgrootte=0-100&amp;pa_toepassingen%5B%5D=6328\">gamme exclusive<\/a> de graviers d\u00e9coratifs Jatu, une s\u00e9lection de graviers de haute qualit\u00e9 \u00e0 l&rsquo;attrait unique. Avec ses douces nuances de beige, de blanc et de champagne, Balmoral 4\/8 ajoute une touche sophistiqu\u00e9e et \u00e9l\u00e9gante \u00e0 tout espace ext\u00e9rieur. Ce gravier arrondi \u00e0 la machine est non seulement esth\u00e9tique mais aussi durable, ce qui le rend id\u00e9al pour des applications telles que les all\u00e9es, les chemins de jardin et les terrasses. Balmoral 4\/8 offre \u00e0 la fois confort et qualit\u00e9 et r\u00e9siste parfaitement \u00e0 un usage intensif.<\/p>\n<h3>Avantages du gravier Balmoral<\/h3>\n<ul>\n<li>\n<p><strong>Tons apaisants<\/strong> : Cr\u00e9ez une apparence naturelle et \u00e9l\u00e9gante avec les doux tons beige et ivoire.<\/p>\n<\/li>\n<li>\n<p><strong>Confortable<\/strong> : Gr\u00e2ce \u00e0 sa forme arrondie, il est agr\u00e9able \u00e0 marcher pieds nus.<\/p>\n<\/li>\n<li>\n<p><strong>Polyvalent<\/strong> : Id\u00e9al pour les all\u00e9es, jardins, terrasses et chemins.<\/p>\n<\/li>\n<li>\n<p><strong>Durable<\/strong> : Le gravier Balmoral est r\u00e9sistant et dure de nombreuses ann\u00e9es.<\/p>\n<\/li>\n<\/ul>\n<p>Avec <a href=\"https:\/\/www.jatu.be\/fr\/produit\/decapant-biologique-biomix-pro-atm-5l\/\">Biomix ATM<\/a>, un nettoyant biologique, vous gardez facilement votre gravier propre. Il \u00e9limine les d\u00e9p\u00f4ts tenaces d&rsquo;origine atmosph\u00e9rique, sans besoin de frotter.<\/p>\n<h2>Applications du gravier Balmoral<\/h2>\n<p>Que vous souhaitiez cr\u00e9er une all\u00e9e, une terrasse ou un chemin de jardin, Balmoral 4\/8 offre une solution polyvalente :<\/p>\n<ul>\n<li>\n<p><strong>All\u00e9e<\/strong> : Le gravier Balmoral assure une all\u00e9e stable et durable lorsque vous utilisez des <a href=\"https:\/\/www.jatu.be\/fr\/produit\/eccogravel-4-cm-blanc\/\">stabilisateurs de gravier de 4 cm<\/a>.<\/p>\n<\/li>\n<li>\n<p><strong>Terrasse et chemins de jardin<\/strong> : Pour les applications plus l\u00e9g\u00e8res, telles que les terrasses ou les chemins de jardin, nous vous recommandons d&rsquo;utiliser les <a href=\"https:\/\/www.jatu.be\/fr\/produit\/eccogravel-3-cm-blanc\/\">stabilisateurs <strong>ECCOgravel<\/strong> de 3 cm<\/a>. Pour une finition parfaite, vous pouvez les combiner avec des stabilisateurs de gravier blanches.<\/p>\n<\/li>\n<li>\n<p><strong>Bordures d\u00e9coratives et paillis<\/strong> : Pour les bordures d\u00e9coratives ou le paillage, si vous utilisez un <a href=\"https:\/\/www.jatu.be\/fr\/categorie-produit\/anti-racine\/\">g\u00e9otextile anti-racine<\/a>, il est recommand\u00e9 de poser une couche de gravier de 5 cm. Si vous utilisez des <a href=\"https:\/\/www.jatu.be\/fr\/produit\/eccogravel-2-cm-blanc\/\">stabilisateurs fines<\/a> pour stabiliser le gravier, une \u00e9paisseur de 3 cm suffira.<\/p>\n<\/li>\n<\/ul>\n<h3>Quelle quantit\u00e9 de gravier me faut-il ?<\/h3>\n<p>Pour diff\u00e9rentes applications, vous avez besoin d&rsquo;une quantit\u00e9 sp\u00e9cifique de gravier. Nous vous aidons volontiers \u00e0 le calculer avec notre <a href=\"https:\/\/www.jatu.be\/fr\/calculateur-de-gravier-calculer-quantite\/\">calculateur de gravier<\/a> :<\/p>\n<ul>\n<li>Pour les <a href=\"https:\/\/www.jatu.be\/fr\/project\/calculateur-allee-de-gravier\/\">all\u00e9es<\/a> : Utilisez une couche de gravier de <strong>5 cm<\/strong>, soit environ <strong>80 kg\/m\u00b2<\/strong>.<\/li>\n<li>Pour les <a href=\"https:\/\/www.jatu.be\/fr\/project\/calculateur-terrasse-en-gravier\/\">terrasses<\/a> et les chemins de jardin : Utilisez une couche de gravier de <strong>4 cm<\/strong>, soit environ <strong>65 kg\/m\u00b2<\/strong>.<\/li>\n<li>Pour les<a href=\"https:\/\/www.jatu.be\/fr\/project\/calculateur-chemin-de-jardin-avec-gravier\/\"> bordures d\u00e9coratives<\/a> ou le paillage : Si vous utilisez des dalles fines, une couche de<strong> 3 cm<\/strong> suffit, soit environ <strong>50 kg\/m\u00b2<\/strong>. Si vous utilisez un g\u00e9otextile anti-mauvaises herbes, une couche de <strong>5 cm<\/strong> sera n\u00e9cessaire, soit environ <strong>80 kg\/m\u00b2<\/strong>.<\/li>\n<\/ul>\n<h3>Emballages et fractions disponibles<\/h3>\n<p>Que vous ayez un petit projet ou un grand am\u00e9nagement ext\u00e9rieur, Balmoral 4\/8 est disponible en plusieurs conditionnements :<\/p>\n<ul>\n<li>\n<p><strong>Sacs de 25 kg<\/strong> \u2013 id\u00e9al pour les petits projets ou les applications d\u00e9coratives.<\/p>\n<\/li>\n<li>\n<p><strong>Big bags de 500, 1000 ou 1500 kg<\/strong> \u2013 parfaits pour les grandes surfaces.<\/p>\n<\/li>\n<li>\n<p><strong>En vrac \u00e0 partir de 5 tonnes<\/strong> \u2013 id\u00e9al pour les grands projets, comme les all\u00e9es ou les am\u00e9nagements paysagers \u00e9tendus.<\/p>\n<\/li>\n<\/ul>\n<p><strong>Astuce<\/strong> : Profitez de tarifs avantageux pour l&rsquo;enl\u00e8vement \u00e0 partir de 0,5 tonne en vrac !<\/p>\n<h2>Options de livraison<\/h2>\n<p>Chez Jatu, nous vous facilitons la vie en ce qui concerne les <a href=\"https:\/\/www.jatu.be\/fr\/specifications-de-livraison-jatu-rapide-efficace\/\">sp\u00e9cifications de livraison<\/a>. Les commandes \u00e0 partir de 25 kg sont livr\u00e9es partout en Belgique dans un d\u00e9lai de quatre jours ouvrables apr\u00e8s confirmation de la commande. Vous pouvez \u00e9galement choisir l&rsquo;enl\u00e8vement \u00e0 partir de 25 kg dans l&rsquo;un de nos <a href=\"https:\/\/www.jatu.be\/fr\/points-de-collecte\/\">points de collecte<\/a>.<\/p>\n<p>N&rsquo;attendez plus et offrez \u00e0 votre espace ext\u00e9rieur une allure royale, inspir\u00e9e du <a href=\"https:\/\/www.balmoralcastle.com\/\">ch\u00e2teau de Balmoral<\/a> ! Commandez d\u00e8s aujourd&rsquo;hui votre gravier Balmoral chez Jatu et profitez de notre livraison rapide et de nos tarifs avantageux. Transformez d\u00e8s maintenant votre jardin, all\u00e9e ou terrasse !<\/p>\n","protected":false},"featured_media":56479,"template":"","meta":{"_acf_changed":false,"inline_featured_image":false,"footnotes":""},"product_cat":[5415],"product_tag":[6992],"class_list":{"0":"post-47137","1":"product","2":"type-product","3":"status-publish","4":"has-post-thumbnail","6":"product_cat-gravier-decoratif-gravier-et-galets","7":"product_tag-reduction-cat-2","9":"first","10":"instock","11":"taxable","12":"shipping-taxable","13":"purchasable","14":"product-type-variable","15":"has-default-attributes"},"acf":{"woocommerce_erp_id":"4086","woocommerce_cnk_id":"200493","product_density":1.6,"custom_prices":[{"variation_id":"53652","customer_group":"CON","customer_id":"","min_qty":1,"max_qty":9999999,"steps":1,"price":7.44,"price_incl":9,"delivery_group":"COLLECT"},{"variation_id":"53652","customer_group":"CON","customer_id":"","min_qty":1,"max_qty":9999999,"steps":1,"price":7.44,"price_incl":9,"delivery_group":"DELIVERY"}],"packaging_ids":[{"packaging_name":"Pi\u00e8ce","packaging_id":"7","erp_id":"4102"}],"c_lengte":"","c_breedte":"","c_hoogte":""},"_links":{"self":[{"href":"https:\/\/www.jatu.be\/fr\/wp-json\/wp\/v2\/product\/47137","targetHints":{"allow":["GET"]}}],"collection":[{"href":"https:\/\/www.jatu.be\/fr\/wp-json\/wp\/v2\/product"}],"about":[{"href":"https:\/\/www.jatu.be\/fr\/wp-json\/wp\/v2\/types\/product"}],"version-history":[{"count":13,"href":"https:\/\/www.jatu.be\/fr\/wp-json\/wp\/v2\/product\/47137\/revisions"}],"predecessor-version":[{"id":65446,"href":"https:\/\/www.jatu.be\/fr\/wp-json\/wp\/v2\/product\/47137\/revisions\/65446"}],"wp:featuredmedia":[{"embeddable":true,"href":"https:\/\/www.jatu.be\/fr\/wp-json\/wp\/v2\/media\/56479"}],"wp:attachment":[{"href":"https:\/\/www.jatu.be\/fr\/wp-json\/wp\/v2\/media?parent=47137"}],"wp:term":[{"taxonomy":"product_cat","embeddable":true,"href":"https:\/\/www.jatu.be\/fr\/wp-json\/wp\/v2\/product_cat?post=47137"},{"taxonomy":"product_tag","embeddable":true,"href":"https:\/\/www.jatu.be\/fr\/wp-json\/wp\/v2\/product_tag?post=47137"}],"curies":[{"name":"wp","href":"https:\/\/api.w.org\/{rel}","templated":true}]}}