{"id":47139,"date":"2024-01-10T11:28:43","date_gmt":"2024-01-10T10:28:43","guid":{"rendered":"https:\/\/www.jatu.be\/?post_type=product&#038;p=47139"},"modified":"2026-04-21T09:22:53","modified_gmt":"2026-04-21T07:22:53","slug":"rouge-belge-7-16","status":"publish","type":"product","link":"https:\/\/www.jatu.be\/fr\/produit\/rouge-belge-7-16\/","title":{"rendered":"Rouge Belge 7\/16"},"content":{"rendered":"","protected":false},"excerpt":{"rendered":"<h2>Rouge Belge\u00a0 7\/16 &#8211; Marbre cass\u00e9 de couleur brun-rouge unique<\/h2>\n<p>Rouge Belge 7\/16 est un beau marbre bris\u00e9 avec une teinte brun-rouge unique qui donne \u00e0 votre jardin, \u00e0 votre <a href=\"https:\/\/www.jatu.be\/fr\/installation-allee-de-gravier\/\">all\u00e9e<\/a> ou \u00e0 votre parc un aspect attrayant. Ce type de gravier n&rsquo;est pas seulement visuellement attrayant, il est aussi tr\u00e8s durable et facile \u00e0 entretenir. C&rsquo;est un excellent choix pour diverses applications dans les espaces priv\u00e9s et publics.<\/p>\n<h3>Pourquoi choisir Rouge Belge ?<\/h3>\n<p>Le Rouge belge allie l&rsquo;esth\u00e9tique \u00e0 la fonctionnalit\u00e9. Gr\u00e2ce \u00e0 ses propri\u00e9t\u00e9s particuli\u00e8res, ce type de <a href=\"https:\/\/www.jatu.be\/fr\/categorie-produit\/gravier-et-galets\/gravier-decoratif-gravier-et-galets\/\">gravier<\/a> convient \u00e0 une grande vari\u00e9t\u00e9 de projets. Quelques avantages cl\u00e9s :<\/p>\n<ul>\n<li><strong>Couleur rouge-brun unique<\/strong> : donne un aspect chaleureux et naturel qui conf\u00e8re \u00e0 tout projet une atmosph\u00e8re particuli\u00e8re.<\/li>\n<li><strong>Extr\u00eamement durable<\/strong> : r\u00e9siste \u00e0 un usage intensif et \u00e0 diverses conditions m\u00e9t\u00e9orologiques, ce qui lui assure une longue dur\u00e9e de vie.<\/li>\n<li><strong>Peu d&rsquo;entretien<\/strong> : n\u00e9cessite un minimum d&rsquo;entretien et reste beau pendant des ann\u00e9es sans entretien intensif.<\/li>\n<\/ul>\n<h2>Application du rouge belge<\/h2>\n<p>Le Rouge Belge 7\/16 est polyvalent et parfait pour une vari\u00e9t\u00e9 d&rsquo;applications. Il peut \u00eatre combin\u00e9 avec des <a href=\"https:\/\/www.jatu.be\/fr\/categorie-produit\/bordures-de-jardin\/\">bordures<\/a> en acier corten pour une finition \u00e9l\u00e9gante et professionnelle. Quelques applications populaires :<\/p>\n<ul>\n<li><strong>Entr\u00e9es d&rsquo;all\u00e9e et parkings<\/strong> : Cr\u00e9ez une entr\u00e9e d&rsquo;<a href=\"https:\/\/www.jatu.be\/fr\/project\/instruction-pour-une-allee-permeable\/\">all\u00e9e<\/a> stable et durable en utilisant des tapis de gravier de 4 cm d&rsquo;\u00e9paisseur. Remplissez les tapis d&rsquo;une couche de 5 cm de Rouge Belge 7\/16. Choisissez des <a href=\"https:\/\/www.jatu.be\/fr\/produit\/eccogravel-4-cm-gris\/\">tapis de gravier gris de 4 cm<\/a> combin\u00e9s \u00e0 des bordures en <a href=\"https:\/\/www.jatu.be\/fr\/categorie-produit\/bordures-de-jardin\/acier-corten-bordures-de-jardin\/\">acier corten<\/a> pour cr\u00e9er un aspect chaleureux et naturel qui s&rsquo;harmonise parfaitement avec la teinte brun-rouge du gravier.<\/li>\n<li><strong>Terrasses et all\u00e9es de jardin<\/strong> : Pour les applications plus l\u00e9g\u00e8res telles que les <a href=\"https:\/\/www.jatu.be\/fr\/project\/guide-installation-terrasse-en-gravier\/\">terrasses<\/a> ou les all\u00e9es de jardin, nous recommandons les <a href=\"https:\/\/www.jatu.be\/fr\/produit\/eccogravel-3-cm-gris\/\">tapis de gravier ECCOgravel de 3 cm<\/a>. Remplissez les tapis d&rsquo;une couche de 4 cm de Rouge Belge 7\/16 pour obtenir un aspect \u00e9l\u00e9gant et uniforme. Les tons chauds du Rouge belge conf\u00e8rent une atmosph\u00e8re charmante et naturelle \u00e0 votre espace ext\u00e9rieur.<\/li>\n<li><strong>Bordures ornementales et couvre-sol<\/strong> : Utilisez une toile <a href=\"https:\/\/www.jatu.be\/fr\/categorie-produit\/anti-racine\/\">anti-racine<\/a> et posez du Rouge Belge 7\/16 sur une \u00e9paisseur de 5 cm pour un aspect soign\u00e9 et d\u00e9coratif. Pour les petites surfaces, vous pouvez \u00e9galement utiliser des <a href=\"https:\/\/www.jatu.be\/fr\/produit\/eccogravel-2-cm-blanc\/\">tapis de gravier fin<\/a>, une couche de 3 cm \u00e9tant suffisante pour maintenir le gravier en place. Combinez-les avec des bordures en acier Corten pour une finition soign\u00e9e et un aspect luxueux.<\/li>\n<\/ul>\n<p>Avec le Rouge Belge 7\/16, vous optez pour une solution esth\u00e9tique, durable et pratique qui convient parfaitement \u00e0 tout type de projet. Qu&rsquo;il s&rsquo;agisse d&rsquo;une all\u00e9e fonctionnelle, d&rsquo;un <a href=\"https:\/\/www.jatu.be\/fr\/project\/manuel-instruction-allee-de-jardin-gravier\/\">chemin de jardin<\/a> accueillant ou d&rsquo;une bordure d\u00e9corative \u00e9l\u00e9gante, ce gravier de haute qualit\u00e9 fera passer votre espace ext\u00e9rieur \u00e0 la vitesse sup\u00e9rieure.<\/p>\n<h3>De quelle quantit\u00e9 de Belgian Red 7\/16 ai-je besoin ?<\/h3>\n<p>Vous aurez besoin de quantit\u00e9s sp\u00e9cifiques de Belgian Red pour diff\u00e9rentes applications. Voici un aper\u00e7u qui vous aidera \u00e0 planifier votre projet avec pr\u00e9cision :<\/p>\n<ul>\n<li><strong>All\u00e9es et <a href=\"https:\/\/www.jatu.be\/fr\/project\/calculateur-allee-de-gravier\/\">parkings<\/a><\/strong> : Utilisez une couche de 5 cm de gravier. Cela correspond \u00e0 environ <strong>80 kg\/m\u00b2<\/strong>.<\/li>\n<li><a href=\"https:\/\/www.jatu.be\/fr\/project\/calculateur-terrasse-en-gravier\/\"><strong>Terrasses<\/strong><\/a><strong> et all\u00e9es de jardin<\/strong> : Utilisez une couche de 4 cm de gravier. Cela correspond \u00e0 environ <strong>65 kg\/m\u00b2<\/strong>.<\/li>\n<li><strong>Bordures ornementales ou couvre-sol<\/strong> :\n<ul>\n<li>Pour les tapis de gravier fin, une couche de 3 cm suffit, ce qui correspond \u00e0 environ <strong>50 kg\/m\u00b2<\/strong>.<\/li>\n<li>En cas d&rsquo;utilisation d&rsquo;un tapis anti-racines, nous recommandons une couche de 5 cm, ce qui \u00e9quivaut \u00e0 <strong>80 kg\/m\u00b2<\/strong>.<\/li>\n<\/ul>\n<\/li>\n<\/ul>\n<p>Utilisez notre <a href=\"https:\/\/www.jatu.be\/fr\/calculateur-de-gravier-calculer-quantite\/\">calculateur de gravier<\/a> pratique pour d\u00e9terminer exactement la quantit\u00e9 n\u00e9cessaire \u00e0 votre projet. Vous commanderez ainsi la quantit\u00e9 exacte.<\/p>\n<h3>Conditionnement et fractions disponibles<\/h3>\n<p>Le Rouge Belge 7\/16 est disponible en diff\u00e9rents formats pour s&rsquo;adapter \u00e0 votre projet :<\/p>\n<ul>\n<li><strong>Sac de 25 kg<\/strong> &#8211; id\u00e9al pour les petits projets ou les applications d\u00e9coratives.<\/li>\n<li><strong>Big bags de 500, 1000 ou 1500 kg<\/strong> &#8211; parfaits pour les grandes surfaces.<\/li>\n<li><strong>En vrac \u00e0 partir de 5 tonnes<\/strong> &#8211; id\u00e9al pour les grands projets, tels que les all\u00e9es ou les grands am\u00e9nagements paysagers.<\/li>\n<\/ul>\n<p><strong>Conseil<\/strong> : b\u00e9n\u00e9ficiez de tarifs pr\u00e9f\u00e9rentiels pour les enl\u00e8vements \u00e0 partir de 0,5 tonne en vrac !<\/p>\n<h2>Options de livraison<\/h2>\n<p>Chez Jatu, nous vous facilitons la t\u00e2che en ce qui concerne les <a href=\"https:\/\/www.jatu.be\/fr\/specifications-de-livraison-jatu-rapide-efficace\/\">sp\u00e9cifications de livraison<\/a>. Les commandes \u00e0 partir de 25 kg sont livr\u00e9es partout en Belgique dans les quatre jours ouvrables suivant la confirmation de la commande. Vous pouvez \u00e9galement opter pour un enl\u00e8vement \u00e0 partir de 25 kg dans l&rsquo;un de <a href=\"https:\/\/www.jatu.be\/fr\/points-de-collecte\/\">nos points d&rsquo;enl\u00e8vement<\/a> \u00e0 <strong>Wevelgem<\/strong> ou <strong>Zedelgem<\/strong>.<\/p>\n<p>Vous cherchez une solution durable, \u00e9l\u00e9gante et n\u00e9cessitant peu d&rsquo;entretien pour votre jardin ou votre projet de construction ? Optez pour le Rouge belge 7\/16. Contactez-nous d\u00e8s aujourd&rsquo;hui pour un conseil ou une offre sur mesure !<\/p>\n","protected":false},"featured_media":63011,"template":"","meta":{"_acf_changed":false,"inline_featured_image":false,"footnotes":""},"product_cat":[5415],"product_tag":[6992],"class_list":{"0":"post-47139","1":"product","2":"type-product","3":"status-publish","4":"has-post-thumbnail","6":"product_cat-gravier-decoratif-gravier-et-galets","7":"product_tag-reduction-cat-2","9":"first","10":"instock","11":"taxable","12":"shipping-taxable","13":"purchasable","14":"product-type-variable"},"acf":{"woocommerce_erp_id":"4199","woocommerce_cnk_id":"200505","product_density":1.6,"custom_prices":[{"variation_id":"53832","customer_group":"CON","customer_id":"","min_qty":1,"max_qty":9999999,"steps":1,"price":159.5,"price_incl":193,"delivery_group":"DELIVERY"},{"variation_id":"53832","customer_group":"CON","customer_id":"","min_qty":1,"max_qty":9999999,"steps":1,"price":159.5,"price_incl":193,"delivery_group":"COLLECT"},{"variation_id":"53831","customer_group":"CON","customer_id":"","min_qty":1,"max_qty":9999999,"steps":1,"price":106.61,"price_incl":129,"delivery_group":"COLLECT"},{"variation_id":"53831","customer_group":"CON","customer_id":"","min_qty":1,"max_qty":9999999,"steps":1,"price":106.61,"price_incl":129,"delivery_group":"DELIVERY"},{"variation_id":"53833","customer_group":"CON","customer_id":"","min_qty":1,"max_qty":9999999,"steps":1,"price":232.23,"price_incl":281,"delivery_group":"COLLECT"},{"variation_id":"53833","customer_group":"CON","customer_id":"","min_qty":1,"max_qty":9999999,"steps":1,"price":232.23,"price_incl":281,"delivery_group":"DELIVERY"},{"variation_id":"53830","customer_group":"CON","customer_id":"","min_qty":1,"max_qty":9999999,"steps":1,"price":5.79,"price_incl":7,"delivery_group":"COLLECT"},{"variation_id":"53830","customer_group":"CON","customer_id":"","min_qty":1,"max_qty":9999999,"steps":1,"price":5.79,"price_incl":7,"delivery_group":"DELIVERY"},{"variation_id":"53829","customer_group":"CON","customer_id":"","min_qty":0.5,"max_qty":9999999,"steps":0.1,"price":142.98,"price_incl":173,"delivery_group":"COLLECT"},{"variation_id":"53829","customer_group":"CON","customer_id":"","min_qty":5,"max_qty":9999999,"steps":0.1,"price":142.98,"price_incl":173,"delivery_group":"DELIVERY"}],"packaging_ids":[{"packaging_name":"En vrac (\u00e0 partir de tonnes)","packaging_id":"10","erp_id":"4199"},{"packaging_name":"Pi\u00e8ce","packaging_id":"7","erp_id":"5647"},{"packaging_name":"Big bag 500 kg","packaging_id":"3","erp_id":"4907"},{"packaging_name":"Big bag 1000 kg","packaging_id":"2","erp_id":"4735"},{"packaging_name":"Big bag 1500 kg","packaging_id":"4","erp_id":"4797"}],"c_lengte":"","c_breedte":"","c_hoogte":""},"_links":{"self":[{"href":"https:\/\/www.jatu.be\/fr\/wp-json\/wp\/v2\/product\/47139","targetHints":{"allow":["GET"]}}],"collection":[{"href":"https:\/\/www.jatu.be\/fr\/wp-json\/wp\/v2\/product"}],"about":[{"href":"https:\/\/www.jatu.be\/fr\/wp-json\/wp\/v2\/types\/product"}],"version-history":[{"count":6,"href":"https:\/\/www.jatu.be\/fr\/wp-json\/wp\/v2\/product\/47139\/revisions"}],"predecessor-version":[{"id":63005,"href":"https:\/\/www.jatu.be\/fr\/wp-json\/wp\/v2\/product\/47139\/revisions\/63005"}],"wp:featuredmedia":[{"embeddable":true,"href":"https:\/\/www.jatu.be\/fr\/wp-json\/wp\/v2\/media\/63011"}],"wp:attachment":[{"href":"https:\/\/www.jatu.be\/fr\/wp-json\/wp\/v2\/media?parent=47139"}],"wp:term":[{"taxonomy":"product_cat","embeddable":true,"href":"https:\/\/www.jatu.be\/fr\/wp-json\/wp\/v2\/product_cat?post=47139"},{"taxonomy":"product_tag","embeddable":true,"href":"https:\/\/www.jatu.be\/fr\/wp-json\/wp\/v2\/product_tag?post=47139"}],"curies":[{"name":"wp","href":"https:\/\/api.w.org\/{rel}","templated":true}]}}