{"id":47145,"date":"2024-01-10T11:28:50","date_gmt":"2024-01-10T10:28:50","guid":{"rendered":"https:\/\/www.jatu.be\/?post_type=product&#038;p=47145"},"modified":"2026-03-09T09:08:52","modified_gmt":"2026-03-09T08:08:52","slug":"galets-de-carrara-7-15","status":"publish","type":"product","link":"https:\/\/www.jatu.be\/fr\/produit\/galets-de-carrara-7-15\/","title":{"rendered":"Cailloux Carrara blanc 7\/15"},"content":{"rendered":"","protected":false},"excerpt":{"rendered":"<h2>Galets de Carrara 7\/15 : El\u00e9gance et polyvalence pour votre jardin<\/h2>\n<p>Les galets de Carrara 7\/15 sont des <a href=\"https:\/\/www.jatu.be\/fr\/categorie-produit\/gravier-et-galets\/gravier-decoratif-gravier-et-galets\/\">graviers<\/a> de marbre italiens de forme ronde provenant de Carrara, une ville de Toscane connue dans le monde entier pour son marbre de haute qualit\u00e9. Ces blocs se caract\u00e9risent par leur couleur blanche intense et leur qualit\u00e9 irr\u00e9prochable, ce qui en fait un choix id\u00e9al pour les projets de jardin \u00e0 l&rsquo;aspect raffin\u00e9 et intemporel. Depuis l&rsquo;\u00e9poque des Romains, les galets de Carrara sont appr\u00e9ci\u00e9s pour leur esth\u00e9tique et leur durabilit\u00e9, ce qui les rend parfaits pour des applications tant d\u00e9coratives que pratiques.<\/p>\n<h3>Avantages des galets de Carrara 7\/15<\/h3>\n<ul>\n<li><strong>Blanc \u00e9clatant<\/strong> : la couleur blanche et lumineuse des blocs apporte une touche de fra\u00eecheur et d&rsquo;\u00e9l\u00e9gance \u00e0 tout espace ext\u00e9rieur.<\/li>\n<li><strong>Durabilit\u00e9<\/strong> : Ces galets de marbre sont uniform\u00e9ment arrondis et de haute qualit\u00e9, ce qui garantit une longue dur\u00e9e de vie et un <a href=\"https:\/\/www.jatu.be\/fr\/produit\/decapant-biologique-biomix-pro-atm-5l\/\">entretien<\/a> facile.<\/li>\n<li><strong>Utilisation polyvalente<\/strong> : ils conviennent pour les cr\u00e9dences, les bordures d\u00e9coratives, les all\u00e9es, les voies d&rsquo;acc\u00e8s et les <a href=\"https:\/\/www.jatu.be\/fr\/construction-terrasse-en-gravier-jatu-belgique\/\">terrasses<\/a>.<\/li>\n<li><strong>Confort de marche<\/strong> : Gr\u00e2ce \u00e0 leur forme arrondie, les blocs sont agr\u00e9ables \u00e0 marcher, m\u00eame pieds nus.<\/li>\n<\/ul>\n<h2>Applications pour les galets de Carrara 7\/15<\/h2>\n<ul>\n<li><strong>Bordures de piscines et d&rsquo;\u00e9tangs<\/strong> : les galets de Carrara 7\/15 emp\u00eachent les \u00e9claboussures d&rsquo;eau et donnent un aspect soign\u00e9 et fini \u00e0 l&rsquo;ensemble.<\/li>\n<li><strong>Bordures ornementales<\/strong> : leur couleur blanche brillante forme un beau contraste avec les fleurs et les plantes.<\/li>\n<li><strong>Chemins et terrasses<\/strong> : Cr\u00e9ez une surface d\u00e9corative et confortable, facile \u00e0 entretenir. Combinez-les avec des <a href=\"https:\/\/www.jatu.be\/fr\/categorie-produit\/bordures-de-jardin\/\">bordures<\/a> en <a href=\"https:\/\/www.jatu.be\/fr\/categorie-produit\/bordures-de-jardin\/galvanisee-bordures-de-jardin\/\">acier galvanis\u00e9<\/a> pour un aspect \u00e9l\u00e9gant et organis\u00e9.<\/li>\n<li><strong>All\u00e9es<\/strong> : Gr\u00e2ce \u00e0 leur robustesse et \u00e0 leur aspect d\u00e9coratif, les galets de Carrara 7\/15 sont \u00e9galement parfaites pour les all\u00e9es. Pour plus de stabilit\u00e9, vous pouvez utiliser des <a href=\"https:\/\/www.jatu.be\/fr\/categorie-produit\/gravier-et-galets\/stabilisateurs-de-gravier-gravier-et-galets\/\">tapis de gravier<\/a> afin que les blocs restent bien en place et ne s&rsquo;enfoncent pas.<\/li>\n<\/ul>\n<h3>De quelle quantit\u00e9 de gravier avez-vous besoin ?<\/h3>\n<p>Pour diff\u00e9rentes applications, vous aurez besoin d&rsquo;une quantit\u00e9 sp\u00e9cifique de gravier. Nous vous aidons volontiers \u00e0 calculer cette quantit\u00e9 \u00e0 l&rsquo;aide de notre <a href=\"https:\/\/www.jatu.be\/fr\/calculateur-de-gravier-calculer-quantite\/\">calculateur de gravier<\/a> :<\/p>\n<ul>\n<li><strong>Pour les all\u00e9es<\/strong> : En combinaison avec des <a href=\"https:\/\/www.jatu.be\/fr\/produit\/eccogravel-4-cm-blanc\/\">stabilisateurs de gravier blanc<\/a> de 4 cm. Vous utilisez une couche de <strong>5 cm de gravier, soit 80 kg\/m\u00b2<\/strong>. Cela permet d&rsquo;obtenir une surface ferme et durable qui r\u00e9siste \u00e0 un usage intensif.<\/li>\n<li><strong>Pour les terrasses et les all\u00e9es de jardin<\/strong> : Avec les <a href=\"https:\/\/www.jatu.be\/fr\/produit\/eccogravel-3-cm-blanc\/\">stabilisateurs de gravier ECCOgravel<\/a> de 3 cm, une couche de <strong>gravier de 4 cm<\/strong> est suffisante, ce qui correspond \u00e0 <strong>65 kg\/m\u00b2<\/strong>. Cette \u00e9paisseur permet d&rsquo;obtenir une surface de marche confortable avec un aspect d\u00e9coratif.<\/li>\n<li><strong>Pour les bordures d\u00e9coratives ou les rev\u00eatements de sol<\/strong> : utilisez des <a href=\"https:\/\/www.jatu.be\/fr\/produit\/eccogravel-2-cm-blanc\/\">stabilisateurs de gravier fin<\/a> d&rsquo;une <strong>\u00e9paisseur de 3 cm<\/strong>, ce qui correspond \u00e0 <strong>50 kg\/m\u00b2<\/strong>. Si vous optez pour un tapis <a href=\"https:\/\/www.jatu.be\/fr\/categorie-produit\/anti-racine\/\">anti-racines<\/a> afin de pr\u00e9venir la croissance des mauvaises herbes, une couche de 5 cm est recommand\u00e9e, ce qui \u00e9quivaut \u00e0 80 kg\/m\u00b2.<\/li>\n<\/ul>\n<p>En utilisant la bonne \u00e9paisseur de couche, vous \u00e9vitez le gaspillage et vous assurez une application optimale des galets.<\/p>\n<h3>Formats et emballages disponibles<\/h3>\n<p>Les galets de marbre de Carrare sont disponibles en diff\u00e9rents formats, ce qui vous permet de toujours choisir celui qui convient le mieux \u00e0 votre projet :<\/p>\n<ul>\n<li>Carrara 7\/15 : Parfait pour des finitions plus fines et des d\u00e9tails d\u00e9coratifs.<\/li>\n<li><a href=\"https:\/\/www.jatu.be\/fr\/produit\/carrara-roule-15-25\/\">Carrara 15\/25<\/a> : Id\u00e9al pour les applications d\u00e9coratives dans les jardini\u00e8res et autour des \u00e9tangs.<\/li>\n<li><a href=\"https:\/\/www.jatu.be\/fr\/produit\/carrara-roule-25-40\/\">Carrara 25\/40<\/a> : Une option polyvalente pour la d\u00e9coration et l&rsquo;utilisation dans les paniers en pierre.<\/li>\n<li><a href=\"https:\/\/www.jatu.be\/fr\/produit\/galets-carrara-40-60\/\">Carrara 40\/60<\/a> : Convient aux grands paniers en pierre et aux finitions \u00e9l\u00e9gantes.<\/li>\n<li><a href=\"https:\/\/www.jatu.be\/fr\/produit\/galets-carrara-60-100\/\">Carrara 60\/100<\/a> : Parfait pour les applications robustes et un aspect impressionnant.<\/li>\n<\/ul>\n<p><strong>Options d&#8217;emballage :<\/strong><\/p>\n<ul>\n<li><strong>Sacs \u00e0 partir de 25 kg<\/strong> : parfaits pour les petits projets de jardinage ou la finition de d\u00e9tails d\u00e9coratifs.<\/li>\n<li><strong>Big bags : <\/strong>500 kg, 1000 kg ou 1500 kg, id\u00e9al pour les projets de moyenne ou grande envergure.<\/li>\n<li><strong>Remplissage en vrac<\/strong> : \u00c0 partir de 5 tonnes, pour des projets plus importants et un traitement rapide.<\/li>\n<\/ul>\n<p><strong>Conseil<\/strong> : profitez de tarifs pr\u00e9f\u00e9rentiels pour la collecte en vrac \u00e0 partir de 0,5 tonne !<\/p>\n<h2>Options de livraison<\/h2>\n<p>Chez Jatu.be, nous proposons des <a href=\"https:\/\/www.jatu.be\/fr\/specifications-de-livraison-jatu-rapide-efficace\/\">conditions de livraison<\/a> claires pour recevoir vos galets de Carrare 7\/15 :<\/p>\n<ul>\n<li><strong>Livraison \u00e0 domicile<\/strong> : Nous livrons dans toute la Belgique dans un d\u00e9lai de quatre jours ouvrables. La livraison est possible \u00e0 partir de 25 kg.<\/li>\n<li><strong>Enl\u00e8vement<\/strong> dans des <a href=\"https:\/\/www.jatu.be\/fr\/points-de-collecte\/\">points de collecte<\/a> :\n<ul>\n<li>\u00c0 <strong>Wevelgem<\/strong> : Tous les formats sont disponibles.<\/li>\n<li>A<strong> Zedelgem<\/strong> : Seuls les formats 7\/15 mm et 60\/100 mm sont disponibles en vrac. Les autres formats sont disponibles en sacs.<\/li>\n<\/ul>\n<\/li>\n<\/ul>\n","protected":false},"featured_media":64427,"template":"","meta":{"_acf_changed":false,"inline_featured_image":false,"footnotes":""},"product_cat":[5415,5393],"product_tag":[6992],"class_list":{"0":"post-47145","1":"product","2":"type-product","3":"status-publish","4":"has-post-thumbnail","6":"product_cat-gravier-decoratif-gravier-et-galets","7":"product_cat-galets-carrara-gravier-et-galets-gravier-decoratif-gravier-et-galets","8":"product_tag-reduction-cat-2","10":"first","11":"instock","12":"taxable","13":"shipping-taxable","14":"purchasable","15":"product-type-variable"},"acf":{"woocommerce_erp_id":"4383","woocommerce_cnk_id":"200513","product_density":1.6,"custom_prices":[{"variation_id":"53825","customer_group":"CON","customer_id":"","min_qty":1,"max_qty":9999999,"steps":1,"price":288.43,"price_incl":349,"delivery_group":"COLLECT"},{"variation_id":"53825","customer_group":"CON","customer_id":"","min_qty":1,"max_qty":9999999,"steps":1,"price":288.43,"price_incl":349,"delivery_group":"DELIVERY"},{"variation_id":"53824","customer_group":"CON","customer_id":"","min_qty":1,"max_qty":9999999,"steps":1,"price":184.3,"price_incl":223,"delivery_group":"COLLECT"},{"variation_id":"53824","customer_group":"CON","customer_id":"","min_qty":1,"max_qty":9999999,"steps":1,"price":184.3,"price_incl":223,"delivery_group":"DELIVERY"},{"variation_id":"53826","customer_group":"CON","customer_id":"","min_qty":1,"max_qty":9999999,"steps":1,"price":424.79,"price_incl":514,"delivery_group":"COLLECT"},{"variation_id":"53826","customer_group":"CON","customer_id":"","min_qty":1,"max_qty":9999999,"steps":1,"price":424.79,"price_incl":514,"delivery_group":"DELIVERY"},{"variation_id":"53823","customer_group":"CON","customer_id":"","min_qty":1,"max_qty":9999999,"steps":1,"price":11.57,"price_incl":14,"delivery_group":"COLLECT"},{"variation_id":"53823","customer_group":"CON","customer_id":"","min_qty":1,"max_qty":9999999,"steps":1,"price":11.57,"price_incl":14,"delivery_group":"DELIVERY"},{"variation_id":"53822","customer_group":"CON","customer_id":"","min_qty":0.5,"max_qty":9999999,"steps":0.1,"price":271.9,"price_incl":329,"delivery_group":"COLLECT"},{"variation_id":"53822","customer_group":"CON","customer_id":"","min_qty":5,"max_qty":9999999,"steps":0.1,"price":271.9,"price_incl":329,"delivery_group":"DELIVERY"}],"packaging_ids":[{"packaging_name":"En vrac (\u00e0 partir de tonnes)","packaging_id":"10","erp_id":"4383"},{"packaging_name":"Pi\u00e8ce","packaging_id":"7","erp_id":"5649"},{"packaging_name":"Big bag 500 kg","packaging_id":"3","erp_id":"4910"},{"packaging_name":"Big bag 1000 kg","packaging_id":"2","erp_id":"4740"},{"packaging_name":"Big bag 1500 kg","packaging_id":"4","erp_id":"4801"}],"c_lengte":"","c_breedte":"","c_hoogte":""},"_links":{"self":[{"href":"https:\/\/www.jatu.be\/fr\/wp-json\/wp\/v2\/product\/47145","targetHints":{"allow":["GET"]}}],"collection":[{"href":"https:\/\/www.jatu.be\/fr\/wp-json\/wp\/v2\/product"}],"about":[{"href":"https:\/\/www.jatu.be\/fr\/wp-json\/wp\/v2\/types\/product"}],"version-history":[{"count":8,"href":"https:\/\/www.jatu.be\/fr\/wp-json\/wp\/v2\/product\/47145\/revisions"}],"predecessor-version":[{"id":63085,"href":"https:\/\/www.jatu.be\/fr\/wp-json\/wp\/v2\/product\/47145\/revisions\/63085"}],"wp:featuredmedia":[{"embeddable":true,"href":"https:\/\/www.jatu.be\/fr\/wp-json\/wp\/v2\/media\/64427"}],"wp:attachment":[{"href":"https:\/\/www.jatu.be\/fr\/wp-json\/wp\/v2\/media?parent=47145"}],"wp:term":[{"taxonomy":"product_cat","embeddable":true,"href":"https:\/\/www.jatu.be\/fr\/wp-json\/wp\/v2\/product_cat?post=47145"},{"taxonomy":"product_tag","embeddable":true,"href":"https:\/\/www.jatu.be\/fr\/wp-json\/wp\/v2\/product_tag?post=47145"}],"curies":[{"name":"wp","href":"https:\/\/api.w.org\/{rel}","templated":true}]}}