{"id":47147,"date":"2024-01-10T11:28:52","date_gmt":"2024-01-10T10:28:52","guid":{"rendered":"https:\/\/www.jatu.be\/?post_type=product&#038;p=47147"},"modified":"2026-03-09T09:07:55","modified_gmt":"2026-03-09T08:07:55","slug":"gravier-cadure-8-11","status":"publish","type":"product","link":"https:\/\/www.jatu.be\/fr\/produit\/gravier-cadure-8-11\/","title":{"rendered":"Cadure 8\/11"},"content":{"rendered":"","protected":false},"excerpt":{"rendered":"<div class=\"flex-shrink-0 flex flex-col relative items-end\">\n<div>\n<div class=\"pt-0\">\n<div class=\"gizmo-shadow-stroke flex h-8 w-8 items-center justify-center overflow-hidden rounded-full\">\n<h2 class=\"h-full w-full\">Cadure 8\/11 : Gravier beige durable et \u00e9l\u00e9gant pour all\u00e9es et parkings<\/h2>\n<\/div>\n<\/div>\n<\/div>\n<\/div>\n<div class=\"group\/conversation-turn relative flex w-full min-w-0 flex-col agent-turn\">\n<div class=\"flex-col gap-1 md:gap-3\">\n<div class=\"flex max-w-full flex-col flex-grow\">\n<div class=\"min-h-[20px] text-message flex w-full flex-col items-end gap-2 whitespace-normal break-words [.text-message+&amp;]:mt-5\" dir=\"auto\" data-message-author-role=\"assistant\" data-message-id=\"06de74f7-32d7-415d-b23a-be0fb6c857bb\">\n<div class=\"flex w-full flex-col gap-1 empty:hidden first:pt-[3px]\">\n<div class=\"markdown prose w-full break-words dark:prose-invert light\">\n<p>Le Cadure 8\/11 est l&rsquo;un des graviers les plus durs, ce qui le rend parfaitement adapt\u00e9 \u00e0 la cr\u00e9ation d&rsquo;all\u00e9es et de parkings. Ce <a href=\"https:\/\/www.jatu.be\/fr\/categorie-produit\/gravier-et-galets\/gravier-decoratif-gravier-et-galets\/?pa_korrelgrootte=0-100&amp;pa_kleur%5B%5D=6466\">gravier beige<\/a> apporte une touche douce et m\u00e9ridionale \u00e0 votre espace ext\u00e9rieur et s&rsquo;int\u00e8gre parfaitement dans divers styles. Gr\u00e2ce \u00e0 sa polyvalence, le gravier Cadure convient \u00e0 tous les projets d&rsquo;am\u00e9nagement ext\u00e9rieur.<\/p>\n<p>Vous souhaitez d&rsquo;abord voir et toucher le gravier ? Demandez un <a href=\"https:\/\/www.jatu.be\/fr\/demande-echantillon-de-gravier-test-gratuit\/\">\u00e9chantillon gratuit<\/a> et d\u00e9couvrez par vous-m\u00eame la qualit\u00e9 du gravier Cadure 8\/11 pour votre projet de jardin.<\/p>\n<h3>Gamme exclusive de graviers d\u00e9coratifs<\/h3>\n<p>Cadure 8\/11 fait partie de la <a href=\"https:\/\/www.jatu.be\/fr\/categorie-produit\/gravier-et-galets\/gravier-decoratif-gravier-et-galets\/?pa_korrelgrootte=0-100&amp;pa_toepassingen%5B%5D=6328\">gamme exclusive<\/a> de graviers d\u00e9coratifs de Jatu, une s\u00e9lection de graviers de haute qualit\u00e9 \u00e0 l&rsquo;aspect unique. Avec ses tons chauds beige-brun et sa structure bris\u00e9e, Cadure 8\/11 d\u00e9gage un charme naturel et rural. Ce type de gravier est extr\u00eamement dur et convient \u00e0 diverses applications, telles que les all\u00e9es, les chemins de jardin et les terrasses. Cadure 8\/11 allie un aspect authentique \u00e0 la durabilit\u00e9 requise pour un usage intensif.<\/p>\n<h3>Avantages du gravier Cadure 8\/11<\/h3>\n<ul>\n<li><strong>Durable et facile d&rsquo;entretien<\/strong> : La grande duret\u00e9 du gravier Cadure 8\/11 emp\u00eache qu&rsquo;il ne se casse ou ne devienne poussi\u00e9reux, m\u00eame en cas d&rsquo;utilisation intensive.<\/li>\n<li><strong>Polyvalent<\/strong> : Parfait pour les <a href=\"https:\/\/www.jatu.be\/fr\/installation-allee-de-gravier-jatu-belgique\/\">all\u00e9es<\/a>, parkings, chemins de jardin et <a href=\"https:\/\/www.jatu.be\/fr\/construction-terrasse-en-gravier-jatu-belgique\/\">terrasses<\/a>. Combinez-le avec des plaques stabilisatrices pour une stabilit\u00e9 et une facilit\u00e9 d&rsquo;entretien accrues.<\/li>\n<li><strong>Perm\u00e9able \u00e0 l&rsquo;eau<\/strong> : Id\u00e9al pour les <a href=\"https:\/\/www.jatu.be\/fr\/les-3-meilleures-options-pour-une-allee-permeable\/\">surfaces perm\u00e9ables \u00e0 l&rsquo;eau<\/a>, garantissant un drainage efficace des eaux de pluie sans formation de flaques.<\/li>\n<li><strong>Esth\u00e9tiquement attrayant<\/strong> : Sa teinte beige chaleureuse ajoute une touche \u00e9l\u00e9gante et intemporelle \u00e0 tout espace ext\u00e9rieur.<\/li>\n<\/ul>\n<h2>Applications du gravier Cadure 8\/11<\/h2>\n<ul>\n<li><strong>All\u00e9es et parkings<\/strong> : Le gravier Cadure est id\u00e9al pour les all\u00e9es et parkings tr\u00e8s fr\u00e9quent\u00e9s. Utilisez des plaques stabilisatrices ECCOgravel ou des <strong>grilles de stabilisation de 4 cm<\/strong> pour maintenir le gravier en place et bien r\u00e9parti.<\/li>\n<li><strong>Terrasses et chemins de jardin<\/strong> : Cr\u00e9ez une base stable avec le gravier Cadure 8\/11, sans que le gravier ne se d\u00e9place ou ne se d\u00e9forme.<\/li>\n<li><strong>Bordures de jardin<\/strong> : Associez le gravier Cadure \u00e0 des <a href=\"https:\/\/www.jatu.be\/fr\/categorie-produit\/bordures-de-jardin\/\">bordures de jardin<\/a> pour une finition propre et structur\u00e9e de votre espace ext\u00e9rieur.<\/li>\n<\/ul>\n<h3>Quelle quantit\u00e9 de gravier dois-je utiliser ?<\/h3>\n<p>Pour diff\u00e9rents projets, des quantit\u00e9s sp\u00e9cifiques de gravier sont n\u00e9cessaires. Utilisez notre <a href=\"https:\/\/www.jatu.be\/fr\/calculateur-de-gravier-calculer-quantite\/\">calculateur de gravier<\/a> pour calculer pr\u00e9cis\u00e9ment la quantit\u00e9 dont vous avez besoin pour votre projet :<\/p>\n<ul>\n<li><strong>Pour les <a href=\"https:\/\/www.jatu.be\/fr\/project\/calculateur-allee-de-gravier\/\">all\u00e9es<\/a><\/strong> : Utilisez une couche de 5 cm de gravier, soit 80 kg\/m\u00b2. Pour plus de stabilit\u00e9, nous recommandons d&rsquo;utiliser des <a href=\"https:\/\/www.jatu.be\/fr\/produit\/eccogravel-4-cm-blanc\/\">stabilisateurs de gravier de 4 cm<\/a>. Cela permet de maintenir le gravier en place et d&rsquo;assurer une finition propre et durable.<\/li>\n<li><strong>Pour <a href=\"https:\/\/www.jatu.be\/fr\/project\/calculateur-terrasse-en-gravier\/\">terrasses<\/a> et chemins de jardin<\/strong> : Une couche de 4 cm de gravier est id\u00e9ale, soit 65 kg\/m\u00b2. Combinez cela avec des <a href=\"https:\/\/www.jatu.be\/fr\/produit\/eccogravel-3-cm-blanc\/\">stabilisateurs de gravier de 3 cm<\/a> pour une r\u00e9partition uniforme et une surface stable.<\/li>\n<li><strong>Pour bordures ou paillis<\/strong> : Avec des <a href=\"https:\/\/www.jatu.be\/fr\/produit\/eccogravel-2-cm-blanc\/\">stabilisateurs de gravier fines<\/a>, une couche de 3 cm suffit, soit 50 kg\/m\u00b2. Si vous utilisez un toile <a href=\"https:\/\/www.jatu.be\/fr\/categorie-produit\/anti-racine\/\">anti-racines<\/a>, nous recommandons une couche de 5 cm, soit 80 kg\/m\u00b2.<\/li>\n<\/ul>\n<h3>Emballages et fractions disponibles<\/h3>\n<p>Que vous ayez un petit projet ou un grand plan d&rsquo;am\u00e9nagement, le gravier Cadure 8\/11 est disponible dans plusieurs formats d&#8217;emballage :<\/p>\n<ul>\n<li><strong>Sacs de 25 kg<\/strong> \u2013 id\u00e9aux pour les petits projets ou les applications d\u00e9coratives.<\/li>\n<li><strong>Big bags de 500, 1000 ou 1500 kg<\/strong> \u2013 parfaits pour les grandes surfaces.<\/li>\n<li><strong>En vrac \u00e0 partir de 5 tonnes<\/strong> \u2013 id\u00e9al pour les grands projets, tels que les all\u00e9es ou les am\u00e9nagements paysagers importants.<\/li>\n<\/ul>\n<p><strong>Astuce<\/strong> : Profitez de tarifs avantageux pour les enl\u00e8vements en vrac \u00e0 partir de 0,5 tonne !<\/p>\n<h2>Options de livraison<\/h2>\n<p>Chez Jatu, nous facilitons vos commandes et livraisons. Les commandes \u00e0 partir de 25 kg sont livr\u00e9es partout en Belgique dans les quatre jours ouvrables apr\u00e8s confirmation de la commande. Vous pouvez \u00e9galement choisir de retirer votre commande \u00e0 partir de 25 kg dans l&rsquo;un de nos <a href=\"https:\/\/www.jatu.be\/fr\/points-de-collecte\/\">points de collecte<\/a>.<\/p>\n<p>Compl\u00e9tez votre projet de jardin avec le gravier Cadure 8\/11, durable et \u00e9l\u00e9gant. Commandez d\u00e8s aujourd&rsquo;hui chez Jatu et profitez d&rsquo;une livraison rapide sous 4 jours ouvrables. Que vous ayez un grand ou un petit projet, nous proposons du gravier en sacs, big bags ou en vrac. Vous ne savez pas exactement quelle quantit\u00e9 de gravier vous avez besoin ? Utilisez notre calculateur de gravier et demandez un \u00e9chantillon gratuit pour d\u00e9couvrir la qualit\u00e9 par vous-m\u00eame. Commencez d\u00e8s maintenant votre projet de jardin et commandez facilement en ligne !<\/p>\n<\/div>\n<\/div>\n<\/div>\n<\/div>\n<\/div>\n<\/div>\n","protected":false},"featured_media":49528,"template":"","meta":{"_acf_changed":false,"inline_featured_image":false,"footnotes":""},"product_cat":[5415],"product_tag":[6992],"class_list":{"0":"post-47147","1":"product","2":"type-product","3":"status-publish","4":"has-post-thumbnail","6":"product_cat-gravier-decoratif-gravier-et-galets","7":"product_tag-reduction-cat-2","9":"first","10":"instock","11":"taxable","12":"shipping-taxable","13":"purchasable","14":"product-type-variable"},"acf":{"woocommerce_erp_id":"4362","woocommerce_cnk_id":"200516","product_density":1.6,"custom_prices":[{"variation_id":"53819","customer_group":"CON","customer_id":"","min_qty":1,"max_qty":9999999,"steps":1,"price":142.15,"price_incl":172,"delivery_group":"DELIVERY"},{"variation_id":"53819","customer_group":"CON","customer_id":"","min_qty":1,"max_qty":9999999,"steps":1,"price":142.15,"price_incl":172,"delivery_group":"COLLECT"},{"variation_id":"53818","customer_group":"CON","customer_id":"","min_qty":1,"max_qty":9999999,"steps":1,"price":95.04,"price_incl":115,"delivery_group":"COLLECT"},{"variation_id":"53818","customer_group":"CON","customer_id":"","min_qty":1,"max_qty":9999999,"steps":1,"price":95.04,"price_incl":115,"delivery_group":"DELIVERY"},{"variation_id":"53820","customer_group":"CON","customer_id":"","min_qty":1,"max_qty":9999999,"steps":1,"price":203.31,"price_incl":246,"delivery_group":"COLLECT"},{"variation_id":"53820","customer_group":"CON","customer_id":"","min_qty":1,"max_qty":9999999,"steps":1,"price":203.31,"price_incl":246,"delivery_group":"DELIVERY"},{"variation_id":"53817","customer_group":"CON","customer_id":"","min_qty":1,"max_qty":9999999,"steps":1,"price":4.96,"price_incl":6,"delivery_group":"COLLECT"},{"variation_id":"53817","customer_group":"CON","customer_id":"","min_qty":1,"max_qty":9999999,"steps":1,"price":4.96,"price_incl":6,"delivery_group":"DELIVERY"},{"variation_id":"53816","customer_group":"CON","customer_id":"","min_qty":0.5,"max_qty":9999999,"steps":0.1,"price":124.79,"price_incl":151,"delivery_group":"COLLECT"},{"variation_id":"53816","customer_group":"CON","customer_id":"","min_qty":5,"max_qty":9999999,"steps":0.1,"price":124.79,"price_incl":151,"delivery_group":"DELIVERY"}],"packaging_ids":[{"packaging_name":"En vrac (\u00e0 partir de tonnes)","packaging_id":"10","erp_id":"4362"},{"packaging_name":"Pi\u00e8ce","packaging_id":"7","erp_id":"5645"},{"packaging_name":"Big bag 500 kg","packaging_id":"3","erp_id":"4909"},{"packaging_name":"Big bag 1000 kg","packaging_id":"2","erp_id":"4738"},{"packaging_name":"Big bag 1500 kg","packaging_id":"4","erp_id":"4799"}],"c_lengte":"","c_breedte":"","c_hoogte":""},"_links":{"self":[{"href":"https:\/\/www.jatu.be\/fr\/wp-json\/wp\/v2\/product\/47147","targetHints":{"allow":["GET"]}}],"collection":[{"href":"https:\/\/www.jatu.be\/fr\/wp-json\/wp\/v2\/product"}],"about":[{"href":"https:\/\/www.jatu.be\/fr\/wp-json\/wp\/v2\/types\/product"}],"version-history":[{"count":11,"href":"https:\/\/www.jatu.be\/fr\/wp-json\/wp\/v2\/product\/47147\/revisions"}],"predecessor-version":[{"id":62871,"href":"https:\/\/www.jatu.be\/fr\/wp-json\/wp\/v2\/product\/47147\/revisions\/62871"}],"wp:featuredmedia":[{"embeddable":true,"href":"https:\/\/www.jatu.be\/fr\/wp-json\/wp\/v2\/media\/49528"}],"wp:attachment":[{"href":"https:\/\/www.jatu.be\/fr\/wp-json\/wp\/v2\/media?parent=47147"}],"wp:term":[{"taxonomy":"product_cat","embeddable":true,"href":"https:\/\/www.jatu.be\/fr\/wp-json\/wp\/v2\/product_cat?post=47147"},{"taxonomy":"product_tag","embeddable":true,"href":"https:\/\/www.jatu.be\/fr\/wp-json\/wp\/v2\/product_tag?post=47147"}],"curies":[{"name":"wp","href":"https:\/\/api.w.org\/{rel}","templated":true}]}}