{"id":47159,"date":"2024-01-10T11:29:05","date_gmt":"2024-01-10T10:29:05","guid":{"rendered":"https:\/\/www.jatu.be\/?post_type=product&#038;p=47159"},"modified":"2026-03-09T09:06:39","modified_gmt":"2026-03-09T08:06:39","slug":"dolomie-francaise-7-14","status":"publish","type":"product","link":"https:\/\/www.jatu.be\/fr\/produit\/dolomie-francaise-7-14\/","title":{"rendered":"Dolomie fran\u00e7aise 7\/14"},"content":{"rendered":"","protected":false},"excerpt":{"rendered":"<h2>Acheter de la Dolomie Fran\u00e7aise 7\/14 : Gravier brun-gris pour all\u00e9e, jardin et terrasse<\/h2>\n<p>La Dolomie Fran\u00e7aise 7\/14, \u00e9galement connue sous le nom de Markies, est un gravier d\u00e9coratif naturel qui se distingue par sa subtile couleur brun-gris et ses propri\u00e9t\u00e9s durables. Ce format de Dolomie Fran\u00e7aise est parfaitement adapt\u00e9 pour une utilisation dans les <a href=\"https:\/\/www.jatu.be\/fr\/installation-allee-de-gravier-jatu-belgique\/\">all\u00e9es<\/a>, <a href=\"https:\/\/www.jatu.be\/fr\/amenagement-de-jardin-realiserez-votre-reve\/\">jardins<\/a> et <a href=\"https:\/\/www.jatu.be\/fr\/construction-terrasse-en-gravier-jatu-belgique\/\">terrasses<\/a> gr\u00e2ce \u00e0 sa granulom\u00e9trie plus grande, qui ne se coince pas facilement entre les pneus et qui est id\u00e9ale pour un usage intensif. Gr\u00e2ce \u00e0 sa structure dure et sa r\u00e9sistance aux couleurs, la Dolomie Fran\u00e7aise 7\/14 s\u2019int\u00e8gre aussi bien dans les environnements modernes que classiques, tout en offrant un excellent rapport qualit\u00e9-prix.<\/p>\n<p>Vous voulez d\u2019abord voir \u00e0 quoi ressemble ce gravier ? Demandez un <a href=\"https:\/\/www.jatu.be\/fr\/demande-echantillon-de-gravier-test-gratuit\/\"><strong>\u00e9chantillon gratuit <\/strong><\/a>de Dolomie Fran\u00e7aise 7\/14 et jugez vous-m\u00eame de la qualit\u00e9 de ce gravier !<\/p>\n<h3>Avantages de la Dolomie Fran\u00e7aise<\/h3>\n<ul>\n<li><strong>R\u00e9sistance aux couleurs<\/strong> : Les teintes brun-gris de la Dolomie Fran\u00e7aise restent intactes, m\u00eame apr\u00e8s des ann\u00e9es.<\/li>\n<li><strong>Durable<\/strong> : Compos\u00e9 de calcaire dur, ce gravier est id\u00e9al pour une utilisation intensive comme une all\u00e9e ou un parking.<\/li>\n<li><strong>Polyvalent<\/strong> : Gr\u00e2ce \u00e0 sa couleur subtile, il s&rsquo;adapte aussi bien aux environnements modernes qu&rsquo;aux environnements classiques, et il est parfait pour les jardins, terrasses et comme <a href=\"https:\/\/www.jatu.be\/fr\/categorie-produit\/couvre-sol\/\">couvre-sol<\/a>.<\/li>\n<li><strong>Rapport qualit\u00e9-prix<\/strong> : Un excellent choix pour les grandes surfaces telles qu\u2019une all\u00e9e ou un sentier de jardin.<\/li>\n<\/ul>\n<h2>Applications de la Dolomie Fran\u00e7aise 7\/14<\/h2>\n<p>La Dolomie Fran\u00e7aise 7\/14 est id\u00e9ale pour les all\u00e9es, car la granulom\u00e9trie plus grande ne se coince pas entre les pneus. Le format plus petit, <a href=\"https:\/\/www.jatu.be\/fr\/produit\/dolomie-francaise-4-6\/\">Dolomie Fran\u00e7aise 4\/6<\/a>, est parfait pour les applications d\u00e9coratives telles que les chemins de jardin ou comme couvre-sol.<\/p>\n<ul>\n<li>\n<p><strong>All\u00e9es<\/strong> : Gr\u00e2ce \u00e0 sa structure dure, ce gravier reste stable, et son format 7\/14 ne se coince pas facilement entre les pneus. Pour une stabilit\u00e9 suppl\u00e9mentaire et pour \u00e9viter les affaissements, nous recommandons l&rsquo;utilisation de <a href=\"https:\/\/www.jatu.be\/fr\/categorie-produit\/gravier-et-galets\/stabilisateurs-de-gravier-gravier-et-galets\/\">stabilisateurs de gravier<\/a>. Les <a href=\"https:\/\/www.jatu.be\/fr\/produit\/eccogravel-4-cm-gris\/\">stabilisateurs grises de 4 cm<\/a> d\u2019\u00e9paisseur sont parfaitement adapt\u00e9es \u00e0 la Dolomie Fran\u00e7aise 7\/14.<\/p>\n<\/li>\n<li>\n<p><strong>Terrasses et chemins de jardin<\/strong> : Pour les terrasses et les chemins de jardin, il est pr\u00e9f\u00e9rable d\u2019utiliser des <a href=\"https:\/\/www.jatu.be\/fr\/produit\/eccogravel-3-cm-blanc\/\">stabilisateurs gravier de 3 cm<\/a> d&rsquo;\u00e9paisseur pour maintenir le gravier en place et \u00e9viter les affaissements. Le <a href=\"https:\/\/www.jatu.be\/fr\/categorie-produit\/gravier-et-galets\/gravier-decoratif-gravier-et-galets\/?pa_korrelgrootte=0-100&amp;pa_kleur%5B%5D=6463&amp;pa_kleur%5B%5D=6460\">gravier brun-gris<\/a> apporte une touche naturelle \u00e0 toute terrasse ou chemin de jardin.<\/p>\n<\/li>\n<li>\n<p><strong>Couvre-sol<\/strong> : Utilisez la Dolomie Fran\u00e7aise comme une finition durable et esth\u00e9tique pour votre jardin. Pour un r\u00e9sultat durable et afin d\u2019\u00e9viter la croissance des mauvaises herbes, nous vous recommandons de poser une toile <a href=\"https:\/\/www.jatu.be\/fr\/categorie-produit\/anti-racine\/\">anti-racine<\/a> sous le gravier.<\/p>\n<\/li>\n<li>\n<p><strong>Bordures de jardin<\/strong> : Combinez ce gravier avec des <a href=\"https:\/\/www.jatu.be\/fr\/categorie-produit\/bordures-de-jardin\/acier-corten-bordures-de-jardin\/\">bordures en acier corten<\/a> pour cr\u00e9er des lignes nettes dans votre jardin et maintenir le gravier en place.<\/p>\n<\/li>\n<\/ul>\n<h3>Quelle quantit\u00e9 de gravier ai-je besoin ?<\/h3>\n<p>Vous ne savez pas quelle quantit\u00e9 de gravier il vous faut ? Utilisez notre <a href=\"https:\/\/www.jatu.be\/fr\/calculateur-de-gravier-calculer-quantite\/\">calculateur de gravier<\/a> pour estimer facilement la quantit\u00e9 de Dolomie Fran\u00e7aise n\u00e9cessaire \u00e0 votre projet. N\u2019h\u00e9sitez pas \u00e0 nous <a href=\"https:\/\/www.jatu.be\/fr\/contact\/\">contacter<\/a> pour un conseil personnalis\u00e9 sur la quantit\u00e9 exacte de gravier adapt\u00e9e \u00e0 votre projet sp\u00e9cifique.<\/p>\n<ul>\n<li><strong>Pour les <a href=\"https:\/\/www.jatu.be\/fr\/project\/calculateur-allee-de-gravier\/\">all\u00e9es<\/a><\/strong> : Utilisez une couche de 5 cm de gravier, ce qui correspond \u00e0 environ 80 kg\/m\u00b2.<\/li>\n<li><strong>Pour les <a href=\"https:\/\/www.jatu.be\/fr\/project\/calculateur-terrasse-en-gravier\/\">terrasses<\/a> et les chemins de jardin<\/strong> : Utilisez une couche de 4 cm de gravier, ce qui correspond \u00e0 65 kg\/m\u00b2, en fonction de l&rsquo;\u00e9paisseur souhait\u00e9e.<\/li>\n<li><strong>Pour le couvre-sol<\/strong> : Si vous utilisez des <a href=\"https:\/\/www.jatu.be\/fr\/produit\/eccogravel-2-cm-blanc\/\">stabilisateurs fines<\/a>, une couche de 3 cm suffit, soit environ 50 kg\/m\u00b2. Si vous utilisez un g\u00e9otextile anti-mauvaises herbes, une couche de 5 cm sera n\u00e9cessaire, soit environ 80 kg\/m\u00b2.<\/li>\n<\/ul>\n<h3>Emballages et granulom\u00e9tries disponibles<\/h3>\n<p>Vous pouvez choisir entre la Dolomie Fran\u00e7aise 7\/14, parfaite pour les all\u00e9es et les terrasses, et la <a href=\"https:\/\/www.jatu.be\/fr\/produit\/dolomie-francaise-4-6\/\">Dolomie Fran\u00e7aise 4\/6<\/a>, id\u00e9ale pour les chemins de jardin et le couvre-sol. La dolomie fran\u00e7aise est disponible en diff\u00e9rents formats :<\/p>\n<ul>\n<li><strong>Sacs de 25 kg<\/strong> \u2013 id\u00e9al pour les petits projets ou les applications d\u00e9coratives.<\/li>\n<li><strong>Big Bags de 500, 1000 ou 1500 kg<\/strong> \u2013 parfait pour les grandes surfaces.<\/li>\n<li><strong>Vrac \u00e0 partir de 5 tonnes<\/strong> \u2013 id\u00e9al pour les grands projets, tels que les all\u00e9es ou les am\u00e9nagements paysagers de grande envergure.<\/li>\n<\/ul>\n<p><strong>Astuce<\/strong>\u00a0: Profitez de tarifs avantageux pour l&rsquo;enl\u00e8vement \u00e0 partir de 0,5 tonne en vrac !<\/p>\n<h2>Options de livraison<\/h2>\n<p>Chez Jatu, nous facilitons vos <a href=\"https:\/\/www.jatu.be\/fr\/specifications-de-livraison-jatu-rapide-efficace\/\">sp\u00e9cifications de livraison<\/a>. Les commandes \u00e0 partir de 25 kg sont livr\u00e9es partout en Belgique sous quatre jours ouvrables apr\u00e8s confirmation de la commande. Vous pouvez \u00e9galement choisir de retirer votre commande \u00e0 partir de 25 kg dans l\u2019un de nos <a href=\"https:\/\/www.jatu.be\/fr\/points-de-collecte\/\">points de collecte<\/a> \u00e0 Wevelgem et Zedelgem. Que vous ayez une petite commande ou que vous ayez besoin de grandes quantit\u00e9s de gravier, nous veillons \u00e0 ce que la livraison soit rapide et fiable, selon vos besoins.<\/p>\n<h3>Pr\u00eat \u00e0 commencer votre projet ?<\/h3>\n<p>Donnez \u00e0 votre espace ext\u00e9rieur la finition durable et \u00e9l\u00e9gante qu\u2019il m\u00e9rite avec la Dolomie Fran\u00e7aise 7\/14. Que ce soit pour une all\u00e9e \u00e9l\u00e9gante ou un jardin accueillant, ce gravier d\u00e9coratif offre un aspect intemporel qui durera des ann\u00e9es. D\u00e9couvrez par vous-m\u00eame comment la Dolomie Fran\u00e7aise peut transformer votre jardin ou votre all\u00e9e. Commandez d\u00e8s aujourd&rsquo;hui en ligne et profitez d&rsquo;une livraison rapide sous quatre jours ouvrables. Notre \u00e9quipe est \u00e0 votre disposition pour vous accompagner \u00e0 chaque \u00e9tape.<\/p>\n","protected":false},"featured_media":61829,"template":"","meta":{"_acf_changed":false,"inline_featured_image":false,"footnotes":""},"product_cat":[5415,6868],"product_tag":[6992],"class_list":{"0":"post-47159","1":"product","2":"type-product","3":"status-publish","4":"has-post-thumbnail","6":"product_cat-gravier-decoratif-gravier-et-galets","7":"product_cat-dolomie","8":"product_tag-reduction-cat-2","10":"first","11":"instock","12":"taxable","13":"shipping-taxable","14":"purchasable","15":"product-type-variable"},"acf":{"woocommerce_erp_id":"4213","woocommerce_cnk_id":"200537","product_density":1.6,"custom_prices":[{"variation_id":"53784","customer_group":"CON","customer_id":"","min_qty":1,"max_qty":9999999,"steps":1,"price":100,"price_incl":121,"delivery_group":"COLLECT"},{"variation_id":"53784","customer_group":"CON","customer_id":"","min_qty":1,"max_qty":9999999,"steps":1,"price":100,"price_incl":121,"delivery_group":"DELIVERY"},{"variation_id":"53783","customer_group":"CON","customer_id":"","min_qty":1,"max_qty":9999999,"steps":1,"price":69.42,"price_incl":84,"delivery_group":"COLLECT"},{"variation_id":"53783","customer_group":"CON","customer_id":"","min_qty":1,"max_qty":9999999,"steps":1,"price":69.42,"price_incl":84,"delivery_group":"DELIVERY"},{"variation_id":"53785","customer_group":"CON","customer_id":"","min_qty":1,"max_qty":9999999,"steps":1,"price":140.5,"price_incl":170,"delivery_group":"COLLECT"},{"variation_id":"53785","customer_group":"CON","customer_id":"","min_qty":1,"max_qty":9999999,"steps":1,"price":140.5,"price_incl":170,"delivery_group":"DELIVERY"},{"variation_id":"53782","customer_group":"CON","customer_id":"","min_qty":1,"max_qty":9999999,"steps":1,"price":4.13,"price_incl":5,"delivery_group":"COLLECT"},{"variation_id":"53782","customer_group":"CON","customer_id":"","min_qty":1,"max_qty":9999999,"steps":1,"price":4.13,"price_incl":5,"delivery_group":"DELIVERY"},{"variation_id":"53781","customer_group":"CON","customer_id":"","min_qty":0.5,"max_qty":9999999,"steps":0.1,"price":82.64,"price_incl":100,"delivery_group":"COLLECT"},{"variation_id":"53781","customer_group":"CON","customer_id":"","min_qty":5,"max_qty":9999999,"steps":0.1,"price":82.64,"price_incl":100,"delivery_group":"DELIVERY"}],"packaging_ids":[{"packaging_name":"En vrac (\u00e0 partir de tonnes)","packaging_id":"10","erp_id":"4213"},{"packaging_name":"Pi\u00e8ce","packaging_id":"7","erp_id":"5655"},{"packaging_name":"Big bag 500 kg","packaging_id":"3","erp_id":"4921"},{"packaging_name":"Big bag 1000 kg","packaging_id":"2","erp_id":"4746"},{"packaging_name":"Big bag 1500 kg","packaging_id":"4","erp_id":"4809"}],"c_lengte":"","c_breedte":"","c_hoogte":""},"_links":{"self":[{"href":"https:\/\/www.jatu.be\/fr\/wp-json\/wp\/v2\/product\/47159","targetHints":{"allow":["GET"]}}],"collection":[{"href":"https:\/\/www.jatu.be\/fr\/wp-json\/wp\/v2\/product"}],"about":[{"href":"https:\/\/www.jatu.be\/fr\/wp-json\/wp\/v2\/types\/product"}],"version-history":[{"count":7,"href":"https:\/\/www.jatu.be\/fr\/wp-json\/wp\/v2\/product\/47159\/revisions"}],"predecessor-version":[{"id":60856,"href":"https:\/\/www.jatu.be\/fr\/wp-json\/wp\/v2\/product\/47159\/revisions\/60856"}],"wp:featuredmedia":[{"embeddable":true,"href":"https:\/\/www.jatu.be\/fr\/wp-json\/wp\/v2\/media\/61829"}],"wp:attachment":[{"href":"https:\/\/www.jatu.be\/fr\/wp-json\/wp\/v2\/media?parent=47159"}],"wp:term":[{"taxonomy":"product_cat","embeddable":true,"href":"https:\/\/www.jatu.be\/fr\/wp-json\/wp\/v2\/product_cat?post=47159"},{"taxonomy":"product_tag","embeddable":true,"href":"https:\/\/www.jatu.be\/fr\/wp-json\/wp\/v2\/product_tag?post=47159"}],"curies":[{"name":"wp","href":"https:\/\/api.w.org\/{rel}","templated":true}]}}