{"id":47161,"date":"2024-01-10T11:29:07","date_gmt":"2024-01-10T10:29:07","guid":{"rendered":"https:\/\/www.jatu.be\/?post_type=product&#038;p=47161"},"modified":"2026-03-09T09:12:00","modified_gmt":"2026-03-09T08:12:00","slug":"coquilles-lavees-mer-du-nord","status":"publish","type":"product","link":"https:\/\/www.jatu.be\/fr\/produit\/coquilles-lavees-mer-du-nord\/","title":{"rendered":"Coquillages lav\u00e9es du Mer du Nord"},"content":{"rendered":"","protected":false},"excerpt":{"rendered":"<p>Les coquillages sont extraits de la mer du Nord et lav\u00e9s \u00e0 l&rsquo;eau douce. Outre le fait que vous cr\u00e9ez un bout de c\u00f4te dans votre propre jardin, il s&rsquo;agit \u00e9galement d&rsquo;un produit \u00e9cologique, la nature n&rsquo;\u00e9tant pas perturb\u00e9e par son extraction.<\/p>\n<h1>Jardin de coquillages lav\u00e9s<\/h1>\n<p>Les coquilles sont souvent utilis\u00e9es pour r\u00e9parer les sentiers, mais aussi comme isolant naturel pour les vides sanitaires ; les coquilles ont un effet d&rsquo;isolation thermique et de r\u00e9pulsion de l&rsquo;humidit\u00e9. En tant que <a href=\"https:\/\/www.jatu.be\/fr\/categorie-produit\/couvre-sol\/\" target=\"_blank\" rel=\"noopener noreferrer\">couverture v\u00e9g\u00e9tales<\/a>, les coquillages conviennent parfaitement et ils sont largement utilis\u00e9s le long de la c\u00f4te o\u00f9 ils se fondent dans l&rsquo;environnement.<\/p>\n<h1>Acheter des coquillages lav\u00e9s<\/h1>\n<p>Nous avons des obus lav\u00e9s en stock, mais seulement \u00e0 notre d\u00e9p\u00f4t de <strong>Zedelgem<\/strong>. Cela nous permet de<strong> livrer rapidement<\/strong> dans les quatre jours ouvrables suivant la confirmation de la commande, par Big Bag de 1m\u00b3. Pour les commandes importantes, nous vous demandons de nous contacter d&rsquo;abord \u00e0 info@jatu.be. Ils sont <strong>imm\u00e9diatement disponibles<\/strong> pour la collecte dans notre d\u00e9p\u00f4t \u00e0 Zedelgem.<\/p>\n","protected":false},"featured_media":49325,"template":"","meta":{"_acf_changed":false,"inline_featured_image":false,"footnotes":""},"product_cat":[5414],"product_tag":[],"class_list":{"0":"post-47161","1":"product","2":"type-product","3":"status-publish","4":"has-post-thumbnail","6":"product_cat-coquillages-couverture-vegetales","8":"first","9":"instock","10":"taxable","11":"shipping-taxable","12":"purchasable","13":"product-type-variable","14":"has-default-attributes"},"acf":{"woocommerce_erp_id":"4631","woocommerce_cnk_id":"200545","product_density":1.1,"custom_prices":[{"variation_id":"53872","customer_group":"CON","customer_id":"","min_qty":1,"max_qty":9999999,"steps":1,"price":134.71,"price_incl":163,"delivery_group":"COLLECT"},{"variation_id":"53872","customer_group":"CON","customer_id":"","min_qty":1,"max_qty":9999999,"steps":1,"price":134.71,"price_incl":163,"delivery_group":"DELIVERY"},{"variation_id":"53871","customer_group":"CON","customer_id":"","min_qty":0.5,"max_qty":9999999,"steps":0.1,"price":107.44,"price_incl":130,"delivery_group":"COLLECT"},{"variation_id":"53871","customer_group":"CON","customer_id":"","min_qty":5,"max_qty":9999999,"steps":0.1,"price":107.44,"price_incl":130,"delivery_group":"DELIVERY"},{"variation_id":"6301","customer_group":"CON","customer_id":"","min_qty":1,"max_qty":9999999,"steps":1,"price":90.08,"price_incl":109,"delivery_group":"COLLECT"},{"variation_id":"6301","customer_group":"CON","customer_id":"","min_qty":1,"max_qty":9999999,"steps":1,"price":90.08,"price_incl":109,"delivery_group":"DELIVERY"}],"packaging_ids":[{"packaging_name":"En vrac (\u00e0 partir de tonnes)","packaging_id":"10","erp_id":"4631"},{"packaging_name":"Big bag 1 m\u00b3","packaging_id":"9","erp_id":"17174"},{"packaging_name":"Big bag 0,5 m\u00b3","packaging_id":"50","erp_id":"5766"}],"c_lengte":"","c_breedte":"","c_hoogte":""},"_links":{"self":[{"href":"https:\/\/www.jatu.be\/fr\/wp-json\/wp\/v2\/product\/47161","targetHints":{"allow":["GET"]}}],"collection":[{"href":"https:\/\/www.jatu.be\/fr\/wp-json\/wp\/v2\/product"}],"about":[{"href":"https:\/\/www.jatu.be\/fr\/wp-json\/wp\/v2\/types\/product"}],"version-history":[{"count":3,"href":"https:\/\/www.jatu.be\/fr\/wp-json\/wp\/v2\/product\/47161\/revisions"}],"predecessor-version":[{"id":57348,"href":"https:\/\/www.jatu.be\/fr\/wp-json\/wp\/v2\/product\/47161\/revisions\/57348"}],"wp:featuredmedia":[{"embeddable":true,"href":"https:\/\/www.jatu.be\/fr\/wp-json\/wp\/v2\/media\/49325"}],"wp:attachment":[{"href":"https:\/\/www.jatu.be\/fr\/wp-json\/wp\/v2\/media?parent=47161"}],"wp:term":[{"taxonomy":"product_cat","embeddable":true,"href":"https:\/\/www.jatu.be\/fr\/wp-json\/wp\/v2\/product_cat?post=47161"},{"taxonomy":"product_tag","embeddable":true,"href":"https:\/\/www.jatu.be\/fr\/wp-json\/wp\/v2\/product_tag?post=47161"}],"curies":[{"name":"wp","href":"https:\/\/api.w.org\/{rel}","templated":true}]}}