{"id":47165,"date":"2024-01-10T11:29:12","date_gmt":"2024-01-10T10:29:12","guid":{"rendered":"https:\/\/www.jatu.be\/?post_type=product&#038;p=47165"},"modified":"2026-03-09T09:20:29","modified_gmt":"2026-03-09T08:20:29","slug":"parc-gold-8-16","status":"publish","type":"product","link":"https:\/\/www.jatu.be\/fr\/produit\/parc-gold-8-16\/","title":{"rendered":"Parc Gold 8\/16"},"content":{"rendered":"","protected":false},"excerpt":{"rendered":"<h2>Parc Gold 8\/16 &#8211; Le Choix Dor\u00e9 pour une Ambiance M\u00e9diterran\u00e9enne<\/h2>\n<p>Le Parc Gold 8\/16, \u00e9galement connu sous le nom de <a href=\"https:\/\/www.jatu.be\/fr\/categorie-produit\/gravier-et-galets\/gravier-decoratif-gravier-et-galets\/\">gravier<\/a> Jura, est une pierre unique qui trouve son origine dans la p\u00e9riode du Jurassique. Ce magnifique calcaire pr\u00e9sente une couleur jaune chaude et intense qui diffuse une ambiance m\u00e9diterran\u00e9enne, id\u00e9ale pour ceux qui recherchent une touche ensoleill\u00e9e dans le jardin ou le long des chemins de promenade. Son nom lui a \u00e9t\u00e9 donn\u00e9 par le pal\u00e9ontologue Alexandre Brongniart, mais beaucoup le surnomment affectueusement \u00ab\u00a0Parc Gold\u00a0\u00bb gr\u00e2ce \u00e0 son apparence distinctive.<\/p>\n<h3>Principaux avantages du Parc Gold 8\/16<\/h3>\n<ul>\n<li><strong>Stabilit\u00e9 de la couleur<\/strong> : Le Parc Gold 8\/16 conserve sa couleur jaune chaleureuse au fil des ann\u00e9es, m\u00eame sous l&rsquo;exposition au soleil et \u00e0 la pluie. Contrairement \u00e0 d&rsquo;autres graviers, comme le <a href=\"https:\/\/www.jatu.be\/fr\/produit\/dolomie-5-15\/\">Dolomie<\/a>, sa couleur reste intacte.<\/li>\n<li><strong>Durabilit\u00e9 accrue<\/strong> : Gr\u00e2ce \u00e0 sa composition moins poreuse, le Parc Gold 8\/16 a une dur\u00e9e de vie plus longue et r\u00e9siste mieux \u00e0 l&rsquo;usure. Cela en fait un choix durable pour ceux qui valorisent la qualit\u00e9 et l&rsquo;esth\u00e9tique.<\/li>\n<li><strong>Apparence naturelle<\/strong> : Avec ses teintes chaudes, le Parc Gold cr\u00e9e une ambiance m\u00e9diterran\u00e9enne, id\u00e9ale pour les jardins de style m\u00e9diterran\u00e9en. Il donne un caract\u00e8re naturel et \u00e9l\u00e9gant aux chemins, terrasses et zones d\u00e9coratives.<\/li>\n<\/ul>\n<h2>Applications du Parc Gold 8\/16<\/h2>\n<ul>\n<li><strong>Chemins pi\u00e9tons<\/strong> : Id\u00e9al pour cr\u00e9er des <a href=\"https:\/\/www.jatu.be\/fr\/project\/manuel-instruction-allee-de-jardin-gravier\/\">all\u00e9es pleines de charme dans le jardin<\/a>.<\/li>\n<li><strong>Pistes cyclables<\/strong> : Parfait pour une surface confortable et attrayante.<\/li>\n<li><strong>Terrasses<\/strong> : Apporte une atmosph\u00e8re chaleureuse et naturelle \u00e0 l\u2019<a href=\"https:\/\/www.jatu.be\/fr\/project\/calculateur-terrasse-en-gravier\/\">espace de vie ext\u00e9rieur<\/a>.<\/li>\n<li><strong>Am\u00e9nagement paysager<\/strong> : Parfaitement adapt\u00e9 aux zones d\u00e9coratives du jardin.<\/li>\n<\/ul>\n<p><em>Remarque<\/em> : Bien que le Parc Gold puisse \u00e9galement \u00eatre utilis\u00e9 pour les all\u00e9es et parkings, il est l\u00e9g\u00e8rement moins adapt\u00e9 aux charges lourdes par rapport aux options de calcaire plus dures, comme le <a href=\"https:\/\/www.jatu.be\/fr\/produit\/acheter-yellow-sun-8-11-allees\/\">Yellow Sun<\/a> ou le <a href=\"https:\/\/www.jatu.be\/fr\/produit\/comblanchien-gravier-7-14\/\">Comblanchien<\/a>. Pour un usage intensif, nous recommandons un autre type de gravier.<\/p>\n<h3>Quelle quantit\u00e9 de gravier me faut-il ?<\/h3>\n<p>Pour chaque application, une quantit\u00e9 sp\u00e9cifique de gravier est n\u00e9cessaire. Nous sommes heureux de vous aider \u00e0 le calculer avec notre <a href=\"https:\/\/www.jatu.be\/fr\/calculateur-de-gravier-calculer-quantite\/\">calculateur de gravier<\/a>. Voici quelques recommandations :<\/p>\n<ul>\n<li><strong>Pour les terrasses et all\u00e9es pi\u00e9tonnes<\/strong> : Utilisez de pr\u00e9f\u00e9rence les <a href=\"https:\/\/www.jatu.be\/fr\/produit\/eccogravel-3-cm-blanc\/\">stabilisateurs ECCOgravel de 3 cm<\/a> d&rsquo;\u00e9paisseur, avec une couche de gravier de 4 cm, soit 65 kg\/m\u00b2.<\/li>\n<li><strong>Pour les bordures d\u00e9coratives ou le couvre-sol<\/strong>:\n<ul>\n<li>Avec un <a href=\"https:\/\/www.jatu.be\/fr\/produit\/eccogravel-2-cm-blanc\/\">stabilisateur ECCOgravel de 2 cm<\/a>, une couche de gravier de 3 cm suffit, soit 50 kg\/m\u00b2.<\/li>\n<li>Avec un <a href=\"https:\/\/www.jatu.be\/fr\/categorie-produit\/anti-racine\/\">g\u00e9otextile anti-racines<\/a>, nous recommandons une couche de 5 cm, soit 80 kg\/m\u00b2.<\/li>\n<\/ul>\n<\/li>\n<\/ul>\n<p>Notre calculateur de gravier vous aide rapidement et facilement \u00e0 calculer la quantit\u00e9 exacte n\u00e9cessaire en fonction de votre surface et de son application.<\/p>\n<h3>Conditionnements et granulom\u00e9tries disponibles<\/h3>\n<p>Que ce soit pour un petit projet ou un am\u00e9nagement de grande envergure, le Parc Gold 8\/16 est disponible dans diff\u00e9rents conditionnements :<\/p>\n<ul>\n<li><strong>Sacs de 25 kg<\/strong> \u2013 id\u00e9al pour les petits projets ou applications d\u00e9coratives.<\/li>\n<li><strong>Big bags de 500, 1000 ou 1500 kg<\/strong> \u2013 parfait pour les grandes surfaces.<\/li>\n<li><strong>En vrac d\u00e8s 5 tonnes<\/strong> \u2013 id\u00e9al pour les grands projets, comme les all\u00e9es ou les am\u00e9nagements paysagers de grande taille.<\/li>\n<\/ul>\n<p><strong>Conseil<\/strong>: Profitez de tarifs avantageux lors d\u2019un enl\u00e8vement en vrac \u00e0 partir de 0,5 tonne !<\/p>\n<p>Le Parc Gold est disponible en deux granulom\u00e9tries standard :<\/p>\n<ul>\n<li><a href=\"https:\/\/www.jatu.be\/fr\/produit\/parc-gold-4-8\/\"><strong>Parc Gold 4\/8<\/strong><\/a> : Structure plus fine, id\u00e9ale pour une finition soign\u00e9e et les petits chemins.<\/li>\n<li><strong>Parc Gold 8\/16<\/strong> : Structure plus grossi\u00e8re, adapt\u00e9e aux grandes surfaces et \u00e0 un aspect plus robuste.<\/li>\n<\/ul>\n<h2>Options de livraison<\/h2>\n<p>Chez Jatu, nous simplifions vos <a href=\"https:\/\/www.jatu.be\/fr\/specifications-de-livraison-jatu-rapide-efficace\/\">sp\u00e9cifications de livraison<\/a>. Les commandes \u00e0 partir de 25 kg sont livr\u00e9es partout en Belgique dans les quatre jours ouvrables suivant la confirmation de la commande. Vous pouvez \u00e9galement opter pour un enl\u00e8vement \u00e0 partir de 25 kg dans l&rsquo;un de nos <a href=\"https:\/\/www.jatu.be\/fr\/points-de-collecte\/\">points de collecte<\/a>. Nous veillons \u00e0 ce que votre Parc Gold arrive rapidement \u00e0 l\u2019endroit souhait\u00e9, que vous choisissiez une livraison \u00e0 domicile ou un enl\u00e8vement rapide.<\/p>\n<p><em>Apportez le soleil dans votre jardin avec le Parc Gold \u2013 le choix id\u00e9al pour un ext\u00e9rieur chaleureux et plein de caract\u00e8re !<\/em><\/p>\n","protected":false},"featured_media":62105,"template":"","meta":{"_acf_changed":false,"inline_featured_image":false,"footnotes":""},"product_cat":[5415],"product_tag":[6992],"class_list":{"0":"post-47165","1":"product","2":"type-product","3":"status-publish","4":"has-post-thumbnail","6":"product_cat-gravier-decoratif-gravier-et-galets","7":"product_tag-reduction-cat-2","9":"first","10":"instock","11":"taxable","12":"shipping-taxable","13":"purchasable","14":"product-type-variable","15":"has-default-attributes"},"acf":{"woocommerce_erp_id":"6047","woocommerce_cnk_id":"200563","product_density":1.6,"custom_prices":[{"variation_id":"53770","customer_group":"CON","customer_id":"","min_qty":1,"max_qty":9999999,"steps":1,"price":109.92,"price_incl":133,"delivery_group":"DELIVERY"},{"variation_id":"53770","customer_group":"CON","customer_id":"","min_qty":1,"max_qty":9999999,"steps":1,"price":109.92,"price_incl":133,"delivery_group":"COLLECT"},{"variation_id":"53769","customer_group":"CON","customer_id":"","min_qty":1,"max_qty":9999999,"steps":1,"price":76.86,"price_incl":93,"delivery_group":"DELIVERY"},{"variation_id":"53769","customer_group":"CON","customer_id":"","min_qty":1,"max_qty":9999999,"steps":1,"price":76.86,"price_incl":93,"delivery_group":"COLLECT"},{"variation_id":"53771","customer_group":"CON","customer_id":"","min_qty":1,"max_qty":9999999,"steps":1,"price":156.2,"price_incl":189,"delivery_group":"DELIVERY"},{"variation_id":"53771","customer_group":"CON","customer_id":"","min_qty":1,"max_qty":9999999,"steps":1,"price":156.2,"price_incl":189,"delivery_group":"COLLECT"},{"variation_id":"53768","customer_group":"CON","customer_id":"","min_qty":1,"max_qty":9999999,"steps":1,"price":4.13,"price_incl":5,"delivery_group":"COLLECT"},{"variation_id":"53768","customer_group":"CON","customer_id":"","min_qty":1,"max_qty":9999999,"steps":1,"price":4.13,"price_incl":5,"delivery_group":"DELIVERY"},{"variation_id":"53767","customer_group":"CON","customer_id":"","min_qty":0.5,"max_qty":9999999,"steps":0.1,"price":92.56,"price_incl":112,"delivery_group":"COLLECT"},{"variation_id":"53767","customer_group":"CON","customer_id":"","min_qty":5,"max_qty":9999999,"steps":0.1,"price":92.56,"price_incl":112,"delivery_group":"DELIVERY"}],"packaging_ids":[{"packaging_name":"En vrac (\u00e0 partir de tonnes)","packaging_id":"10","erp_id":"6047"},{"packaging_name":"Pi\u00e8ce","packaging_id":"7","erp_id":"5657"},{"packaging_name":"Big bag 500 kg","packaging_id":"3","erp_id":"4925"},{"packaging_name":"Big bag 1000 kg","packaging_id":"2","erp_id":"4750"},{"packaging_name":"Big bag 1500 kg","packaging_id":"4","erp_id":"4812"}],"c_lengte":"","c_breedte":"","c_hoogte":""},"_links":{"self":[{"href":"https:\/\/www.jatu.be\/fr\/wp-json\/wp\/v2\/product\/47165","targetHints":{"allow":["GET"]}}],"collection":[{"href":"https:\/\/www.jatu.be\/fr\/wp-json\/wp\/v2\/product"}],"about":[{"href":"https:\/\/www.jatu.be\/fr\/wp-json\/wp\/v2\/types\/product"}],"version-history":[{"count":7,"href":"https:\/\/www.jatu.be\/fr\/wp-json\/wp\/v2\/product\/47165\/revisions"}],"predecessor-version":[{"id":63102,"href":"https:\/\/www.jatu.be\/fr\/wp-json\/wp\/v2\/product\/47165\/revisions\/63102"}],"wp:featuredmedia":[{"embeddable":true,"href":"https:\/\/www.jatu.be\/fr\/wp-json\/wp\/v2\/media\/62105"}],"wp:attachment":[{"href":"https:\/\/www.jatu.be\/fr\/wp-json\/wp\/v2\/media?parent=47165"}],"wp:term":[{"taxonomy":"product_cat","embeddable":true,"href":"https:\/\/www.jatu.be\/fr\/wp-json\/wp\/v2\/product_cat?post=47165"},{"taxonomy":"product_tag","embeddable":true,"href":"https:\/\/www.jatu.be\/fr\/wp-json\/wp\/v2\/product_tag?post=47165"}],"curies":[{"name":"wp","href":"https:\/\/api.w.org\/{rel}","templated":true}]}}