{"id":47175,"date":"2024-01-10T11:29:23","date_gmt":"2024-01-10T10:29:23","guid":{"rendered":"https:\/\/www.jatu.be\/?post_type=product&#038;p=47175"},"modified":"2026-03-09T09:06:29","modified_gmt":"2026-03-09T08:06:29","slug":"gravier-de-chateau-4-10","status":"publish","type":"product","link":"https:\/\/www.jatu.be\/fr\/produit\/gravier-de-chateau-4-10\/","title":{"rendered":"Gravier de Ch\u00e2teau 4\/10"},"content":{"rendered":"","protected":false},"excerpt":{"rendered":"<h2>Acheter du gravier de ch\u00e2teau 4\/10 : Un choix \u00e9l\u00e9gant et pratique pour votre jardin, all\u00e9e ou piscine<\/h2>\n<p>Vous souhaitez donner \u00e0 votre jardin ou \u00e0 votre all\u00e9e une allure \u00e9l\u00e9gante ? Le gravier de ch\u00e2teau 4\/10, \u00e9galement appel\u00e9 Mignonette beige ou Castle gravel, offre exactement cela. Chez Jatu, nous s\u00e9lectionnons uniquement du <a href=\"https:\/\/www.jatu.be\/fr\/categorie-produit\/gravier-et-galets\/gravier-decoratif-gravier-et-galets\/\">gravier<\/a> de la plus haute qualit\u00e9, avec la granulom\u00e9trie parfaite pour chaque application.<\/p>\n<h3>Pourquoi choisir le gravier de ch\u00e2teau 4\/10 ?<\/h3>\n<ul>\n<li>\n<p><strong>Doux et confortable<\/strong> : Id\u00e9al pour les abords des piscines et des \u00e9tangs de baignade. Ce gravier est agr\u00e9able sous les pieds, m\u00eame lorsque vous marchez pieds nus !<\/p>\n<\/li>\n<li>\n<p><strong>Parfait pour les animaux<\/strong> : Le gravier est suffisamment doux pour les pattes sensibles de vos animaux de compagnie, ce qui en fait un choix parfait pour les all\u00e9es et les terrasses.<\/p>\n<\/li>\n<li>\n<p><strong>Peu d&rsquo;entretien<\/strong> : Gr\u00e2ce \u00e0 sa forme arrondie, l&rsquo;eau ne gicle presque pas sur les murs ou autres surfaces, ce qui signifie moins de nettoyage !<\/p>\n<\/li>\n<li>\n<p><strong>Belles couleurs<\/strong> : Disponible en beige et <a href=\"https:\/\/www.jatu.be\/fr\/produit\/mignonette-gris-4-8\/\">gris<\/a>, il s&rsquo;adapte \u00e0 tous les styles et espaces ext\u00e9rieurs.<\/p>\n<\/li>\n<\/ul>\n<h2>O\u00f9 peut-on utiliser le gravier de ch\u00e2teau 4\/10 ?<\/h2>\n<p>Le gravier de ch\u00e2teau 4\/10 est tr\u00e8s polyvalent et convient \u00e0 de nombreuses applications dans et autour de votre maison :<\/p>\n<ul>\n<li>\n<p><strong>Autour des piscines et \u00e9tangs de baignade<\/strong> : Gr\u00e2ce \u00e0 ses pierres douces et arrondies, le gravier de ch\u00e2teau 4\/10 est parfait pour \u00eatre utilis\u00e9 autour des piscines et des \u00e9tangs de baignade. Il permet de marcher confortablement pieds nus sans que les pierres ne soient abrasives.<\/p>\n<\/li>\n<li>\n<p><strong>All\u00e9es et parkings<\/strong> : Le gravier de ch\u00e2teau 4\/10 est id\u00e9al pour les <a href=\"https:\/\/www.jatu.be\/fr\/installation-allee-de-gravier-jatu-belgique\/\">all\u00e9es<\/a> et les parkings car il offre une base solide qui ne s&rsquo;enfonce pas facilement, surtout si vous utilisez des <a href=\"https:\/\/www.jatu.be\/fr\/produit\/eccogravel-4-cm-blanc\/\">stabilisateurs de gravier blanc<\/a>.<\/p>\n<\/li>\n<li>\n<p><strong>Terrasses et sentiers<\/strong> : Pour les terrasses et les <a href=\"https:\/\/www.jatu.be\/fr\/construction-terrasse-en-gravier-jatu-belgique\/\">sentiers<\/a>, le gravier de ch\u00e2teau 4\/10 est un excellent choix en raison de son aspect d\u00e9coratif et du confort qu&rsquo;il procure lors de la marche. Il est facile \u00e0 entretenir et gr\u00e2ce \u00e0 ses propri\u00e9t\u00e9s perm\u00e9ables, votre terrasse ou votre sentier reste toujours sec, m\u00eame apr\u00e8s une pluie. De plus, l&rsquo;eau \u00e9clabousse moins contre les murs ou les meubles, gardant ainsi votre jardin plus propre plus longtemps. Ce gravier s&rsquo;harmonise parfaitement avec des <a href=\"https:\/\/www.jatu.be\/fr\/categorie-produit\/bordures-de-jardin\/acier-corten-bordures-de-jardin\/\">bordures en acier corten<\/a>. Ensemble, ils cr\u00e9ent une ambiance chaleureuse et rustique gr\u00e2ce \u00e0 leurs couleurs et \u00e0 leur caract\u00e8re naturel.<\/p>\n<\/li>\n<li>\n<p><strong>B\u00e9ton d\u00e9sactiv\u00e9<\/strong> : Le gravier de ch\u00e2teau 4\/10 peut \u00e9galement \u00eatre utilis\u00e9 dans le b\u00e9ton d\u00e9sactiv\u00e9. Ce type de b\u00e9ton est souvent utilis\u00e9 pour des surfaces d\u00e9coratives, telles que les all\u00e9es et les sentiers. Le gravier est incorpor\u00e9 dans le b\u00e9ton, ce qui donne une finition robuste mais \u00e9l\u00e9gante avec un aspect naturel.<\/p>\n<\/li>\n<\/ul>\n<h3>Quelle quantit\u00e9 de gravier de ch\u00e2teau 4\/10 me faut-il ?<\/h3>\n<p>La quantit\u00e9 de gravier dont vous avez besoin d\u00e9pend de l&rsquo;\u00e9paisseur de la couche que vous souhaitez poser. Voici quelques recommandations :<\/p>\n<ul>\n<li>\n<p><strong>Stabilisateurs de gravier de 4 cm pour <a href=\"https:\/\/www.jatu.be\/fr\/project\/calculateur-allee-de-gravier\/\">all\u00e9e<\/a><\/strong> : Pour une couche de <strong>5 cm<\/strong>, vous aurez besoin d&rsquo;environ <strong>80 kg par m\u00b2<\/strong>.<\/p>\n<\/li>\n<li>\n<p><strong>Stabilisateurs de gravier de 3 cm pour <a href=\"https:\/\/www.jatu.be\/fr\/project\/calculateur-terrasse-en-gravier\/\">terrasse<\/a><\/strong> : Pour une couche de <strong>4 cm<\/strong>, vous aurez besoin de <strong>65 kg par m\u00b2<\/strong>.<\/p>\n<\/li>\n<li>\n<p><strong>Stabilisateurs de gravier de 2 cm pour <a href=\"https:\/\/www.jatu.be\/fr\/project\/calculateur-chemin-de-jardin-avec-gravier\/\">bordure d\u00e9corative<\/a><\/strong> : Pour une couche de <strong>3 cm<\/strong>, pr\u00e9voyez environ <strong>50 kg par m\u00b2<\/strong>.<\/p>\n<\/li>\n<\/ul>\n<p><b>Conseil<\/b>: Utilisez notre <a href=\"https:\/\/www.jatu.be\/fr\/calculateur-de-gravier-calculer-quantite\/\">calculateur de gravier<\/a> pratique pour savoir exactement combien de gravier de ch\u00e2teau 4\/10 il vous faut. Vous commandez ainsi toujours la quantit\u00e9 juste et \u00e9vitez le gaspillage.<\/p>\n<h3>Quelles sont les options d&#8217;emballage et de granulom\u00e9tries?<\/h3>\n<p>Vous pouvez commander du gravier de ch\u00e2teau 4\/10 chez nous en :<\/p>\n<ul>\n<li>\n<p><strong>Sacs de 25 kg<\/strong> \u2013 id\u00e9al pour les petits projets ou les applications d\u00e9coratives.<\/p>\n<\/li>\n<li>\n<p><strong>Big bags de 500, 1000 ou 1500 kg<\/strong> \u2013 parfait pour les grands jardins et all\u00e9es.<\/p>\n<\/li>\n<li>\n<p><strong>Vrac \u00e0 partir de 5 tonnes<\/strong> \u2013 id\u00e9al pour les grands projets paysagers, comme les grandes all\u00e9es.<\/p>\n<\/li>\n<\/ul>\n<p><strong>Avantage suppl\u00e9mentaire<\/strong> : Si vous retirez 0,5 tonne ou plus en vrac, vous b\u00e9n\u00e9ficiez de tarifs avantageux !<\/p>\n<h2>Livraison ou retrait ? \u00c0 vous de choisir !<\/h2>\n<p>Commandez votre gravier de ch\u00e2teau 4\/10 en ligne et nous vous <a href=\"https:\/\/www.jatu.be\/fr\/specifications-de-livraison-jatu-rapide-efficace\/\">le livrons chez vous<\/a> dans un d\u00e9lai de quatre jours ouvrables. Vous pr\u00e9f\u00e9rez le retirer vous-m\u00eame ? Aucun probl\u00e8me ! Le retrait est possible \u00e0 partir de 25 kg dans l&rsquo;un de nos <a href=\"https:\/\/www.jatu.be\/fr\/points-de-collecte\/\">points de collecte<\/a> en Belgique.<\/p>\n","protected":false},"featured_media":61755,"template":"","meta":{"_acf_changed":false,"inline_featured_image":false,"footnotes":""},"product_cat":[5415],"product_tag":[6992],"class_list":{"0":"post-47175","1":"product","2":"type-product","3":"status-publish","4":"has-post-thumbnail","6":"product_cat-gravier-decoratif-gravier-et-galets","7":"product_tag-reduction-cat-2","9":"first","10":"instock","11":"taxable","12":"shipping-taxable","13":"purchasable","14":"product-type-variable"},"acf":{"woocommerce_erp_id":"4210","woocommerce_cnk_id":"200582","product_density":1.6,"custom_prices":[{"variation_id":"53746","customer_group":"CON","customer_id":"","min_qty":1,"max_qty":9999999,"steps":1,"price":133.88,"price_incl":162,"delivery_group":"COLLECT"},{"variation_id":"53746","customer_group":"CON","customer_id":"","min_qty":1,"max_qty":9999999,"steps":1,"price":133.88,"price_incl":162,"delivery_group":"DELIVERY"},{"variation_id":"53745","customer_group":"CON","customer_id":"","min_qty":1,"max_qty":9999999,"steps":1,"price":90.91,"price_incl":110,"delivery_group":"COLLECT"},{"variation_id":"53745","customer_group":"CON","customer_id":"","min_qty":1,"max_qty":9999999,"steps":1,"price":90.91,"price_incl":110,"delivery_group":"DELIVERY"},{"variation_id":"53747","customer_group":"CON","customer_id":"","min_qty":1,"max_qty":9999999,"steps":1,"price":192.56,"price_incl":233,"delivery_group":"COLLECT"},{"variation_id":"53747","customer_group":"CON","customer_id":"","min_qty":1,"max_qty":9999999,"steps":1,"price":192.56,"price_incl":233,"delivery_group":"DELIVERY"},{"variation_id":"53744","customer_group":"CON","customer_id":"","min_qty":1,"max_qty":9999999,"steps":1,"price":4.96,"price_incl":6,"delivery_group":"COLLECT"},{"variation_id":"53744","customer_group":"CON","customer_id":"","min_qty":1,"max_qty":9999999,"steps":1,"price":4.96,"price_incl":6,"delivery_group":"DELIVERY"},{"variation_id":"53743","customer_group":"CON","customer_id":"","min_qty":0.5,"max_qty":9999999,"steps":0.1,"price":116.53,"price_incl":141,"delivery_group":"COLLECT"},{"variation_id":"53743","customer_group":"CON","customer_id":"","min_qty":5,"max_qty":9999999,"steps":0.1,"price":116.53,"price_incl":141,"delivery_group":"DELIVERY"}],"packaging_ids":[{"packaging_name":"En vrac (\u00e0 partir de tonnes)","packaging_id":"10","erp_id":"4210"},{"packaging_name":"Pi\u00e8ce","packaging_id":"7","erp_id":"5668"},{"packaging_name":"Big bag 500 kg","packaging_id":"3","erp_id":"4930"},{"packaging_name":"Big bag 1000 kg","packaging_id":"2","erp_id":"4755"},{"packaging_name":"Big bag 1500 kg","packaging_id":"4","erp_id":"4819"}],"c_lengte":"","c_breedte":"","c_hoogte":""},"_links":{"self":[{"href":"https:\/\/www.jatu.be\/fr\/wp-json\/wp\/v2\/product\/47175","targetHints":{"allow":["GET"]}}],"collection":[{"href":"https:\/\/www.jatu.be\/fr\/wp-json\/wp\/v2\/product"}],"about":[{"href":"https:\/\/www.jatu.be\/fr\/wp-json\/wp\/v2\/types\/product"}],"version-history":[{"count":8,"href":"https:\/\/www.jatu.be\/fr\/wp-json\/wp\/v2\/product\/47175\/revisions"}],"predecessor-version":[{"id":60971,"href":"https:\/\/www.jatu.be\/fr\/wp-json\/wp\/v2\/product\/47175\/revisions\/60971"}],"wp:featuredmedia":[{"embeddable":true,"href":"https:\/\/www.jatu.be\/fr\/wp-json\/wp\/v2\/media\/61755"}],"wp:attachment":[{"href":"https:\/\/www.jatu.be\/fr\/wp-json\/wp\/v2\/media?parent=47175"}],"wp:term":[{"taxonomy":"product_cat","embeddable":true,"href":"https:\/\/www.jatu.be\/fr\/wp-json\/wp\/v2\/product_cat?post=47175"},{"taxonomy":"product_tag","embeddable":true,"href":"https:\/\/www.jatu.be\/fr\/wp-json\/wp\/v2\/product_tag?post=47175"}],"curies":[{"name":"wp","href":"https:\/\/api.w.org\/{rel}","templated":true}]}}