{"id":47179,"date":"2024-01-10T11:29:27","date_gmt":"2024-01-10T10:29:27","guid":{"rendered":"https:\/\/www.jatu.be\/?post_type=product&#038;p=47179"},"modified":"2026-03-09T09:17:23","modified_gmt":"2026-03-09T08:17:23","slug":"crystal-white-8-12","status":"publish","type":"product","link":"https:\/\/www.jatu.be\/fr\/produit\/crystal-white-8-12\/","title":{"rendered":"Gravier Crystal White 8\/12"},"content":{"rendered":"","protected":false},"excerpt":{"rendered":"<h2>Crystal White 8\/12 : Le m\u00e9lange parfait de style et de fonctionnalit\u00e9 pour votre espace ext\u00e9rieur<\/h2>\n<p>Crystal White 8\/12, \u00e9galement connu sous le nom de <strong>Montparnasse<\/strong>, offre une combinaison d&rsquo;\u00e9l\u00e9gance et de fonctionnalit\u00e9. Ce <a href=\"https:\/\/www.jatu.be\/fr\/categorie-produit\/gravier-et-galets\/gravier-decoratif-gravier-et-galets\/\">gravier<\/a> de haute qualit\u00e9 est id\u00e9al pour donner \u00e0 votre espace ext\u00e9rieur un aspect luxueux et attrayant. Chez Jatu, nous ne s\u00e9lectionnons que des graviers de la plus haute qualit\u00e9, avec une granulom\u00e9trie parfaite et une brillance unique gr\u00e2ce \u00e0 la cristallisation du gravier. Le r\u00e9sultat est un effet blanc brillant qui donne \u00e0 tout jardin, <a href=\"https:\/\/www.jatu.be\/fr\/installation-allee-de-gravier\/\">all\u00e9e<\/a> ou terrasse un aspect unique et sophistiqu\u00e9.<\/p>\n<p>Ce magnifique gravier cass\u00e9 est le choix id\u00e9al pour ceux qui recherchent une solution durable et d\u00e9corative. Il se distingue par sa clart\u00e9 et ses applications polyvalentes, garantissant que votre jardin ou votre all\u00e9e conserve toujours un aspect raffin\u00e9.<\/p>\n<h3>Pourquoi choisir Crystal White 8\/12 ?<\/h3>\n<ul>\n<li><strong>D&rsquo;un blanc \u00e9clatant et unique<\/strong> : le gravier cristallin cr\u00e9e un effet de scintillement saisissant \u00e0 la lumi\u00e8re du soleil, ajoutant une touche de luxe \u00e0 votre espace ext\u00e9rieur.<\/li>\n<li><strong>Utilisation polyvalente<\/strong> : ce gravier est parfait pour un large \u00e9ventail d&rsquo;applications, des <a href=\"https:\/\/www.jatu.be\/fr\/project\/manuel-instruction-allee-de-jardin-gravier\/\">all\u00e9es de jardin<\/a> et voies d&rsquo;acc\u00e8s aux terrasses et accents d\u00e9coratifs.<\/li>\n<li><strong>R\u00e9sistant aux intemp\u00e9ries et durable<\/strong> : Con\u00e7u pour r\u00e9sister \u00e0 toutes les conditions m\u00e9t\u00e9orologiques, Crystal White 8\/12 conserve sa belle apparence pendant des ann\u00e9es, sans perdre son caract\u00e8re.<\/li>\n<\/ul>\n<h2>Applications du Crystal White 8\/12<\/h2>\n<p>Crystal White 8\/12 peut \u00eatre utilis\u00e9 de diff\u00e9rentes mani\u00e8res :<\/p>\n<ul>\n<li><strong>All\u00e9es de jardin et terrasses<\/strong> : Crystal White 8\/12 est un choix id\u00e9al pour cr\u00e9er des all\u00e9es de jardin et des <a href=\"https:\/\/www.jatu.be\/fr\/project\/guide-installation-terrasse-en-gravier\/\">terrasses<\/a> \u00e9l\u00e9gantes. Il donne un aspect d\u00e9coratif qui am\u00e9liore instantan\u00e9ment votre espace ext\u00e9rieur. En outre, le gravier est durable et perm\u00e9able \u00e0 l&rsquo;eau, ce qui signifie que vous n&rsquo;aurez pas \u00e0 vous soucier des flaques d&rsquo;eau apr\u00e8s une averse.<\/li>\n<li><strong>All\u00e9es et parkings<\/strong> : Pour les <a href=\"https:\/\/www.jatu.be\/fr\/project\/instruction-pour-une-allee-permeable\/\">all\u00e9es<\/a> et les parkings, ce gravier offre une surface solide et stable qui durera des ann\u00e9es. Combin\u00e9 \u00e0 des tapis de gravier, il emp\u00eache l&rsquo;affaissement et offre une finition \u00e9l\u00e9gante et facile d&rsquo;entretien.<\/li>\n<li><strong>Bordures ornementales et projets d\u00e9coratifs<\/strong> : Crystal White 8\/12 est parfait pour accentuer les bordures, les \u00e9tangs ou d&rsquo;autres \u00e9l\u00e9ments d\u00e9coratifs dans votre jardin. Le gravier blanc forme un beau contraste avec la verdure et les fleurs, donnant ainsi vie \u00e0 votre jardin.<\/li>\n<li><strong>Piscines et \u00e9tangs<\/strong> : Ce gravier est id\u00e9al pour les piscines et les \u00e9tangs. Il donne un aspect luxueux et est pratique gr\u00e2ce \u00e0 ses propri\u00e9t\u00e9s de perm\u00e9abilit\u00e9 \u00e0 l&rsquo;eau. Il vous permet de cr\u00e9er un environnement attrayant et bien entretenu.<\/li>\n<\/ul>\n<h3>De quelle quantit\u00e9 de Crystal White 8\/12 ai-je besoin ?<\/h3>\n<p>Le nombre de kilos de gravier d\u00e9pend de l&rsquo;\u00e9paisseur de la couche que vous souhaitez poser. Voici quelques indications :<\/p>\n<ul>\n<li><a href=\"https:\/\/www.jatu.be\/fr\/produit\/eccogravel-4-cm-blanc\/\">Stabillisateurs de gravier de 4 cm pour une all\u00e9e<\/a> : pour une couche de 5 cm, vous aurez besoin d&rsquo;environ <strong>80 kg par m\u00b2<\/strong>.<\/li>\n<li><a href=\"https:\/\/www.jatu.be\/fr\/produit\/eccogravel-3-cm-blanc\/\">Stabillisateurs de gravier de 3 cm pour les terrasses<\/a> : pour une couche de 4 cm, vous aurez besoin d&rsquo;environ <strong>65 kg par m\u00b2<\/strong>.<\/li>\n<li><a href=\"https:\/\/www.jatu.be\/fr\/produit\/eccogravel-2-cm-blanc\/\">Stabillisateurs de gravier de 2 cm pour les bordures<\/a> : pour une couche de 3 cm, vous avez besoin d&rsquo;environ <strong>50 kg par m\u00b2<\/strong>.<\/li>\n<\/ul>\n<p>Utilisez notre <a href=\"https:\/\/www.jatu.be\/fr\/calculateur-de-gravier-calculer-quantite\/\">calculateur de gravier<\/a> pratique pour calculer exactement la quantit\u00e9 de Crystal White 8\/12 dont vous avez besoin. Ainsi, vous commanderez toujours la bonne quantit\u00e9 et \u00e9viterez tout gaspillage.<\/p>\n<h3>Conditionnement et fractions<\/h3>\n<p>Crystal White 8\/12 est disponible dans diff\u00e9rents conditionnements pour s&rsquo;adapter \u00e0 votre projet :<\/p>\n<ul>\n<li><strong>Sac de 25 kg<\/strong> : id\u00e9al pour les petits projets ou les applications d\u00e9coratives.<\/li>\n<li><strong>Big bags de 500 kg, 1000 kg ou 1500 kg<\/strong> : pour les projets de moyenne \u00e0 grande envergure.<\/li>\n<li><strong>Remplissage en vrac \u00e0 partir de 5 tonnes<\/strong> : Parfait pour les grands projets d&rsquo;am\u00e9nagement paysager.<\/li>\n<\/ul>\n<p><strong>Conseil<\/strong> : si vous collectez 0,5 tonne ou plus en vrac, vous b\u00e9n\u00e9ficiez de tarifs pr\u00e9f\u00e9rentiels !<\/p>\n<h2>Options de livraison<\/h2>\n<p>Chez Jatu, nous vous facilitons la t\u00e2che en ce qui concerne les <a href=\"https:\/\/www.jatu.be\/fr\/specifications-de-livraison-jatu-rapide-efficace\/\">modalit\u00e9s de livraison<\/a>. Les commandes \u00e0 partir de <strong>25 kg<\/strong> sont livr\u00e9es partout en Belgique dans les <strong>quatre jours ouvrables<\/strong> suivant la confirmation de la commande. \u00c0 partir de <strong>25 kg<\/strong>, vous pouvez \u00e9galement opter pour un enl\u00e8vement dans l&rsquo;un de nos <a href=\"https:\/\/www.jatu.be\/fr\/points-de-collecte\/\">points de collecte<\/a>.<\/p>\n","protected":false},"featured_media":49370,"template":"","meta":{"_acf_changed":false,"inline_featured_image":false,"footnotes":""},"product_cat":[5415],"product_tag":[6992],"class_list":{"0":"post-47179","1":"product","2":"type-product","3":"status-publish","4":"has-post-thumbnail","6":"product_cat-gravier-decoratif-gravier-et-galets","7":"product_tag-reduction-cat-2","9":"first","10":"instock","11":"taxable","12":"shipping-taxable","13":"purchasable","14":"product-type-variable"},"acf":{"woocommerce_erp_id":"5705","woocommerce_cnk_id":"200587","product_density":1.6,"custom_prices":[{"variation_id":"54765","customer_group":"CON","customer_id":"","min_qty":1,"max_qty":9999999,"steps":1,"price":210.74,"price_incl":255,"delivery_group":"COLLECT"},{"variation_id":"54765","customer_group":"CON","customer_id":"","min_qty":1,"max_qty":9999999,"steps":1,"price":210.74,"price_incl":255,"delivery_group":"DELIVERY"},{"variation_id":"54764","customer_group":"CON","customer_id":"","min_qty":1,"max_qty":9999999,"steps":1,"price":136.36,"price_incl":165,"delivery_group":"COLLECT"},{"variation_id":"54764","customer_group":"CON","customer_id":"","min_qty":1,"max_qty":9999999,"steps":1,"price":136.36,"price_incl":165,"delivery_group":"DELIVERY"},{"variation_id":"54766","customer_group":"CON","customer_id":"","min_qty":1,"max_qty":9999999,"steps":1,"price":307.44,"price_incl":372,"delivery_group":"COLLECT"},{"variation_id":"54766","customer_group":"CON","customer_id":"","min_qty":1,"max_qty":9999999,"steps":1,"price":307.44,"price_incl":372,"delivery_group":"DELIVERY"},{"variation_id":"54763","customer_group":"CON","customer_id":"","min_qty":1,"max_qty":9999999,"steps":1,"price":6.61,"price_incl":8,"delivery_group":"COLLECT"},{"variation_id":"54763","customer_group":"CON","customer_id":"","min_qty":1,"max_qty":9999999,"steps":1,"price":6.61,"price_incl":8,"delivery_group":"DELIVERY"},{"variation_id":"54762","customer_group":"CON","customer_id":"","min_qty":0.5,"max_qty":9999999,"steps":0.1,"price":193.39,"price_incl":234,"delivery_group":"COLLECT"},{"variation_id":"54762","customer_group":"CON","customer_id":"","min_qty":5,"max_qty":9999999,"steps":0.1,"price":193.39,"price_incl":234,"delivery_group":"DELIVERY"}],"packaging_ids":[{"packaging_name":"En vrac (\u00e0 partir de tonnes)","packaging_id":"10","erp_id":"5705"},{"packaging_name":"Pi\u00e8ce","packaging_id":"7","erp_id":"5947"},{"packaging_name":"Big bag 500 kg","packaging_id":"3","erp_id":"16541"},{"packaging_name":"Big bag 1000 kg","packaging_id":"2","erp_id":"16536"},{"packaging_name":"Big bag 1500 kg","packaging_id":"4","erp_id":"16540"}],"c_lengte":"","c_breedte":"","c_hoogte":""},"_links":{"self":[{"href":"https:\/\/www.jatu.be\/fr\/wp-json\/wp\/v2\/product\/47179","targetHints":{"allow":["GET"]}}],"collection":[{"href":"https:\/\/www.jatu.be\/fr\/wp-json\/wp\/v2\/product"}],"about":[{"href":"https:\/\/www.jatu.be\/fr\/wp-json\/wp\/v2\/types\/product"}],"version-history":[{"count":5,"href":"https:\/\/www.jatu.be\/fr\/wp-json\/wp\/v2\/product\/47179\/revisions"}],"predecessor-version":[{"id":62836,"href":"https:\/\/www.jatu.be\/fr\/wp-json\/wp\/v2\/product\/47179\/revisions\/62836"}],"wp:featuredmedia":[{"embeddable":true,"href":"https:\/\/www.jatu.be\/fr\/wp-json\/wp\/v2\/media\/49370"}],"wp:attachment":[{"href":"https:\/\/www.jatu.be\/fr\/wp-json\/wp\/v2\/media?parent=47179"}],"wp:term":[{"taxonomy":"product_cat","embeddable":true,"href":"https:\/\/www.jatu.be\/fr\/wp-json\/wp\/v2\/product_cat?post=47179"},{"taxonomy":"product_tag","embeddable":true,"href":"https:\/\/www.jatu.be\/fr\/wp-json\/wp\/v2\/product_tag?post=47179"}],"curies":[{"name":"wp","href":"https:\/\/api.w.org\/{rel}","templated":true}]}}