{"id":47181,"date":"2024-01-10T11:29:29","date_gmt":"2024-01-10T10:29:29","guid":{"rendered":"https:\/\/www.jatu.be\/?post_type=product&#038;p=47181"},"modified":"2026-03-09T09:04:23","modified_gmt":"2026-03-09T08:04:23","slug":"cheter-maronne-4-8-gravier-durable-allee","status":"publish","type":"product","link":"https:\/\/www.jatu.be\/fr\/produit\/cheter-maronne-4-8-gravier-durable-allee\/","title":{"rendered":"Maronne 4\/8"},"content":{"rendered":"","protected":false},"excerpt":{"rendered":"<h2>Acheter du Maronne 4\/8 \u2013 Gravier d\u00e9coratif \u00e9l\u00e9gant et durable pour vos espaces ext\u00e9rieurs<\/h2>\n<p><strong>Vous \u00eates \u00e0 la recherche de <a href=\"https:\/\/www.jatu.be\/fr\/categorie-produit\/gravier-et-galets\/gravier-decoratif-gravier-et-galets\/\">gravier d\u00e9coratif<\/a> arrondi avec des tons chauds de beige et de brun<\/strong> ? Le Maronne 4\/8 est le choix id\u00e9al pour votre <a href=\"https:\/\/www.jatu.be\/fr\/project\/instruction-pour-une-allee-permeable\/\">all\u00e9e<\/a>, jardin, terrasse ou <a href=\"https:\/\/www.jatu.be\/fr\/project\/manuel-instruction-allee-de-jardin-gravier\/\">sentier<\/a>. Gr\u00e2ce \u00e0 sa forme arrondie, il est confortable pour marcher dessus, parfait pour des applications d\u00e9coratives et fonctionnelles dans vos espaces ext\u00e9rieurs.<\/p>\n<h3>Gravier de la gamme exclusive<\/h3>\n<p>Maronne 4\/8 fait partie de la <a href=\"https:\/\/www.jatu.be\/fr\/categorie-produit\/gravier-et-galets\/gravier-decoratif-gravier-et-galets\/?pa_korrelgrootte=0-100&amp;pa_toepassingen%5B%5D=6328\">gamme exclusive<\/a> de graviers d\u00e9coratifs Jatu, une s\u00e9lection de graviers de haute qualit\u00e9 \u00e0 l&rsquo;aspect unique. Avec ses tons chauds beige-brun, Maronne 4\/8 ajoute une ambiance naturelle et \u00e9l\u00e9gante \u00e0 tout espace ext\u00e9rieur. Ce type de gravier soigneusement s\u00e9lectionn\u00e9 offre \u00e0 la fois confort et durabilit\u00e9, ce qui le rend parfait pour des applications telles que les all\u00e9es, les chemins de jardin et les terrasses.<\/p>\n<h3>Pourquoi choisir le Maronne 4\/8 ?<\/h3>\n<ul>\n<li>\n<p><strong>\u00c9l\u00e9gant et polyvalent :<\/strong> Les <a href=\"https:\/\/www.jatu.be\/fr\/categorie-produit\/gravier-et-galets\/gravier-decoratif-gravier-et-galets\/?pa_korrelgrootte=0-100&amp;pa_kleur%5B%5D=6466&amp;pa_kleur%5B%5D=6463\">tons chauds de beige et de brun<\/a> s&rsquo;int\u00e8grent parfaitement dans tout jardin ou all\u00e9e.<\/p>\n<\/li>\n<li>\n<p><strong>Confortable :<\/strong> Gr\u00e2ce \u00e0 sa forme arrondie, il est agr\u00e9able de marcher pieds nus.<\/p>\n<\/li>\n<li>\n<p><strong>Durable :<\/strong> Le gravier Maronne 4\/8 est non seulement esth\u00e9tique, mais aussi robuste et r\u00e9sistant, parfait pour un usage intensif.<\/p>\n<\/li>\n<\/ul>\n<p><strong>Vous cherchez une teinte plus claire ?<\/strong><br \/>\nChoisissez le <a href=\"https:\/\/www.jatu.be\/fr\/produit\/acheter-balmoral-4-8-beige-allee-jardin\/\"><strong>Balmoral 4\/8<\/strong><\/a>, un gravier d\u00e9coratif arrondi aux nuances beige ivoire. Tout comme le Maronne, le Balmoral est confortable pour marcher et id\u00e9al pour tout espace ext\u00e9rieur.<\/p>\n<h2>Applications du Maronne 4\/8<\/h2>\n<p>Le gravier d\u00e9coratif Maronne 4\/8 est parfait pour plusieurs utilisations dans vos espaces ext\u00e9rieurs :<\/p>\n<ul>\n<li>\n<p><strong>All\u00e9es et sentiers :<\/strong> La nature dure et durable du gravier assure une all\u00e9e stable et durable lorsqu&rsquo;il est utilis\u00e9 avec <a href=\"https:\/\/www.jatu.be\/fr\/produit\/eccogravel-4-cm-gris\/\">des stabilisateurs de gravier de 4 cm<\/a>.<\/p>\n<\/li>\n<li>\n<p><strong>Sentiers de jardin et terrasses :<\/strong> Pour des utilisations plus l\u00e9g\u00e8res comme les terrasses ou les sentiers de jardin, nous recommandons les <a href=\"https:\/\/www.jatu.be\/fr\/produit\/eccogravel-3-cm-gris\/\">stabilisateurs de gravier ECCOgravel de 3 cm<\/a>. Pour une belle finition, vous pouvez les combiner avec <strong>des stabilisateurs de gravier gris<\/strong>.<\/p>\n<\/li>\n<li>\n<p><strong>Bordures d\u00e9coratives :<\/strong> Les tons beige et brun apportent une chaleur \u00e0 tout jardin. Si vous installez un g\u00e9otextile <a href=\"https:\/\/www.jatu.be\/fr\/categorie-produit\/anti-racine\/\">anti-racine<\/a>, nous recommandons une \u00e9paisseur de 5 cm pour le gravier. Si vous utilisez <a href=\"https:\/\/www.jatu.be\/fr\/produit\/eccogravel-2-cm-blanc\/\">des stabilisateurs de gravier fines<\/a> pour maintenir le gravier en place, une \u00e9paisseur de 3 cm suffit.<\/p>\n<\/li>\n<\/ul>\n<h3>Quelle quantit\u00e9 de Maronne 4\/8 faut-il ?<\/h3>\n<p>Pour chaque utilisation, une quantit\u00e9 sp\u00e9cifique de gravier est n\u00e9cessaire. Nous vous aidons \u00e0 la calculer gr\u00e2ce \u00e0 notre <a href=\"https:\/\/www.jatu.be\/fr\/calculateur-de-gravier-calculer-quantite\/\">calculateur de gravier<\/a> :<\/p>\n<ul>\n<li>\n<p><strong><a href=\"https:\/\/www.jatu.be\/fr\/project\/calculateur-allee-de-gravier\/\">All\u00e9es<\/a> :<\/strong> Utilisez une couche de <strong>5 cm<\/strong> de gravier, soit environ <strong>80 kg\/m\u00b2<\/strong>.<\/p>\n<\/li>\n<li>\n<p><strong>Terrasses et <a href=\"https:\/\/www.jatu.be\/fr\/project\/calculateur-terrasse-en-gravier\/\">sentiers de jardin<\/a> :<\/strong> Une couche de <strong>4 cm<\/strong> de gravier suffit, soit environ <strong>65 kg\/m\u00b2<\/strong>.<\/p>\n<\/li>\n<li>\n<p><strong><a href=\"https:\/\/www.jatu.be\/fr\/project\/calculateur-chemin-de-jardin-avec-gravier\/\">Bordures d\u00e9coratives<\/a> ou couvre-sol :<\/strong> Avec des dalles de gravier fines, une couche de <strong>3 cm<\/strong> est suffisante, soit environ <strong>50 kg\/m\u00b2<\/strong>. Si vous utilisez un g\u00e9otextile anti-mauvaises herbes, nous recommandons une couche de <strong>5 cm<\/strong>, soit environ <strong>80 kg\/m\u00b2<\/strong>.<\/p>\n<\/li>\n<\/ul>\n<p>Pour un r\u00e9sultat optimal, nous recommandons toujours l&rsquo;utilisation de dalles de gravier. Elles aident \u00e0 maintenir le gravier en place et garantissent une r\u00e9partition uniforme.<\/p>\n<h3>Conditionnements et fractions disponibles<\/h3>\n<p>Que vous ayez un petit projet ou un grand am\u00e9nagement paysager, le gravier Maronne 4\/8 est disponible en plusieurs conditionnements :<\/p>\n<ul>\n<li>\n<p><strong>Sacs de 25kg<\/strong> \u2013 id\u00e9al pour les petits projets ou les applications d\u00e9coratives.<\/p>\n<\/li>\n<li>\n<p><strong>Big bags de 500, 1000 ou 1500kg<\/strong> \u2013 parfaits pour les grandes surfaces.<\/p>\n<\/li>\n<li>\n<p><strong>En vrac \u00e0 partir de 5 tonnes<\/strong> \u2013 id\u00e9al pour les grands projets comme les all\u00e9es ou les am\u00e9nagements paysagers de grande envergure.<\/p>\n<\/li>\n<\/ul>\n<p><strong>Conseil:<\/strong> Profitez de tarifs avantageux pour l&rsquo;enl\u00e8vement en vrac \u00e0 partir de 0,5 tonne !<\/p>\n<h2>Options de livraison<\/h2>\n<p>Chez Jatu, nous facilitons vos besoins en <a href=\"https:\/\/www.jatu.be\/fr\/specifications-de-livraison-jatu-rapide-efficace\/\">mati\u00e8re de livraison<\/a>. Les commandes \u00e0 partir de 25 kg sont livr\u00e9es partout en Belgique dans les quatre jours ouvrables suivant la confirmation de commande. Vous pouvez \u00e9galement choisir de retirer votre commande \u00e0 partir de 25 kg dans l&rsquo;un de nos <a href=\"https:\/\/www.jatu.be\/fr\/points-de-collecte\/\">points de retrait<\/a>.<\/p>\n","protected":false},"featured_media":49663,"template":"","meta":{"_acf_changed":false,"inline_featured_image":false,"footnotes":""},"product_cat":[5415],"product_tag":[6992],"class_list":{"0":"post-47181","1":"product","2":"type-product","3":"status-publish","4":"has-post-thumbnail","6":"product_cat-gravier-decoratif-gravier-et-galets","7":"product_tag-reduction-cat-2","9":"first","10":"instock","11":"taxable","12":"shipping-taxable","13":"purchasable","14":"product-type-variable"},"acf":{"woocommerce_erp_id":"4087","woocommerce_cnk_id":"200588","product_density":1.6,"custom_prices":[{"variation_id":"53733","customer_group":"CON","customer_id":"","min_qty":1,"max_qty":9999999,"steps":1,"price":218.18,"price_incl":264,"delivery_group":"DELIVERY"},{"variation_id":"53733","customer_group":"CON","customer_id":"","min_qty":1,"max_qty":9999999,"steps":1,"price":218.18,"price_incl":264,"delivery_group":"COLLECT"},{"variation_id":"53732","customer_group":"CON","customer_id":"","min_qty":1,"max_qty":9999999,"steps":1,"price":142.15,"price_incl":172,"delivery_group":"DELIVERY"},{"variation_id":"53732","customer_group":"CON","customer_id":"","min_qty":1,"max_qty":9999999,"steps":1,"price":142.15,"price_incl":172,"delivery_group":"COLLECT"},{"variation_id":"53734","customer_group":"CON","customer_id":"","min_qty":1,"max_qty":9999999,"steps":1,"price":319.01,"price_incl":386,"delivery_group":"COLLECT"},{"variation_id":"53734","customer_group":"CON","customer_id":"","min_qty":1,"max_qty":9999999,"steps":1,"price":319.01,"price_incl":386,"delivery_group":"DELIVERY"},{"variation_id":"53731","customer_group":"CON","customer_id":"","min_qty":1,"max_qty":9999999,"steps":1,"price":7.44,"price_incl":9,"delivery_group":"COLLECT"},{"variation_id":"53731","customer_group":"CON","customer_id":"","min_qty":1,"max_qty":9999999,"steps":1,"price":7.44,"price_incl":9,"delivery_group":"DELIVERY"},{"variation_id":"53730","customer_group":"CON","customer_id":"","min_qty":0.5,"max_qty":9999999,"steps":0.1,"price":200.83,"price_incl":243,"delivery_group":"COLLECT"},{"variation_id":"53730","customer_group":"CON","customer_id":"","min_qty":5,"max_qty":9999999,"steps":0.1,"price":200.83,"price_incl":243,"delivery_group":"DELIVERY"}],"packaging_ids":[{"packaging_name":"En vrac (\u00e0 partir de tonnes)","packaging_id":"10","erp_id":"4087"},{"packaging_name":"Pi\u00e8ce","packaging_id":"7","erp_id":"4098"},{"packaging_name":"Big bag 500 kg","packaging_id":"3","erp_id":"4097"},{"packaging_name":"Big bag 1000 kg","packaging_id":"2","erp_id":"4095"},{"packaging_name":"Big bag 1500 kg","packaging_id":"4","erp_id":"4096"}],"c_lengte":"","c_breedte":"","c_hoogte":""},"_links":{"self":[{"href":"https:\/\/www.jatu.be\/fr\/wp-json\/wp\/v2\/product\/47181","targetHints":{"allow":["GET"]}}],"collection":[{"href":"https:\/\/www.jatu.be\/fr\/wp-json\/wp\/v2\/product"}],"about":[{"href":"https:\/\/www.jatu.be\/fr\/wp-json\/wp\/v2\/types\/product"}],"version-history":[{"count":9,"href":"https:\/\/www.jatu.be\/fr\/wp-json\/wp\/v2\/product\/47181\/revisions"}],"predecessor-version":[{"id":60832,"href":"https:\/\/www.jatu.be\/fr\/wp-json\/wp\/v2\/product\/47181\/revisions\/60832"}],"wp:featuredmedia":[{"embeddable":true,"href":"https:\/\/www.jatu.be\/fr\/wp-json\/wp\/v2\/media\/49663"}],"wp:attachment":[{"href":"https:\/\/www.jatu.be\/fr\/wp-json\/wp\/v2\/media?parent=47181"}],"wp:term":[{"taxonomy":"product_cat","embeddable":true,"href":"https:\/\/www.jatu.be\/fr\/wp-json\/wp\/v2\/product_cat?post=47181"},{"taxonomy":"product_tag","embeddable":true,"href":"https:\/\/www.jatu.be\/fr\/wp-json\/wp\/v2\/product_tag?post=47181"}],"curies":[{"name":"wp","href":"https:\/\/api.w.org\/{rel}","templated":true}]}}