{"id":47183,"date":"2024-01-10T11:29:32","date_gmt":"2024-01-10T10:29:32","guid":{"rendered":"https:\/\/www.jatu.be\/?post_type=product&#038;p=47183"},"modified":"2026-03-09T09:19:57","modified_gmt":"2026-03-09T08:19:57","slug":"niagara-blue-8-12","status":"publish","type":"product","link":"https:\/\/www.jatu.be\/fr\/produit\/niagara-blue-8-12\/","title":{"rendered":"Niagara Blue 8\/12"},"content":{"rendered":"","protected":false},"excerpt":{"rendered":"<h2>Niagara Blue 8\/12 &#8211; L&rsquo;\u00e9l\u00e9gance glac\u00e9e pour votre espace ext\u00e9rieur<\/h2>\n<p>Niagara Blue 8\/12 est un <a href=\"https:\/\/www.jatu.be\/fr\/categorie-produit\/gravier-et-galets\/gravier-decoratif-gravier-et-galets\/\">gravier<\/a> unique et accrocheur qui donnera \u00e0 votre jardin ou \u00e0 votre projet d&rsquo;am\u00e9nagement paysager un aspect moderne et luxueux. Fabriqu\u00e9 \u00e0 partir de marbre dur, ce gravier combine des nuances intenses de bleu, d&rsquo;azur et de blanc arctique pour cr\u00e9er une beaut\u00e9 glac\u00e9e. Il compl\u00e8te parfaitement les environnements \u00e9l\u00e9gants et minimalistes et donne une finition \u00e9l\u00e9gante \u00e0 n&rsquo;importe quel projet.<\/p>\n<h3>Pourquoi choisir Niagara Blue 8\/12 ?<\/h3>\n<ul>\n<li>\n<p><strong>Un aspect unique et luxueux<\/strong> : le m\u00e9lange magnifique de nuances de bleu et de blanc arctique fait de Niagara Blue un v\u00e9ritable accroche-regard. Ce type de gravier apporte \u00e9l\u00e9gance et modernit\u00e9 \u00e0 tout espace ext\u00e9rieur, qu&rsquo;il s&rsquo;agisse d&rsquo;un jardin, d&rsquo;une all\u00e9e ou d&rsquo;une <a href=\"https:\/\/www.jatu.be\/fr\/construction-terrasse-en-gravier-jatu-belgique\/\">terrasse<\/a>.<\/p>\n<\/li>\n<li>\n<p><strong>Durable et r\u00e9sistant aux intemp\u00e9ries<\/strong> : Niagara Blue 8\/12 conserve ses couleurs intenses et sa qualit\u00e9 m\u00eame en cas de charge importante et de conditions m\u00e9t\u00e9orologiques extr\u00eames. Qu&rsquo;il pleuve, qu&rsquo;il g\u00e8le ou qu&rsquo;il fasse chaud, ce type de gravier reste beau pendant des ann\u00e9es.<\/p>\n<\/li>\n<li>\n<p><strong>Polyvalent<\/strong> : gr\u00e2ce \u00e0 sa granulom\u00e9trie parfaite de 8\/12, Niagara Blue convient \u00e0 diverses applications telles que les all\u00e9es, les trottoirs, les bordures et m\u00eame autour des \u00e9tangs et des piscines. Il donne du style \u00e0 tout environnement.<\/p>\n<\/li>\n<\/ul>\n<h2>Application de Niagara Blue 8\/12<\/h2>\n<p>Niagara Blue 8\/12 est un type de gravier polyvalent qui conf\u00e8re \u00e0 votre espace ext\u00e9rieur un aspect luxueux. Voici quelques applications sp\u00e9cifiques :<\/p>\n<ul>\n<li>\n<p><strong>All\u00e9es et parkings<\/strong> : En raison de sa fermet\u00e9, Niagara Blue est id\u00e9al pour les <a href=\"https:\/\/www.jatu.be\/fr\/project\/instruction-pour-une-allee-permeable\/\">all\u00e9es<\/a> et les parkings. Utilisez une base ferme et des tapis de gravier pour \u00e9viter les affaissements et garantir une surface stable \u00e0 long terme.<\/p>\n<\/li>\n<li>\n<p><strong>Terrasses et chemins<\/strong> : Cr\u00e9ez un aspect moderne et propre sur les terrasses et les <a href=\"https:\/\/www.jatu.be\/fr\/project\/manuel-instruction-allee-de-jardin-gravier\/\">chemins<\/a>. La granulom\u00e9trie uniforme assure une surface stable, tandis que les couleurs donnent un impact visuel luxueux.<\/p>\n<\/li>\n<li>\n<p><strong>Bordures et zones d\u00e9coratives<\/strong> : Parfait pour la finition des bordures ou la mise en valeur des zones d\u00e9coratives. Niagara Blue 8\/12 se marie \u00e0 merveille avec la verdure et d&rsquo;autres \u00e9l\u00e9ments naturels, faisant de votre jardin un ensemble harmonieux.<\/p>\n<\/li>\n<li>\n<p><strong>Bassins et piscines<\/strong> : Les tons frais de Niagara Blue 8\/12 encadrent \u00e9l\u00e9gamment les plans d&rsquo;eau et leur donnent un aspect serein.<\/p>\n<\/li>\n<\/ul>\n<h3>Quelle est la quantit\u00e9 de gravier n\u00e9cessaire ?<\/h3>\n<p>Le nombre ad\u00e9quat de kilogrammes de gravier d\u00e9pend de l&rsquo;application et de l&rsquo;\u00e9paisseur de couche souhait\u00e9e. Si vous optez pour le Niagara Blue 8\/12, nous vous conseillons de travailler avec des <strong>stabilisateurs de gravier blanc<\/strong>. En utilisant des tapis de gravier blanc avec le Niagara Blue 8\/12, ils seront moins visibles, m\u00eame en cas d&rsquo;utilisation intensive. Voici quelques conseils pour des situations sp\u00e9cifiques :<\/p>\n<ul>\n<li><strong>All\u00e9es et parkings<\/strong> : utilisez des <a href=\"https:\/\/www.jatu.be\/fr\/produit\/eccogravel-4-cm-blanc\/\">stabilisateurs de gravier blanc de 4 cm<\/a>, par exemple de ECCOgravel, pour cr\u00e9er une surface ferme et stable. Posez une couche de <strong>5 cm de gravier<\/strong> par-dessus, ce qui \u00e9quivaut \u00e0 environ <strong>80 kg par m\u00b2<\/strong>. Cela permet d&rsquo;obtenir une finition durable et n\u00e9cessitant peu d&rsquo;entretien.<\/li>\n<li><strong>Jardins et all\u00e9es<\/strong> : Pour les jardins et les all\u00e9es, les <a href=\"https:\/\/www.jatu.be\/fr\/produit\/eccogravel-3-cm-blanc\/\">stabilisateurs de gravier ECCOgravel de 3 cm<\/a> sont le meilleur choix. Combinez ces tapis avec une couche de <strong>gravier de 4 cm<\/strong>, pour laquelle vous avez besoin d&rsquo;environ <strong>65 kg par m\u00b2<\/strong>. Cette approche offre une stabilit\u00e9 et un aspect \u00e9l\u00e9gant.<\/li>\n<li><strong>Jardins de devant<\/strong> : Dans un jardin de devant, vous pouvez travailler avec des <a href=\"https:\/\/www.jatu.be\/fr\/produit\/eccogravel-2-cm-blanc\/\">stabilisateurs de gravier plus fins de 2 cm<\/a>. Par-dessus, vous posez une couche de <strong>3 cm de gravier<\/strong>, ce qui repr\u00e9sente environ <strong>50 kg par m\u00b2<\/strong>.\u00a0<\/li>\n<li><strong>Zones d\u00e9coratives sans stabilisateurs <\/strong>: Utilisez une toile <a href=\"https:\/\/www.jatu.be\/fr\/categorie-produit\/anti-racine\/\">anti-racine<\/a> pour emp\u00eacher la croissance des mauvaises herbes et pr\u00e9server la structure du gravier. Posez une couche de <strong>5 cm de gravier<\/strong>, ce qui repr\u00e9sente environ <strong>80 kg par m\u00b2<\/strong>.<\/li>\n<\/ul>\n<p>Gr\u00e2ce \u00e0 notre <a href=\"https:\/\/www.jatu.be\/fr\/calculateur-de-gravier-calculer-quantite\/\">calculateur de gravier<\/a>, vous pouvez facilement calculer la quantit\u00e9 de gravier dont vous avez besoin pour votre projet sp\u00e9cifique. Qu&rsquo;il s&rsquo;agisse d&rsquo;une all\u00e9e, d&rsquo;un jardin ou d&rsquo;un espace d\u00e9coratif, vous aurez toujours la bonne quantit\u00e9 de gravier, sans en gaspiller !<\/p>\n<h3>Conditionnements et fractions disponibles<\/h3>\n<ul>\n<li><strong>Sac de 25 kg<\/strong> : id\u00e9al pour les petits projets et les applications d\u00e9coratives.<\/li>\n<li><strong>Big bags de 500, 1000 ou 1500 kg<\/strong> : pour les grandes surfaces.<\/li>\n<li><strong>En vrac \u00e0 partir de 5 tonnes<\/strong> : Parfait pour les projets \u00e0 grande \u00e9chelle tels que les all\u00e9es ou les am\u00e9nagements paysagers.<\/li>\n<\/ul>\n<p><strong>Conseil<\/strong> : \u00e0 partir de 0,5 tonne en vrac, vous b\u00e9n\u00e9ficiez de tarifs pr\u00e9f\u00e9rentiels ! Nos options d&#8217;emballage sont flexibles, ce qui vous permet de toujours commander la bonne quantit\u00e9 de mat\u00e9riau, quelle que soit la taille de votre projet.<\/p>\n<h2>Options de livraison<\/h2>\n<p>Chez Jatu, nous vous facilitons la t\u00e2che en ce qui concerne les <a href=\"https:\/\/www.jatu.be\/fr\/specifications-de-livraison-jatu-rapide-efficace\/\">sp\u00e9cifications de livraison<\/a>. Les commandes \u00e0 partir de 25 kg sont livr\u00e9es partout en Belgique dans les quatre jours ouvrables suivant la confirmation de la commande. \u00c0 partir de 25 kg, vous pouvez \u00e9galement opter pour un enl\u00e8vement dans l&rsquo;un de nos <a href=\"https:\/\/www.jatu.be\/fr\/points-de-collecte\/\">points de collecte<\/a>.<\/p>\n<p><strong>Donnez vie \u00e0 votre jardin !<\/strong> Cr\u00e9ez un look moderne et luxueux dans votre jardin ou votre projet d&rsquo;am\u00e9nagement paysager avec Niagara Blue 8\/12. Commandez d\u00e8s aujourd&rsquo;hui sur Jatu.fr et profitez d&rsquo;un r\u00e9sultat magnifique en quelques jours. Vous avez des questions ou besoin de conseils sur les quantit\u00e9s ou les applications ? Notre \u00e9quipe d&rsquo;experts est pr\u00eate \u00e0 vous aider \u00e0 chaque \u00e9tape de votre projet !<\/p>\n","protected":false},"featured_media":61510,"template":"","meta":{"_acf_changed":false,"inline_featured_image":false,"footnotes":""},"product_cat":[5415],"product_tag":[6992],"class_list":{"0":"post-47183","1":"product","2":"type-product","3":"status-publish","4":"has-post-thumbnail","6":"product_cat-gravier-decoratif-gravier-et-galets","7":"product_tag-reduction-cat-2","9":"first","10":"instock","11":"taxable","12":"shipping-taxable","13":"purchasable","14":"product-type-variable"},"acf":{"woocommerce_erp_id":"6032","woocommerce_cnk_id":"200598","product_density":1.6,"custom_prices":[{"variation_id":"53727","customer_group":"CON","customer_id":"","min_qty":1,"max_qty":9999999,"steps":1,"price":219.83,"price_incl":266,"delivery_group":"COLLECT"},{"variation_id":"53727","customer_group":"CON","customer_id":"","min_qty":1,"max_qty":9999999,"steps":1,"price":219.83,"price_incl":266,"delivery_group":"DELIVERY"},{"variation_id":"53726","customer_group":"CON","customer_id":"","min_qty":1,"max_qty":9999999,"steps":1,"price":142.98,"price_incl":173,"delivery_group":"DELIVERY"},{"variation_id":"53726","customer_group":"CON","customer_id":"","min_qty":1,"max_qty":9999999,"steps":1,"price":142.98,"price_incl":173,"delivery_group":"COLLECT"},{"variation_id":"53728","customer_group":"CON","customer_id":"","min_qty":1,"max_qty":9999999,"steps":1,"price":321.49,"price_incl":389,"delivery_group":"DELIVERY"},{"variation_id":"53728","customer_group":"CON","customer_id":"","min_qty":1,"max_qty":9999999,"steps":1,"price":321.49,"price_incl":389,"delivery_group":"COLLECT"},{"variation_id":"53725","customer_group":"CON","customer_id":"","min_qty":1,"max_qty":9999999,"steps":1,"price":8.26,"price_incl":10,"delivery_group":"COLLECT"},{"variation_id":"53725","customer_group":"CON","customer_id":"","min_qty":1,"max_qty":9999999,"steps":1,"price":8.26,"price_incl":10,"delivery_group":"DELIVERY"}],"packaging_ids":[{"packaging_name":"Pi\u00e8ce","packaging_id":"7","erp_id":"5643"},{"packaging_name":"Big bag 500 kg","packaging_id":"3","erp_id":"4934"},{"packaging_name":"Big bag 1000 kg","packaging_id":"2","erp_id":"4758"},{"packaging_name":"Big bag 1500 kg","packaging_id":"4","erp_id":"4943"}],"c_lengte":"","c_breedte":"","c_hoogte":""},"_links":{"self":[{"href":"https:\/\/www.jatu.be\/fr\/wp-json\/wp\/v2\/product\/47183","targetHints":{"allow":["GET"]}}],"collection":[{"href":"https:\/\/www.jatu.be\/fr\/wp-json\/wp\/v2\/product"}],"about":[{"href":"https:\/\/www.jatu.be\/fr\/wp-json\/wp\/v2\/types\/product"}],"version-history":[{"count":3,"href":"https:\/\/www.jatu.be\/fr\/wp-json\/wp\/v2\/product\/47183\/revisions"}],"predecessor-version":[{"id":62821,"href":"https:\/\/www.jatu.be\/fr\/wp-json\/wp\/v2\/product\/47183\/revisions\/62821"}],"wp:featuredmedia":[{"embeddable":true,"href":"https:\/\/www.jatu.be\/fr\/wp-json\/wp\/v2\/media\/61510"}],"wp:attachment":[{"href":"https:\/\/www.jatu.be\/fr\/wp-json\/wp\/v2\/media?parent=47183"}],"wp:term":[{"taxonomy":"product_cat","embeddable":true,"href":"https:\/\/www.jatu.be\/fr\/wp-json\/wp\/v2\/product_cat?post=47183"},{"taxonomy":"product_tag","embeddable":true,"href":"https:\/\/www.jatu.be\/fr\/wp-json\/wp\/v2\/product_tag?post=47183"}],"curies":[{"name":"wp","href":"https:\/\/api.w.org\/{rel}","templated":true}]}}