{"id":47187,"date":"2024-01-10T11:29:36","date_gmt":"2024-01-10T10:29:36","guid":{"rendered":"https:\/\/www.jatu.be\/?post_type=product&#038;p=47187"},"modified":"2026-03-09T09:13:39","modified_gmt":"2026-03-09T08:13:39","slug":"obscura-8-11-gravier-jardin","status":"publish","type":"product","link":"https:\/\/www.jatu.be\/fr\/produit\/obscura-8-11-gravier-jardin\/","title":{"rendered":"Obscura 8\/11"},"content":{"rendered":"","protected":false},"excerpt":{"rendered":"<h2>Obscura 8\/11 \u2013 Gravier parfait pour un ext\u00e9rieur enchanteur<\/h2>\n<p>Obscura 8\/11 est le choix id\u00e9al si vous recherchez un gravier bordeaux dur, \u00e0 la fois \u00e9l\u00e9gant et fonctionnel. Avec ses nuances profondes brun-bordeaux, Obscura offre <strong>un aspect unique et raffin\u00e9<\/strong> pour vos all\u00e9es, jardins, terrasses et sentiers. Ce <a href=\"https:\/\/www.jatu.be\/fr\/categorie-produit\/gravier-et-galets\/gravier-decoratif-gravier-et-galets\/\">gravier<\/a> combine esth\u00e9tique et durabilit\u00e9, ce qui en fait une solution parfaite pour un usage intensif.<\/p>\n<h3>Gravier d\u00e9coratif de la gamme exclusive<\/h3>\n<p>Obscura 8\/11 fait partie de la <a href=\"https:\/\/www.jatu.be\/fr\/categorie-produit\/gravier-et-galets\/gravier-decoratif-gravier-et-galets\/?pa_korrelgrootte=0-100&amp;pa_toepassingen%5B%5D=6328\">gamme exclusive<\/a> de graviers d\u00e9coratifs de Jatu, une s\u00e9lection de graviers haut de gamme au design unique. Avec sa couleur envo\u00fbtante brun-bordeaux et sa durabilit\u00e9 exceptionnelle, Obscura 8\/11 donne une dimension sup\u00e9rieure \u00e0 vos projets d\u2019am\u00e9nagement ext\u00e9rieur. Ce gravier apporte une touche \u00e9l\u00e9gante et raffin\u00e9e tout en r\u00e9sistant aux charges lourdes.<\/p>\n<h3>Pourquoi choisir Obscura 8\/11 ?<\/h3>\n<ul>\n<li><strong>Teintes brun-bordeaux profondes :<\/strong> Ces teintes uniques apportent une allure luxueuse \u00e0 votre espace ext\u00e9rieur et cr\u00e9ent un magnifique contraste avec d&rsquo;autres mat\u00e9riaux, tels que des briques noires ou des \u00e9l\u00e9ments en b\u00e9ton architectural.<\/li>\n<li><strong>Aspect \u00e9l\u00e9gant :<\/strong> Gr\u00e2ce \u00e0 son format marin avec des granul\u00e9s \u00e9troitement imbriqu\u00e9s, Obscura 8\/11 d\u00e9gage une sophistication naturelle et offre un rendu harmonieux et raffin\u00e9 dans toutes les applications.<\/li>\n<li><strong>Polyvalence :<\/strong> Que vous souhaitiez am\u00e9nager une all\u00e9e, une <a href=\"https:\/\/www.jatu.be\/fr\/construction-terrasse-en-gravier-jatu-belgique\/\">terrasse<\/a>, un sentier ou une bordure d\u00e9corative, Obscura 8\/11 s&rsquo;adapte parfaitement \u00e0 toutes les utilisations, en alliant fonctionnalit\u00e9 et esth\u00e9tique \u00e9l\u00e9gante.<\/li>\n<\/ul>\n<h2>Applications d&rsquo;Obscura 8\/11<\/h2>\n<p>Obscura 8\/11 est polyvalent et convient \u00e0 diverses applications :<\/p>\n<ul>\n<li>\n<p><strong>All\u00e9es et <a href=\"https:\/\/www.jatu.be\/fr\/project\/instruction-pour-une-allee-permeable\/\">parkings<\/a> :<\/strong> Assurez une all\u00e9e stable et durable en utilisant des stabilisateurs de gravier de 4 cm. Remplissez les stabilisateurs avec une couche de 5 cm d&rsquo;Obscura 8\/11. Optez pour des <a href=\"https:\/\/www.jatu.be\/fr\/produit\/eccogravel-4-cm-gris\/\">stabilisateurs de gravier gris de 4 cm<\/a> pour un aspect \u00e9pur\u00e9 et moderne.<\/p>\n<\/li>\n<li>\n<p><strong>Terrasses et <a href=\"https:\/\/www.jatu.be\/fr\/project\/manuel-instruction-allee-de-jardin-gravier\/\">sentiers de jardin<\/a> :<\/strong> Pour des applications plus l\u00e9g\u00e8res comme les terrasses ou les sentiers de jardin, nous recommandons les <a href=\"https:\/\/www.jatu.be\/fr\/produit\/eccogravel-3-cm-gris\/\">stabilisateurs de gravier ECCOgravel de 3 cm<\/a>. Combinez-les avec des stabilisateurs gris pour une apparence \u00e9l\u00e9gante et uniforme. Remplissez les stabilisateurs avec une couche de 4 cm d&rsquo;Obscura 8\/11.<\/p>\n<\/li>\n<li>\n<p><strong>Bordures d\u00e9coratives et <a href=\"https:\/\/www.jatu.be\/fr\/categorie-produit\/couvre-sol\/\">couvre-sol<\/a> :<\/strong> Utilisez un feutre anti-mauvaises herbes et appliquez une couche de 5 cm d&rsquo;Obscura 8\/11 pour une finition soign\u00e9e. Pour maintenir le gravier en place, utilisez des <a href=\"https:\/\/www.jatu.be\/fr\/produit\/eccogravel-2-cm-blanc\/\">stabilisateurs de gravier fins<\/a>, o\u00f9 une \u00e9paisseur de 3 cm est suffisante.<\/p>\n<\/li>\n<\/ul>\n<p>Avec des stabilisateurs de gravier gris, vous ajoutez une touche moderne et \u00e9pur\u00e9e \u00e0 votre projet de jardin, tout en garantissant une fonctionnalit\u00e9 optimale.<\/p>\n<h3>Quelle quantit\u00e9 de gravier vous faut-il ?<\/h3>\n<p>Pour diff\u00e9rentes applications, des quantit\u00e9s sp\u00e9cifiques de gravier sont n\u00e9cessaires. Voici un aper\u00e7u pour planifier pr\u00e9cis\u00e9ment votre projet :<\/p>\n<ul>\n<li><strong>Pour les all\u00e9es et <a href=\"https:\/\/www.jatu.be\/fr\/project\/calculateur-allee-de-gravier\/\">parkings<\/a> :<\/strong> Utilisez une couche de 5 cm de gravier, ce qui correspond \u00e0 environ <strong>80 kg\/m\u00b2<\/strong>.<\/li>\n<li><strong>Pour les terrasses et <a href=\"https:\/\/www.jatu.be\/fr\/project\/calculateur-chemin-de-jardin-avec-gravier\/\">sentiers de jardin<\/a> :<\/strong> Utilisez une couche de 4 cm de gravier, ce qui correspond \u00e0 environ <strong>65 kg\/m\u00b2<\/strong>.<\/li>\n<li><strong>Pour les bordures d\u00e9coratives ou comme couvre-sol :<\/strong>\n<ul>\n<li>Si vous utilisez des stabilisateurs de gravier fins, une couche de 3 cm suffit, ce qui \u00e9quivaut \u00e0 environ <strong>50 kg\/m\u00b2<\/strong>.<\/li>\n<li>Avec un <a href=\"https:\/\/www.jatu.be\/fr\/categorie-produit\/anti-racine\/\">feutre anti-mauvaises herbes<\/a>, nous recommandons une couche de 5 cm, ce qui correspond \u00e0 <strong>80 kg\/m\u00b2<\/strong>.<\/li>\n<\/ul>\n<\/li>\n<\/ul>\n<p>Pour \u00e9viter tout gaspillage et savoir pr\u00e9cis\u00e9ment combien de gravier vous devez commander, utilisez notre <a href=\"https:\/\/www.jatu.be\/fr\/calculateur-de-gravier-calculer-quantite\/\">calculateur de gravier<\/a> pratique. Saisissez les dimensions de votre projet et laissez le calculateur faire le reste !<\/p>\n<h3>Formats et conditionnements disponibles<\/h3>\n<p>Obscura 8\/11 est disponible en diff\u00e9rents formats, adapt\u00e9s \u00e0 votre projet :<\/p>\n<ul>\n<li><strong>Sacs de 25 kg<\/strong> \u2013 id\u00e9al pour les petits projets ou les applications d\u00e9coratives.<\/li>\n<li><strong>Big bags de 500, 1000 ou 1500 kg<\/strong> \u2013 parfaits pour les grandes surfaces.<\/li>\n<li><strong>En vrac \u00e0 partir de 5 tonnes<\/strong> \u2013 id\u00e9al pour les grands projets, comme les all\u00e9es ou les am\u00e9nagements paysagers de grande envergure.<\/li>\n<\/ul>\n<p><strong>Conseil :<\/strong> Profitez de tarifs avantageux en retirant votre commande en vrac \u00e0 partir de 0,5 tonne !<\/p>\n<h2>Options de livraison<\/h2>\n<p>Chez Jatu, nous facilitons vos projets gr\u00e2ce \u00e0 des <a href=\"https:\/\/www.jatu.be\/fr\/specifications-de-livraison-jatu-rapide-efficace\/\">sp\u00e9cifications de livraison<\/a> simples. Les commandes \u00e0 partir de 25 kg sont livr\u00e9es partout en Belgique dans un d\u00e9lai de quatre jours ouvrables apr\u00e8s confirmation de la commande. Vous pouvez \u00e9galement opter pour le retrait \u00e0 partir de 25 kg dans l\u2019un de nos <a href=\"https:\/\/www.jatu.be\/fr\/points-de-collecte\/\">points d\u2019enl\u00e8vement<\/a>.<\/p>\n<p>Apportez une touche \u00e9l\u00e9gante \u00e0 votre jardin et choisissez <strong>Obscura 8\/11<\/strong> \u2013 commandez facilement en ligne chez Jatu !<\/p>\n","protected":false},"featured_media":61648,"template":"","meta":{"_acf_changed":false,"inline_featured_image":false,"footnotes":""},"product_cat":[5415],"product_tag":[6992],"class_list":{"0":"post-47187","1":"product","2":"type-product","3":"status-publish","4":"has-post-thumbnail","6":"product_cat-gravier-decoratif-gravier-et-galets","7":"product_tag-reduction-cat-2","9":"first","10":"instock","11":"taxable","12":"shipping-taxable","13":"purchasable","14":"product-type-variable","15":"has-default-attributes"},"acf":{"woocommerce_erp_id":"4820","woocommerce_cnk_id":"200602","product_density":1.6,"custom_prices":[{"variation_id":"53715","customer_group":"CON","customer_id":"","min_qty":1,"max_qty":9999999,"steps":1,"price":185.95,"price_incl":225,"delivery_group":"COLLECT"},{"variation_id":"53715","customer_group":"CON","customer_id":"","min_qty":1,"max_qty":9999999,"steps":1,"price":185.95,"price_incl":225,"delivery_group":"DELIVERY"},{"variation_id":"53714","customer_group":"CON","customer_id":"","min_qty":1,"max_qty":9999999,"steps":1,"price":122.31,"price_incl":148,"delivery_group":"COLLECT"},{"variation_id":"53714","customer_group":"CON","customer_id":"","min_qty":1,"max_qty":9999999,"steps":1,"price":122.31,"price_incl":148,"delivery_group":"DELIVERY"},{"variation_id":"53716","customer_group":"CON","customer_id":"","min_qty":1,"max_qty":9999999,"steps":1,"price":270.25,"price_incl":327,"delivery_group":"COLLECT"},{"variation_id":"53716","customer_group":"CON","customer_id":"","min_qty":1,"max_qty":9999999,"steps":1,"price":270.25,"price_incl":327,"delivery_group":"DELIVERY"},{"variation_id":"53713","customer_group":"CON","customer_id":"","min_qty":1,"max_qty":9999999,"steps":1,"price":6.61,"price_incl":8,"delivery_group":"COLLECT"},{"variation_id":"53713","customer_group":"CON","customer_id":"","min_qty":1,"max_qty":9999999,"steps":1,"price":6.61,"price_incl":8,"delivery_group":"DELIVERY"},{"variation_id":"53712","customer_group":"CON","customer_id":"","min_qty":0.5,"max_qty":9999999,"steps":0.1,"price":168.6,"price_incl":204,"delivery_group":"COLLECT"},{"variation_id":"53712","customer_group":"CON","customer_id":"","min_qty":5,"max_qty":9999999,"steps":0.1,"price":168.6,"price_incl":204,"delivery_group":"DELIVERY"}],"packaging_ids":[{"packaging_name":"En vrac (\u00e0 partir de tonnes)","packaging_id":"10","erp_id":"4820"},{"packaging_name":"Pi\u00e8ce","packaging_id":"7","erp_id":"5674"},{"packaging_name":"Big bag 500 kg","packaging_id":"3","erp_id":"5151"},{"packaging_name":"Big bag 1000 kg","packaging_id":"2","erp_id":"5152"},{"packaging_name":"Big bag 1500 kg","packaging_id":"4","erp_id":"5169"}],"c_lengte":"","c_breedte":"","c_hoogte":""},"_links":{"self":[{"href":"https:\/\/www.jatu.be\/fr\/wp-json\/wp\/v2\/product\/47187","targetHints":{"allow":["GET"]}}],"collection":[{"href":"https:\/\/www.jatu.be\/fr\/wp-json\/wp\/v2\/product"}],"about":[{"href":"https:\/\/www.jatu.be\/fr\/wp-json\/wp\/v2\/types\/product"}],"version-history":[{"count":7,"href":"https:\/\/www.jatu.be\/fr\/wp-json\/wp\/v2\/product\/47187\/revisions"}],"predecessor-version":[{"id":62881,"href":"https:\/\/www.jatu.be\/fr\/wp-json\/wp\/v2\/product\/47187\/revisions\/62881"}],"wp:featuredmedia":[{"embeddable":true,"href":"https:\/\/www.jatu.be\/fr\/wp-json\/wp\/v2\/media\/61648"}],"wp:attachment":[{"href":"https:\/\/www.jatu.be\/fr\/wp-json\/wp\/v2\/media?parent=47187"}],"wp:term":[{"taxonomy":"product_cat","embeddable":true,"href":"https:\/\/www.jatu.be\/fr\/wp-json\/wp\/v2\/product_cat?post=47187"},{"taxonomy":"product_tag","embeddable":true,"href":"https:\/\/www.jatu.be\/fr\/wp-json\/wp\/v2\/product_tag?post=47187"}],"curies":[{"name":"wp","href":"https:\/\/api.w.org\/{rel}","templated":true}]}}