{"id":47189,"date":"2024-01-10T11:29:38","date_gmt":"2024-01-10T10:29:38","guid":{"rendered":"https:\/\/www.jatu.be\/?post_type=product&#038;p=47189"},"modified":"2026-03-09T09:06:56","modified_gmt":"2026-03-09T08:06:56","slug":"porphyre-4-6","status":"publish","type":"product","link":"https:\/\/www.jatu.be\/fr\/produit\/porphyre-4-6\/","title":{"rendered":"Porphyre 4\/6"},"content":{"rendered":"","protected":false},"excerpt":{"rendered":"<h2>Porphyre 4\/6 : Le gravier d\u00e9coratif de qualit\u00e9 sup\u00e9rieure<\/h2>\n<p>Porphyre 4\/6 est une pierre dure form\u00e9e par le refroidissement lent du magma sous la surface de la terre. Ce processus lui donne sa grande r\u00e9sistance et ses propri\u00e9t\u00e9s uniques. Ce <a href=\"https:\/\/www.jatu.be\/fr\/categorie-produit\/gravier-et-galets\/gravier-decoratif-gravier-et-galets\/\">gravier<\/a> est extrait localement dans trois endroits en Belgique, ce qui en fait un choix \u00e9cologique. Le porphyre 4\/6 a une couleur grise naturelle qui s\u2019adapte facilement \u00e0 tout espace ext\u00e9rieur. Sa solidit\u00e9 et sa durabilit\u00e9 le rendent parfait pour de nombreuses utilisations, comme les bordures d\u00e9coratives, les all\u00e9es et les chemins de jardin.<\/p>\n<h3>Les avantages du porphyre 4\/6<\/h3>\n<ul>\n<li><b><strong>R\u00e9sistant \u00e0 l&rsquo;usure et durable<\/strong><\/b>: Le Porphyre 4\/6 est l&rsquo;un des types de gravier les plus durs et les plus r\u00e9sistants \u00e0 l&rsquo;usure sur le march\u00e9, ce qui le rend parfait pour les applications intensives telles que les <a href=\"https:\/\/www.jatu.be\/fr\/installation-allee-de-gravier\/\">all\u00e9es<\/a>\u00a0et les chemins de jardin. Il conserve sa forme et sa qualit\u00e9 m\u00eame en cas d&rsquo;utilisation prolong\u00e9e.<\/li>\n<li><b><strong>Esth\u00e9tique<\/strong><\/b>: La teinte grise naturelle du Porphyre 4\/6 d\u00e9gage une \u00e9l\u00e9gance intemporelle et s&rsquo;int\u00e8gre sans effort dans tout espace ext\u00e9rieur. Elle donne un aspect professionnel et \u00e9l\u00e9gant, \u00e0 la fois moderne et classique.<\/li>\n<li><b><strong>Rentable<\/strong><\/b>: Porphyre 4\/6 offre un excellent rapport qualit\u00e9-prix. Il allie durabilit\u00e9 et beaut\u00e9 \u00e0 un prix abordable, ce qui le rend id\u00e9al pour les petits comme pour les grands projets.<\/li>\n<li><b><strong>Production locale et respect de l&rsquo;environnement<\/strong><\/b>: Porphyre 4\/6 est extrait de trois sites belges, ce qui permet de r\u00e9duire l&#8217;empreinte \u00e9cologique. En choisissant des produits locaux, vous contribuez \u00e0 l&rsquo;utilisation de mat\u00e9riaux de construction durables et responsables.<\/li>\n<\/ul>\n<h2>Applications du porphyre 4\/6<\/h2>\n<p>Le porphyre 4\/6 est polyvalent et s\u2019adapte \u00e0 plusieurs utilisations :<\/p>\n<ul>\n<li><strong>All\u00e9es<\/strong> : Utilisez des <a href=\"https:\/\/www.jatu.be\/fr\/produit\/eccogravel-4-cm-gris\/\">stabilisateurs de gravier de 4 cm<\/a> pour une all\u00e9e stable et durable, sans risque de d\u00e9placement du gravier.<\/li>\n<li><strong>Terrasses et chemins<\/strong> : Pour les applications plus l\u00e9g\u00e8res, telles que les terrasses ou les all\u00e9es de jardin, nous recommandons d&rsquo;utiliser les tapis de gravier ECCOgravel de 3 cm. Pour une finition encore plus \u00e9l\u00e9gante, combinez-les avec <a href=\"https:\/\/www.jatu.be\/fr\/produit\/eccogravel-3-cm-gris\/\">des stabilisateurs de gravier gris<\/a>.<\/li>\n<li><strong>Bordures et paillage<\/strong> :\n<ul>\n<li>Avec une <a href=\"https:\/\/www.jatu.be\/fr\/categorie-produit\/anti-racine\/\">toile anti-racines<\/a> : Pr\u00e9voir une couche de 5 cm pour une couverture efficace et stable.<\/li>\n<li>Avec des <a href=\"https:\/\/www.jatu.be\/fr\/produit\/eccogravel-2-cm-blanc\/\">stabilisateurs fins<\/a> : Une couche de 3 cm suffit pour un rendu propre et esth\u00e9tique.<\/li>\n<\/ul>\n<\/li>\n<\/ul>\n<h3>Quelle quantit\u00e9 de porphyre 4\/6 dois-je pr\u00e9voir ?<\/h3>\n<p>Les besoins varient selon l\u2019utilisation. Gr\u00e2ce \u00e0 notre <a href=\"https:\/\/www.jatu.be\/fr\/calculateur-de-gravier-calculer-quantite\/\">calculateur de gravier<\/a>, d\u00e9terminez facilement la quantit\u00e9 qu\u2019il vous faut :<\/p>\n<ul>\n<li><strong>All\u00e9es<\/strong> : Une couche de 5 cm correspond \u00e0 <strong>80 kg\/m\u00b2<\/strong>.<\/li>\n<li><strong><a href=\"https:\/\/www.jatu.be\/fr\/project\/calculateur-terrasse-en-gravier\/\">Terrasses<\/a> et chemins<\/strong> : Une couche de 4 cm repr\u00e9sente <strong>65 kg\/m\u00b2<\/strong>.<\/li>\n<li><strong>Bordures ou paillage<\/strong> : Avec des stabilisateurs fins, utilisez une couche de 3 cm (<strong>50 kg\/m\u00b2<\/strong>). Avec une toile anti-racines, optez pour une couche de 5 cm (<strong>80 kg\/m\u00b2<\/strong>).<\/li>\n<\/ul>\n<h3>Formats et conditionnements disponibles<\/h3>\n<p>Que ce soit pour un petit projet ou un am\u00e9nagement de grande taille, le porphyre 4\/6 est disponible en :<\/p>\n<ul>\n<li><strong>Sacs de 25 kg<\/strong> : Pratique pour les petits projets.<\/li>\n<li><strong>Big bags de 500, 1000 ou 1500 kg<\/strong> : Id\u00e9al pour couvrir de plus grandes surfaces.<\/li>\n<li><strong>Vrac \u00e0 partir de 5 tonnes<\/strong> : Parfait pour des projets de grande envergure comme des all\u00e9es ou de grands espaces paysagers.<\/li>\n<\/ul>\n<p><strong>Conseil<\/strong> : B\u00e9n\u00e9ficiez de tarifs avantageux pour les retraits en vrac d\u00e8s 0,5 tonne !<\/p>\n<h2>Livraison et collecte<\/h2>\n<p>Chez Jatu, nous facilitons les choses en ce qui concerne les <a href=\"https:\/\/www.jatu.be\/fr\/specifications-de-livraison-jatu-rapide-efficace\/\">sp\u00e9cifications de livraison<\/a>. Les commandes \u00e0 partir de 25 kg sont livr\u00e9es partout en Belgique dans les quatre jours ouvrables suivant la confirmation de la commande. \u00c0 partir de 25 kg, vous pouvez \u00e9galement opter pour un enl\u00e8vement dans l&rsquo;un de nos <a href=\"https:\/\/www.jatu.be\/fr\/points-de-collecte\/\">points de collecte<\/a>.<br \/>\n<b><strong>Lancez votre projet d\u00e8s aujourd&rsquo;hui !<br \/>\n<\/strong><\/b>N&rsquo;attendez plus et donnez \u00e0 votre jardin, votre terrasse ou votre all\u00e9e l&rsquo;aspect intemporel du Porphyre 4\/6. Compl\u00e9tez votre espace ext\u00e9rieur avec ce gravier d\u00e9coratif classique et durable !<\/p>\n","protected":false},"featured_media":62775,"template":"","meta":{"_acf_changed":false,"inline_featured_image":false,"footnotes":""},"product_cat":[5415],"product_tag":[6992],"class_list":{"0":"post-47189","1":"product","2":"type-product","3":"status-publish","4":"has-post-thumbnail","6":"product_cat-gravier-decoratif-gravier-et-galets","7":"product_tag-reduction-cat-2","9":"first","10":"instock","11":"taxable","12":"shipping-taxable","13":"purchasable","14":"product-type-variable"},"acf":{"woocommerce_erp_id":"4243","woocommerce_cnk_id":"200617","product_density":1.6,"custom_prices":[{"variation_id":"53709","customer_group":"CON","customer_id":"","min_qty":1,"max_qty":9999999,"steps":1,"price":108.26,"price_incl":131,"delivery_group":"COLLECT"},{"variation_id":"53709","customer_group":"CON","customer_id":"","min_qty":1,"max_qty":9999999,"steps":1,"price":108.26,"price_incl":131,"delivery_group":"DELIVERY"},{"variation_id":"53708","customer_group":"CON","customer_id":"","min_qty":1,"max_qty":9999999,"steps":1,"price":76.03,"price_incl":92,"delivery_group":"COLLECT"},{"variation_id":"53708","customer_group":"CON","customer_id":"","min_qty":1,"max_qty":9999999,"steps":1,"price":76.03,"price_incl":92,"delivery_group":"DELIVERY"},{"variation_id":"53710","customer_group":"CON","customer_id":"","min_qty":1,"max_qty":9999999,"steps":1,"price":154.55,"price_incl":187,"delivery_group":"COLLECT"},{"variation_id":"53710","customer_group":"CON","customer_id":"","min_qty":1,"max_qty":9999999,"steps":1,"price":154.55,"price_incl":187,"delivery_group":"DELIVERY"},{"variation_id":"53707","customer_group":"CON","customer_id":"","min_qty":1,"max_qty":9999999,"steps":1,"price":4.13,"price_incl":5,"delivery_group":"COLLECT"},{"variation_id":"53707","customer_group":"CON","customer_id":"","min_qty":1,"max_qty":9999999,"steps":1,"price":4.13,"price_incl":5,"delivery_group":"DELIVERY"},{"variation_id":"53706","customer_group":"CON","customer_id":"","min_qty":0.5,"max_qty":9999999,"steps":0.1,"price":90.91,"price_incl":110,"delivery_group":"COLLECT"},{"variation_id":"53706","customer_group":"CON","customer_id":"","min_qty":5,"max_qty":9999999,"steps":0.1,"price":90.91,"price_incl":110,"delivery_group":"DELIVERY"}],"packaging_ids":[{"packaging_name":"En vrac (\u00e0 partir de tonnes)","packaging_id":"10","erp_id":"4243"},{"packaging_name":"Pi\u00e8ce","packaging_id":"7","erp_id":"5676"},{"packaging_name":"Big bag 500 kg","packaging_id":"3","erp_id":"5557"},{"packaging_name":"Big bag 1000 kg","packaging_id":"2","erp_id":"5558"},{"packaging_name":"Big bag 1500 kg","packaging_id":"4","erp_id":"5559"}],"c_lengte":"","c_breedte":"","c_hoogte":""},"_links":{"self":[{"href":"https:\/\/www.jatu.be\/fr\/wp-json\/wp\/v2\/product\/47189","targetHints":{"allow":["GET"]}}],"collection":[{"href":"https:\/\/www.jatu.be\/fr\/wp-json\/wp\/v2\/product"}],"about":[{"href":"https:\/\/www.jatu.be\/fr\/wp-json\/wp\/v2\/types\/product"}],"version-history":[{"count":5,"href":"https:\/\/www.jatu.be\/fr\/wp-json\/wp\/v2\/product\/47189\/revisions"}],"predecessor-version":[{"id":62773,"href":"https:\/\/www.jatu.be\/fr\/wp-json\/wp\/v2\/product\/47189\/revisions\/62773"}],"wp:featuredmedia":[{"embeddable":true,"href":"https:\/\/www.jatu.be\/fr\/wp-json\/wp\/v2\/media\/62775"}],"wp:attachment":[{"href":"https:\/\/www.jatu.be\/fr\/wp-json\/wp\/v2\/media?parent=47189"}],"wp:term":[{"taxonomy":"product_cat","embeddable":true,"href":"https:\/\/www.jatu.be\/fr\/wp-json\/wp\/v2\/product_cat?post=47189"},{"taxonomy":"product_tag","embeddable":true,"href":"https:\/\/www.jatu.be\/fr\/wp-json\/wp\/v2\/product_tag?post=47189"}],"curies":[{"name":"wp","href":"https:\/\/api.w.org\/{rel}","templated":true}]}}