{"id":47195,"date":"2024-01-10T11:29:45","date_gmt":"2024-01-10T10:29:45","guid":{"rendered":"https:\/\/www.jatu.be\/?post_type=product&#038;p=47195"},"modified":"2026-03-09T13:37:28","modified_gmt":"2026-03-09T12:37:28","slug":"calcaire-concasse-0-20","status":"publish","type":"product","link":"https:\/\/www.jatu.be\/fr\/produit\/calcaire-concasse-0-20\/","title":{"rendered":"Calcaire concass\u00e9 0\/20 &#8211; fondation perm\u00e9able"},"content":{"rendered":"","protected":false},"excerpt":{"rendered":"<p>Le calcaire concass\u00e9 ou \u00abgrav\u00e9\u00bb est un sous-produit du calcaire <a href=\"https:\/\/www.jatu.be\/fr\/produit\/bleu-belge-6-14\/\" target=\"_blank\" rel=\"noopener noreferrer\">bleu belge<\/a>. Il est g\u00e9n\u00e9ralement utilis\u00e9 comme rev\u00eatement temporaire ou comme <strong>mat\u00e9riau de fondation<\/strong>. Jatu recommande toujours d&rsquo;utiliser le calcaire 0\/20 comme fondation et <a href=\"https:\/\/www.jatu.be\/fr\/produit\/calcaire-concasse-0-4-materiau-de-nivellement-permeable\/\" target=\"_blank\" rel=\"noopener noreferrer\">le calcaire 0\/4<\/a> comme couche d&rsquo;\u00e9galisation sous les dalles de gravier pour une construction <strong>solide <\/strong>et <strong>perm\u00e9able \u00e0 l&rsquo;eau<\/strong> lors de l&rsquo;installation d&rsquo;une terrasse ou d&rsquo;une all\u00e9e.<\/p>\n<p>Il est moins cher, plus perm\u00e9able \u00e0 l&rsquo;eau et plus \u00e9cologique que l\u2019alternatif, le stabilis\u00e9, car il n&rsquo;y a pas de ciment utilis\u00e9.<\/p>\n<p>Le Calcaire concass\u00e9 est toujours en stock et peut \u00eatre retir\u00e9e imm\u00e9diatement dans l&rsquo;un de nos points de collecte. La livraison est possible sur demande partout en Belgique dans un d\u00e9lai de quatre jours ouvrables, tant en Big Bags qu&rsquo;en vrac. Veuillez contacter notre <a href=\"https:\/\/www.jatu.be\/fr\/contact\/\" target=\"_blank\" rel=\"noopener noreferrer\">service client\u00e8le<\/a> pour plus d&rsquo;informations.<\/p>\n","protected":false},"featured_media":50149,"template":"","meta":{"_acf_changed":false,"inline_featured_image":false,"footnotes":""},"product_cat":[5397,5413],"product_tag":[],"class_list":{"0":"post-47195","1":"product","2":"type-product","3":"status-publish","4":"has-post-thumbnail","6":"product_cat-produits-de-fondation-gravier-et-galets","7":"product_cat-terrain-de-petanque","9":"first","10":"instock","11":"taxable","12":"shipping-taxable","13":"purchasable","14":"product-type-variable","15":"has-default-attributes"},"acf":{"woocommerce_erp_id":"6034","woocommerce_cnk_id":"200647","product_density":1.8,"custom_prices":[{"variation_id":"54768","customer_group":"CON","customer_id":"","min_qty":1,"max_qty":9999999,"steps":1,"price":64.46,"price_incl":78,"delivery_group":"COLLECT"},{"variation_id":"54768","customer_group":"CON","customer_id":"","min_qty":1,"max_qty":9999999,"steps":1,"price":64.46,"price_incl":78,"delivery_group":"DELIVERY"},{"variation_id":"6213","customer_group":"CON","customer_id":"","min_qty":1,"max_qty":9999999,"steps":1,"price":47.11,"price_incl":57,"delivery_group":"DELIVERY"},{"variation_id":"6213","customer_group":"CON","customer_id":"","min_qty":1,"max_qty":9999999,"steps":1,"price":47.11,"price_incl":57,"delivery_group":"COLLECT"},{"variation_id":"54770","customer_group":"CON","customer_id":"","min_qty":1,"max_qty":9999999,"steps":1,"price":82.64,"price_incl":100,"delivery_group":"COLLECT"},{"variation_id":"54770","customer_group":"CON","customer_id":"","min_qty":1,"max_qty":9999999,"steps":1,"price":82.64,"price_incl":100,"delivery_group":"DELIVERY"},{"variation_id":"54769","customer_group":"CON","customer_id":"","min_qty":1,"max_qty":9999999,"steps":1,"price":4.13,"price_incl":5,"delivery_group":"COLLECT"},{"variation_id":"54769","customer_group":"CON","customer_id":"","min_qty":1,"max_qty":9999999,"steps":1,"price":4.13,"price_incl":5,"delivery_group":"DELIVERY"},{"variation_id":"54767","customer_group":"CON","customer_id":"","min_qty":0.5,"max_qty":9999999,"steps":0.1,"price":41.32,"price_incl":50,"delivery_group":"COLLECT"},{"variation_id":"54767","customer_group":"CON","customer_id":"","min_qty":5,"max_qty":9999999,"steps":0.1,"price":41.32,"price_incl":50,"delivery_group":"DELIVERY"}],"packaging_ids":[{"packaging_name":"En vrac (\u00e0 partir de tonnes)","packaging_id":"10","erp_id":"6034"},{"packaging_name":"Big bag 1000 kg","packaging_id":"2","erp_id":"4762"},{"packaging_name":"Pi\u00e8ce","packaging_id":"7","erp_id":"5683"},{"packaging_name":"Big bag 1500 kg","packaging_id":"4","erp_id":"4946"},{"packaging_name":"Big bag 500 kg","packaging_id":"3","erp_id":"4937"}],"c_lengte":"","c_breedte":"","c_hoogte":""},"_links":{"self":[{"href":"https:\/\/www.jatu.be\/fr\/wp-json\/wp\/v2\/product\/47195","targetHints":{"allow":["GET"]}}],"collection":[{"href":"https:\/\/www.jatu.be\/fr\/wp-json\/wp\/v2\/product"}],"about":[{"href":"https:\/\/www.jatu.be\/fr\/wp-json\/wp\/v2\/types\/product"}],"version-history":[{"count":2,"href":"https:\/\/www.jatu.be\/fr\/wp-json\/wp\/v2\/product\/47195\/revisions"}],"predecessor-version":[{"id":57369,"href":"https:\/\/www.jatu.be\/fr\/wp-json\/wp\/v2\/product\/47195\/revisions\/57369"}],"wp:featuredmedia":[{"embeddable":true,"href":"https:\/\/www.jatu.be\/fr\/wp-json\/wp\/v2\/media\/50149"}],"wp:attachment":[{"href":"https:\/\/www.jatu.be\/fr\/wp-json\/wp\/v2\/media?parent=47195"}],"wp:term":[{"taxonomy":"product_cat","embeddable":true,"href":"https:\/\/www.jatu.be\/fr\/wp-json\/wp\/v2\/product_cat?post=47195"},{"taxonomy":"product_tag","embeddable":true,"href":"https:\/\/www.jatu.be\/fr\/wp-json\/wp\/v2\/product_tag?post=47195"}],"curies":[{"name":"wp","href":"https:\/\/api.w.org\/{rel}","templated":true}]}}