{"id":47197,"date":"2024-01-10T11:29:47","date_gmt":"2024-01-10T10:29:47","guid":{"rendered":"https:\/\/www.jatu.be\/?post_type=product&#038;p=47197"},"modified":"2026-03-09T13:38:14","modified_gmt":"2026-03-09T12:38:14","slug":"calcaire-concasse-0-4","status":"publish","type":"product","link":"https:\/\/www.jatu.be\/fr\/produit\/calcaire-concasse-0-4\/","title":{"rendered":"Calcaire concass\u00e9 0\/4 &#8211; Mat\u00e9riau de nivellement perm\u00e9able"},"content":{"rendered":"","protected":false},"excerpt":{"rendered":"<p>Le calcaire concass\u00e9 ou \u00abgrav\u00e9\u00bb est un sous-produit du calcaire <a href=\"https:\/\/www.jatu.be\/fr\/produit\/bleu-belge-6-14\/\" target=\"_blank\" rel=\"noopener noreferrer\">bleu belge<\/a>. Il est g\u00e9n\u00e9ralement utilis\u00e9 comme rev\u00eatement temporaire ou comme <strong>mat\u00e9riau de fondation<\/strong>. Jatu recommande toujours d&rsquo;utiliser <a href=\"https:\/\/www.jatu.be\/fr\/produit\/calcaire-concasse-0-20-fondation-permeable\/\" target=\"_blank\" rel=\"noopener noreferrer\">le calcaire 0\/20<\/a> comme fondation et le calcaire 0\/4 comme couche d&rsquo;\u00e9galisation sous les dalles de gravier pour une construction <strong>solide <\/strong>et <strong>perm\u00e9able \u00e0 l&rsquo;eau<\/strong> lors de l&rsquo;installation d&rsquo;une terrasse ou d&rsquo;une all\u00e9e.<\/p>\n<p>Il est moins cher, plus perm\u00e9able \u00e0 l&rsquo;eau et plus \u00e9cologique que l\u2019alternatif, le stabilis\u00e9, car il n&rsquo;y a pas de ciment utilis\u00e9. Le calcaire concass\u00e9 peut \u00eatre livr\u00e9 tr\u00e8s rapidement, \u00e0 partir de 250kg dans toute la Belgique.<\/p>\n<p>Le Calcaire concass\u00e9 est toujours en stock et peut \u00eatre retir\u00e9e imm\u00e9diatement dans l&rsquo;un de nos points de collecte. <strong>La livraison<\/strong> est possible <strong>partout en Belgique<\/strong> dans un d\u00e9lai de <strong>4 jours ouvrables<\/strong>, tant en Big Bags qu&rsquo;en vrac.<\/p>\n","protected":false},"featured_media":62073,"template":"","meta":{"_acf_changed":false,"inline_featured_image":false,"footnotes":""},"product_cat":[5397],"product_tag":[],"class_list":{"0":"post-47197","1":"product","2":"type-product","3":"status-publish","4":"has-post-thumbnail","6":"product_cat-produits-de-fondation-gravier-et-galets","8":"first","9":"instock","10":"taxable","11":"shipping-taxable","12":"purchasable","13":"product-type-variable","14":"has-default-attributes"},"acf":{"woocommerce_erp_id":"6053","woocommerce_cnk_id":"200651","product_density":2,"custom_prices":[{"variation_id":"48517","customer_group":"CON","customer_id":"","min_qty":1,"max_qty":9999999,"steps":1,"price":64.46,"price_incl":78,"delivery_group":"COLLECT"},{"variation_id":"48517","customer_group":"CON","customer_id":"","min_qty":1,"max_qty":9999999,"steps":1,"price":64.46,"price_incl":78,"delivery_group":"DELIVERY"},{"variation_id":"6213","customer_group":"CON","customer_id":"","min_qty":1,"max_qty":9999999,"steps":1,"price":47.11,"price_incl":57,"delivery_group":"COLLECT"},{"variation_id":"6213","customer_group":"CON","customer_id":"","min_qty":1,"max_qty":9999999,"steps":1,"price":47.11,"price_incl":57,"delivery_group":"DELIVERY"},{"variation_id":"48712","customer_group":"CON","customer_id":"","min_qty":1,"max_qty":9999999,"steps":1,"price":84.3,"price_incl":102,"delivery_group":"COLLECT"},{"variation_id":"48712","customer_group":"CON","customer_id":"","min_qty":1,"max_qty":9999999,"steps":1,"price":84.3,"price_incl":102,"delivery_group":"DELIVERY"},{"variation_id":"48142","customer_group":"CON","customer_id":"","min_qty":1,"max_qty":9999999,"steps":1,"price":4.13,"price_incl":5,"delivery_group":"COLLECT"},{"variation_id":"48142","customer_group":"CON","customer_id":"","min_qty":1,"max_qty":9999999,"steps":1,"price":4.13,"price_incl":5,"delivery_group":"DELIVERY"},{"variation_id":"48264","customer_group":"CON","customer_id":"","min_qty":0.5,"max_qty":9999999,"steps":0.1,"price":37.19,"price_incl":45,"delivery_group":"COLLECT"},{"variation_id":"48264","customer_group":"CON","customer_id":"","min_qty":5,"max_qty":9999999,"steps":0.1,"price":37.19,"price_incl":45,"delivery_group":"DELIVERY"}],"packaging_ids":[{"packaging_name":"En vrac (\u00e0 partir de tonnes)","packaging_id":"10","erp_id":"6053"},{"packaging_name":"Pi\u00e8ce","packaging_id":"7","erp_id":"5682"},{"packaging_name":"Big bag 1000 kg","packaging_id":"2","erp_id":"4765"},{"packaging_name":"Big bag 1500 kg","packaging_id":"4","erp_id":"4950"},{"packaging_name":"Big bag 500 kg","packaging_id":"3","erp_id":"4709"}],"c_lengte":"","c_breedte":"","c_hoogte":""},"_links":{"self":[{"href":"https:\/\/www.jatu.be\/fr\/wp-json\/wp\/v2\/product\/47197","targetHints":{"allow":["GET"]}}],"collection":[{"href":"https:\/\/www.jatu.be\/fr\/wp-json\/wp\/v2\/product"}],"about":[{"href":"https:\/\/www.jatu.be\/fr\/wp-json\/wp\/v2\/types\/product"}],"version-history":[{"count":3,"href":"https:\/\/www.jatu.be\/fr\/wp-json\/wp\/v2\/product\/47197\/revisions"}],"predecessor-version":[{"id":57373,"href":"https:\/\/www.jatu.be\/fr\/wp-json\/wp\/v2\/product\/47197\/revisions\/57373"}],"wp:featuredmedia":[{"embeddable":true,"href":"https:\/\/www.jatu.be\/fr\/wp-json\/wp\/v2\/media\/62073"}],"wp:attachment":[{"href":"https:\/\/www.jatu.be\/fr\/wp-json\/wp\/v2\/media?parent=47197"}],"wp:term":[{"taxonomy":"product_cat","embeddable":true,"href":"https:\/\/www.jatu.be\/fr\/wp-json\/wp\/v2\/product_cat?post=47197"},{"taxonomy":"product_tag","embeddable":true,"href":"https:\/\/www.jatu.be\/fr\/wp-json\/wp\/v2\/product_tag?post=47197"}],"curies":[{"name":"wp","href":"https:\/\/api.w.org\/{rel}","templated":true}]}}