{"id":47201,"date":"2024-01-10T11:29:52","date_gmt":"2024-01-10T10:29:52","guid":{"rendered":"https:\/\/www.jatu.be\/?post_type=product&#038;p=47201"},"modified":"2026-03-09T09:15:54","modified_gmt":"2026-03-09T08:15:54","slug":"ardoise-noire-30-60","status":"publish","type":"product","link":"https:\/\/www.jatu.be\/fr\/produit\/ardoise-noire-30-60\/","title":{"rendered":"Ardoise Noire 30\/60"},"content":{"rendered":"","protected":false},"excerpt":{"rendered":"<p>Ardoise canadienne ou paillettes d&rsquo;ardoise, chez Jatu nous appelons cette roche Stone Rose depuis des ann\u00e9es parce qu&rsquo;elle sent tout simplement meilleur. Jatu ne distribue que la meilleure qualit\u00e9 sans oxydation. Disponible \u00e0 partir de 25 kg pour livraison ou collecte. Il suffit de commander en ligne pour \u00eatre livr\u00e9 dans les quatre jours ouvrables partout en Belgique ou de venir le chercher soi-m\u00eame \u00e0 des prix tr\u00e8s bas \u00e0 partir de 500 kg en vrac.<\/p>\n<h2>Quels sont les avantages de l&rsquo;ardoise ?<\/h2>\n<p>Deux avantages majeurs sont associ\u00e9s au Canadian Slate ou Paillettes d&rsquo;Ardoise Elle est neutre en pH et elle ne pourrit pas comme de l&rsquo;\u00e9corce. C&rsquo;est un sous-produit lors de la fabrication de carrelages et de tuiles, mais compte tenu de l&rsquo;usinabilit\u00e9 de ce type de roche, il est \u00e9galement souvent utilis\u00e9 par les artistes pour sculpter. Ses nuances typiques de tons gris et noirs sont souvent combin\u00e9es avec une certaine degr\u00e9e d&rsquo;oxydation (couleur de la rouille), bien que l&rsquo;Ardoise est \u00e9galement disponible dans une douce couleur pourpre. Jatu ne fourni que la meilleure qualit\u00e9 sans oxydation.<\/p>\n","protected":false},"featured_media":62020,"template":"","meta":{"_acf_changed":false,"inline_featured_image":false,"footnotes":""},"product_cat":[5411],"product_tag":[],"class_list":{"0":"post-47201","1":"product","2":"type-product","3":"status-publish","4":"has-post-thumbnail","6":"product_cat-ardoise-couverture-vegetales","8":"first","9":"instock","10":"taxable","11":"shipping-taxable","12":"purchasable","13":"product-type-variable","14":"has-default-attributes"},"acf":{"woocommerce_erp_id":"5339","woocommerce_cnk_id":"200684","product_density":1.5,"custom_prices":[{"variation_id":"53895","customer_group":"CON","customer_id":"","min_qty":1,"max_qty":9999999,"steps":1,"price":242.15,"price_incl":293,"delivery_group":"COLLECT"},{"variation_id":"53895","customer_group":"CON","customer_id":"","min_qty":1,"max_qty":9999999,"steps":1,"price":242.15,"price_incl":293,"delivery_group":"DELIVERY"},{"variation_id":"53898","customer_group":"CON","customer_id":"","min_qty":1,"max_qty":9999999,"steps":1,"price":155.37,"price_incl":188,"delivery_group":"COLLECT"},{"variation_id":"53898","customer_group":"CON","customer_id":"","min_qty":1,"max_qty":9999999,"steps":1,"price":155.37,"price_incl":188,"delivery_group":"DELIVERY"},{"variation_id":"6215","customer_group":"CON","customer_id":"","min_qty":1,"max_qty":9999999,"steps":1,"price":353.72,"price_incl":428,"delivery_group":"COLLECT"},{"variation_id":"6215","customer_group":"CON","customer_id":"","min_qty":1,"max_qty":9999999,"steps":1,"price":353.72,"price_incl":428,"delivery_group":"DELIVERY"},{"variation_id":"6221","customer_group":"CON","customer_id":"","min_qty":1,"max_qty":9999999,"steps":1,"price":8.26,"price_incl":10,"delivery_group":"COLLECT"},{"variation_id":"6221","customer_group":"CON","customer_id":"","min_qty":1,"max_qty":9999999,"steps":1,"price":8.26,"price_incl":10,"delivery_group":"DELIVERY"},{"variation_id":"6227","customer_group":"CON","customer_id":"","min_qty":0.5,"max_qty":9999999,"steps":0.1,"price":224.79,"price_incl":272,"delivery_group":"COLLECT"},{"variation_id":"6227","customer_group":"CON","customer_id":"","min_qty":5,"max_qty":9999999,"steps":0.1,"price":224.79,"price_incl":272,"delivery_group":"DELIVERY"}],"packaging_ids":[{"packaging_name":"En vrac (\u00e0 partir de tonnes)","packaging_id":"10","erp_id":"5339"},{"packaging_name":"Pi\u00e8ce","packaging_id":"7","erp_id":"5681"},{"packaging_name":"Big bag 1500 kg","packaging_id":"4","erp_id":"5565"},{"packaging_name":"Big bag 1000 kg","packaging_id":"2","erp_id":"5563"},{"packaging_name":"Big bag 500 kg","packaging_id":"3","erp_id":"5562"}],"c_lengte":"","c_breedte":"","c_hoogte":""},"_links":{"self":[{"href":"https:\/\/www.jatu.be\/fr\/wp-json\/wp\/v2\/product\/47201","targetHints":{"allow":["GET"]}}],"collection":[{"href":"https:\/\/www.jatu.be\/fr\/wp-json\/wp\/v2\/product"}],"about":[{"href":"https:\/\/www.jatu.be\/fr\/wp-json\/wp\/v2\/types\/product"}],"version-history":[{"count":3,"href":"https:\/\/www.jatu.be\/fr\/wp-json\/wp\/v2\/product\/47201\/revisions"}],"predecessor-version":[{"id":57956,"href":"https:\/\/www.jatu.be\/fr\/wp-json\/wp\/v2\/product\/47201\/revisions\/57956"}],"wp:featuredmedia":[{"embeddable":true,"href":"https:\/\/www.jatu.be\/fr\/wp-json\/wp\/v2\/media\/62020"}],"wp:attachment":[{"href":"https:\/\/www.jatu.be\/fr\/wp-json\/wp\/v2\/media?parent=47201"}],"wp:term":[{"taxonomy":"product_cat","embeddable":true,"href":"https:\/\/www.jatu.be\/fr\/wp-json\/wp\/v2\/product_cat?post=47201"},{"taxonomy":"product_tag","embeddable":true,"href":"https:\/\/www.jatu.be\/fr\/wp-json\/wp\/v2\/product_tag?post=47201"}],"curies":[{"name":"wp","href":"https:\/\/api.w.org\/{rel}","templated":true}]}}