{"id":47205,"date":"2024-01-10T11:29:56","date_gmt":"2024-01-10T10:29:56","guid":{"rendered":"https:\/\/www.jatu.be\/?post_type=product&#038;p=47205"},"modified":"2026-03-09T09:09:53","modified_gmt":"2026-03-09T08:09:53","slug":"yellow-sun-8-11","status":"publish","type":"product","link":"https:\/\/www.jatu.be\/fr\/produit\/yellow-sun-8-11\/","title":{"rendered":"Yellow Sun 8\/11"},"content":{"rendered":"","protected":false},"excerpt":{"rendered":"<h2>Yellow Sun 8\/11 &#8211; Gravier d\u00e9coratif \u00e9clatant avec une apparence chaude et ensoleill\u00e9e<\/h2>\n<p>Yellow Sun 8\/11 est un gravier unique et remarquable qui apporte une ambiance joyeuse et m\u00e9diterran\u00e9enne \u00e0 votre jardin ou projet paysager. Ce <a href=\"https:\/\/www.jatu.be\/fr\/categorie-produit\/gravier-et-galets\/gravier-decoratif-gravier-et-galets\/\">gravier<\/a>, fabriqu\u00e9 \u00e0 partir de calcaire pur et dur, se distingue par sa <strong>teinte jaune-dor\u00e9e \u00e9clatante<\/strong> et luxueuse. Il est l&rsquo;ajout parfait pour votre espace ext\u00e9rieur et apporte une finition \u00e9l\u00e9gante \u00e0 tout projet.<\/p>\n<h3>Pourquoi choisir Yellow Sun 8\/11 ?<\/h3>\n<ul>\n<li>\n<p><strong>Couleur durable<\/strong> : la couleur riche et chaude du Yellow Sun 8\/11 dure des ann\u00e9es, m\u00eame en cas d&rsquo;utilisation intensive. Gr\u00e2ce \u00e0 la composition min\u00e9rale naturelle du gravier, il r\u00e9siste \u00e0 la d\u00e9coloration due aux rayons UV et aux autres influences m\u00e9t\u00e9orologiques. Cette durabilit\u00e9 en fait un choix id\u00e9al pour les applications esth\u00e9tiques et fonctionnelles dans le jardin et le paysage.<\/p>\n<\/li>\n<li>\n<p><strong>Effet marbr\u00e9<\/strong> : L&rsquo;effet marbr\u00e9 unique du gravier Yellow Sun 8\/11 donne \u00e0 votre jardin un aspect \u00e9l\u00e9gant et luxueux. Les variations subtiles de teinte et de texture refl\u00e8tent la lumi\u00e8re de diff\u00e9rentes mani\u00e8res, cr\u00e9ant un effet dynamique et \u00e9l\u00e9gant. Ce gravier est donc particuli\u00e8rement adapt\u00e9 aux all\u00e9es de jardin d\u00e9coratives et aux accents accrocheurs dans l&rsquo;am\u00e9nagement paysager.<\/p>\n<\/li>\n<li>\n<p><strong>Polyvalent<\/strong> : Le Yellow Sun 8\/11 est suffisamment polyvalent pour \u00eatre utilis\u00e9 dans un grand nombre de projets. Il est id\u00e9al pour construire des <a href=\"https:\/\/www.jatu.be\/fr\/project\/instruction-pour-une-allee-permeable\/\">all\u00e9es<\/a>\u00a0qui doivent \u00eatre \u00e0 la fois robustes et attrayantes. Pour les all\u00e9es de jardin, il offre une surface de marche stable mais charmante. En outre, il est \u00e9galement excellent pour les bordures o\u00f9 le contraste avec le vert des plantes met en valeur la couleur. Son utilisation dans les zones d\u00e9coratives peut aider \u00e0 distinguer visuellement les diff\u00e9rentes parties du jardin et \u00e0 cr\u00e9er un sentiment de beaut\u00e9 ordonn\u00e9e.<\/p>\n<\/li>\n<\/ul>\n<h2>Utilisation du Yellow Sun 8\/11<\/h2>\n<ul>\n<li>\n<p><strong>Pour all\u00e9es et chemins<\/strong> : assurez une surface ferme en nivelant et en compactant bien pour assurer la stabilit\u00e9. Utilisez des tapis de gravier sous le gravier Yellow Sun 8\/11 pour \u00e9viter l&rsquo;affaissement et l&rsquo;orni\u00e9rage. Ces tapis maintiennent le gravier bien r\u00e9parti et contribuent \u00e0 une surface belle et fonctionnelle \u00e0 long terme.<\/p>\n<\/li>\n<li>\n<p><strong>Utilisation d\u2019un g\u00e9otextile<\/strong> : Placez une toile racinaire sous le gravier, mais ceci est surtout utile pour les bordures ornementales qui ne sont pas pi\u00e9tin\u00e9es. La toile permet de garder le gravier propre et net et r\u00e9duit la n\u00e9cessit\u00e9 d&rsquo;un entretien fr\u00e9quent. Pour ces <a href=\"https:\/\/www.jatu.be\/fr\/categorie-produit\/bordures-de-jardin\/\">bordures<\/a> ornementales, vous pouvez \u00e9galement utiliser une bordure, par exemple en <a href=\"https:\/\/www.jatu.be\/fr\/categorie-produit\/bordures-de-jardin\/acier-corten-bordures-de-jardin\/\">acier corten<\/a>, qui prend une belle couleur rouille et offre un aspect naturel.<\/p>\n<\/li>\n<li>\n<p><strong>Entretien<\/strong> : Ratissez r\u00e9guli\u00e8rement le gravier pour qu&rsquo;il soit bien r\u00e9parti. Vous \u00e9viterez ainsi que la salet\u00e9 ne s&rsquo;accumule et ne compacte le gravier. Un entretien r\u00e9gulier garantit que votre surface de gravier est toujours bien entretenue et prolonge la dur\u00e9e de vie du chemin ou de l&rsquo;all\u00e9e.<\/p>\n<\/li>\n<\/ul>\n<h3>De combien de gravier avez-vous besoin ?<\/h3>\n<p>La quantit\u00e9 exacte de gravier d\u00e9pend des stabilisateurs de gravier et de l\u2019\u00e9paisseur souhait\u00e9e de la couche. Voici quelques recommandations :<\/p>\n<ul>\n<li>\n<p><a href=\"https:\/\/www.jatu.be\/fr\/produit\/eccogravel-4-cm-blanc\/\">Stabilisateurs de 4 cm<\/a> : Pour une couche de gravier de 5 cm, vous aurez besoin d&rsquo;environ <strong>80 kg par m\u00b2<\/strong>.<\/p>\n<\/li>\n<li>\n<p><a href=\"https:\/\/www.jatu.be\/fr\/produit\/eccogravel-3-cm-blanc\/\">Stabilisateurs de 3 cm<\/a> : Pour une couche de 4 cm, cela correspond \u00e0 environ <strong>65 kg par m\u00b2<\/strong>.<\/p>\n<\/li>\n<li>\n<p><a href=\"https:\/\/www.jatu.be\/fr\/produit\/eccogravel-2-cm-blanc\/\">Stabilisateurs de 2 cm<\/a> : Pour une couche de 3 cm, utilisez environ <strong>50 kg par m\u00b2<\/strong>.<\/p>\n<\/li>\n<\/ul>\n<p>Vous ne savez pas exactement combien de gravier il vous faut ? Avec notre <a href=\"https:\/\/www.jatu.be\/fr\/calculateur-de-gravier-calculer-quantite\/\">calculateur de gravier<\/a>, vous pouvez rapidement et facilement estimer la quantit\u00e9 n\u00e9cessaire pour votre projet. Commandez toujours la bonne quantit\u00e9, sans gaspillage !<\/p>\n<h3>Conditionnements disponibles et granulom\u00e9tries<\/h3>\n<ul>\n<li>\n<p><strong>Sacs de 25 kg<\/strong> \u2013 Id\u00e9al pour les petits projets ou applications d\u00e9coratives.<\/p>\n<\/li>\n<li>\n<p><strong>Big bags de 500, 1000 ou 1500 kg<\/strong> \u2013 Parfait pour les grandes surfaces.<\/p>\n<\/li>\n<li>\n<p><strong>Livraison en vrac \u00e0 partir de 5 tonnes<\/strong> \u2013 Id\u00e9al pour les grands projets tels que des all\u00e9es ou am\u00e9nagements paysagers.<\/p>\n<\/li>\n<\/ul>\n<p><strong>Conseil<\/strong>: Profitez de tarifs avantageux pour l\u2019enl\u00e8vement \u00e0 partir de 0,5 tonne en vrac !<\/p>\n<h2>Options de livraison<\/h2>\n<p>Chez Jatu, nous simplifions vos <a href=\"https:\/\/www.jatu.be\/fr\/specifications-de-livraison-jatu-rapide-efficace\/\">sp\u00e9cifications de livraison<\/a>. Les commandes \u00e0 partir de 25 kg sont livr\u00e9es dans toute la Belgique dans un d\u00e9lai de quatre jours ouvrables apr\u00e8s la confirmation de commande. Vous pouvez \u00e9galement opter pour un retrait \u00e0 partir de 25 kg dans l\u2019un de nos <a href=\"https:\/\/www.jatu.be\/fr\/points-de-collecte\/\">points de retrait<\/a>.<\/p>\n<h4>Donnez vie \u00e0 votre jardin !<\/h4>\n<p>Apportez \u00e0 votre jardin ou projet paysager une apparence lumineuse et ensoleill\u00e9e avec Yellow Sun 8\/11. Commandez d\u00e8s aujourd&rsquo;hui sur Jatu.be et profitez en quelques jours d&rsquo;un r\u00e9sultat qui transformera votre espace ext\u00e9rieur. <a href=\"https:\/\/www.jatu.be\/fr\/contact\/\">Vous avez des questions ou besoin de conseils<\/a> sur les quantit\u00e9s ou les applications ? Notre \u00e9quipe d&rsquo;experts est pr\u00eate \u00e0 vous accompagner \u00e0 chaque \u00e9tape de votre projet !<\/p>\n","protected":false},"featured_media":61810,"template":"","meta":{"_acf_changed":false,"inline_featured_image":false,"footnotes":""},"product_cat":[5415],"product_tag":[6992],"class_list":{"0":"post-47205","1":"product","2":"type-product","3":"status-publish","4":"has-post-thumbnail","6":"product_cat-gravier-decoratif-gravier-et-galets","7":"product_tag-reduction-cat-2","9":"first","10":"instock","11":"taxable","12":"shipping-taxable","13":"purchasable","14":"product-type-variable"},"acf":{"woocommerce_erp_id":"4409","woocommerce_cnk_id":"200704","product_density":1.6,"custom_prices":[{"variation_id":"53691","customer_group":"CON","customer_id":"","min_qty":1,"max_qty":9999999,"steps":1,"price":155.37,"price_incl":188,"delivery_group":"COLLECT"},{"variation_id":"53691","customer_group":"CON","customer_id":"","min_qty":1,"max_qty":9999999,"steps":1,"price":155.37,"price_incl":188,"delivery_group":"DELIVERY"},{"variation_id":"53690","customer_group":"CON","customer_id":"","min_qty":1,"max_qty":9999999,"steps":1,"price":104.13,"price_incl":126,"delivery_group":"COLLECT"},{"variation_id":"53690","customer_group":"CON","customer_id":"","min_qty":1,"max_qty":9999999,"steps":1,"price":104.13,"price_incl":126,"delivery_group":"DELIVERY"},{"variation_id":"53692","customer_group":"CON","customer_id":"","min_qty":1,"max_qty":9999999,"steps":1,"price":223.97,"price_incl":271,"delivery_group":"COLLECT"},{"variation_id":"53692","customer_group":"CON","customer_id":"","min_qty":1,"max_qty":9999999,"steps":1,"price":223.97,"price_incl":271,"delivery_group":"DELIVERY"},{"variation_id":"53689","customer_group":"CON","customer_id":"","min_qty":1,"max_qty":9999999,"steps":1,"price":5.79,"price_incl":7,"delivery_group":"COLLECT"},{"variation_id":"53689","customer_group":"CON","customer_id":"","min_qty":1,"max_qty":9999999,"steps":1,"price":5.79,"price_incl":7,"delivery_group":"DELIVERY"},{"variation_id":"53688","customer_group":"CON","customer_id":"","min_qty":0.5,"max_qty":9999999,"steps":0.1,"price":128.1,"price_incl":155,"delivery_group":"COLLECT"},{"variation_id":"53688","customer_group":"CON","customer_id":"","min_qty":5,"max_qty":9999999,"steps":0.1,"price":128.1,"price_incl":155,"delivery_group":"DELIVERY"}],"packaging_ids":[{"packaging_name":"En vrac (\u00e0 partir de tonnes)","packaging_id":"10","erp_id":"4409"},{"packaging_name":"Pi\u00e8ce","packaging_id":"7","erp_id":"5689"},{"packaging_name":"Big bag 500 kg","packaging_id":"3","erp_id":"4717"},{"packaging_name":"Big bag 1000 kg","packaging_id":"2","erp_id":"4774"},{"packaging_name":"Big bag 1500 kg","packaging_id":"4","erp_id":"4961"}],"c_lengte":"","c_breedte":"","c_hoogte":""},"_links":{"self":[{"href":"https:\/\/www.jatu.be\/fr\/wp-json\/wp\/v2\/product\/47205","targetHints":{"allow":["GET"]}}],"collection":[{"href":"https:\/\/www.jatu.be\/fr\/wp-json\/wp\/v2\/product"}],"about":[{"href":"https:\/\/www.jatu.be\/fr\/wp-json\/wp\/v2\/types\/product"}],"version-history":[{"count":6,"href":"https:\/\/www.jatu.be\/fr\/wp-json\/wp\/v2\/product\/47205\/revisions"}],"predecessor-version":[{"id":63098,"href":"https:\/\/www.jatu.be\/fr\/wp-json\/wp\/v2\/product\/47205\/revisions\/63098"}],"wp:featuredmedia":[{"embeddable":true,"href":"https:\/\/www.jatu.be\/fr\/wp-json\/wp\/v2\/media\/61810"}],"wp:attachment":[{"href":"https:\/\/www.jatu.be\/fr\/wp-json\/wp\/v2\/media?parent=47205"}],"wp:term":[{"taxonomy":"product_cat","embeddable":true,"href":"https:\/\/www.jatu.be\/fr\/wp-json\/wp\/v2\/product_cat?post=47205"},{"taxonomy":"product_tag","embeddable":true,"href":"https:\/\/www.jatu.be\/fr\/wp-json\/wp\/v2\/product_tag?post=47205"}],"curies":[{"name":"wp","href":"https:\/\/api.w.org\/{rel}","templated":true}]}}