{"id":47211,"date":"2024-01-10T11:30:03","date_gmt":"2024-01-10T10:30:03","guid":{"rendered":"https:\/\/www.jatu.be\/?post_type=product&#038;p=47211"},"modified":"2026-03-09T09:19:01","modified_gmt":"2026-03-09T08:19:01","slug":"eccogravel-2-cm-blanc","status":"publish","type":"product","link":"https:\/\/www.jatu.be\/fr\/produit\/eccogravel-2-cm-blanc\/","title":{"rendered":"ECCOgravel 2cm &#8211; Stabilisation de gravier pour les all\u00e9es de jardin"},"content":{"rendered":"","protected":false},"excerpt":{"rendered":"<h2>Stabilisation de gravier pour les all\u00e9es de jardin ou les jardins de devant<\/h2>\n<p>Les dalles stabilisatrices <a target=\"_new\" rel=\"noreferrer noopener\">ECCOgravel 20D<\/a> sont sp\u00e9cialement con\u00e7ues pour des <strong>applications l\u00e9g\u00e8res.<\/strong> Ces dalles stabilisatrices \u00e9conomiques sont parfaites pour les all\u00e9es de jardin et les jardins de devant avec du gravier d\u00e9coratif. Elles sont id\u00e9ales pour les zones qui doivent rester faciles d&rsquo;entretien et les parties de votre jardin que vous souhaitez am\u00e9nager \u00e0 moindre co\u00fbt.<\/p>\n<p>Si vous recherchez une stabilisation du gravier pour une utilisation plus intensive, comme les terrasses ou les all\u00e9es, vous devriez choisir <a href=\"https:\/\/www.jatu.be\/fr\/produit\/eccogravel-3-cm-blanc\/\"><strong>ECCOgravel 30D<\/strong><\/a> ou <a href=\"https:\/\/www.jatu.be\/fr\/produit\/dalles-de-gravier-pour-allees-eccogravel-4-cm-hdpe-blanc\/\"><strong>ECCOgravel 40D<\/strong>.<\/a> Ces dalles stabilisatrices sont id\u00e9ales pour un jardin de devant propre avec du gravier d\u00e9coratif, <strong>n\u00e9cessitant peu d&rsquo;entretien.<\/strong><\/p>\n<h2>Stabilisations de graviers aux meilleurs prix<\/h2>\n<p>Gr\u00e2ce \u00e0 leur hauteur r\u00e9duite de seulement 2 cm, il suffit de les remplir avec 3 cm de gravier. Vous \u00e9conomisez donc deux fois, car ce sont nos dalles stabilisatrices les moins ch\u00e8res et vous avez besoin de moins de gravier pour les remplir. Environ 50 kg\/m\u00b2 sont amplement suffisants pour remplir ces dalles stabilisatrices fines jusqu&rsquo;\u00e0 1 cm au-dessus de la dalle.<\/p>\n<h2>Acheter des stabilisations de gravier abordables<\/h2>\n<p>Ces <strong>stabilisations\u00a0de gravier<\/strong> les plus <strong>\u00e9conomiques <\/strong>sont faciles \u00e0 commander en ligne par m\u00b2.\u00a0Pour la livraison des tapis de gravier ECCOgravel 20D, la quantit\u00e9 minimale de commande est de 10 m\u00b2. Le d\u00e9lai de <strong>livraison<\/strong> est de quatre jours ouvrables, partout en Belgique. Ils sont imm\u00e9diatement disponibles pour la collecte dans tous nos<a href=\"https:\/\/www.jatu.be\/fr\/points-de-collecte\/\"><strong> points de collecte<\/strong><\/a>. Il n&rsquo;y a pas de quantit\u00e9 minimale de commande.<\/p>\n<h3>Information produit:<\/h3>\n<ul>\n<li>Stabilisation de gravier en PEHD<\/li>\n<li>Stabilisation de gravier bon march\u00e9<\/li>\n<li>Applications : Jardins de devant et applications l\u00e9g\u00e8res<\/li>\n<li>Y compris la toison synth\u00e9tique (repoussant les mauvaises herbes)<\/li>\n<li>Gravier 50kg\/m\u00b2<\/li>\n<\/ul>\n","protected":false},"featured_media":49979,"template":"","meta":{"_acf_changed":false,"inline_featured_image":false,"footnotes":""},"product_cat":[5403,5401],"product_tag":[],"class_list":{"0":"post-47211","1":"product","2":"type-product","3":"status-publish","4":"has-post-thumbnail","6":"product_cat-gravier-et-galets","7":"product_cat-stabilisateurs-de-gravier-gravier-et-galets","9":"first","10":"instock","11":"taxable","12":"shipping-taxable","13":"purchasable","14":"product-type-variable","15":"has-default-attributes"},"acf":{"woocommerce_erp_id":"5888","woocommerce_cnk_id":"200713","product_density":0.96,"custom_prices":[{"variation_id":"54771","customer_group":"CON","customer_id":"","min_qty":0.96,"max_qty":9999999,"steps":0.96,"price":11.57,"price_incl":14,"delivery_group":"COLLECT"},{"variation_id":"54771","customer_group":"CON","customer_id":"","min_qty":0.96,"max_qty":9999999,"steps":0.96,"price":11.57,"price_incl":14,"delivery_group":"DELIVERY"}],"packaging_ids":[{"packaging_name":"m\u00b2","packaging_id":"8","erp_id":"5888"}],"c_lengte":"","c_breedte":"","c_hoogte":""},"_links":{"self":[{"href":"https:\/\/www.jatu.be\/fr\/wp-json\/wp\/v2\/product\/47211","targetHints":{"allow":["GET"]}}],"collection":[{"href":"https:\/\/www.jatu.be\/fr\/wp-json\/wp\/v2\/product"}],"about":[{"href":"https:\/\/www.jatu.be\/fr\/wp-json\/wp\/v2\/types\/product"}],"version-history":[{"count":6,"href":"https:\/\/www.jatu.be\/fr\/wp-json\/wp\/v2\/product\/47211\/revisions"}],"predecessor-version":[{"id":65897,"href":"https:\/\/www.jatu.be\/fr\/wp-json\/wp\/v2\/product\/47211\/revisions\/65897"}],"wp:featuredmedia":[{"embeddable":true,"href":"https:\/\/www.jatu.be\/fr\/wp-json\/wp\/v2\/media\/49979"}],"wp:attachment":[{"href":"https:\/\/www.jatu.be\/fr\/wp-json\/wp\/v2\/media?parent=47211"}],"wp:term":[{"taxonomy":"product_cat","embeddable":true,"href":"https:\/\/www.jatu.be\/fr\/wp-json\/wp\/v2\/product_cat?post=47211"},{"taxonomy":"product_tag","embeddable":true,"href":"https:\/\/www.jatu.be\/fr\/wp-json\/wp\/v2\/product_tag?post=47211"}],"curies":[{"name":"wp","href":"https:\/\/api.w.org\/{rel}","templated":true}]}}