{"id":47213,"date":"2024-01-10T11:30:05","date_gmt":"2024-01-10T10:30:05","guid":{"rendered":"https:\/\/www.jatu.be\/?post_type=product&#038;p=47213"},"modified":"2026-03-09T09:21:19","modified_gmt":"2026-03-09T08:21:19","slug":"eccogravel-3-cm-gris","status":"publish","type":"product","link":"https:\/\/www.jatu.be\/fr\/produit\/eccogravel-3-cm-gris\/","title":{"rendered":"Dalles de Gravier pour terrasse &#8211; ECCOgravel 3cm HDPE Gris"},"content":{"rendered":"","protected":false},"excerpt":{"rendered":"<h2>Transformez votre espace ext\u00e9rieur avec les dalles de gravier ECCOgravel<\/h2>\n<p>Les dalles de gravier ECCOgravel 3cm HDPE en gris sont un choix parfait pour ceux qui cherchent une solution durable, peu exigeante en entretien et perm\u00e9able \u00e0 l&rsquo;eau pour les terrasses, les sentiers p\u00e9destres ou les pistes cyclables. Ces dalles de gravier, fabriqu\u00e9es en poly\u00e9thyl\u00e8ne haute densit\u00e9 (HDPE) \u00e0 100%, ne sont pas seulement r\u00e9sistantes aux UV, mais aussi aux basses temp\u00e9ratures jusqu&rsquo;\u00e0 -20 \u00b0C, assurant ainsi une longue dur\u00e9e de vie et une fiabilit\u00e9 dans diverses conditions m\u00e9t\u00e9orologiques.<\/p>\n<h2>Durabilit\u00e9 et facilit\u00e9 d&rsquo;entretien : optez pour la qualit\u00e9<\/h2>\n<p>Chaque dalle mesure 1,6 m\u00e8tre de long et 1,2 m\u00e8tre de large, couvrant une surface de 1,92 m\u00b2. Leur design unique en nid d&rsquo;abeille, avec un diam\u00e8tre de 43 mm, assure une apparence naturelle et soign\u00e9e des zones am\u00e9nag\u00e9es. Ces dalles sont facilement divisibles en parties plus petites de 80 cm, ce qui les rend flexibles pour divers projets.<\/p>\n<h2><strong>I<\/strong>nstallation facile et application polyvalente<\/h2>\n<p>Ces dalles sont souvent combin\u00e9es avec <a href=\"https:\/\/www.jatu.be\/fr\/produit\/pots-de-marquage-eccogravel-blanc\/\">des rep\u00e8res de stationnement<\/a> blancs ou noirs pour une indication simple des places de parking, offrant une fonctionnalit\u00e9 suppl\u00e9mentaire. Pour un substrat optimal, une couche de fondation recommand\u00e9e est de la <a href=\"https:\/\/www.jatu.be\/fr\/produit\/calcaire-concasse-0-4-materiau-de-nivellement-permeable\/\">pierre calcaire concass\u00e9e 0\/4<\/a> avec un poids sp\u00e9cifique de 2 tonnes\/m\u00b3. Pour l&rsquo;am\u00e9nagement de terrasses, de sentiers p\u00e9destres ou de pistes cyclables, une couche de 10 cm d&rsquo;\u00e9paisseur est conseill\u00e9e, ce qui \u00e9quivaut \u00e0 200 kg\/m\u00b2.<\/p>\n<h2>Caract\u00e9ristiques de conception innovantes pour une durabilit\u00e9 maximale<\/h2>\n<p>De plus, ces dalles de gravier sont \u00e9quip\u00e9es d&rsquo;un feutre synth\u00e9tique fix\u00e9 en dessous, contribuant \u00e0 la croissance des racines et \u00e0 la stabilit\u00e9 de la dalle. Cela fait des dalles de gravier ECCOgravel 3cm HDPE un choix id\u00e9al pour les projets o\u00f9 la durabilit\u00e9 et l&rsquo;esth\u00e9tique sont importantes.<\/p>\n<h2>Commandez d\u00e8s aujourd&rsquo;hui sur Jatu.be pour une livraison rapide<\/h2>\n<p>Chez Jatu.be, ces dalles de gravier sont disponibles imm\u00e9diatement et peuvent \u00eatre facilement command\u00e9es en ligne, m\u00eame sans compte. Avec une livraison rapide dans les 4 jours ouvrables suivant la confirmation de commande et la possibilit\u00e9 de payer avec Klarna, Jatu.be offre commodit\u00e9 et flexibilit\u00e9 \u00e0 ses clients.<\/p>\n","protected":false},"featured_media":50018,"template":"","meta":{"_acf_changed":false,"inline_featured_image":false,"footnotes":""},"product_cat":[5401],"product_tag":[],"class_list":{"0":"post-47213","1":"product","2":"type-product","3":"status-publish","4":"has-post-thumbnail","6":"product_cat-stabilisateurs-de-gravier-gravier-et-galets","8":"first","9":"instock","10":"taxable","11":"shipping-taxable","12":"purchasable","13":"product-type-variable","14":"has-default-attributes"},"acf":{"woocommerce_erp_id":"6287","woocommerce_cnk_id":"200714","product_density":1.92,"custom_prices":[{"variation_id":"54772","customer_group":"CON","customer_id":"","min_qty":1.92,"max_qty":9999999,"steps":1.92,"price":12.4,"price_incl":15,"delivery_group":"COLLECT"},{"variation_id":"54772","customer_group":"CON","customer_id":"","min_qty":1.92,"max_qty":9999999,"steps":1.92,"price":12.4,"price_incl":15,"delivery_group":"DELIVERY"}],"packaging_ids":[{"packaging_name":"m\u00b2","packaging_id":"8","erp_id":"6287"}],"c_lengte":"","c_breedte":"","c_hoogte":""},"_links":{"self":[{"href":"https:\/\/www.jatu.be\/fr\/wp-json\/wp\/v2\/product\/47213","targetHints":{"allow":["GET"]}}],"collection":[{"href":"https:\/\/www.jatu.be\/fr\/wp-json\/wp\/v2\/product"}],"about":[{"href":"https:\/\/www.jatu.be\/fr\/wp-json\/wp\/v2\/types\/product"}],"version-history":[{"count":7,"href":"https:\/\/www.jatu.be\/fr\/wp-json\/wp\/v2\/product\/47213\/revisions"}],"predecessor-version":[{"id":63944,"href":"https:\/\/www.jatu.be\/fr\/wp-json\/wp\/v2\/product\/47213\/revisions\/63944"}],"wp:featuredmedia":[{"embeddable":true,"href":"https:\/\/www.jatu.be\/fr\/wp-json\/wp\/v2\/media\/50018"}],"wp:attachment":[{"href":"https:\/\/www.jatu.be\/fr\/wp-json\/wp\/v2\/media?parent=47213"}],"wp:term":[{"taxonomy":"product_cat","embeddable":true,"href":"https:\/\/www.jatu.be\/fr\/wp-json\/wp\/v2\/product_cat?post=47213"},{"taxonomy":"product_tag","embeddable":true,"href":"https:\/\/www.jatu.be\/fr\/wp-json\/wp\/v2\/product_tag?post=47213"}],"curies":[{"name":"wp","href":"https:\/\/api.w.org\/{rel}","templated":true}]}}