{"id":47215,"date":"2024-01-10T11:30:08","date_gmt":"2024-01-10T10:30:08","guid":{"rendered":"https:\/\/www.jatu.be\/?post_type=product&#038;p=47215"},"modified":"2026-03-23T16:22:34","modified_gmt":"2026-03-23T15:22:34","slug":"eccogravel-3-cm-blanc","status":"publish","type":"product","link":"https:\/\/www.jatu.be\/fr\/produit\/eccogravel-3-cm-blanc\/","title":{"rendered":"Dalles de gravier pour terrasse &#8211; ECCOgravel 3cm HDPE Blanc"},"content":{"rendered":"","protected":false},"excerpt":{"rendered":"<h2>Acheter ECCOgravel 3 cm de haut<\/h2>\n<p>Vous recherchez un<strong> rev\u00eatement durable, n\u00e9cessitant<\/strong> peu d&rsquo;entretien et <strong>perm\u00e9able \u00e0 l&rsquo;eau<\/strong> ? Dans ce cas, jetez un coup d&rsquo;\u0153il \u00e0 nos solides stabilisateurs de <a href=\"https:\/\/www.jatu.be\/fr\/categorie-produit\/gravier-et-galets\/gravier-decoratif-gravier-et-galets\/\">gravier<\/a> de 3 cm. Les stabilisateurs de gravier conf\u00e8rent \u00e0 votre terrasse, votre sentier p\u00e9destre ou votre piste cyclable un aspect naturel et \u00e9l\u00e9gant.<\/p>\n<h2>Stabilisateurs de gravier avec protection contre les racines<\/h2>\n<p>Les stabilisateurs de gravier Eccogravel sont dot\u00e9s d&rsquo;un voile synth\u00e9tique sur la face inf\u00e9rieure. Les stabilisateurs de gravier sont \u00e9galement fabriqu\u00e9s en poly\u00e9thyl\u00e8ne haute densit\u00e9. Ils sont donc r\u00e9sistants aux UV et \u00e0 des temp\u00e9ratures allant jusqu&rsquo;\u00e0 -20\u00b0C.<\/p>\n<h2>Disponibilit\u00e9 de stabilisateurs de gravier<\/h2>\n<ul>\n<li>Disponible en blanc ou gris, selon la couleur du gravier. Vous pouvez choisir entre des tapis blancs ou gris.<\/li>\n<li>D&rsquo;une<strong> longueur de 1,6 m<\/strong> et d&rsquo;une <strong>largeur de 1,2 m<\/strong>, elles couvrent <strong>1,92 m\u00b2<\/strong>. Ils sont pli\u00e9s en deux dans le sens de la longueur. Cela permet de les diviser facilement \u00e0 80 cm.<\/li>\n<li>Souvent combin\u00e9 avec <a href=\"https:\/\/www.jatu.be\/fr\/produit\/pots-de-marquage-pour-eccogravel-blanc\/\" target=\"_blank\" rel=\"noopener noreferrer\">Pots de marquage<\/a> faciles \u00e0 fixer pour indiquer les places de stationnement. Disponible en blanc ou en noir.<\/li>\n<\/ul>\n<h2>Sous-couche pour stabilisateurs de gravier<\/h2>\n<p>Pour un fond optimal sous les stabilisateurs de gravier,nous recommandons des <a href=\"https:\/\/www.jatu.be\/fr\/gravier-et-galets\/produits-de-fondation\/calcaire-concasse-04\/\" target=\"_blank\" rel=\"noopener noreferrer\">calcaire concass\u00e9 0\/4<\/a>. Son poids sp\u00e9cifique est de <strong>2 t\/m\u00b3<\/strong>. Si vous envisagez d&rsquo;am\u00e9nager votre terrasse, votre sentier p\u00e9destre ou votre piste cyclable, il est recommand\u00e9 d&rsquo;appliquer une <strong>couche de 10 cm<\/strong> d&rsquo;\u00e9paisseur. Cela repr\u00e9sente 200 kg\/m\u00b2.<\/p>\n","protected":false},"featured_media":50083,"template":"","meta":{"_acf_changed":false,"inline_featured_image":false,"footnotes":""},"product_cat":[5403,5401],"product_tag":[],"class_list":{"0":"post-47215","1":"product","2":"type-product","3":"status-publish","4":"has-post-thumbnail","6":"product_cat-gravier-et-galets","7":"product_cat-stabilisateurs-de-gravier-gravier-et-galets","9":"first","10":"instock","11":"taxable","12":"shipping-taxable","13":"purchasable","14":"product-type-variable","15":"has-default-attributes"},"acf":{"woocommerce_erp_id":"4549","woocommerce_cnk_id":"200715","product_density":1.92,"custom_prices":[{"variation_id":"54773","customer_group":"CON","customer_id":"","min_qty":1.92,"max_qty":9999999,"steps":1.92,"price":12.4,"price_incl":15,"delivery_group":"COLLECT"},{"variation_id":"54773","customer_group":"CON","customer_id":"","min_qty":1.92,"max_qty":9999999,"steps":1.92,"price":12.4,"price_incl":15,"delivery_group":"DELIVERY"}],"packaging_ids":[{"packaging_name":"m\u00b2","packaging_id":"8","erp_id":"4549"}],"c_lengte":"","c_breedte":"","c_hoogte":""},"_links":{"self":[{"href":"https:\/\/www.jatu.be\/fr\/wp-json\/wp\/v2\/product\/47215","targetHints":{"allow":["GET"]}}],"collection":[{"href":"https:\/\/www.jatu.be\/fr\/wp-json\/wp\/v2\/product"}],"about":[{"href":"https:\/\/www.jatu.be\/fr\/wp-json\/wp\/v2\/types\/product"}],"version-history":[{"count":5,"href":"https:\/\/www.jatu.be\/fr\/wp-json\/wp\/v2\/product\/47215\/revisions"}],"predecessor-version":[{"id":63943,"href":"https:\/\/www.jatu.be\/fr\/wp-json\/wp\/v2\/product\/47215\/revisions\/63943"}],"wp:featuredmedia":[{"embeddable":true,"href":"https:\/\/www.jatu.be\/fr\/wp-json\/wp\/v2\/media\/50083"}],"wp:attachment":[{"href":"https:\/\/www.jatu.be\/fr\/wp-json\/wp\/v2\/media?parent=47215"}],"wp:term":[{"taxonomy":"product_cat","embeddable":true,"href":"https:\/\/www.jatu.be\/fr\/wp-json\/wp\/v2\/product_cat?post=47215"},{"taxonomy":"product_tag","embeddable":true,"href":"https:\/\/www.jatu.be\/fr\/wp-json\/wp\/v2\/product_tag?post=47215"}],"curies":[{"name":"wp","href":"https:\/\/api.w.org\/{rel}","templated":true}]}}