{"id":47217,"date":"2024-01-10T11:30:10","date_gmt":"2024-01-10T10:30:10","guid":{"rendered":"https:\/\/www.jatu.be\/?post_type=product&#038;p=47217"},"modified":"2026-03-09T09:04:41","modified_gmt":"2026-03-09T08:04:41","slug":"eccogravel-4-cm-gris","status":"publish","type":"product","link":"https:\/\/www.jatu.be\/fr\/produit\/eccogravel-4-cm-gris\/","title":{"rendered":"Dalles de gravier pour all\u00e9es &#8211; ECCOgravel 4 cm HDPE gris"},"content":{"rendered":"","protected":false},"excerpt":{"rendered":"<h2>D\u00e9couvrez les dalles de gravier ECCOgravel 4 cm HDPE en gris : parfaites pour votre espace ext\u00e9rieur<\/h2>\n<p>Envie d&rsquo;une solution solide, facile \u00e0 entretenir et perm\u00e9able \u00e0 l&rsquo;eau pour votre <a href=\"https:\/\/www.jatu.be\/fr\/installation-allee-de-gravier-jatu-belgique\/\">all\u00e9e<\/a> ou parking? Jetez un \u0153il \u00e0 nos dalles de gravier ECCOgravel 4 cm HDPE en gris. Ces petits bijoux offrent un look cool et sont super pratiques \u00e0 utiliser.<\/p>\n<h2>Des dalles de qualit\u00e9 sup\u00e9rieure avec un feutre racinaire pour un plaisir durable<\/h2>\n<p>Nos dalles de gravier ECCOgravel sont \u00e9quip\u00e9es d&rsquo;un feutre synth\u00e9tique pratique en dessous et sont fabriqu\u00e9es en HDPE 100%. Cela signifie qu&rsquo;elles ne craignent ni les rayons UV ni le froid jusqu&rsquo;\u00e0 -20 \u00b0C &#8211; id\u00e9al pour tous les types de temps.<\/p>\n<h2>Faciles \u00e0 poser et super modulables<\/h2>\n<p>Nos dalles de gravier sont disponibles en dimensions de 1,6m x 1,2m, couvrant 1,92m\u00b2. Vous pouvez facilement les ajuster en morceaux de 80cm, pratique pour toutes sortes d&rsquo;espaces. Combinez-les avec des <a href=\"https:\/\/www.jatu.be\/fr\/produit\/pots-de-marquage-eccogravel-blanc\/\">rep\u00e8res de stationnement<\/a> blancs ou noirs pour une solution de parking intelligente.<\/p>\n<h2>Une base solide garantie avec les dalles de gravier ECCOgravel<\/h2>\n<p>Pour la meilleure base, nous recommandons une couche de <a href=\"https:\/\/www.jatu.be\/fr\/produit\/calcaire-concasse-0-20-fondation-permeable\/\">gravier calcaire 0\/20<\/a> ou de d\u00e9bris de brique de 20 cm d&rsquo;\u00e9paisseur (180 kg\/m\u00b2), suivie d&rsquo;une couche de nivellement de <a href=\"https:\/\/www.jatu.be\/fr\/produit\/calcaire-concasse-0-4-materiau-de-nivellement-permeable\/\">gravier calcaire 0\/4<\/a> de 5 cm (100 kg\/m\u00b2). Cela assure la stabilit\u00e9 et une longue dur\u00e9e de vie de votre espace en gravier.<\/p>\n<h2>Sp\u00e9cifications techniques : fiables et robustes<\/h2>\n<p>Chaque dalle mesure 120 cm x 160 cm, soit 1.92 m\u00b2. Elles peuvent supporter une charge de 90 tonnes\/m\u00b2 \u00e0 vide et 400 tonnes\/m\u00b2 remplie. Elles restent robustes sous les UV et les influences chimiques et sont r\u00e9sistantes au gel.<\/p>\n<h2>Commandez-les maintenant chez Jatu.be pour une livraison rapide<\/h2>\n<p>Optez pour Jatu.be pour vos dalles de gravier ECCOgravel. Super simple \u00e0 commander en ligne, livraison rapide sous 4 jours ouvrables, et vous pouvez payer avec Klarna. Commandez-les aujourd&rsquo;hui et embellissez votre espace ext\u00e9rieur avec nos dalles \u00e9l\u00e9gantes et durables.<\/p>\n","protected":false},"featured_media":50008,"template":"","meta":{"_acf_changed":false,"inline_featured_image":false,"footnotes":""},"product_cat":[5401],"product_tag":[],"class_list":{"0":"post-47217","1":"product","2":"type-product","3":"status-publish","4":"has-post-thumbnail","6":"product_cat-stabilisateurs-de-gravier-gravier-et-galets","8":"first","9":"instock","10":"taxable","11":"shipping-taxable","12":"purchasable","13":"product-type-variable","14":"has-default-attributes"},"acf":{"woocommerce_erp_id":"4103","woocommerce_cnk_id":"200717","product_density":1.92,"custom_prices":[{"variation_id":"54774","customer_group":"CON","customer_id":"","min_qty":1.92,"max_qty":9999999,"steps":1.92,"price":14.05,"price_incl":17,"delivery_group":"COLLECT"},{"variation_id":"54774","customer_group":"CON","customer_id":"","min_qty":1.92,"max_qty":9999999,"steps":1.92,"price":14.05,"price_incl":17,"delivery_group":"DELIVERY"}],"packaging_ids":[{"packaging_name":"m\u00b2","packaging_id":"8","erp_id":"4103"}],"c_lengte":"","c_breedte":"","c_hoogte":""},"_links":{"self":[{"href":"https:\/\/www.jatu.be\/fr\/wp-json\/wp\/v2\/product\/47217","targetHints":{"allow":["GET"]}}],"collection":[{"href":"https:\/\/www.jatu.be\/fr\/wp-json\/wp\/v2\/product"}],"about":[{"href":"https:\/\/www.jatu.be\/fr\/wp-json\/wp\/v2\/types\/product"}],"version-history":[{"count":7,"href":"https:\/\/www.jatu.be\/fr\/wp-json\/wp\/v2\/product\/47217\/revisions"}],"predecessor-version":[{"id":63941,"href":"https:\/\/www.jatu.be\/fr\/wp-json\/wp\/v2\/product\/47217\/revisions\/63941"}],"wp:featuredmedia":[{"embeddable":true,"href":"https:\/\/www.jatu.be\/fr\/wp-json\/wp\/v2\/media\/50008"}],"wp:attachment":[{"href":"https:\/\/www.jatu.be\/fr\/wp-json\/wp\/v2\/media?parent=47217"}],"wp:term":[{"taxonomy":"product_cat","embeddable":true,"href":"https:\/\/www.jatu.be\/fr\/wp-json\/wp\/v2\/product_cat?post=47217"},{"taxonomy":"product_tag","embeddable":true,"href":"https:\/\/www.jatu.be\/fr\/wp-json\/wp\/v2\/product_tag?post=47217"}],"curies":[{"name":"wp","href":"https:\/\/api.w.org\/{rel}","templated":true}]}}