{"id":47219,"date":"2024-01-10T11:30:12","date_gmt":"2024-01-10T10:30:12","guid":{"rendered":"https:\/\/www.jatu.be\/?post_type=product&#038;p=47219"},"modified":"2026-03-09T09:11:24","modified_gmt":"2026-03-09T08:11:24","slug":"eccogravel-4-cm-blanc","status":"publish","type":"product","link":"https:\/\/www.jatu.be\/fr\/produit\/eccogravel-4-cm-blanc\/","title":{"rendered":"Dalles de gravier pour all\u00e9es &#8211; ECCOgravel 4 cm HDPE blanc"},"content":{"rendered":"","protected":false},"excerpt":{"rendered":"<h2>ECCOgravel dalles de gravier 4 cm HDPE en blanc : solution \u00e9l\u00e9gante et pratique pour les espaces ext\u00e9rieurs<\/h2>\n<p>\u00c0 la recherche d&rsquo;une solution \u00e9l\u00e9gante, facile \u00e0 entretenir et perm\u00e9able \u00e0 l&rsquo;eau pour votre <a href=\"https:\/\/www.jatu.be\/fr\/installation-allee-de-gravier-jatu-belgique\/\">all\u00e9e<\/a>, parking ou <a href=\"https:\/\/www.jatu.be\/fr\/amenagement-de-jardin-realiserez-votre-reve\/\">chemin de jardin<\/a> ? D\u00e9couvrez nos dalles de gravier ECCOgravel 4 cm HDPE en blanc. Ces dalles donnent \u00e0 votre espace ext\u00e9rieur une apparence lumineuse et \u00e9pur\u00e9e tout en restant parfaitement praticables et carrossables.<\/p>\n<h2>Dalles de qualit\u00e9 sup\u00e9rieure avec feutre racinaire<\/h2>\n<p>Les dalles de gravier ECCOgravel sont \u00e9quip\u00e9es d&rsquo;un feutre synth\u00e9tique en dessous et sont fabriqu\u00e9es en HDPE 100%. Ce mat\u00e9riau garantit une r\u00e9sistance aux UV et peut supporter des temp\u00e9ratures allant jusqu&rsquo;\u00e0 -20 \u00b0C, id\u00e9al pour une utilisation ext\u00e9rieure en toute saison.<\/p>\n<h2><strong>Dimensions flexibles pour diverses applications<\/strong><\/h2>\n<p>Disponibles en dimensions de 1,6m x 1,2m, elles couvrent une surface de 1,92m\u00b2. Les dalles peuvent \u00eatre facilement ajust\u00e9es en morceaux de 80cm, les rendant id\u00e9ales pour divers projets. Associez-les \u00e0 des <a href=\"https:\/\/www.jatu.be\/fr\/produit\/pots-de-marquage-eccogravel-blanc\/\">rep\u00e8res de stationnement<\/a> blancs ou noirs pour un agencement clair des places de parking.<\/p>\n<h2>Base stable pour une durabilit\u00e9 prolong\u00e9e<\/h2>\n<p>Nous recommandons une couche de fondation de <a href=\"https:\/\/www.jatu.be\/fr\/produit\/calcaire-concasse-0-20-fondation-permeable\/\">gravier calcaire 0\/20<\/a> ou de d\u00e9bris de brique de 20 cm (180 kg\/m\u00b2), suivie d&rsquo;une couche de nivellement de <a href=\"https:\/\/www.jatu.be\/fr\/produit\/calcaire-concasse-0-4-materiau-de-nivellement-permeable\/\">gravier calcaire 0\/4<\/a> de 5 cm (100 kg\/m\u00b2), pour une stabilit\u00e9 et une dur\u00e9e de vie optimales.<\/p>\n<h2>Sp\u00e9cifications techniques : robustes et fiables<\/h2>\n<p>Chaque dalle mesure 120 cm x 160 cm ou 1,92 m\u00b2, peut supporter une charge de 90 tonnes\/m\u00b2 \u00e0 vide et de 400 tonnes\/m\u00b2 remplie. Les dalles sont stables aux UV, chimiquement stables et r\u00e9sistantes au gel.<\/p>\n<h2>Commandez rapidement et facilement chez Jatu.be<\/h2>\n<p>Commandez vos dalles de gravier ECCOgravel chez Jatu.be et profitez d&rsquo;un shopping en ligne facile, d&rsquo;une livraison rapide sous 4 jours ouvrables et de la possibilit\u00e9 de payer avec Klarna. Donnez \u00e0 votre espace ext\u00e9rieur une mise \u00e0 niveau \u00e9l\u00e9gante et durable avec nos dalles de gravier.<\/p>\n","protected":false},"featured_media":50070,"template":"","meta":{"_acf_changed":false,"inline_featured_image":false,"footnotes":""},"product_cat":[5403,5401],"product_tag":[],"class_list":{"0":"post-47219","1":"product","2":"type-product","3":"status-publish","4":"has-post-thumbnail","6":"product_cat-gravier-et-galets","7":"product_cat-stabilisateurs-de-gravier-gravier-et-galets","9":"first","10":"instock","11":"taxable","12":"shipping-taxable","13":"purchasable","14":"product-type-variable","15":"has-default-attributes"},"acf":{"woocommerce_erp_id":"4536","woocommerce_cnk_id":"200718","product_density":1.92,"custom_prices":[{"variation_id":"54523","customer_group":"CON","customer_id":"","min_qty":1.92,"max_qty":9999999,"steps":1.92,"price":14.05,"price_incl":17,"delivery_group":"DELIVERY"},{"variation_id":"54523","customer_group":"CON","customer_id":"","min_qty":1.92,"max_qty":9999999,"steps":1.92,"price":14.05,"price_incl":17,"delivery_group":"COLLECT"}],"packaging_ids":[{"packaging_name":"m\u00b2","packaging_id":"8","erp_id":"4536"}],"c_lengte":"","c_breedte":"","c_hoogte":""},"_links":{"self":[{"href":"https:\/\/www.jatu.be\/fr\/wp-json\/wp\/v2\/product\/47219","targetHints":{"allow":["GET"]}}],"collection":[{"href":"https:\/\/www.jatu.be\/fr\/wp-json\/wp\/v2\/product"}],"about":[{"href":"https:\/\/www.jatu.be\/fr\/wp-json\/wp\/v2\/types\/product"}],"version-history":[{"count":8,"href":"https:\/\/www.jatu.be\/fr\/wp-json\/wp\/v2\/product\/47219\/revisions"}],"predecessor-version":[{"id":63930,"href":"https:\/\/www.jatu.be\/fr\/wp-json\/wp\/v2\/product\/47219\/revisions\/63930"}],"wp:featuredmedia":[{"embeddable":true,"href":"https:\/\/www.jatu.be\/fr\/wp-json\/wp\/v2\/media\/50070"}],"wp:attachment":[{"href":"https:\/\/www.jatu.be\/fr\/wp-json\/wp\/v2\/media?parent=47219"}],"wp:term":[{"taxonomy":"product_cat","embeddable":true,"href":"https:\/\/www.jatu.be\/fr\/wp-json\/wp\/v2\/product_cat?post=47219"},{"taxonomy":"product_tag","embeddable":true,"href":"https:\/\/www.jatu.be\/fr\/wp-json\/wp\/v2\/product_tag?post=47219"}],"curies":[{"name":"wp","href":"https:\/\/api.w.org\/{rel}","templated":true}]}}