{"id":47223,"date":"2024-01-10T11:30:17","date_gmt":"2024-01-10T10:30:17","guid":{"rendered":"https:\/\/www.jatu.be\/?post_type=product&#038;p=47223"},"modified":"2026-03-09T09:06:01","modified_gmt":"2026-03-09T08:06:01","slug":"acheter-compost-vert-solgreen","status":"publish","type":"product","link":"https:\/\/www.jatu.be\/fr\/produit\/acheter-compost-vert-solgreen\/","title":{"rendered":"Compost &#8211; SOLgreen"},"content":{"rendered":"","protected":false},"excerpt":{"rendered":"<h2>Acheter du compost vert pour un sol de jardin sain<\/h2>\n<p>Am\u00e9liorez la qualit\u00e9 du sol de votre jardin avec le compost SOLgreen. Ce compost vert de haute qualit\u00e9, vieilli pendant 6 mois et approuv\u00e9 par Vlaco, est le compl\u00e9ment id\u00e9al pour am\u00e9liorer la valeur nutritive et la structure de votre sol. Choisissez un produit durable et respectueux de l&rsquo;environnement qui offre des r\u00e9sultats durables.<\/p>\n<h3>Qu&rsquo;est-ce que le compost SOLgreen ?<\/h3>\n<p>SOLgreen est un compost vert de haute qualit\u00e9, respectueux de la nature, fabriqu\u00e9 \u00e0 partir de mati\u00e8res organiques et m\u00fbri pendant 6 mois. Il en r\u00e9sulte un compost stable et bien dig\u00e9r\u00e9, facile \u00e0 m\u00e9langer \u00e0 la <a href=\"https:\/\/www.jatu.be\/fr\/categorie-produit\/conditionneurs-de-sol\/achat-de-terre-pour-le-jardin-conditionneurs-de-sol\/\">terre de jardin<\/a> ou \u00e0 la <a href=\"https:\/\/www.jatu.be\/fr\/produit\/terre-arable\/\">terre arable<\/a>.<\/p>\n<h3>Avantages du compost SOLgreen :<\/h3>\n<ul>\n<li><a href=\"https:\/\/vlaco.be\/fr\"><strong>Compost approuv\u00e9 par Vlaco<\/strong><\/a> : Qualit\u00e9 garantie selon des normes strictes.<\/li>\n<li><strong>M\u00fbri pendant 6 mois<\/strong> : Valeur nutritive optimale et pr\u00eat \u00e0 l&#8217;emploi.<\/li>\n<li><strong>Durable<\/strong> : uniquement \u00e0 partir de d\u00e9chets verts, pas de d\u00e9chets organiques, ce qui garantit une bonne structure et des r\u00e9sultats durables.<\/li>\n<li><strong>Enrichissement du sol<\/strong> : am\u00e9liore la structure du sol, l&rsquo;\u00e9quilibre hydrique et la fertilit\u00e9.<\/li>\n<li><strong>Convient \u00e0 toutes sortes de projets<\/strong> : Des jardins potagers aux bordures ornementales et aux pelouses.<\/li>\n<\/ul>\n<h3>Comment utiliser le compost ?<\/h3>\n<p>M\u00e9langez ce compost vert aux 20 premiers centim\u00e8tres de la <a href=\"https:\/\/www.jatu.be\/fr\/categorie-produit\/conditionneurs-de-sol\/\">terre de votre jardin<\/a> ou \u00e0 la <a href=\"https:\/\/www.jatu.be\/fr\/produit\/terre-arable\/\">terre arable<\/a>. Vous am\u00e9liorerez ainsi durablement les valeurs nutritives de votre sol, ce qui favorisera la croissance de vos plantes ou de votre pelouse.<\/p>\n<p>Vous souhaitez un produit d\u00e9j\u00e0 pr\u00e9-m\u00e9lang\u00e9 que vous pouvez planter imm\u00e9diatement ? Dans ce cas, SOLbase terre noire est la solution pour votre projet de jardinage. Il s&rsquo;agit d&rsquo;<a href=\"https:\/\/www.jatu.be\/fr\/produit\/terre-noire-solbase\/\">une terre m\u00e9lang\u00e9e \u00e0 du compost<\/a>, offrant un \u00e9quilibre parfait entre la terre v\u00e9g\u00e9tale tamis\u00e9e, le compost vert et le compost d&rsquo;\u00e9corce.<\/p>\n<h2>Quels sont les types de compost ?<\/h2>\n<p>En fonction des besoins de votre jardin ou de votre sol, il existe diff\u00e9rents amendements que vous pouvez incorporer \u00e0 votre sol. Chez Jatu, nous aimerions vous aider \u00e0 d\u00e9marrer avec un petit aper\u00e7u :<\/p>\n<ul>\n<li><strong>Compost vert<\/strong> &#8211; SOLgreen : compost vert m\u00fbr approuv\u00e9 par Vlaco.<\/li>\n<li><a href=\"https:\/\/www.jatu.be\/fr\/produit\/compost-mixte\/\"><strong>Compost mixte<\/strong><\/a> &#8211; SOLplus : Compost \u00e0 base de compost de champignons, de compost vert, de gazon de jardin et de compost d&rsquo;\u00e9corces.<\/li>\n<li><a href=\"https:\/\/www.jatu.be\/fr\/produit\/compover-lombricompost\/\"><strong>Lombricompost<\/strong><\/a> &#8211; Compover : Compost avec vers pour l&rsquo;a\u00e9ration \u00e0 long terme des sols argileux lourds.<\/li>\n<li><a href=\"https:\/\/www.jatu.be\/fr\/produit\/terre-noire-solbase\/\"><strong>Terre noire<\/strong><\/a> &#8211; SOLbase : terre tamis\u00e9e m\u00e9lang\u00e9e \u00e0 la bonne proportion de compost vert et de compost d&rsquo;\u00e9corce<\/li>\n<\/ul>\n<p>Emballage et livraison :<\/p>\n<ul>\n<li><strong>Compost d\u00e9vers\u00e9 en vrac<\/strong> : Il suffit de commander par m\u00e8tre cube (+\/-700kg\/m\u00b3). Id\u00e9al pour les grands projets.<\/li>\n<li><strong>Big bags de 1 m\u00b3<\/strong> : Pour les petites quantit\u00e9s (&lt;5m\u00b3) et le stockage.<\/li>\n<li><strong>Livraison<\/strong> : <a href=\"https:\/\/www.jatu.be\/fr\/specifications-de-livraison-jatu-rapide-efficace\/\">Livraison sans souci<\/a> en vrac ou en big bags dans toute la Belgique dans les 4 jours ouvrables.<\/li>\n<li><strong>Collecte<\/strong> : Vous avez besoin d&rsquo;une petite quantit\u00e9 ? Commandez de la terre noire en vrac \u00e0 un prix tr\u00e8s avantageux pour une collecte \u00e0 partir de 0,5 m\u00b3 dans l&rsquo;un de nos <a href=\"https:\/\/www.jatu.be\/fr\/points-de-collecte\/\">points de collecte<\/a>.<\/li>\n<\/ul>\n<h2>Commandez votre compost SOLgreen d\u00e8s aujourd&rsquo;hui !<\/h2>\n<p>Cr\u00e9ez une base fertile pour votre jardin avec le compost SOLgreen. Il vous suffit de passer votre commande en ligne ou de nous contacter pour obtenir plus d&rsquo;informations sur nos produits et nos options de livraison.<\/p>\n","protected":false},"featured_media":63325,"template":"","meta":{"_acf_changed":false,"inline_featured_image":false,"footnotes":""},"product_cat":[5392],"product_tag":[],"class_list":{"0":"post-47223","1":"product","2":"type-product","3":"status-publish","4":"has-post-thumbnail","6":"product_cat-ameliorants-de-sol-conditionneurs-de-sol","8":"first","9":"instock","10":"taxable","11":"shipping-taxable","12":"purchasable","13":"product-type-variable","14":"has-default-attributes"},"acf":{"woocommerce_erp_id":"4201","woocommerce_cnk_id":"200727","product_density":0.7,"custom_prices":[{"variation_id":"47964","customer_group":"CON","customer_id":"","min_qty":1,"max_qty":9999999,"steps":1,"price":81.82,"price_incl":99,"delivery_group":"COLLECT"},{"variation_id":"47964","customer_group":"CON","customer_id":"","min_qty":1,"max_qty":9999999,"steps":1,"price":81.82,"price_incl":99,"delivery_group":"DELIVERY"},{"variation_id":"6229","customer_group":"CON","customer_id":"","min_qty":0.7,"max_qty":9999999,"steps":0.1,"price":29.75,"price_incl":36,"delivery_group":"COLLECT"},{"variation_id":"6229","customer_group":"CON","customer_id":"","min_qty":5,"max_qty":9999999,"steps":0.1,"price":29.75,"price_incl":36,"delivery_group":"DELIVERY"}],"packaging_ids":[{"packaging_name":"Big bag 1 m\u00b3","packaging_id":"9","erp_id":"5852"},{"packaging_name":"En vrac (\u00e0 partir de m\u00b3)","packaging_id":"11","erp_id":"4201"}],"c_lengte":"","c_breedte":"","c_hoogte":""},"_links":{"self":[{"href":"https:\/\/www.jatu.be\/fr\/wp-json\/wp\/v2\/product\/47223","targetHints":{"allow":["GET"]}}],"collection":[{"href":"https:\/\/www.jatu.be\/fr\/wp-json\/wp\/v2\/product"}],"about":[{"href":"https:\/\/www.jatu.be\/fr\/wp-json\/wp\/v2\/types\/product"}],"version-history":[{"count":4,"href":"https:\/\/www.jatu.be\/fr\/wp-json\/wp\/v2\/product\/47223\/revisions"}],"predecessor-version":[{"id":63436,"href":"https:\/\/www.jatu.be\/fr\/wp-json\/wp\/v2\/product\/47223\/revisions\/63436"}],"wp:featuredmedia":[{"embeddable":true,"href":"https:\/\/www.jatu.be\/fr\/wp-json\/wp\/v2\/media\/63325"}],"wp:attachment":[{"href":"https:\/\/www.jatu.be\/fr\/wp-json\/wp\/v2\/media?parent=47223"}],"wp:term":[{"taxonomy":"product_cat","embeddable":true,"href":"https:\/\/www.jatu.be\/fr\/wp-json\/wp\/v2\/product_cat?post=47223"},{"taxonomy":"product_tag","embeddable":true,"href":"https:\/\/www.jatu.be\/fr\/wp-json\/wp\/v2\/product_tag?post=47223"}],"curies":[{"name":"wp","href":"https:\/\/api.w.org\/{rel}","templated":true}]}}