{"id":47225,"date":"2024-01-10T11:30:19","date_gmt":"2024-01-10T10:30:19","guid":{"rendered":"https:\/\/www.jatu.be\/?post_type=product&#038;p=47225"},"modified":"2026-04-24T11:42:53","modified_gmt":"2026-04-24T09:42:53","slug":"compover-lombricompost","status":"publish","type":"product","link":"https:\/\/www.jatu.be\/fr\/produit\/compover-lombricompost\/","title":{"rendered":"Lombricompost &#8211; Compover\u00ae"},"content":{"rendered":"","protected":false},"excerpt":{"rendered":"<p><span style=\"color: #ff0000;\">Temporairement non disponible en big bags et en vrac, pour plus d&rsquo;information <a href=\"https:\/\/www.jatu.be\/fr\/contact\/\">contactez-nous<\/a>.<\/span><\/p>\n<h2>Acheter du Compost de vers, pour les sols argileux a\u00e9r\u00e9s<\/h2>\n<p>Le Compover Worm Compost est un engrais organique de haute qualit\u00e9, riche en nutriments et parfait comme conditionneur de sol. Gr\u00e2ce \u00e0 l&rsquo;ajout de vers de terre et de leurs enzymes, ce compost offre plus qu&rsquo;une simple nutrition : il am\u00e9liore la structure du sol, augmente la croissance des plantes de 25 % en moyenne et la biomasse de 23 %. Un choix naturel pour un sol sain et fertile.<\/p>\n<h3>Qu&rsquo;est-ce qui rend le Compover Worm Compost unique ?<\/h3>\n<ul>\n<li><strong>Enti\u00e8rement organique<\/strong> : contient des vers de terre et des micro-organismes b\u00e9n\u00e9fiques qui activent le sol.<\/li>\n<li><strong>R\u00e9sistance accrue<\/strong> : les plantes sont plus r\u00e9sistantes aux maladies gr\u00e2ce aux oligo-\u00e9l\u00e9ments et aux enzymes.<\/li>\n<li><strong>Sol a\u00e9r\u00e9<\/strong> : stimule le d\u00e9veloppement de racines saines sans affecter les niveaux d&rsquo;azote des plantes.<\/li>\n<\/ul>\n<h3>Caract\u00e9ristiques du lombricompost Compover :<\/h3>\n<ul>\n<li>Mati\u00e8re s\u00e8che : 334 g\/kg.<\/li>\n<li>Mati\u00e8re organique : 226 g\/kg.<\/li>\n<li>Azote total : 5,3 g\/kg.<\/li>\n<li>Phosphore (P\u2082O\u2085) : 0,77 g\/kg.<\/li>\n<li>Potassium (K\u2082O\u2085) : 0,74 g\/kg.<\/li>\n<li>Magn\u00e9sium (MgO) : 1,15 g\/kg.<\/li>\n<li>pH : 7,7, id\u00e9al pour diff\u00e9rents types de sols.<\/li>\n<\/ul>\n<h3>Applications :<\/h3>\n<ul>\n<li><strong>A\u00e9ration du sol<\/strong> : Id\u00e9al pour a\u00e9rer les sols argileux lourds.<\/li>\n<li><strong>Enrichissement du sol<\/strong> : Id\u00e9al pour les jardins, les bordures, les pelouses et les potagers.<\/li>\n<li><strong>Nutrition des plantes<\/strong> : Stimule la croissance saine des plantes et augmente la biomasse.<\/li>\n<li><strong>Dosage<\/strong> : Pour un r\u00e9sultat optimal, il faut appliquer au moins 1 m\u00b3 de Compover par 100 m\u00b2.<\/li>\n<\/ul>\n<h3>Comment traiter le vermicompost ?<\/h3>\n<p>M\u00e9langez cet amendement \u00e0 la couche sup\u00e9rieure de 20 cm de la <a href=\"https:\/\/www.jatu.be\/fr\/categorie-produit\/conditionneurs-de-sol\/achat-de-terre-pour-le-jardin-conditionneurs-de-sol\/\">terre de votre jardin<\/a> ou m\u00e9langez-le \u00e0 notre <a href=\"https:\/\/www.jatu.be\/fr\/produit\/terre-arable\/\">terre arable<\/a> SOLterre. Vous cr\u00e9ez ainsi une solution durable pour un sol sain.<\/p>\n<p>Vous ne pouvez pas le m\u00e9langer vous-m\u00eame ? Optez alors pour la solution toute pr\u00eate sous la forme de SOLbase Black. Il s&rsquo;agit de <a href=\"https:\/\/www.jatu.be\/fr\/produit\/terre-noire-solbase\/\">terre v\u00e9g\u00e9tale tamis\u00e9e m\u00e9lang\u00e9e \u00e0 du compost<\/a>. Un produit complet dans lequel vous pouvez planter directement.<\/p>\n<h3>Pourquoi choisir le lombricompost de Compover ?<\/h3>\n<p>Avec le compost de vers de terre Compover, vous disposez d&rsquo;une solution enti\u00e8rement naturelle et durable pour enrichir votre sol. La composition unique du compost de vers de terre conf\u00e8re \u00e0 votre jardin un regain de nutriments et de r\u00e9sistance. En outre, il contribue \u00e0 a\u00e9rer le sol \u00e0 long terme et \u00e0 am\u00e9liorer sa structure.<\/p>\n<h3>Emballage et livraison :<\/h3>\n<ul>\n<li><strong>Le lombricompost est d\u00e9vers\u00e9 en vrac<\/strong> : Il suffit de commander par m\u00e8tre cube (+\/- 800kg\/m\u00b3). Id\u00e9al pour les grands projets.<\/li>\n<li><strong>Big bags de 1 m\u00b3<\/strong> : Pour les petites quantit\u00e9s (&lt;5m\u00b3) et le stockage.<\/li>\n<li><strong>Livraison<\/strong> : <a href=\"https:\/\/www.jatu.be\/fr\/specifications-de-livraison-jatu-rapide-efficace\/\">Livraison sans souci<\/a> en vrac ou en big bags dans toute la Belgique dans les 4 jours ouvrables.<\/li>\n<li><strong>Collecte<\/strong> : Vous avez besoin d&rsquo;une petite quantit\u00e9 ? Commandez de la terre noire bon march\u00e9 en vrac \u00e0 partir de 0,5 m\u00b3 dans l&rsquo;un de nos <a href=\"https:\/\/www.jatu.be\/fr\/points-de-collecte\/\">points de collecte<\/a>.<\/li>\n<\/ul>\n<h2>Commandez votre Compover Worm Compost d\u00e8s aujourd&rsquo;hui !<\/h2>\n<p>Donnez un coup de pouce naturel \u00e0 votre sol avec le Compover Worm Compost. Il vous suffit de passer votre commande en ligne ou de <a href=\"https:\/\/www.jatu.be\/fr\/contact\/\">nous contacter<\/a> pour obtenir des conseils et des <a href=\"https:\/\/www.jatu.be\/fr\/specifications-de-livraison-jatu-rapide-efficace\/\">options de livraison<\/a>.<\/p>\n","protected":false},"featured_media":50002,"template":"","meta":{"_acf_changed":false,"inline_featured_image":false,"footnotes":""},"product_cat":[5392],"product_tag":[],"class_list":{"0":"post-47225","1":"product","2":"type-product","3":"status-publish","4":"has-post-thumbnail","6":"product_cat-ameliorants-de-sol-conditionneurs-de-sol","8":"first","9":"instock","10":"taxable","11":"shipping-taxable","12":"purchasable","13":"product-type-variable","14":"has-default-attributes"},"acf":{"woocommerce_erp_id":"4112","woocommerce_cnk_id":"200728","product_density":0.7,"custom_prices":[{"variation_id":"47962","customer_group":"CON","customer_id":"","min_qty":1,"max_qty":9999999,"steps":1,"price":122.64,"price_incl":130,"delivery_group":"COLLECT"},{"variation_id":"47962","customer_group":"CON","customer_id":"","min_qty":1,"max_qty":9999999,"steps":1,"price":122.64,"price_incl":130,"delivery_group":"DELIVERY"},{"variation_id":"48707","customer_group":"CON","customer_id":"","min_qty":0.5,"max_qty":9999999,"steps":0.1,"price":73.58,"price_incl":78,"delivery_group":"COLLECT"},{"variation_id":"48707","customer_group":"CON","customer_id":"","min_qty":5,"max_qty":9999999,"steps":0.1,"price":73.58,"price_incl":78,"delivery_group":"DELIVERY"}],"packaging_ids":[{"packaging_name":"Big bag 1 m\u00b3","packaging_id":"9","erp_id":"4113"},{"packaging_name":"En vrac (\u00e0 partir de m\u00b3)","packaging_id":"11","erp_id":"4112"}],"c_lengte":"","c_breedte":"","c_hoogte":""},"_links":{"self":[{"href":"https:\/\/www.jatu.be\/fr\/wp-json\/wp\/v2\/product\/47225","targetHints":{"allow":["GET"]}}],"collection":[{"href":"https:\/\/www.jatu.be\/fr\/wp-json\/wp\/v2\/product"}],"about":[{"href":"https:\/\/www.jatu.be\/fr\/wp-json\/wp\/v2\/types\/product"}],"version-history":[{"count":6,"href":"https:\/\/www.jatu.be\/fr\/wp-json\/wp\/v2\/product\/47225\/revisions"}],"predecessor-version":[{"id":65484,"href":"https:\/\/www.jatu.be\/fr\/wp-json\/wp\/v2\/product\/47225\/revisions\/65484"}],"wp:featuredmedia":[{"embeddable":true,"href":"https:\/\/www.jatu.be\/fr\/wp-json\/wp\/v2\/media\/50002"}],"wp:attachment":[{"href":"https:\/\/www.jatu.be\/fr\/wp-json\/wp\/v2\/media?parent=47225"}],"wp:term":[{"taxonomy":"product_cat","embeddable":true,"href":"https:\/\/www.jatu.be\/fr\/wp-json\/wp\/v2\/product_cat?post=47225"},{"taxonomy":"product_tag","embeddable":true,"href":"https:\/\/www.jatu.be\/fr\/wp-json\/wp\/v2\/product_tag?post=47225"}],"curies":[{"name":"wp","href":"https:\/\/api.w.org\/{rel}","templated":true}]}}