{"id":47231,"date":"2024-01-10T11:30:26","date_gmt":"2024-01-10T10:30:26","guid":{"rendered":"https:\/\/www.jatu.be\/?post_type=product&#038;p=47231"},"modified":"2026-03-09T09:21:24","modified_gmt":"2026-03-09T08:21:24","slug":"drainbase-dalle-pour-gazon-artificielle","status":"publish","type":"product","link":"https:\/\/www.jatu.be\/fr\/produit\/drainbase-dalle-pour-gazon-artificielle\/","title":{"rendered":"Drainbase dalle pour gazon artificielle"},"content":{"rendered":"","protected":false},"excerpt":{"rendered":"<p>Drainbase est une structure portante pour la pose de gazons synth\u00e9tiques qui \u00e9liminie le besoin de stabilis\u00e9. Simple \u00e0 poser, ce syst\u00e8me vous garantit un gazon synth\u00e9tique sans in\u00e9galit\u00e9s. Drainbase peut \u00e9vacuer 30 litres d&rsquo;eau par m\u00b2. Ainsi le gazon synth\u00e9tique ne rest jamais humide longtemps, ce qui pr\u00e9vient la pourriture et la croissance de mauvaises herbes.<\/p>\n","protected":false},"featured_media":49702,"template":"","meta":{"_acf_changed":false,"inline_featured_image":false,"footnotes":""},"product_cat":[5409],"product_tag":[],"class_list":{"0":"post-47231","1":"product","2":"type-product","3":"status-publish","4":"has-post-thumbnail","6":"product_cat-gazon-synthetique","8":"first","9":"instock","10":"taxable","11":"shipping-taxable","12":"purchasable","13":"product-type-variable","14":"has-default-attributes"},"acf":{"woocommerce_erp_id":"6294","woocommerce_cnk_id":"200812","product_density":0.36,"custom_prices":[{"variation_id":"54778","customer_group":"CON","customer_id":"","min_qty":0.36,"max_qty":9999999,"steps":0.36,"price":19.83,"price_incl":24,"delivery_group":"COLLECT"},{"variation_id":"54778","customer_group":"CON","customer_id":"","min_qty":0.36,"max_qty":9999999,"steps":0.36,"price":19.83,"price_incl":24,"delivery_group":"DELIVERY"}],"packaging_ids":[{"packaging_name":"m\u00b2","packaging_id":"8","erp_id":"6294"}],"c_lengte":"","c_breedte":"","c_hoogte":""},"_links":{"self":[{"href":"https:\/\/www.jatu.be\/fr\/wp-json\/wp\/v2\/product\/47231","targetHints":{"allow":["GET"]}}],"collection":[{"href":"https:\/\/www.jatu.be\/fr\/wp-json\/wp\/v2\/product"}],"about":[{"href":"https:\/\/www.jatu.be\/fr\/wp-json\/wp\/v2\/types\/product"}],"version-history":[{"count":3,"href":"https:\/\/www.jatu.be\/fr\/wp-json\/wp\/v2\/product\/47231\/revisions"}],"predecessor-version":[{"id":53484,"href":"https:\/\/www.jatu.be\/fr\/wp-json\/wp\/v2\/product\/47231\/revisions\/53484"}],"wp:featuredmedia":[{"embeddable":true,"href":"https:\/\/www.jatu.be\/fr\/wp-json\/wp\/v2\/media\/49702"}],"wp:attachment":[{"href":"https:\/\/www.jatu.be\/fr\/wp-json\/wp\/v2\/media?parent=47231"}],"wp:term":[{"taxonomy":"product_cat","embeddable":true,"href":"https:\/\/www.jatu.be\/fr\/wp-json\/wp\/v2\/product_cat?post=47231"},{"taxonomy":"product_tag","embeddable":true,"href":"https:\/\/www.jatu.be\/fr\/wp-json\/wp\/v2\/product_tag?post=47231"}],"curies":[{"name":"wp","href":"https:\/\/api.w.org\/{rel}","templated":true}]}}