{"id":47233,"date":"2024-01-10T11:30:28","date_gmt":"2024-01-10T10:30:28","guid":{"rendered":"https:\/\/www.jatu.be\/?post_type=product&#038;p=47233"},"modified":"2026-04-24T13:22:20","modified_gmt":"2026-04-24T11:22:20","slug":"bouchons-drainbase","status":"publish","type":"product","link":"https:\/\/www.jatu.be\/fr\/produit\/bouchons-drainbase\/","title":{"rendered":"Bouchons Drainbase"},"content":{"rendered":"","protected":false},"excerpt":{"rendered":"<p>Avec les bouchons de montage Drainbase, vous pouvez facilement fixer le gazon synth\u00e9tique \u00e0 la structure de support Drainbase \u00e0 des endroits al\u00e9atoires. Disponibles par bo\u00eete de 50 bouchons, vis inclus.<\/p>\n","protected":false},"featured_media":49718,"template":"","meta":{"_acf_changed":false,"inline_featured_image":false,"footnotes":""},"product_cat":[5409],"product_tag":[],"class_list":{"0":"post-47233","1":"product","2":"type-product","3":"status-publish","4":"has-post-thumbnail","6":"product_cat-gazon-synthetique","8":"first","9":"instock","10":"taxable","11":"shipping-taxable","12":"purchasable","13":"product-type-variable","14":"has-default-attributes"},"acf":{"woocommerce_erp_id":"16233","woocommerce_cnk_id":"200813","product_density":0,"custom_prices":[{"variation_id":"47957","customer_group":"CON","customer_id":"","min_qty":1,"max_qty":9999999,"steps":1,"price":48.76,"price_incl":59,"delivery_group":"COLLECT"},{"variation_id":"47957","customer_group":"CON","customer_id":"","min_qty":1,"max_qty":9999999,"steps":1,"price":48.76,"price_incl":59,"delivery_group":"DELIVERY"}],"packaging_ids":[{"packaging_name":"Bo\u00eete","packaging_id":"6","erp_id":"16233"}],"c_lengte":"","c_breedte":"","c_hoogte":""},"_links":{"self":[{"href":"https:\/\/www.jatu.be\/fr\/wp-json\/wp\/v2\/product\/47233","targetHints":{"allow":["GET"]}}],"collection":[{"href":"https:\/\/www.jatu.be\/fr\/wp-json\/wp\/v2\/product"}],"about":[{"href":"https:\/\/www.jatu.be\/fr\/wp-json\/wp\/v2\/types\/product"}],"version-history":[{"count":3,"href":"https:\/\/www.jatu.be\/fr\/wp-json\/wp\/v2\/product\/47233\/revisions"}],"predecessor-version":[{"id":71807,"href":"https:\/\/www.jatu.be\/fr\/wp-json\/wp\/v2\/product\/47233\/revisions\/71807"}],"wp:featuredmedia":[{"embeddable":true,"href":"https:\/\/www.jatu.be\/fr\/wp-json\/wp\/v2\/media\/49718"}],"wp:attachment":[{"href":"https:\/\/www.jatu.be\/fr\/wp-json\/wp\/v2\/media?parent=47233"}],"wp:term":[{"taxonomy":"product_cat","embeddable":true,"href":"https:\/\/www.jatu.be\/fr\/wp-json\/wp\/v2\/product_cat?post=47233"},{"taxonomy":"product_tag","embeddable":true,"href":"https:\/\/www.jatu.be\/fr\/wp-json\/wp\/v2\/product_tag?post=47233"}],"curies":[{"name":"wp","href":"https:\/\/api.w.org\/{rel}","templated":true}]}}