{"id":47235,"date":"2024-01-10T11:30:30","date_gmt":"2024-01-10T10:30:30","guid":{"rendered":"https:\/\/www.jatu.be\/?post_type=product&#038;p=47235"},"modified":"2026-04-24T13:32:03","modified_gmt":"2026-04-24T11:32:03","slug":"bordure-drainbase-paquet-6-bordures","status":"publish","type":"product","link":"https:\/\/www.jatu.be\/fr\/produit\/bordure-drainbase-paquet-6-bordures\/","title":{"rendered":"Bordure Drainbase (paquet 6 bordures)"},"content":{"rendered":"","protected":false},"excerpt":{"rendered":"<p>La bordure Drainbase a \u00e9t\u00e9 sp\u00e9cialement con\u00e7ue pour d\u00e9limiter votre gazon artificielle de fa\u00e7on simple et \u00e9l\u00e9gante. En plus, cette bordure \u00e9vite la pousse des mauvaises herbes.<\/p>\n","protected":false},"featured_media":49823,"template":"","meta":{"_acf_changed":false,"inline_featured_image":false,"footnotes":""},"product_cat":[5409],"product_tag":[],"class_list":{"0":"post-47235","1":"product","2":"type-product","3":"status-publish","4":"has-post-thumbnail","6":"product_cat-gazon-synthetique","8":"first","9":"instock","10":"taxable","11":"shipping-taxable","12":"purchasable","13":"product-type-variable","14":"has-default-attributes"},"acf":{"woocommerce_erp_id":"16237","woocommerce_cnk_id":"200814","product_density":0,"custom_prices":[{"variation_id":"54779","customer_group":"CON","customer_id":"","min_qty":1,"max_qty":9999999,"steps":1,"price":216.53,"price_incl":262,"delivery_group":"COLLECT"},{"variation_id":"54779","customer_group":"CON","customer_id":"","min_qty":1,"max_qty":9999999,"steps":1,"price":216.53,"price_incl":262,"delivery_group":"DELIVERY"}],"packaging_ids":[{"packaging_name":"Pi\u00e8ce","packaging_id":"7","erp_id":"16237"}],"c_lengte":"","c_breedte":"","c_hoogte":""},"_links":{"self":[{"href":"https:\/\/www.jatu.be\/fr\/wp-json\/wp\/v2\/product\/47235","targetHints":{"allow":["GET"]}}],"collection":[{"href":"https:\/\/www.jatu.be\/fr\/wp-json\/wp\/v2\/product"}],"about":[{"href":"https:\/\/www.jatu.be\/fr\/wp-json\/wp\/v2\/types\/product"}],"version-history":[{"count":3,"href":"https:\/\/www.jatu.be\/fr\/wp-json\/wp\/v2\/product\/47235\/revisions"}],"predecessor-version":[{"id":71809,"href":"https:\/\/www.jatu.be\/fr\/wp-json\/wp\/v2\/product\/47235\/revisions\/71809"}],"wp:featuredmedia":[{"embeddable":true,"href":"https:\/\/www.jatu.be\/fr\/wp-json\/wp\/v2\/media\/49823"}],"wp:attachment":[{"href":"https:\/\/www.jatu.be\/fr\/wp-json\/wp\/v2\/media?parent=47235"}],"wp:term":[{"taxonomy":"product_cat","embeddable":true,"href":"https:\/\/www.jatu.be\/fr\/wp-json\/wp\/v2\/product_cat?post=47235"},{"taxonomy":"product_tag","embeddable":true,"href":"https:\/\/www.jatu.be\/fr\/wp-json\/wp\/v2\/product_tag?post=47235"}],"curies":[{"name":"wp","href":"https:\/\/api.w.org\/{rel}","templated":true}]}}