{"id":47237,"date":"2024-01-10T11:30:32","date_gmt":"2024-01-10T10:30:32","guid":{"rendered":"https:\/\/www.jatu.be\/?post_type=product&#038;p=47237"},"modified":"2026-03-09T09:08:33","modified_gmt":"2026-03-09T08:08:33","slug":"pierre-de-lave-0-16","status":"publish","type":"product","link":"https:\/\/www.jatu.be\/fr\/produit\/pierre-de-lave-0-16\/","title":{"rendered":"Lave 0\/16"},"content":{"rendered":"","protected":false},"excerpt":{"rendered":"<p>Tout comme notre lave 0\/8, cette granulom\u00e9trie est souvent utilis\u00e9e comme sous-couche de lave pour les terrains de sport ou comme lit de pose pour les dalles de gazon. Jatu ne distribue que de la lave allemande des montagnes Eiffel. Celui-ci est livr\u00e9 chaque semaine par barge directement aupr\u00e8s du producteur. La lave est disponible \u00e0 partir de 500 kg en big bag et de 5000 kg en vrac. La lave est un produit naturel, la couleur et la forme peuvent donc varier.<\/p>\n","protected":false},"featured_media":61674,"template":"","meta":{"_acf_changed":false,"inline_featured_image":false,"footnotes":""},"product_cat":[5410],"product_tag":[],"class_list":{"0":"post-47237","1":"product","2":"type-product","3":"status-publish","4":"has-post-thumbnail","6":"product_cat-pierres-de-lave","8":"first","9":"instock","10":"taxable","11":"shipping-taxable","12":"purchasable","13":"product-type-variable","14":"has-default-attributes"},"acf":{"woocommerce_erp_id":"4375","woocommerce_cnk_id":"200876","product_density":1.4,"custom_prices":[{"variation_id":"53892","customer_group":"CON","customer_id":"","min_qty":1,"max_qty":9999999,"steps":1,"price":114.88,"price_incl":139,"delivery_group":"COLLECT"},{"variation_id":"53892","customer_group":"CON","customer_id":"","min_qty":1,"max_qty":9999999,"steps":1,"price":114.88,"price_incl":139,"delivery_group":"DELIVERY"},{"variation_id":"48502","customer_group":"CON","customer_id":"","min_qty":1,"max_qty":9999999,"steps":1,"price":79.34,"price_incl":96,"delivery_group":"COLLECT"},{"variation_id":"48502","customer_group":"CON","customer_id":"","min_qty":1,"max_qty":9999999,"steps":1,"price":79.34,"price_incl":96,"delivery_group":"DELIVERY"},{"variation_id":"48705","customer_group":"CON","customer_id":"","min_qty":0.1,"max_qty":9999999,"steps":0.1,"price":98.35,"price_incl":119,"delivery_group":"COLLECT"},{"variation_id":"48705","customer_group":"CON","customer_id":"","min_qty":0.1,"max_qty":9999999,"steps":0.1,"price":98.35,"price_incl":119,"delivery_group":"DELIVERY"}],"packaging_ids":[{"packaging_name":"En vrac (\u00e0 partir de tonnes)","packaging_id":"10","erp_id":"4375"},{"packaging_name":"Big bag 500 kg","packaging_id":"3","erp_id":"4718"},{"packaging_name":"Big bag 1000 kg","packaging_id":"2","erp_id":"4775"}],"c_lengte":"","c_breedte":"","c_hoogte":""},"_links":{"self":[{"href":"https:\/\/www.jatu.be\/fr\/wp-json\/wp\/v2\/product\/47237","targetHints":{"allow":["GET"]}}],"collection":[{"href":"https:\/\/www.jatu.be\/fr\/wp-json\/wp\/v2\/product"}],"about":[{"href":"https:\/\/www.jatu.be\/fr\/wp-json\/wp\/v2\/types\/product"}],"version-history":[{"count":2,"href":"https:\/\/www.jatu.be\/fr\/wp-json\/wp\/v2\/product\/47237\/revisions"}],"predecessor-version":[{"id":59824,"href":"https:\/\/www.jatu.be\/fr\/wp-json\/wp\/v2\/product\/47237\/revisions\/59824"}],"wp:featuredmedia":[{"embeddable":true,"href":"https:\/\/www.jatu.be\/fr\/wp-json\/wp\/v2\/media\/61674"}],"wp:attachment":[{"href":"https:\/\/www.jatu.be\/fr\/wp-json\/wp\/v2\/media?parent=47237"}],"wp:term":[{"taxonomy":"product_cat","embeddable":true,"href":"https:\/\/www.jatu.be\/fr\/wp-json\/wp\/v2\/product_cat?post=47237"},{"taxonomy":"product_tag","embeddable":true,"href":"https:\/\/www.jatu.be\/fr\/wp-json\/wp\/v2\/product_tag?post=47237"}],"curies":[{"name":"wp","href":"https:\/\/api.w.org\/{rel}","templated":true}]}}