{"id":47239,"date":"2024-01-10T11:30:34","date_gmt":"2024-01-10T10:30:34","guid":{"rendered":"https:\/\/www.jatu.be\/?post_type=product&#038;p=47239"},"modified":"2026-04-24T13:35:03","modified_gmt":"2026-04-24T11:35:03","slug":"sable-de-lave-0-3","status":"publish","type":"product","link":"https:\/\/www.jatu.be\/fr\/produit\/sable-de-lave-0-3\/","title":{"rendered":"Sable de lave 0\/3"},"content":{"rendered":"","protected":false},"excerpt":{"rendered":"<h2>Acheter de la sable de lave 0\/3 \u00e0 partir de 20kg<\/h2>\n<p>Vous pouvez acheter de la poudre de lave de Jatu \u00e0 partir de 20 kg, en grands sacs ou en vrac. Ces deux types de produits sont livr\u00e9s dans toute la Belgique dans un d\u00e9lai de quatre jours ouvrables ou peuvent \u00eatre enlev\u00e9s directement.<\/p>\n<p>La sable de lave 0\/3 est largement utilis\u00e9e comme amendement physique efficace du sol. Elle sert \u00e9galement de rem\u00e8de naturel et biologique pour la pr\u00eale (equisetum arvense), une plante qui pousse bien dans les sols pauvres en nutriments et \u00e9puis\u00e9s.<\/p>\n<h2>Avantages de la sable de lave 0\/3<\/h2>\n<p>La poudre de lave se distingue par ses propri\u00e9t\u00e9s uniques, qui en font un pr\u00e9cieux amendement du sol. Ce sable particulier contient de fortes concentrations de silice, ce qui permet d&rsquo;am\u00e9liorer la structure du sol et d&rsquo;assurer une excellente perm\u00e9abilit\u00e9 \u00e0 l&rsquo;eau. En outre, il a un pH neutre, ce qui est essentiel pour maintenir un \u00e9quilibre sain dans le sol. Mais ce n&rsquo;est pas tout : le sable de lave est aussi un tr\u00e9sor de min\u00e9raux et d&rsquo;oligo-\u00e9l\u00e9ments qui sont inestimables pour la croissance de vos plantes.<\/p>\n","protected":false},"featured_media":62001,"template":"","meta":{"_acf_changed":false,"inline_featured_image":false,"footnotes":""},"product_cat":[5410],"product_tag":[],"class_list":{"0":"post-47239","1":"product","2":"type-product","3":"status-publish","4":"has-post-thumbnail","6":"product_cat-pierres-de-lave","8":"first","9":"instock","10":"taxable","11":"shipping-taxable","12":"purchasable","13":"product-type-variable","14":"has-default-attributes"},"acf":{"woocommerce_erp_id":"4203","woocommerce_cnk_id":"200877","product_density":1.4,"custom_prices":[{"variation_id":"53890","customer_group":"CON","customer_id":"","min_qty":1,"max_qty":9999999,"steps":1,"price":95.04,"price_incl":115,"delivery_group":"DELIVERY"},{"variation_id":"53890","customer_group":"CON","customer_id":"","min_qty":1,"max_qty":9999999,"steps":1,"price":95.04,"price_incl":115,"delivery_group":"COLLECT"},{"variation_id":"53889","customer_group":"CON","customer_id":"","min_qty":1,"max_qty":9999999,"steps":1,"price":67.77,"price_incl":82,"delivery_group":"DELIVERY"},{"variation_id":"53889","customer_group":"CON","customer_id":"","min_qty":1,"max_qty":9999999,"steps":1,"price":67.77,"price_incl":82,"delivery_group":"COLLECT"},{"variation_id":"48500","customer_group":"CON","customer_id":"","min_qty":1,"max_qty":9999999,"steps":1,"price":4.96,"price_incl":6,"delivery_group":"COLLECT"},{"variation_id":"48500","customer_group":"CON","customer_id":"","min_qty":1,"max_qty":9999999,"steps":1,"price":4.96,"price_incl":6,"delivery_group":"DELIVERY"},{"variation_id":"48704","customer_group":"CON","customer_id":"","min_qty":0.5,"max_qty":9999999,"steps":0.1,"price":81.82,"price_incl":99,"delivery_group":"COLLECT"},{"variation_id":"48704","customer_group":"CON","customer_id":"","min_qty":5,"max_qty":9999999,"steps":0.1,"price":81.82,"price_incl":99,"delivery_group":"DELIVERY"}],"packaging_ids":[{"packaging_name":"En vrac (\u00e0 partir de tonnes)","packaging_id":"10","erp_id":"4203"},{"packaging_name":"Pi\u00e8ce","packaging_id":"7","erp_id":"5658"},{"packaging_name":"Big bag 500 kg","packaging_id":"3","erp_id":"4719"},{"packaging_name":"Big bag 1000 kg","packaging_id":"2","erp_id":"4776"}],"c_lengte":"","c_breedte":"","c_hoogte":""},"_links":{"self":[{"href":"https:\/\/www.jatu.be\/fr\/wp-json\/wp\/v2\/product\/47239","targetHints":{"allow":["GET"]}}],"collection":[{"href":"https:\/\/www.jatu.be\/fr\/wp-json\/wp\/v2\/product"}],"about":[{"href":"https:\/\/www.jatu.be\/fr\/wp-json\/wp\/v2\/types\/product"}],"version-history":[{"count":3,"href":"https:\/\/www.jatu.be\/fr\/wp-json\/wp\/v2\/product\/47239\/revisions"}],"predecessor-version":[{"id":71810,"href":"https:\/\/www.jatu.be\/fr\/wp-json\/wp\/v2\/product\/47239\/revisions\/71810"}],"wp:featuredmedia":[{"embeddable":true,"href":"https:\/\/www.jatu.be\/fr\/wp-json\/wp\/v2\/media\/62001"}],"wp:attachment":[{"href":"https:\/\/www.jatu.be\/fr\/wp-json\/wp\/v2\/media?parent=47239"}],"wp:term":[{"taxonomy":"product_cat","embeddable":true,"href":"https:\/\/www.jatu.be\/fr\/wp-json\/wp\/v2\/product_cat?post=47239"},{"taxonomy":"product_tag","embeddable":true,"href":"https:\/\/www.jatu.be\/fr\/wp-json\/wp\/v2\/product_tag?post=47239"}],"curies":[{"name":"wp","href":"https:\/\/api.w.org\/{rel}","templated":true}]}}