{"id":47241,"date":"2024-01-10T11:30:37","date_gmt":"2024-01-10T10:30:37","guid":{"rendered":"https:\/\/www.jatu.be\/?post_type=product&#038;p=47241"},"modified":"2026-03-09T09:06:46","modified_gmt":"2026-03-09T08:06:46","slug":"sable-de-lave-0-8","status":"publish","type":"product","link":"https:\/\/www.jatu.be\/fr\/produit\/sable-de-lave-0-8\/","title":{"rendered":"Sable de lave 0\/8"},"content":{"rendered":"","protected":false},"excerpt":{"rendered":"<h2>Acheter de la lave 0\/8 \u00e0 partir de 20kg<\/h2>\n<p>La lave 0\/8 ou la poussi\u00e8re de lave est le compromis parfait entre le drainage et la fondation. Vous pouvez utiliser cette poussi\u00e8re de lave comme base pour votre gazon artificiel ou d&rsquo;autres applications l\u00e9g\u00e8res. Chez Jatu, nous distribuons exclusivement de la roche de lave allemande provenant des montagnes de l&rsquo;Eifel. Vous pouvez acheter cette lave de qualit\u00e9 0\/8 \u00e0 partir de 20 kg, en big bags \u00e0 partir de 500 kg remplis sur mesure ou en vrac \u00e0 partir de 8 tonnes. Le d\u00e9lai de livraison est de quatre jours ouvrables.<\/p>\n<h2>Lava 0\/8 comme fondation sous le gazon artificiel<\/h2>\n<p>Les granul\u00e9s de lave 0\/8 ont le grand avantage de continuer \u00e0 s&rsquo;\u00e9couler lorsqu&rsquo;ils sont satur\u00e9s d&rsquo;eau et sont \u00e9galement nutritifs pour la v\u00e9g\u00e9tation. Comme notre lave 0\/16, cette granulom\u00e9trie est aussi souvent utilis\u00e9e comme sous-couche pour les terrains de sport ou comme lit pour les dalles de gazon. C&rsquo;est \u00e9galement le produit de choix pour le drainage et les fondations sous <a href=\"https:\/\/www.jatu.be\/fr\/gazon-synthetique\/\" target=\"_blank\" rel=\"noopener noreferrer\">le gazon artificiel<\/a>. Ceci en combinaison avec Drainbase.<\/p>\n","protected":false},"featured_media":49538,"template":"","meta":{"_acf_changed":false,"inline_featured_image":false,"footnotes":""},"product_cat":[5410],"product_tag":[],"class_list":{"0":"post-47241","1":"product","2":"type-product","3":"status-publish","4":"has-post-thumbnail","6":"product_cat-pierres-de-lave","8":"first","9":"instock","10":"taxable","11":"shipping-taxable","12":"purchasable","13":"product-type-variable","14":"has-default-attributes"},"acf":{"woocommerce_erp_id":"4216","woocommerce_cnk_id":"200879","product_density":1.4,"custom_prices":[{"variation_id":"53887","customer_group":"CON","customer_id":"","min_qty":1,"max_qty":9999999,"steps":1,"price":107.44,"price_incl":130,"delivery_group":"COLLECT"},{"variation_id":"53887","customer_group":"CON","customer_id":"","min_qty":1,"max_qty":9999999,"steps":1,"price":107.44,"price_incl":130,"delivery_group":"DELIVERY"},{"variation_id":"48498","customer_group":"CON","customer_id":"","min_qty":1,"max_qty":9999999,"steps":1,"price":74.38,"price_incl":90,"delivery_group":"COLLECT"},{"variation_id":"48498","customer_group":"CON","customer_id":"","min_qty":1,"max_qty":9999999,"steps":1,"price":74.38,"price_incl":90,"delivery_group":"DELIVERY"},{"variation_id":"48703","customer_group":"CON","customer_id":"","min_qty":0.5,"max_qty":9999999,"steps":0.1,"price":90.08,"price_incl":109,"delivery_group":"COLLECT"},{"variation_id":"48703","customer_group":"CON","customer_id":"","min_qty":5,"max_qty":9999999,"steps":0.1,"price":90.08,"price_incl":109,"delivery_group":"DELIVERY"}],"packaging_ids":[{"packaging_name":"En vrac (\u00e0 partir de tonnes)","packaging_id":"10","erp_id":"4216"},{"packaging_name":"Big bag 500 kg","packaging_id":"3","erp_id":"4721"},{"packaging_name":"Big bag 1000 kg","packaging_id":"2","erp_id":"4752"}],"c_lengte":"","c_breedte":"","c_hoogte":""},"_links":{"self":[{"href":"https:\/\/www.jatu.be\/fr\/wp-json\/wp\/v2\/product\/47241","targetHints":{"allow":["GET"]}}],"collection":[{"href":"https:\/\/www.jatu.be\/fr\/wp-json\/wp\/v2\/product"}],"about":[{"href":"https:\/\/www.jatu.be\/fr\/wp-json\/wp\/v2\/types\/product"}],"version-history":[{"count":2,"href":"https:\/\/www.jatu.be\/fr\/wp-json\/wp\/v2\/product\/47241\/revisions"}],"predecessor-version":[{"id":59823,"href":"https:\/\/www.jatu.be\/fr\/wp-json\/wp\/v2\/product\/47241\/revisions\/59823"}],"wp:featuredmedia":[{"embeddable":true,"href":"https:\/\/www.jatu.be\/fr\/wp-json\/wp\/v2\/media\/49538"}],"wp:attachment":[{"href":"https:\/\/www.jatu.be\/fr\/wp-json\/wp\/v2\/media?parent=47241"}],"wp:term":[{"taxonomy":"product_cat","embeddable":true,"href":"https:\/\/www.jatu.be\/fr\/wp-json\/wp\/v2\/product_cat?post=47241"},{"taxonomy":"product_tag","embeddable":true,"href":"https:\/\/www.jatu.be\/fr\/wp-json\/wp\/v2\/product_tag?post=47241"}],"curies":[{"name":"wp","href":"https:\/\/api.w.org\/{rel}","templated":true}]}}