{"id":47267,"date":"2024-01-10T11:31:06","date_gmt":"2024-01-10T10:31:06","guid":{"rendered":"https:\/\/www.jatu.be\/?post_type=product&#038;p=47267"},"modified":"2026-03-09T09:13:50","modified_gmt":"2026-03-09T08:13:50","slug":"gabion-economique-100-x-30-x-100-cm","status":"publish","type":"product","link":"https:\/\/www.jatu.be\/fr\/produit\/gabion-economique-100-x-30-x-100-cm\/","title":{"rendered":"Gabion \u00e9conomique &#8211; 100 x 30 x 100 cm"},"content":{"rendered":"","protected":false},"excerpt":{"rendered":"<p>Ce gabion est la solution id\u00e9ale pour toutes les personnes qui aiment prendre les choses en mains. Gr\u00e2ce \u00e0 la vaste offre de filets, il est possible de <strong>composer soi-m\u00eame<\/strong> les gabions, sur une \u00e9paisseur de 30 cm. Le gabion budget n&rsquo;est pas flottant et doit \u00eatre pos\u00e9 sur une fondation en b\u00e9ton.<\/p>\n","protected":false},"featured_media":50661,"template":"","meta":{"_acf_changed":false,"inline_featured_image":false,"footnotes":""},"product_cat":[5418],"product_tag":[],"class_list":{"0":"post-47267","1":"product","2":"type-product","3":"status-publish","4":"has-post-thumbnail","6":"product_cat-gabion-budget-gabions","8":"first","9":"instock","10":"taxable","11":"shipping-taxable","12":"purchasable","13":"product-type-variable","14":"has-default-attributes"},"acf":{"woocommerce_erp_id":"4884","woocommerce_cnk_id":"200925","product_density":1,"custom_prices":[{"variation_id":"54790","customer_group":"CON","customer_id":"","min_qty":1,"max_qty":9999999,"steps":1,"price":101.65,"price_incl":123,"delivery_group":"COLLECT"},{"variation_id":"54790","customer_group":"CON","customer_id":"","min_qty":1,"max_qty":9999999,"steps":1,"price":101.65,"price_incl":123,"delivery_group":"DELIVERY"}],"packaging_ids":[{"packaging_name":"Pi\u00e8ce","packaging_id":"7","erp_id":"4884"}],"c_lengte":"","c_breedte":"","c_hoogte":""},"_links":{"self":[{"href":"https:\/\/www.jatu.be\/fr\/wp-json\/wp\/v2\/product\/47267","targetHints":{"allow":["GET"]}}],"collection":[{"href":"https:\/\/www.jatu.be\/fr\/wp-json\/wp\/v2\/product"}],"about":[{"href":"https:\/\/www.jatu.be\/fr\/wp-json\/wp\/v2\/types\/product"}],"version-history":[{"count":1,"href":"https:\/\/www.jatu.be\/fr\/wp-json\/wp\/v2\/product\/47267\/revisions"}],"predecessor-version":[{"id":50657,"href":"https:\/\/www.jatu.be\/fr\/wp-json\/wp\/v2\/product\/47267\/revisions\/50657"}],"wp:featuredmedia":[{"embeddable":true,"href":"https:\/\/www.jatu.be\/fr\/wp-json\/wp\/v2\/media\/50661"}],"wp:attachment":[{"href":"https:\/\/www.jatu.be\/fr\/wp-json\/wp\/v2\/media?parent=47267"}],"wp:term":[{"taxonomy":"product_cat","embeddable":true,"href":"https:\/\/www.jatu.be\/fr\/wp-json\/wp\/v2\/product_cat?post=47267"},{"taxonomy":"product_tag","embeddable":true,"href":"https:\/\/www.jatu.be\/fr\/wp-json\/wp\/v2\/product_tag?post=47267"}],"curies":[{"name":"wp","href":"https:\/\/api.w.org\/{rel}","templated":true}]}}