{"id":47281,"date":"2024-01-10T11:31:22","date_gmt":"2024-01-10T10:31:22","guid":{"rendered":"https:\/\/www.jatu.be\/?post_type=product&#038;p=47281"},"modified":"2026-03-09T09:10:47","modified_gmt":"2026-03-09T08:10:47","slug":"gabion-sur-socle-eccofence-kit-200-cm","status":"publish","type":"product","link":"https:\/\/www.jatu.be\/fr\/produit\/gabion-sur-socle-eccofence-kit-200-cm\/","title":{"rendered":"Gabion sur socle \u2013 ECCOfence KIT 200 x 20 x 201 cm"},"content":{"rendered":"","protected":false},"excerpt":{"rendered":"<h2>ECCOfence KIT 200: la solution parfaite pour votre jardin<\/h2>\n<h3>Pourquoi choisir l&rsquo;ECCOfence KIT 200?<\/h3>\n<p>L&rsquo;ECCOfence KIT 200 est un gabion innovant et convivial qui offre une apparence \u00e9l\u00e9gante \u00e0 tout jardin. Gr\u00e2ce \u00e0 son installation suspendue, la kit reste propre et exempte de salet\u00e9s \u00e9clabouss\u00e9es. De plus, le syst\u00e8me est facile \u00e0 monter et adaptable \u00e0 vos besoins en largeur.<\/p>\n<h3>Sp\u00e9cifications de l&rsquo;ECCOfence KIT 200<\/h3>\n<p>L&rsquo;ECCOfence KIT 200 mesure 201 cm de long, 20 cm de large et a une hauteur totale de 200 cm, y compris la partie suspendue de 9 cm. Le gabion est fabriqu\u00e9 en mat\u00e9riau Zn-Alu de haute qualit\u00e9, garantissant durabilit\u00e9 et longue dur\u00e9e de vie. Le gabion est facilement ajustable en hauteur par incr\u00e9ments de 5 cm, assurant un ajustement parfait dans n&rsquo;importe quel environnement.<\/p>\n<p>Ce <a href=\"https:\/\/www.jatu.be\/fr\/categorie-produit\/clotures-de-jardin\/gabions\/eccofence-kit-fr\/\">gabion sur pied<\/a> est disponible en 4 hauteurs diff\u00e9rentes :<\/p>\n<ul>\n<li><a href=\"https:\/\/www.jatu.be\/fr\/produit\/gabion-sur-socle-eccofence-kit-50-x-20-x-201-cm\/\">ECCOfence 50 cm de hauteur<\/a><\/li>\n<li><a href=\"https:\/\/www.jatu.be\/fr\/produit\/gabion-sur-socle-eccofence-kit-100-x-20-x-201-cm\/\">ECCOfence 100 cm de hauteur<\/a><\/li>\n<li><a href=\"https:\/\/www.jatu.be\/fr\/produit\/gabion-sur-socle-eccofence-kit-50-x-20-x-201-cm-2\/\">ECCOfence 150 cm de hauteur<\/a><\/li>\n<li>ECCOfence 200 cm de hauteur<\/li>\n<\/ul>\n<h3>Id\u00e9al pour diverses applications<\/h3>\n<p>L&rsquo;ECCOfence KIT 200 est id\u00e9ale pour diverses applications :<\/p>\n<ul>\n<li><strong>Cl\u00f4tures<\/strong> : Cr\u00e9ez une cl\u00f4ture \u00e9l\u00e9gante et durable.<\/li>\n<li><strong>Terrasses<\/strong> : Ajoutez une touche moderne \u00e0 votre espace ext\u00e9rieur.<\/li>\n<li><strong>Protection des b\u00e2timents<\/strong> : Am\u00e9liorez la s\u00e9curit\u00e9 et l&rsquo;esth\u00e9tique de votre propri\u00e9t\u00e9.<\/li>\n<li><strong>Murs de sout\u00e8nement<\/strong> : Id\u00e9ale pour supporter des plates-bandes sur\u00e9lev\u00e9es.<\/li>\n<li><strong>Publicit\u00e9<\/strong> : Parfait comme support publicitaire attrayant et robuste.<\/li>\n<\/ul>\n<h3>Installation et entretien<\/h3>\n<p>Pour l&rsquo;installation de l&rsquo;ECCOfence KIT 200, il existe trois options de fondation : une semelle en b\u00e9ton, des socles coul\u00e9s sur place ou des pieds pr\u00e9fabriqu\u00e9s ECCO. Chacune de ces options assure une installation stable et s\u00e9curis\u00e9e. L&rsquo;entretien est minimal; un spray de zinc peut \u00eatre utilis\u00e9 pour traiter les petites taches de rouille qui peuvent appara\u00eetre sur les treillis.<\/p>\n<h3>Remplissez vos gabions avec des pierres et des galets<\/h3>\n<p>Pour une finition parfaite de votre ECCOfence KIT, consultez notre gamme de pierres et gros galets. Ces pierres sont sp\u00e9cialement s\u00e9lectionn\u00e9es pour un remplissage durable et esth\u00e9tique de vos gabions.<\/p>\n<p>Remplissez votre ECCOfence KIT avec des <a href=\"https:\/\/www.jatu.be\/fr\/categorie-produit\/gravier-et-galets\/moellons-et-galets-gravier-et-galets\/\">pierres ou galets de couleur durable<\/a> de votre choix :<\/p>\n<ul>\n<li><a href=\"https:\/\/www.jatu.be\/fr\/produit\/moellons-bleu-belge-40-60\/\">Bleu belge<\/a><\/li>\n<li><a href=\"https:\/\/www.jatu.be\/fr\/produit\/moellons-rouge-belge-60-100\/\">Rouge belge<\/a><\/li>\n<li><a href=\"https:\/\/www.jatu.be\/fr\/produit\/galets-carrara-60-100\/\">Galets carrara<\/a><\/li>\n<li><a href=\"https:\/\/www.jatu.be\/fr\/produit\/moellons-grafrado-60-90\/\">Pierres Grafado<\/a><\/li>\n<li>Galets<\/li>\n<\/ul>\n<p>Ces pierres sont disponibles s\u00e9par\u00e9ment, vous permettant de choisir celles qui conviennent le mieux \u00e0 votre jardin.<\/p>\n<h2>Commandez maintenant et profitez des avantages<\/h2>\n<p>Commandez d\u00e8s aujourd&rsquo;hui votre ECCOfence KIT 200 sur Jatu.be. Nous livrons partout en Belgique dans un d\u00e9lai de 4 jours ouvrables. Vous pr\u00e9f\u00e9rez commencer imm\u00e9diatement ? Le retrait est possible et encore plus avantageux !<\/p>\n","protected":false},"featured_media":50734,"template":"","meta":{"_acf_changed":false,"inline_featured_image":false,"footnotes":""},"product_cat":[5419],"product_tag":[],"class_list":{"0":"post-47281","1":"product","2":"type-product","3":"status-publish","4":"has-post-thumbnail","6":"product_cat-eccofence-kit-fr","8":"first","9":"instock","10":"taxable","11":"shipping-taxable","12":"purchasable","13":"product-type-variable","14":"has-default-attributes"},"acf":{"woocommerce_erp_id":"4456","woocommerce_cnk_id":"200941","product_density":1,"custom_prices":[{"variation_id":"54796","customer_group":"CON","customer_id":"","min_qty":1,"max_qty":9999999,"steps":1,"price":403.31,"price_incl":488,"delivery_group":"COLLECT"},{"variation_id":"54796","customer_group":"CON","customer_id":"","min_qty":1,"max_qty":9999999,"steps":1,"price":403.31,"price_incl":488,"delivery_group":"DELIVERY"}],"packaging_ids":[{"packaging_name":"Pi\u00e8ce","packaging_id":"7","erp_id":"4456"}],"c_lengte":"","c_breedte":"","c_hoogte":""},"_links":{"self":[{"href":"https:\/\/www.jatu.be\/fr\/wp-json\/wp\/v2\/product\/47281","targetHints":{"allow":["GET"]}}],"collection":[{"href":"https:\/\/www.jatu.be\/fr\/wp-json\/wp\/v2\/product"}],"about":[{"href":"https:\/\/www.jatu.be\/fr\/wp-json\/wp\/v2\/types\/product"}],"version-history":[{"count":4,"href":"https:\/\/www.jatu.be\/fr\/wp-json\/wp\/v2\/product\/47281\/revisions"}],"predecessor-version":[{"id":57617,"href":"https:\/\/www.jatu.be\/fr\/wp-json\/wp\/v2\/product\/47281\/revisions\/57617"}],"wp:featuredmedia":[{"embeddable":true,"href":"https:\/\/www.jatu.be\/fr\/wp-json\/wp\/v2\/media\/50734"}],"wp:attachment":[{"href":"https:\/\/www.jatu.be\/fr\/wp-json\/wp\/v2\/media?parent=47281"}],"wp:term":[{"taxonomy":"product_cat","embeddable":true,"href":"https:\/\/www.jatu.be\/fr\/wp-json\/wp\/v2\/product_cat?post=47281"},{"taxonomy":"product_tag","embeddable":true,"href":"https:\/\/www.jatu.be\/fr\/wp-json\/wp\/v2\/product_tag?post=47281"}],"curies":[{"name":"wp","href":"https:\/\/api.w.org\/{rel}","templated":true}]}}