{"id":47283,"date":"2024-01-10T11:31:24","date_gmt":"2024-01-10T10:31:24","guid":{"rendered":"https:\/\/www.jatu.be\/?post_type=product&#038;p=47283"},"modified":"2026-03-09T09:10:42","modified_gmt":"2026-03-09T08:10:42","slug":"finition-esthetique-eccofence-kit-200","status":"publish","type":"product","link":"https:\/\/www.jatu.be\/fr\/produit\/finition-esthetique-eccofence-kit-200\/","title":{"rendered":"Finition esth\u00e9tique &#8211; ECCOfence KIT 200"},"content":{"rendered":"","protected":false},"excerpt":{"rendered":"<p>En option, il est possible de commander un treillis lat\u00e9ral esth\u00e9tique. Celui-ci est uniquement n\u00e9cessaire si vous souhaitez que les moellons soient visibles de c\u00f4t\u00e9.<\/p>\n","protected":false},"featured_media":50809,"template":"","meta":{"_acf_changed":false,"inline_featured_image":false,"footnotes":""},"product_cat":[5419],"product_tag":[],"class_list":{"0":"post-47283","1":"product","2":"type-product","3":"status-publish","4":"has-post-thumbnail","6":"product_cat-eccofence-kit-fr","8":"first","9":"instock","10":"taxable","11":"shipping-taxable","12":"purchasable","13":"product-type-variable","14":"has-default-attributes"},"acf":{"woocommerce_erp_id":"4450","woocommerce_cnk_id":"200942","product_density":1,"custom_prices":[{"variation_id":"54797","customer_group":"CON","customer_id":"","min_qty":1,"max_qty":9999999,"steps":1,"price":85.95,"price_incl":104,"delivery_group":"COLLECT"},{"variation_id":"54797","customer_group":"CON","customer_id":"","min_qty":1,"max_qty":9999999,"steps":1,"price":85.95,"price_incl":104,"delivery_group":"DELIVERY"}],"packaging_ids":[{"packaging_name":"Pi\u00e8ce","packaging_id":"7","erp_id":"4450"}],"c_lengte":"","c_breedte":"","c_hoogte":""},"_links":{"self":[{"href":"https:\/\/www.jatu.be\/fr\/wp-json\/wp\/v2\/product\/47283","targetHints":{"allow":["GET"]}}],"collection":[{"href":"https:\/\/www.jatu.be\/fr\/wp-json\/wp\/v2\/product"}],"about":[{"href":"https:\/\/www.jatu.be\/fr\/wp-json\/wp\/v2\/types\/product"}],"version-history":[{"count":5,"href":"https:\/\/www.jatu.be\/fr\/wp-json\/wp\/v2\/product\/47283\/revisions"}],"predecessor-version":[{"id":57985,"href":"https:\/\/www.jatu.be\/fr\/wp-json\/wp\/v2\/product\/47283\/revisions\/57985"}],"wp:featuredmedia":[{"embeddable":true,"href":"https:\/\/www.jatu.be\/fr\/wp-json\/wp\/v2\/media\/50809"}],"wp:attachment":[{"href":"https:\/\/www.jatu.be\/fr\/wp-json\/wp\/v2\/media?parent=47283"}],"wp:term":[{"taxonomy":"product_cat","embeddable":true,"href":"https:\/\/www.jatu.be\/fr\/wp-json\/wp\/v2\/product_cat?post=47283"},{"taxonomy":"product_tag","embeddable":true,"href":"https:\/\/www.jatu.be\/fr\/wp-json\/wp\/v2\/product_tag?post=47283"}],"curies":[{"name":"wp","href":"https:\/\/api.w.org\/{rel}","templated":true}]}}