{"id":47299,"date":"2024-01-10T11:31:41","date_gmt":"2024-01-10T10:31:41","guid":{"rendered":"https:\/\/www.jatu.be\/?post_type=product&#038;p=47299"},"modified":"2026-05-06T14:34:05","modified_gmt":"2026-05-06T12:34:05","slug":"pompe-de-bassin-eco-tec2-econome-en-energie-debit-de-4900-a-19600-l-h","status":"publish","type":"product","link":"https:\/\/www.jatu.be\/fr\/produit\/pompe-de-bassin-eco-tec2-econome-en-energie-debit-de-4900-a-19600-l-h\/","title":{"rendered":"Pompe de bassin ECO-TEC2 \u00e9conome en \u00e9nergie &#8211; D\u00e9bit de 4900 \u00e0 19600 l\/h"},"content":{"rendered":"","protected":false},"excerpt":{"rendered":"<h2>Acheter une pompe de bassin \u00e9conome en \u00e9nergie<\/h2>\n<p>Commandez cette pompe de bassin \u00e9conome en \u00e9nergie en ligne aujourd&rsquo;hui et faites-la livrer chez vous en quatre jours ouvrables. Vous pouvez \u00e9galement la retirer \u00e0 notre d\u00e9p\u00f4t de Wevelgem ou de Zedelgem.<\/p>\n<p>L&rsquo;ECO-TEC2 est la pompe de bassin la plus \u00e9conome en \u00e9nergie du march\u00e9. Elle int\u00e8gre toutes les derni\u00e8res technologies, ce qui en fait une pompe de bassin puissante avec la plus faible consommation d&rsquo;\u00e9nergie possible.<\/p>\n<p>En plus d&rsquo;\u00eatre la pompe de bassin la plus \u00e9cologique, elle est \u00e9galement la plus int\u00e9ressante d&rsquo;un point de vue \u00e9conomique, car gr\u00e2ce \u00e0 sa faible consommation d&rsquo;\u00e9nergie, vous disposez \u00e9galement de la pompe de bassin la plus rentable \u00e0 long terme.<\/p>\n<h2>De quel type de pompe de bassin ECO-TEC2 ai-je besoin?<\/h2>\n<p>La pompe de bassin \u00e9conome en \u00e9nergie ECO-TEC2 convient \u00e0 diverses applications de bassin telles que : Cascades, cours d&rsquo;eau, syst\u00e8mes de filtration, \u00e9tangs de circulation et de baignade. La pompe est adapt\u00e9e \u00e0 une installation s\u00e8che ou humide. Si vous recherchez une pompe de bassin pour les fontaines, vous devriez opter pour une <a href=\"https:\/\/www.jatu.be\/nl\/vijverproducten\/multisystem-mpf-3000\/\" target=\"_blank\" rel=\"noopener noreferrer\">pompe Multisystem MPF<\/a>.<\/p>\n<p>L&rsquo;ECO-TEC2 est disponible pour diff\u00e9rentes tailles de bassins et zones de filtration. En fonction du d\u00e9bit, vous devez choisir l&rsquo;ECO-TEC2 ci-dessous (voir graphique en illustration) :<\/p>\n<ul>\n<li>ECO-TEC2 4500 &#8211; D\u00e9bit jusqu&rsquo;\u00e0 4900 l\/h<\/li>\n<li>ECO-TEC2 7500 &#8211; D\u00e9bit jusqu&rsquo;\u00e0 7300 l\/h<\/li>\n<li>ECO-TEC2 10000 &#8211; D\u00e9bit jusqu&rsquo;\u00e0 11000 l\/h<\/li>\n<li>ECO-TEC2 13000- D\u00e9bit jusqu&rsquo;\u00e0 12600 l\/h<\/li>\n<li>ECO-TEC2 16000- D\u00e9bit jusqu&rsquo;\u00e0 15400 l\/h<\/li>\n<li>ECO-TEC2 20000- D\u00e9bit jusqu&rsquo;\u00e0 19600 l\/h<\/li>\n<\/ul>\n<p>Vous souhaitez obtenir toutes les informations techniques sur cette pompe de bassin \u00e9conome en \u00e9nergie? Alors n&rsquo;h\u00e9sitez pas \u00e0 consulter la fiche technique en cliquant sur \u00ab\u00a0Fiche technique\u00a0\u00bb ci-dessous. Vous y trouverez toutes les sp\u00e9cifications par type d&rsquo;ECO-TEC2.<\/p>\n","protected":false},"featured_media":50882,"template":"","meta":{"_acf_changed":false,"inline_featured_image":false,"footnotes":""},"product_cat":[5421],"product_tag":[],"class_list":{"0":"post-47299","1":"product","2":"type-product","3":"status-publish","4":"has-post-thumbnail","6":"product_cat-produits-detang","8":"first","9":"instock","10":"taxable","11":"shipping-taxable","12":"purchasable","13":"product-type-variable","14":"has-default-attributes"},"acf":{"woocommerce_erp_id":"18419","woocommerce_cnk_id":"201820","product_density":0,"custom_prices":[{"variation_id":"54810","customer_group":"CON","customer_id":"","min_qty":1,"max_qty":9999999,"steps":1,"price":535.54,"price_incl":648,"delivery_group":"DELIVERY"},{"variation_id":"54810","customer_group":"CON","customer_id":"","min_qty":1,"max_qty":9999999,"steps":1,"price":535.54,"price_incl":648,"delivery_group":"COLLECT"},{"variation_id":"54807","customer_group":"CON","customer_id":"","min_qty":1,"max_qty":9999999,"steps":1,"price":313.24,"price_incl":379.02,"delivery_group":"DELIVERY"},{"variation_id":"54807","customer_group":"CON","customer_id":"","min_qty":1,"max_qty":9999999,"steps":1,"price":313.24,"price_incl":379.02,"delivery_group":"COLLECT"},{"variation_id":"54808","customer_group":"CON","customer_id":"","min_qty":1,"max_qty":9999999,"steps":1,"price":390.91,"price_incl":473,"delivery_group":"DELIVERY"},{"variation_id":"54808","customer_group":"CON","customer_id":"","min_qty":1,"max_qty":9999999,"steps":1,"price":390.91,"price_incl":473,"delivery_group":"COLLECT"},{"variation_id":"54809","customer_group":"CON","customer_id":"","min_qty":1,"max_qty":9999999,"steps":1,"price":452.07,"price_incl":547,"delivery_group":"DELIVERY"},{"variation_id":"54809","customer_group":"CON","customer_id":"","min_qty":1,"max_qty":9999999,"steps":1,"price":452.07,"price_incl":547,"delivery_group":"COLLECT"},{"variation_id":"54811","customer_group":"CON","customer_id":"","min_qty":1,"max_qty":9999999,"steps":1,"price":655.37,"price_incl":793,"delivery_group":"DELIVERY"},{"variation_id":"54811","customer_group":"CON","customer_id":"","min_qty":1,"max_qty":9999999,"steps":1,"price":655.37,"price_incl":793,"delivery_group":"COLLECT"},{"variation_id":"54812","customer_group":"CON","customer_id":"","min_qty":1,"max_qty":9999999,"steps":0.01,"price":795.87,"price_incl":963,"delivery_group":"DELIVERY"},{"variation_id":"54812","customer_group":"CON","customer_id":"","min_qty":1,"max_qty":9999999,"steps":0.01,"price":795.87,"price_incl":963,"delivery_group":"COLLECT"}],"packaging_ids":[{"packaging_name":"D\u00e9bit jusqu'\u00e0 4900 l\/h","packaging_id":"37","erp_id":"18419"},{"packaging_name":"D\u00e9bit jusqu'\u00e0 7300 l\/h","packaging_id":"38","erp_id":"18420"},{"packaging_name":"D\u00e9bit jusqu'\u00e0 11000 l\/h","packaging_id":"39","erp_id":"18410"},{"packaging_name":"D\u00e9bit jusqu'\u00e0 12600 l\/h","packaging_id":"36","erp_id":"18416"},{"packaging_name":"D\u00e9bit jusqu'\u00e0 15400 l\/h","packaging_id":"40","erp_id":"18417"},{"packaging_name":"D\u00e9bit jusqu'\u00e0 19600 l\/h","packaging_id":"41","erp_id":"18418"}],"c_lengte":"","c_breedte":"","c_hoogte":""},"_links":{"self":[{"href":"https:\/\/www.jatu.be\/fr\/wp-json\/wp\/v2\/product\/47299","targetHints":{"allow":["GET"]}}],"collection":[{"href":"https:\/\/www.jatu.be\/fr\/wp-json\/wp\/v2\/product"}],"about":[{"href":"https:\/\/www.jatu.be\/fr\/wp-json\/wp\/v2\/types\/product"}],"version-history":[{"count":1,"href":"https:\/\/www.jatu.be\/fr\/wp-json\/wp\/v2\/product\/47299\/revisions"}],"predecessor-version":[{"id":50884,"href":"https:\/\/www.jatu.be\/fr\/wp-json\/wp\/v2\/product\/47299\/revisions\/50884"}],"wp:featuredmedia":[{"embeddable":true,"href":"https:\/\/www.jatu.be\/fr\/wp-json\/wp\/v2\/media\/50882"}],"wp:attachment":[{"href":"https:\/\/www.jatu.be\/fr\/wp-json\/wp\/v2\/media?parent=47299"}],"wp:term":[{"taxonomy":"product_cat","embeddable":true,"href":"https:\/\/www.jatu.be\/fr\/wp-json\/wp\/v2\/product_cat?post=47299"},{"taxonomy":"product_tag","embeddable":true,"href":"https:\/\/www.jatu.be\/fr\/wp-json\/wp\/v2\/product_tag?post=47299"}],"curies":[{"name":"wp","href":"https:\/\/api.w.org\/{rel}","templated":true}]}}