{"id":47305,"date":"2024-01-10T11:31:48","date_gmt":"2024-01-10T10:31:48","guid":{"rendered":"https:\/\/www.jatu.be\/?post_type=product&#038;p=47305"},"modified":"2026-03-09T09:22:15","modified_gmt":"2026-03-09T08:22:15","slug":"nerobianco-30-60","status":"publish","type":"product","link":"https:\/\/www.jatu.be\/fr\/produit\/nerobianco-30-60\/","title":{"rendered":"Nerobianco 30\/60"},"content":{"rendered":"","protected":false},"excerpt":{"rendered":"<p>Un granit de couleur inalt\u00e9rable, argent\u00e9 avec des mouchetures noires. Le nerrobianco est une roche ign\u00e9e souterraine que l&rsquo;on appelle parfois affectueusement \u00ab\u00a0poivre et sel\u00a0\u00bb.<\/p>\n<p>Gr\u00e2ce \u00e0 leur aspect unique, ces galets de plage se distinguent parfaitement dans les environnements modernes ou en combinaison avec des \u00e9l\u00e9ments en b\u00e9ton. Disponible en deux tailles diff\u00e9rentes 30\/60 et <a href=\"https:\/\/www.jatu.be\/fr\/produit\/nerobianco-50-100\/\" target=\"_blank\" rel=\"noopener noreferrer\">50\/100<\/a>, \u00e0 retirer uniquement \u00e0 Wevelgem.<\/p>\n<p>&nbsp;<\/p>\n","protected":false},"featured_media":64417,"template":"","meta":{"_acf_changed":false,"inline_featured_image":false,"footnotes":""},"product_cat":[5389],"product_tag":[],"class_list":{"0":"post-47305","1":"product","2":"type-product","3":"status-publish","4":"has-post-thumbnail","6":"product_cat-moellons-et-galets-gravier-et-galets","8":"first","9":"instock","10":"taxable","11":"shipping-taxable","12":"purchasable","13":"product-type-variable","14":"has-default-attributes"},"acf":{"woocommerce_erp_id":"16400","woocommerce_cnk_id":"202143","product_density":1.6,"custom_prices":[{"variation_id":"47915","customer_group":"CON","customer_id":"","min_qty":1,"max_qty":9999999,"steps":1,"price":500,"price_incl":605,"delivery_group":"COLLECT"},{"variation_id":"47915","customer_group":"CON","customer_id":"","min_qty":1,"max_qty":9999999,"steps":1,"price":500,"price_incl":605,"delivery_group":"DELIVERY"},{"variation_id":"56353","customer_group":"CON","customer_id":"","min_qty":1,"max_qty":9999999,"steps":1,"price":8.26,"price_incl":10,"delivery_group":"DELIVERY"},{"variation_id":"56353","customer_group":"CON","customer_id":"","min_qty":1,"max_qty":9999999,"steps":1,"price":8.26,"price_incl":10,"delivery_group":"COLLECT"}],"packaging_ids":[{"packaging_name":"Big bag 1500 kg","packaging_id":"4","erp_id":"16400"},{"packaging_name":"Pi\u00e8ce","packaging_id":"7","erp_id":"19509"}],"c_lengte":"","c_breedte":"","c_hoogte":""},"_links":{"self":[{"href":"https:\/\/www.jatu.be\/fr\/wp-json\/wp\/v2\/product\/47305","targetHints":{"allow":["GET"]}}],"collection":[{"href":"https:\/\/www.jatu.be\/fr\/wp-json\/wp\/v2\/product"}],"about":[{"href":"https:\/\/www.jatu.be\/fr\/wp-json\/wp\/v2\/types\/product"}],"version-history":[{"count":3,"href":"https:\/\/www.jatu.be\/fr\/wp-json\/wp\/v2\/product\/47305\/revisions"}],"predecessor-version":[{"id":57414,"href":"https:\/\/www.jatu.be\/fr\/wp-json\/wp\/v2\/product\/47305\/revisions\/57414"}],"wp:featuredmedia":[{"embeddable":true,"href":"https:\/\/www.jatu.be\/fr\/wp-json\/wp\/v2\/media\/64417"}],"wp:attachment":[{"href":"https:\/\/www.jatu.be\/fr\/wp-json\/wp\/v2\/media?parent=47305"}],"wp:term":[{"taxonomy":"product_cat","embeddable":true,"href":"https:\/\/www.jatu.be\/fr\/wp-json\/wp\/v2\/product_cat?post=47305"},{"taxonomy":"product_tag","embeddable":true,"href":"https:\/\/www.jatu.be\/fr\/wp-json\/wp\/v2\/product_tag?post=47305"}],"curies":[{"name":"wp","href":"https:\/\/api.w.org\/{rel}","templated":true}]}}