{"id":47307,"date":"2024-01-10T11:31:50","date_gmt":"2024-01-10T10:31:50","guid":{"rendered":"https:\/\/www.jatu.be\/?post_type=product&#038;p=47307"},"modified":"2026-03-09T09:22:20","modified_gmt":"2026-03-09T08:22:20","slug":"nerobianco-galets-50-100","status":"publish","type":"product","link":"https:\/\/www.jatu.be\/fr\/produit\/nerobianco-galets-50-100\/","title":{"rendered":"Nerobianco 50\/100"},"content":{"rendered":"","protected":false},"excerpt":{"rendered":"<p>Un granit de couleur inalt\u00e9rable, argent\u00e9 avec des mouchetures noires. Le nerrobianco est une roche ign\u00e9e souterraine que l&rsquo;on appelle parfois affectueusement \u00ab\u00a0poivre et sel\u00a0\u00bb.<\/p>\n<p>Gr\u00e2ce \u00e0 leur aspect unique, ces galets de plage se distinguent parfaitement dans les environnements modernes ou en combinaison avec des \u00e9l\u00e9ments en b\u00e9ton. Disponible en deux tailles diff\u00e9rentes <a href=\"https:\/\/www.jatu.be\/fr\/produit\/nerobianco-30-60\/\" target=\"_blank\" rel=\"noopener noreferrer\">30\/60<\/a> et 50\/100, \u00e0 retirer uniquement \u00e0 Wevelgem.<\/p>\n","protected":false},"featured_media":64420,"template":"","meta":{"_acf_changed":false,"inline_featured_image":false,"footnotes":""},"product_cat":[5389],"product_tag":[],"class_list":{"0":"post-47307","1":"product","2":"type-product","3":"status-publish","4":"has-post-thumbnail","6":"product_cat-moellons-et-galets-gravier-et-galets","8":"first","9":"instock","10":"taxable","11":"shipping-taxable","12":"purchasable","13":"product-type-variable","14":"has-default-attributes"},"acf":{"woocommerce_erp_id":"16401","woocommerce_cnk_id":"202144","product_density":1,"custom_prices":[{"variation_id":"48478","customer_group":"CON","customer_id":"","min_qty":1,"max_qty":9999999,"steps":1,"price":500,"price_incl":605,"delivery_group":"COLLECT"},{"variation_id":"48478","customer_group":"CON","customer_id":"","min_qty":1,"max_qty":9999999,"steps":1,"price":500,"price_incl":605,"delivery_group":"DELIVERY"},{"variation_id":"56354","customer_group":"CON","customer_id":"","min_qty":1,"max_qty":9999999,"steps":1,"price":8.26,"price_incl":10,"delivery_group":"COLLECT"},{"variation_id":"56354","customer_group":"CON","customer_id":"","min_qty":1,"max_qty":9999999,"steps":1,"price":8.26,"price_incl":10,"delivery_group":"DELIVERY"}],"packaging_ids":[{"packaging_name":"Big bag 1500 kg","packaging_id":"4","erp_id":"16401"},{"packaging_name":"Pi\u00e8ce","packaging_id":"7","erp_id":"19510"},{"packaging_name":"Big bag 1000 kg","packaging_id":"2","erp_id":"19699"}],"c_lengte":"","c_breedte":"","c_hoogte":""},"_links":{"self":[{"href":"https:\/\/www.jatu.be\/fr\/wp-json\/wp\/v2\/product\/47307","targetHints":{"allow":["GET"]}}],"collection":[{"href":"https:\/\/www.jatu.be\/fr\/wp-json\/wp\/v2\/product"}],"about":[{"href":"https:\/\/www.jatu.be\/fr\/wp-json\/wp\/v2\/types\/product"}],"version-history":[{"count":3,"href":"https:\/\/www.jatu.be\/fr\/wp-json\/wp\/v2\/product\/47307\/revisions"}],"predecessor-version":[{"id":57413,"href":"https:\/\/www.jatu.be\/fr\/wp-json\/wp\/v2\/product\/47307\/revisions\/57413"}],"wp:featuredmedia":[{"embeddable":true,"href":"https:\/\/www.jatu.be\/fr\/wp-json\/wp\/v2\/media\/64420"}],"wp:attachment":[{"href":"https:\/\/www.jatu.be\/fr\/wp-json\/wp\/v2\/media?parent=47307"}],"wp:term":[{"taxonomy":"product_cat","embeddable":true,"href":"https:\/\/www.jatu.be\/fr\/wp-json\/wp\/v2\/product_cat?post=47307"},{"taxonomy":"product_tag","embeddable":true,"href":"https:\/\/www.jatu.be\/fr\/wp-json\/wp\/v2\/product_tag?post=47307"}],"curies":[{"name":"wp","href":"https:\/\/api.w.org\/{rel}","templated":true}]}}