{"id":47311,"date":"2024-01-10T11:31:55","date_gmt":"2024-01-10T10:31:55","guid":{"rendered":"https:\/\/www.jatu.be\/?post_type=product&#038;p=47311"},"modified":"2026-05-06T15:12:29","modified_gmt":"2026-05-06T13:12:29","slug":"drainbase-l-stop","status":"publish","type":"product","link":"https:\/\/www.jatu.be\/fr\/produit\/drainbase-l-stop\/","title":{"rendered":"Drainbase L-stop"},"content":{"rendered":"","protected":false},"excerpt":{"rendered":"<h2>Drainbase L-stop<\/h2>\n<p>Les c\u00f4t\u00e9s des plaques de gazon artificiel peuvent \u00eatre finis avec la bordure en L. Cela \u00e9vite que les r\u00e9sidus de sol ne soient import\u00e9s et que la vermine ne p\u00e9n\u00e8tre pas dans les plaques.<\/p>\n","protected":false},"featured_media":49762,"template":"","meta":{"_acf_changed":false,"inline_featured_image":false,"footnotes":""},"product_cat":[5409],"product_tag":[],"class_list":{"0":"post-47311","1":"product","2":"type-product","3":"status-publish","4":"has-post-thumbnail","6":"product_cat-gazon-synthetique","8":"first","9":"instock","10":"taxable","11":"shipping-taxable","12":"purchasable","13":"product-type-variable","14":"has-default-attributes"},"acf":{"woocommerce_erp_id":"16504","woocommerce_cnk_id":"202257","product_density":0,"custom_prices":[{"variation_id":"54813","customer_group":"CON","customer_id":"","min_qty":1,"max_qty":9999999,"steps":1,"price":24.79,"price_incl":30,"delivery_group":"COLLECT"},{"variation_id":"54813","customer_group":"CON","customer_id":"","min_qty":1,"max_qty":9999999,"steps":1,"price":24.79,"price_incl":30,"delivery_group":"DELIVERY"}],"packaging_ids":[{"packaging_name":"Pi\u00e8ce","packaging_id":"7","erp_id":"16504"}],"c_lengte":"","c_breedte":"","c_hoogte":""},"_links":{"self":[{"href":"https:\/\/www.jatu.be\/fr\/wp-json\/wp\/v2\/product\/47311","targetHints":{"allow":["GET"]}}],"collection":[{"href":"https:\/\/www.jatu.be\/fr\/wp-json\/wp\/v2\/product"}],"about":[{"href":"https:\/\/www.jatu.be\/fr\/wp-json\/wp\/v2\/types\/product"}],"version-history":[{"count":4,"href":"https:\/\/www.jatu.be\/fr\/wp-json\/wp\/v2\/product\/47311\/revisions"}],"predecessor-version":[{"id":72120,"href":"https:\/\/www.jatu.be\/fr\/wp-json\/wp\/v2\/product\/47311\/revisions\/72120"}],"wp:featuredmedia":[{"embeddable":true,"href":"https:\/\/www.jatu.be\/fr\/wp-json\/wp\/v2\/media\/49762"}],"wp:attachment":[{"href":"https:\/\/www.jatu.be\/fr\/wp-json\/wp\/v2\/media?parent=47311"}],"wp:term":[{"taxonomy":"product_cat","embeddable":true,"href":"https:\/\/www.jatu.be\/fr\/wp-json\/wp\/v2\/product_cat?post=47311"},{"taxonomy":"product_tag","embeddable":true,"href":"https:\/\/www.jatu.be\/fr\/wp-json\/wp\/v2\/product_tag?post=47311"}],"curies":[{"name":"wp","href":"https:\/\/api.w.org\/{rel}","templated":true}]}}