{"id":47313,"date":"2024-01-10T11:31:57","date_gmt":"2024-01-10T10:31:57","guid":{"rendered":"https:\/\/www.jatu.be\/?post_type=product&#038;p=47313"},"modified":"2026-03-09T09:22:44","modified_gmt":"2026-03-09T08:22:44","slug":"gronddoekpennen-50-stuks","status":"publish","type":"product","link":"https:\/\/www.jatu.be\/fr\/produit\/gronddoekpennen-50-stuks\/","title":{"rendered":"Agrafes toile de pallage &#8211; bo\u00eete 50 pi\u00e8ces"},"content":{"rendered":"","protected":false},"excerpt":{"rendered":"<h2>Acheter des broches en tissu de terre<\/h2>\n<p>Achetez ces \u00e9pingles en tissu de sol par 50 pi\u00e8ces. Avec ces \u00e9pingles en forme de U, vous pouvez facilement fixer solidement votre tissu anti-racines. Cela permet d&rsquo;\u00e9viter que le <a href=\"https:\/\/www.jatu.be\/fr\/anti-racine\/\" target=\"_blank\" rel=\"noopener noreferrer\">tissu anti-racines<\/a> ne s&rsquo;envole avant que vous ne saupoudriez du <a href=\"https:\/\/www.jatu.be\/fr\/gravier-et-galets\/\" target=\"_blank\" rel=\"noopener noreferrer\">gravier<\/a>, du <a href=\"https:\/\/www.jatu.be\/fr\/couverture-vegetales\/\" target=\"_blank\" rel=\"noopener noreferrer\">couvre-sol<\/a> ou <a href=\"https:\/\/www.jatu.be\/fr\/pierres-de-lave\/\" target=\"_blank\" rel=\"noopener noreferrer\">des pierres lave<\/a> dessus.<\/p>\n<p>Commandez ces \u00e9pingles \u00e0 linge en ligne d\u00e8s aujourd&rsquo;hui et faites-les livrer \u00e0 votre domicile dans les quatre jours ouvrables. Ils peuvent \u00eatre fournis gratuitement avec vos big bags ou autres produits du sol. Les broches de tissu de sol sont emball\u00e9es par 50 dans une bo\u00eete, plus que suffisant pour fixer votre tissu anti-racine.<\/p>\n","protected":false},"featured_media":54478,"template":"","meta":{"_acf_changed":false,"inline_featured_image":false,"footnotes":""},"product_cat":[5420],"product_tag":[],"class_list":{"0":"post-47313","1":"product","2":"type-product","3":"status-publish","4":"has-post-thumbnail","6":"product_cat-anti-racine","8":"first","9":"instock","10":"taxable","11":"shipping-taxable","12":"purchasable","13":"product-type-variable","14":"has-default-attributes"},"acf":{"woocommerce_erp_id":"16545","woocommerce_cnk_id":"202277","product_density":0,"custom_prices":[{"variation_id":"48474","customer_group":"CON","customer_id":"","min_qty":1,"max_qty":9999999,"steps":1,"price":16.53,"price_incl":20,"delivery_group":"COLLECT"},{"variation_id":"48474","customer_group":"CON","customer_id":"","min_qty":1,"max_qty":9999999,"steps":1,"price":16.53,"price_incl":20,"delivery_group":"DELIVERY"}],"packaging_ids":[{"packaging_name":"Bo\u00eete","packaging_id":"6","erp_id":"16545"}],"c_lengte":"","c_breedte":"","c_hoogte":""},"_links":{"self":[{"href":"https:\/\/www.jatu.be\/fr\/wp-json\/wp\/v2\/product\/47313","targetHints":{"allow":["GET"]}}],"collection":[{"href":"https:\/\/www.jatu.be\/fr\/wp-json\/wp\/v2\/product"}],"about":[{"href":"https:\/\/www.jatu.be\/fr\/wp-json\/wp\/v2\/types\/product"}],"version-history":[{"count":2,"href":"https:\/\/www.jatu.be\/fr\/wp-json\/wp\/v2\/product\/47313\/revisions"}],"predecessor-version":[{"id":54476,"href":"https:\/\/www.jatu.be\/fr\/wp-json\/wp\/v2\/product\/47313\/revisions\/54476"}],"wp:featuredmedia":[{"embeddable":true,"href":"https:\/\/www.jatu.be\/fr\/wp-json\/wp\/v2\/media\/54478"}],"wp:attachment":[{"href":"https:\/\/www.jatu.be\/fr\/wp-json\/wp\/v2\/media?parent=47313"}],"wp:term":[{"taxonomy":"product_cat","embeddable":true,"href":"https:\/\/www.jatu.be\/fr\/wp-json\/wp\/v2\/product_cat?post=47313"},{"taxonomy":"product_tag","embeddable":true,"href":"https:\/\/www.jatu.be\/fr\/wp-json\/wp\/v2\/product_tag?post=47313"}],"curies":[{"name":"wp","href":"https:\/\/api.w.org\/{rel}","templated":true}]}}