{"id":47317,"date":"2024-01-10T11:32:01","date_gmt":"2024-01-10T10:32:01","guid":{"rendered":"https:\/\/www.jatu.be\/?post_type=product&#038;p=47317"},"modified":"2026-03-09T09:23:05","modified_gmt":"2026-03-09T08:23:05","slug":"beach-pebbles-rainbow-galets-50-100","status":"publish","type":"product","link":"https:\/\/www.jatu.be\/fr\/produit\/beach-pebbles-rainbow-galets-50-100\/","title":{"rendered":"Beach Pebbles Rainbow 50\/100"},"content":{"rendered":"","protected":false},"excerpt":{"rendered":"<p>Ces Beach Pebbles indubitables et color\u00e9s se composent de couches de cendres volcaniques comprim\u00e9es, \u00e9galement appel\u00e9es tuffite. Le r\u00e9sultat est un galet \u00e9l\u00e9gant et rond qui se pr\u00eate parfaitement aux \u00e9tangs ou aux gabions. Pour <strong>l&rsquo;enl\u00e8vement<\/strong>, ce produit est uniquement disponible \u00e0 <strong>Wevelgem<\/strong>.<\/p>\n","protected":false},"featured_media":64412,"template":"","meta":{"_acf_changed":false,"inline_featured_image":false,"footnotes":""},"product_cat":[5389],"product_tag":[],"class_list":{"0":"post-47317","1":"product","2":"type-product","3":"status-publish","4":"has-post-thumbnail","6":"product_cat-moellons-et-galets-gravier-et-galets","8":"first","9":"instock","10":"taxable","11":"shipping-taxable","12":"purchasable","13":"product-type-variable"},"acf":{"woocommerce_erp_id":"16588","woocommerce_cnk_id":"202318","product_density":1.6,"custom_prices":[{"variation_id":"54816","customer_group":"CON","customer_id":"","min_qty":1,"max_qty":9999999,"steps":1,"price":11.57,"price_incl":14,"delivery_group":"COLLECT"},{"variation_id":"54816","customer_group":"CON","customer_id":"","min_qty":1,"max_qty":9999999,"steps":1,"price":11.57,"price_incl":14,"delivery_group":"DELIVERY"},{"variation_id":"54815","customer_group":"CON","customer_id":"","min_qty":1,"max_qty":9999999,"steps":1,"price":292.56,"price_incl":354,"delivery_group":"COLLECT"},{"variation_id":"54815","customer_group":"CON","customer_id":"","min_qty":1,"max_qty":9999999,"steps":1,"price":292.56,"price_incl":354,"delivery_group":"DELIVERY"},{"variation_id":"54814","customer_group":"CON","customer_id":"","min_qty":1,"max_qty":9999999,"steps":1,"price":549.59,"price_incl":665,"delivery_group":"COLLECT"},{"variation_id":"54814","customer_group":"CON","customer_id":"","min_qty":1,"max_qty":9999999,"steps":1,"price":549.59,"price_incl":665,"delivery_group":"DELIVERY"}],"packaging_ids":[{"packaging_name":"Big bag 1200 kg","packaging_id":"30","erp_id":"16588"},{"packaging_name":"Big bag 600 kg","packaging_id":"29","erp_id":"19280"},{"packaging_name":"Pi\u00e8ce","packaging_id":"7","erp_id":"19286"}],"c_lengte":"","c_breedte":"","c_hoogte":""},"_links":{"self":[{"href":"https:\/\/www.jatu.be\/fr\/wp-json\/wp\/v2\/product\/47317","targetHints":{"allow":["GET"]}}],"collection":[{"href":"https:\/\/www.jatu.be\/fr\/wp-json\/wp\/v2\/product"}],"about":[{"href":"https:\/\/www.jatu.be\/fr\/wp-json\/wp\/v2\/types\/product"}],"version-history":[{"count":2,"href":"https:\/\/www.jatu.be\/fr\/wp-json\/wp\/v2\/product\/47317\/revisions"}],"predecessor-version":[{"id":59787,"href":"https:\/\/www.jatu.be\/fr\/wp-json\/wp\/v2\/product\/47317\/revisions\/59787"}],"wp:featuredmedia":[{"embeddable":true,"href":"https:\/\/www.jatu.be\/fr\/wp-json\/wp\/v2\/media\/64412"}],"wp:attachment":[{"href":"https:\/\/www.jatu.be\/fr\/wp-json\/wp\/v2\/media?parent=47317"}],"wp:term":[{"taxonomy":"product_cat","embeddable":true,"href":"https:\/\/www.jatu.be\/fr\/wp-json\/wp\/v2\/product_cat?post=47317"},{"taxonomy":"product_tag","embeddable":true,"href":"https:\/\/www.jatu.be\/fr\/wp-json\/wp\/v2\/product_tag?post=47317"}],"curies":[{"name":"wp","href":"https:\/\/api.w.org\/{rel}","templated":true}]}}