{"id":47323,"date":"2024-01-10T11:32:08","date_gmt":"2024-01-10T10:32:08","guid":{"rendered":"https:\/\/www.jatu.be\/?post_type=product&#038;p=47323"},"modified":"2026-03-09T09:23:49","modified_gmt":"2026-03-09T08:23:49","slug":"evergreen-thiebault","status":"publish","type":"product","link":"https:\/\/www.jatu.be\/fr\/produit\/evergreen-thiebault\/","title":{"rendered":"Evergreen Thiebault"},"content":{"rendered":"","protected":false},"excerpt":{"rendered":"<p>Le gazon artificiel professionnel compos\u00e9 d&rsquo;une combinaison de 4 nuances de vert. Ce gazon synth\u00e9tique a une \u00e9paisseur de 32 mm. Thiebault est durable, n\u00e9cessite peu d&rsquo;entretien et est \u00e9conomique. Garantie de 9 ans sur la r\u00e9sistance aux UV. Disponible en largeur de 2 et 4 m\u00e8tres. Livraison dans les 5 jours ouvrables.<\/p>\n","protected":false},"featured_media":49860,"template":"","meta":{"_acf_changed":false,"inline_featured_image":false,"footnotes":""},"product_cat":[5409],"product_tag":[],"class_list":{"0":"post-47323","1":"product","2":"type-product","3":"status-publish","4":"has-post-thumbnail","6":"product_cat-gazon-synthetique","8":"first","9":"instock","10":"taxable","11":"shipping-taxable","12":"purchasable","13":"product-type-variable","14":"has-default-attributes"},"acf":{"woocommerce_erp_id":"16782","woocommerce_cnk_id":"202435","product_density":0,"custom_prices":[{"variation_id":"48469","customer_group":"CON","customer_id":"","min_qty":20,"max_qty":9999999,"steps":1,"price":19.01,"price_incl":23,"delivery_group":"COLLECT"},{"variation_id":"48469","customer_group":"CON","customer_id":"","min_qty":20,"max_qty":9999999,"steps":1,"price":19.01,"price_incl":23,"delivery_group":"DELIVERY"}],"packaging_ids":[{"packaging_name":"m\u00b2","packaging_id":"8","erp_id":"16782"}],"c_lengte":"","c_breedte":"","c_hoogte":""},"_links":{"self":[{"href":"https:\/\/www.jatu.be\/fr\/wp-json\/wp\/v2\/product\/47323","targetHints":{"allow":["GET"]}}],"collection":[{"href":"https:\/\/www.jatu.be\/fr\/wp-json\/wp\/v2\/product"}],"about":[{"href":"https:\/\/www.jatu.be\/fr\/wp-json\/wp\/v2\/types\/product"}],"version-history":[{"count":1,"href":"https:\/\/www.jatu.be\/fr\/wp-json\/wp\/v2\/product\/47323\/revisions"}],"predecessor-version":[{"id":49864,"href":"https:\/\/www.jatu.be\/fr\/wp-json\/wp\/v2\/product\/47323\/revisions\/49864"}],"wp:featuredmedia":[{"embeddable":true,"href":"https:\/\/www.jatu.be\/fr\/wp-json\/wp\/v2\/media\/49860"}],"wp:attachment":[{"href":"https:\/\/www.jatu.be\/fr\/wp-json\/wp\/v2\/media?parent=47323"}],"wp:term":[{"taxonomy":"product_cat","embeddable":true,"href":"https:\/\/www.jatu.be\/fr\/wp-json\/wp\/v2\/product_cat?post=47323"},{"taxonomy":"product_tag","embeddable":true,"href":"https:\/\/www.jatu.be\/fr\/wp-json\/wp\/v2\/product_tag?post=47323"}],"curies":[{"name":"wp","href":"https:\/\/api.w.org\/{rel}","templated":true}]}}