{"id":47327,"date":"2024-01-10T11:32:13","date_gmt":"2024-01-10T10:32:13","guid":{"rendered":"https:\/\/www.jatu.be\/?post_type=product&#038;p=47327"},"modified":"2026-03-09T09:23:59","modified_gmt":"2026-03-09T08:23:59","slug":"evergreen-chandon","status":"publish","type":"product","link":"https:\/\/www.jatu.be\/fr\/produit\/evergreen-chandon\/","title":{"rendered":"Evergreen Chandon"},"content":{"rendered":"","protected":false},"excerpt":{"rendered":"<p>Lors de la mise en place de gazon synth\u00e9tique, l\u2019orientation des fibres doit \u00eatre prise en compte. Gr\u00e2ce \u00e0 un nouveau processus de production, les fibres de Chandon ne sont plus en forme de V, mais plac\u00e9es dans plusieurs directions. En cons\u00e9quence, l\u2019orientation lors de la mise en place est beaucoup moins importante et le r\u00e9sultat semble plus naturel que tout autre gazon artificiel. Hauteur de poil d&rsquo;au moins 47 mm! Chandon est durable et n\u00e9cessite peu d&rsquo;entretien. Garantie de 9 ans sur la r\u00e9sistance aux UV. Disponible en largeur de 2 et 4 m\u00e8tres. Livraison dans les 5 jours ouvrables.<\/p>\n","protected":false},"featured_media":49908,"template":"","meta":{"_acf_changed":false,"inline_featured_image":false,"footnotes":""},"product_cat":[5409],"product_tag":[],"class_list":{"0":"post-47327","1":"product","2":"type-product","3":"status-publish","4":"has-post-thumbnail","6":"product_cat-gazon-synthetique","8":"first","9":"instock","10":"taxable","11":"shipping-taxable","12":"purchasable","13":"product-type-variable","14":"has-default-attributes"},"acf":{"woocommerce_erp_id":"16786","woocommerce_cnk_id":"202439","product_density":1,"custom_prices":[{"variation_id":"48467","customer_group":"CON","customer_id":"","min_qty":20,"max_qty":9999999,"steps":0.1,"price":30.58,"price_incl":37,"delivery_group":"COLLECT"},{"variation_id":"48467","customer_group":"CON","customer_id":"","min_qty":20,"max_qty":9999999,"steps":0.1,"price":30.58,"price_incl":37,"delivery_group":"DELIVERY"}],"packaging_ids":[{"packaging_name":"m\u00b2","packaging_id":"8","erp_id":"16786"}],"c_lengte":"","c_breedte":"","c_hoogte":""},"_links":{"self":[{"href":"https:\/\/www.jatu.be\/fr\/wp-json\/wp\/v2\/product\/47327","targetHints":{"allow":["GET"]}}],"collection":[{"href":"https:\/\/www.jatu.be\/fr\/wp-json\/wp\/v2\/product"}],"about":[{"href":"https:\/\/www.jatu.be\/fr\/wp-json\/wp\/v2\/types\/product"}],"version-history":[{"count":2,"href":"https:\/\/www.jatu.be\/fr\/wp-json\/wp\/v2\/product\/47327\/revisions"}],"predecessor-version":[{"id":49911,"href":"https:\/\/www.jatu.be\/fr\/wp-json\/wp\/v2\/product\/47327\/revisions\/49911"}],"wp:featuredmedia":[{"embeddable":true,"href":"https:\/\/www.jatu.be\/fr\/wp-json\/wp\/v2\/media\/49908"}],"wp:attachment":[{"href":"https:\/\/www.jatu.be\/fr\/wp-json\/wp\/v2\/media?parent=47327"}],"wp:term":[{"taxonomy":"product_cat","embeddable":true,"href":"https:\/\/www.jatu.be\/fr\/wp-json\/wp\/v2\/product_cat?post=47327"},{"taxonomy":"product_tag","embeddable":true,"href":"https:\/\/www.jatu.be\/fr\/wp-json\/wp\/v2\/product_tag?post=47327"}],"curies":[{"name":"wp","href":"https:\/\/api.w.org\/{rel}","templated":true}]}}