{"id":47331,"date":"2024-01-10T11:32:18","date_gmt":"2024-01-10T10:32:18","guid":{"rendered":"https:\/\/www.jatu.be\/?post_type=product&#038;p=47331"},"modified":"2026-03-09T09:24:32","modified_gmt":"2026-03-09T08:24:32","slug":"balthasar-galets-40-60","status":"publish","type":"product","link":"https:\/\/www.jatu.be\/fr\/produit\/balthasar-galets-40-60\/","title":{"rendered":"Balthasar 40\/60"},"content":{"rendered":"","protected":false},"excerpt":{"rendered":"<p>Le moellon Balthasar est un <strong>galet arrondi<\/strong> qui se pr\u00eate parfaitement comme \u00e9l\u00e9ment de <strong>d\u00e9coration <\/strong>dans des jardins et tout autour d\u2019\u00e9tangs. Ce qui caract\u00e9rise Balthasar c\u2019est que cette pierre n\u2019est <strong>pas sujette \u00e0 la salissure<\/strong>. Cette pierre est <strong>tri\u00e9e manuellement<\/strong> afin que seuls les meilleurs restent pour cr\u00e9er une valeur ajout\u00e9e \u00e0 un jardin.<\/p>\n<p>Balthasar peut \u00eatre utilis\u00e9 dans des gabions aux mailles de 50 mm x 50 mm, comme <a href=\"https:\/\/www.jatu.be\/fr\/categorie-produit\/clotures-de-jardin\/gabions\/eccofence-kit-fr\/\" target=\"_blank\" rel=\"noopener noreferrer\">Kit ECCOfence<\/a> ou <a href=\"https:\/\/www.jatu.be\/fr\/categorie-produit\/clotures-de-jardin\/gabions\/eccofence-alubox-fr\/\" target=\"_blank\" rel=\"noopener noreferrer\">ALUbox<\/a>. Ils sont disponibles en deux tailles 40\/60 ou <a href=\"https:\/\/www.jatu.be\/fr\/produit\/balthasar-80-100\/\" target=\"_blank\" rel=\"noopener noreferrer\">80\/100<\/a>. Disponible \u00e0 la <a href=\"https:\/\/www.jatu.be\/fr\/informations-sur-livraisons\/\" target=\"_blank\" rel=\"noopener noreferrer\">livraison<\/a> \u00e0 partir de 200 kg et \u00e0 la <strong>collecte <\/strong>\u00e0 partir de 20 kg.<\/p>\n","protected":false},"featured_media":61679,"template":"","meta":{"_acf_changed":false,"inline_featured_image":false,"footnotes":""},"product_cat":[5389],"product_tag":[],"class_list":{"0":"post-47331","1":"product","2":"type-product","3":"status-publish","4":"has-post-thumbnail","6":"product_cat-moellons-et-galets-gravier-et-galets","8":"first","9":"instock","10":"taxable","11":"shipping-taxable","12":"purchasable","13":"product-type-variable","14":"has-default-attributes"},"acf":{"woocommerce_erp_id":"16866","woocommerce_cnk_id":"202556","product_density":1.6,"custom_prices":[{"variation_id":"48693","customer_group":"CON","customer_id":"","min_qty":1,"max_qty":9999999,"steps":1,"price":171.07,"price_incl":207,"delivery_group":"COLLECT"},{"variation_id":"48693","customer_group":"CON","customer_id":"","min_qty":1,"max_qty":9999999,"steps":1,"price":171.07,"price_incl":207,"delivery_group":"DELIVERY"},{"variation_id":"48464","customer_group":"CON","customer_id":"","min_qty":1,"max_qty":9999999,"steps":1,"price":520.66,"price_incl":630,"delivery_group":"DELIVERY"},{"variation_id":"48464","customer_group":"CON","customer_id":"","min_qty":1,"max_qty":9999999,"steps":1,"price":520.66,"price_incl":630,"delivery_group":"COLLECT"},{"variation_id":"54819","customer_group":"CON","customer_id":"","min_qty":1,"max_qty":9999999,"steps":1,"price":6.61,"price_incl":8,"delivery_group":"COLLECT"},{"variation_id":"54819","customer_group":"CON","customer_id":"","min_qty":1,"max_qty":9999999,"steps":1,"price":6.61,"price_incl":8,"delivery_group":"DELIVERY"}],"packaging_ids":[{"packaging_name":"Big bag 1500 kg","packaging_id":"4","erp_id":"16862"},{"packaging_name":"Big bag 500 kg","packaging_id":"3","erp_id":"19361"},{"packaging_name":"Pi\u00e8ce","packaging_id":"7","erp_id":"16864"}],"c_lengte":"","c_breedte":"","c_hoogte":""},"_links":{"self":[{"href":"https:\/\/www.jatu.be\/fr\/wp-json\/wp\/v2\/product\/47331","targetHints":{"allow":["GET"]}}],"collection":[{"href":"https:\/\/www.jatu.be\/fr\/wp-json\/wp\/v2\/product"}],"about":[{"href":"https:\/\/www.jatu.be\/fr\/wp-json\/wp\/v2\/types\/product"}],"version-history":[{"count":2,"href":"https:\/\/www.jatu.be\/fr\/wp-json\/wp\/v2\/product\/47331\/revisions"}],"predecessor-version":[{"id":57404,"href":"https:\/\/www.jatu.be\/fr\/wp-json\/wp\/v2\/product\/47331\/revisions\/57404"}],"wp:featuredmedia":[{"embeddable":true,"href":"https:\/\/www.jatu.be\/fr\/wp-json\/wp\/v2\/media\/61679"}],"wp:attachment":[{"href":"https:\/\/www.jatu.be\/fr\/wp-json\/wp\/v2\/media?parent=47331"}],"wp:term":[{"taxonomy":"product_cat","embeddable":true,"href":"https:\/\/www.jatu.be\/fr\/wp-json\/wp\/v2\/product_cat?post=47331"},{"taxonomy":"product_tag","embeddable":true,"href":"https:\/\/www.jatu.be\/fr\/wp-json\/wp\/v2\/product_tag?post=47331"}],"curies":[{"name":"wp","href":"https:\/\/api.w.org\/{rel}","templated":true}]}}